{"id":8782,"date":"2021-06-14T12:19:38","date_gmt":"2021-06-14T10:19:38","guid":{"rendered":"https:\/\/hufschuhanzieher.de\/?post_type=product&#038;p=8782"},"modified":"2025-09-11T17:27:07","modified_gmt":"2025-09-11T15:27:07","slug":"equine-fusion-hoofboot-bag","status":"publish","type":"product","link":"https:\/\/hufschuhanzieher.de\/en\/equine-fusion-hoofboot-bag\/","title":{"rendered":"Equine Fusion, Boot Bag"},"content":{"rendered":"<div class=\"imTAJustify\">\n<h4 class=\"imTALeft\"><span class=\"cf2\"><span class=\"fs11lh1-5\"><span style=\"color: #000000\">This hoof boot bag is sufficient for 2 pairs of Equine Fusion hoof boots up to approx. size 11\/12<\/span><b><br \/>\n<\/b><\/span><\/span><\/h4>\n<\/div>\n<div>\n<p>The boot bag has double string and carry handles on the top which enable usage on a hook in the stable,<br \/>\nam Sattel mit einem zus\u00e4tzlichen Schuh beim Ausreiten erm\u00f6glicht oder auch als Rucksack f\u00fcr unterwegs.<\/p>\n<p>Equine Fusion Bag, Size:\u00a0 48 x 36 cm<\/p>\n<p>It is made of 100% durable polyester on one side, and mesh lining on the other side for better ventilation.<\/p>\n<\/div>\n<h3><a href=\"https:\/\/hufschuhanzieher.de\/zubehoer-hufschuhe\/equine-fusion-zubehoer\" target=\"_blank\" rel=\"noopener\">further EQUINE FUSION Accessories:<\/a><\/h3>\n<div>\n<p>&nbsp;<\/p>\n<p>&nbsp;<\/p>\n<p>&nbsp;<\/p>\n<p>&nbsp;<\/p>\n<\/div>","protected":false},"excerpt":{"rendered":"<p><span class=\"cf2\"><span class=\"fs11lh1-5\"><span style=\"color: #000000\">The Equine Fusion Boot Bag  is a perfect way to store accessories for horses. eg: Hoof boots, bandages, brushes, hoof scratches, clothes, etc.<\/span> <\/span><\/span><\/p>","protected":false},"featured_media":10701,"template":"","meta":[],"product_brand":[1073],"product_cat":[212,35,248,15],"product_tag":[532,535,534,171,536,537,538,533],"class_list":{"0":"post-8782","1":"product","2":"type-product","3":"status-publish","4":"has-post-thumbnail","6":"product_brand-equine-fusion","7":"product_cat-equine-fusion-zubehoer","8":"product_cat-zubehoer-hufschuhe","9":"product_cat-passend-fuer-alle-hufschuhe-zubehoer","10":"product_cat-unkategorisiert","11":"product_tag-aufbewahrung","12":"product_tag-bandagen","13":"product_tag-beutel-tasche","14":"product_tag-equine-fusion","15":"product_tag-hufbuersten","16":"product_tag-springglocken","17":"product_tag-streichkappen","18":"product_tag-transport","20":"first","21":"instock","22":"taxable","23":"shipping-taxable","24":"purchasable","25":"product-type-simple"},"_links":{"self":[{"href":"https:\/\/hufschuhanzieher.de\/en\/wp-json\/wp\/v2\/product\/8782","targetHints":{"allow":["GET"]}}],"collection":[{"href":"https:\/\/hufschuhanzieher.de\/en\/wp-json\/wp\/v2\/product"}],"about":[{"href":"https:\/\/hufschuhanzieher.de\/en\/wp-json\/wp\/v2\/types\/product"}],"version-history":[{"count":1,"href":"https:\/\/hufschuhanzieher.de\/en\/wp-json\/wp\/v2\/product\/8782\/revisions"}],"predecessor-version":[{"id":28663,"href":"https:\/\/hufschuhanzieher.de\/en\/wp-json\/wp\/v2\/product\/8782\/revisions\/28663"}],"wp:featuredmedia":[{"embeddable":true,"href":"https:\/\/hufschuhanzieher.de\/en\/wp-json\/wp\/v2\/media\/10701"}],"wp:attachment":[{"href":"https:\/\/hufschuhanzieher.de\/en\/wp-json\/wp\/v2\/media?parent=8782"}],"wp:term":[{"taxonomy":"product_brand","embeddable":true,"href":"https:\/\/hufschuhanzieher.de\/en\/wp-json\/wp\/v2\/product_brand?post=8782"},{"taxonomy":"product_cat","embeddable":true,"href":"https:\/\/hufschuhanzieher.de\/en\/wp-json\/wp\/v2\/product_cat?post=8782"},{"taxonomy":"product_tag","embeddable":true,"href":"https:\/\/hufschuhanzieher.de\/en\/wp-json\/wp\/v2\/product_tag?post=8782"}],"curies":[{"name":"wp","href":"https:\/\/api.w.org\/{rel}","templated":true}]}}