{"id":7557,"date":"2021-03-01T16:52:44","date_gmt":"2021-03-01T15:52:44","guid":{"rendered":"https:\/\/hufschuhanzieher.de\/?post_type=product&#038;p=7557"},"modified":"2025-09-11T17:28:03","modified_gmt":"2025-09-11T15:28:03","slug":"explora-magic-heel-guard-lower-part","status":"publish","type":"product","link":"https:\/\/hufschuhanzieher.de\/en\/explora-magic-heel-guard-lower-part\/","title":{"rendered":"Explora Magic Heel Guard Lower Piece"},"content":{"rendered":"<h4>Lower Part of the Explora Magic Bulb Protector<\/h4>\n<p>Size:<br \/>\n<strong>S\u00a0<\/strong> for the Explora Magic Size 1, E1, E2<br \/>\n<strong>M<\/strong> for the Explora Magic Size 2, E3<br \/>\n<strong>L<\/strong> f\u00fcr den Explora Magic Gr\u00f6\u00dfe 3, 4, 5, E4<\/p>\n<p>Amount: 1 piece<\/p>\n<h4><a href=\"https:\/\/hufschuhanzieher.de\/zubehoer-hufschuhe\/explora-zubehoer\" target=\"_blank\" rel=\"noopener\"><span style=\"color: #339966;\">further Explora Accessories:<\/span><\/a><\/h4>\n<p>&nbsp;<\/p>","protected":false},"excerpt":{"rendered":"<h4>Price per Piece<\/h4>\n<p>Lower Part of the Explora Magic Bulb Protector<\/p>","protected":false},"featured_media":10894,"template":"","meta":[],"product_brand":[1074],"product_cat":[215,35,15],"product_tag":[394,490,192,338,493,395,471,206],"class_list":{"0":"post-7557","1":"product","2":"type-product","3":"status-publish","4":"has-post-thumbnail","6":"product_brand-explora","7":"product_cat-explora-zubehoer","8":"product_cat-zubehoer-hufschuhe","9":"product_cat-unkategorisiert","10":"product_tag-bulbs-protector","11":"product_tag-ersatzteil-ballenschoner","12":"product_tag-explora","13":"product_tag-explora-magic","14":"product_tag-heel-guard-lower-part","15":"product_tag-heels-protector","16":"product_tag-schutz","17":"product_tag-zubehoer","19":"first","20":"instock","21":"taxable","22":"shipping-taxable","23":"purchasable","24":"product-type-variable"},"_links":{"self":[{"href":"https:\/\/hufschuhanzieher.de\/en\/wp-json\/wp\/v2\/product\/7557","targetHints":{"allow":["GET"]}}],"collection":[{"href":"https:\/\/hufschuhanzieher.de\/en\/wp-json\/wp\/v2\/product"}],"about":[{"href":"https:\/\/hufschuhanzieher.de\/en\/wp-json\/wp\/v2\/types\/product"}],"version-history":[{"count":1,"href":"https:\/\/hufschuhanzieher.de\/en\/wp-json\/wp\/v2\/product\/7557\/revisions"}],"predecessor-version":[{"id":27227,"href":"https:\/\/hufschuhanzieher.de\/en\/wp-json\/wp\/v2\/product\/7557\/revisions\/27227"}],"wp:featuredmedia":[{"embeddable":true,"href":"https:\/\/hufschuhanzieher.de\/en\/wp-json\/wp\/v2\/media\/10894"}],"wp:attachment":[{"href":"https:\/\/hufschuhanzieher.de\/en\/wp-json\/wp\/v2\/media?parent=7557"}],"wp:term":[{"taxonomy":"product_brand","embeddable":true,"href":"https:\/\/hufschuhanzieher.de\/en\/wp-json\/wp\/v2\/product_brand?post=7557"},{"taxonomy":"product_cat","embeddable":true,"href":"https:\/\/hufschuhanzieher.de\/en\/wp-json\/wp\/v2\/product_cat?post=7557"},{"taxonomy":"product_tag","embeddable":true,"href":"https:\/\/hufschuhanzieher.de\/en\/wp-json\/wp\/v2\/product_tag?post=7557"}],"curies":[{"name":"wp","href":"https:\/\/api.w.org\/{rel}","templated":true}]}}