{"id":7275,"date":"2021-02-11T13:54:20","date_gmt":"2021-02-11T12:54:20","guid":{"rendered":"https:\/\/hufschuhanzieher.de\/?post_type=product&#038;p=7275"},"modified":"2026-04-30T08:29:00","modified_gmt":"2026-04-30T06:29:00","slug":"flex-boot-back-straps","status":"publish","type":"product","link":"https:\/\/hufschuhanzieher.de\/en\/flex-boot-back-straps\/","title":{"rendered":"FLEX Boot Back Straps"},"content":{"rendered":"<h4>FLEX Boot Back Straps<\/h4>\n<p>FLEX Boots are supplied with straps \/ \"Back Straps\" as standard. The Flex Strap goes around the hoof, over the heel and is fastened on both sides of the FLEX Boot with rivets. The closure strap is threaded through the slots in the back of the TPU Gaiter and closed at the side.<br \/>\nDie FLEX Back Straps sind in f\u00fcnf Gr\u00f6\u00dfen in den aktuellen Farben Forest Light, Golden Aspen (cognac), Lingoberry (burgundy), Moonlight Shadow (black), Open Sea (turquoise), Wild Violet (lila) und Winter Sunset (magenta-rot) erh\u00e4ltlich, sowie in diversen Restbest\u00e4nden nicht mehr produzierter Farben ; diese finden Sie <a href=\"https:\/\/hufschuhanzieher.de\/flex-boot-back-straps-auslauffarben\/\" target=\"_blank\" rel=\"noopener\"><strong><span style=\"color: #008000;\">here<\/span><\/strong><\/a>). Sie eignen sich hervorragend, um Ihre FLEX Boots einzigartig zu machen.<\/p>\n<h3>Size chart:<\/h3>\n<table style=\"max-width: 300px;\" width=\"300\">\n<tbody>\n<tr>\n<td style=\"text-align: right;\" width=\"100\"><strong>FLEX-Boot  Size<br \/>\n<\/strong><\/td>\n<td style=\"text-align: center;\" width=\"100\"><strong>\u00a0Back Strap <\/strong><strong>Size<br \/>\n<\/strong><\/td>\n<td style=\"text-align: left;\" width=\"100\"><strong>Back Strap Length<br \/>\n<\/strong><\/td>\n<\/tr>\n<tr>\n<td style=\"text-align: right;\" width=\"120\">80 (W)<strong><br \/>\n<\/strong><\/td>\n<td style=\"text-align: center;\" width=\"120\"><strong>\u00a0xs<\/strong><\/td>\n<td style=\"text-align: left;\" width=\"120\">22 cm<\/td>\n<\/tr>\n<tr>\n<td style=\"text-align: right;\" width=\"120\">85 (W)<\/td>\n<td style=\"text-align: center;\" width=\"120\"><strong>S<\/strong><\/td>\n<td style=\"text-align: left;\" width=\"120\">22 cm<\/td>\n<\/tr>\n<tr>\n<td style=\"text-align: right;\" width=\"120\">90 (W)<\/td>\n<td style=\"text-align: center;\" width=\"120\"><strong>\u00a0S<\/strong><\/td>\n<td style=\"text-align: left;\" width=\"120\">26 cm<\/td>\n<\/tr>\n<tr>\n<td style=\"text-align: right;\" width=\"120\">95 (W)<\/td>\n<td style=\"text-align: center;\" width=\"120\"><strong>S<\/strong><\/td>\n<td style=\"text-align: left;\" width=\"120\">26 cm<\/td>\n<\/tr>\n<tr>\n<td style=\"text-align: right;\" width=\"120\">100 (W)<\/td>\n<td style=\"text-align: center;\" width=\"120\"><strong>S<\/strong><\/td>\n<td style=\"text-align: left;\" width=\"120\">26 cm<\/td>\n<\/tr>\n<tr>\n<td style=\"text-align: right;\" width=\"120\">105 (W)<\/td>\n<td style=\"text-align: center;\" width=\"120\"><strong>S<\/strong><\/td>\n<td style=\"text-align: left;\" width=\"120\">26 cm<\/td>\n<\/tr>\n<tr>\n<td style=\"text-align: right;\" width=\"120\">110 (W)<strong><br \/>\n<\/strong><\/td>\n<td style=\"text-align: center;\" width=\"120\"><strong>S<\/strong><\/td>\n<td style=\"text-align: left;\" width=\"120\">26 cm<\/td>\n<\/tr>\n<tr>\n<td style=\"text-align: right;\" width=\"120\">115 (W)<\/td>\n<td style=\"text-align: center;\" width=\"120\"><strong>M<\/strong><\/td>\n<td style=\"text-align: left;\" width=\"120\">29,5 cm<\/td>\n<\/tr>\n<tr>\n<td style=\"text-align: right;\" width=\"120\">120 (W)<\/td>\n<td style=\"text-align: center;\" width=\"120\"><strong>M<\/strong><\/td>\n<td style=\"text-align: left;\" width=\"120\">29,5 cm<\/td>\n<\/tr>\n<tr>\n<td style=\"text-align: right;\" width=\"120\">125 (W)<\/td>\n<td style=\"text-align: center;\" width=\"120\"><strong>L<\/strong><\/td>\n<td style=\"text-align: left;\" width=\"120\">32 cm<\/td>\n<\/tr>\n<tr>\n<td style=\"text-align: right;\" width=\"120\">130 (W)<\/td>\n<td style=\"text-align: center;\" width=\"120\"><strong>L<\/strong><\/td>\n<td style=\"text-align: left;\" width=\"120\">32 cm<\/td>\n<\/tr>\n<tr>\n<td style=\"text-align: right;\" width=\"120\">135 (W)<\/td>\n<td style=\"text-align: center;\" width=\"120\"><strong>L<\/strong><\/td>\n<td style=\"text-align: left;\" width=\"120\">32 cm<\/td>\n<\/tr>\n<tr>\n<td style=\"text-align: right;\" width=\"120\">140 (W)<\/td>\n<td style=\"text-align: center;\" width=\"120\"><strong>L<\/strong><\/td>\n<td style=\"text-align: left;\" width=\"120\">32 cm<\/td>\n<\/tr>\n<tr>\n<td style=\"text-align: right;\" width=\"120\">145 (W)<\/td>\n<td style=\"text-align: center;\" width=\"120\"><strong>XL<\/strong><\/td>\n<td style=\"text-align: left;\" width=\"120\">35 cm<\/td>\n<\/tr>\n<tr>\n<td style=\"text-align: right;\" width=\"120\">150<\/td>\n<td style=\"text-align: center;\" width=\"120\"><strong>\u00a0XL<\/strong><\/td>\n<td style=\"text-align: left;\" width=\"120\">35 cm<\/td>\n<\/tr>\n<\/tbody>\n<\/table>\n<p>&nbsp;<\/p>\n<p>FLEX Back Strap adjustment see picture gallery or the video<\/p>\n<p><strong>Video<\/strong>: <a href=\"https:\/\/youtu.be\/HWwCnJGxPQk?si=6ukeuMDYrNZ8Si7x\" target=\"_blank\" rel=\"noopener nofollow\"><span style=\"color: #008000;\">FLEX Back Strap Anpassung<\/span><\/a><\/p>\n<p>flexhoofboots.com <em>have a<\/em> <span style=\"color: #008000;\"><strong><a style=\"color: #008000;\" href=\"https:\/\/www.youtube.com\/channel\/UCfWgrRZoTSL1TMzUXrsvcgA\/videos\" target=\"_blank\" rel=\"noopener noreferrer nofollow\">Video channel<\/a>,<\/strong><\/span> <em>where to get help on the correct fit of the boot or guidance on parts replacement<\/em><\/p>\n<p><span style=\"color: #008000;\"><strong><a style=\"color: #008000;\" href=\"https:\/\/hufschuhanzieher.de\/zubehoer-hufschuhe\/flex-boots-zubehoer\/\">further FLEX Boot Accessories<\/a>:<\/strong><\/span><\/p>","protected":false},"excerpt":{"rendered":"<p><strong>Price per Piece<\/strong><\/p>\n<p>Back Straps for the FLEX Boot.<\/p>","protected":false},"featured_media":29095,"template":"","meta":[],"product_brand":[1069],"product_cat":[449,15,35],"product_tag":[446,448,433,447,497,468,469,470,471],"class_list":{"0":"post-7275","1":"product","2":"type-product","3":"status-publish","4":"has-post-thumbnail","6":"product_brand-flex-boots","7":"product_cat-flex-boots-zubehoer","8":"product_cat-unkategorisiert","9":"product_cat-zubehoer-hufschuhe","10":"product_tag-barfuss","11":"product_tag-finnland","12":"product_tag-flex","13":"product_tag-flex-hoof-boots","14":"product_tag-flex-zubehoer","15":"product_tag-gaiter","16":"product_tag-gamaschen","17":"product_tag-neopren","18":"product_tag-schutz","20":"first","21":"instock","22":"taxable","23":"shipping-taxable","24":"purchasable","25":"product-type-variable","26":"has-default-attributes"},"_links":{"self":[{"href":"https:\/\/hufschuhanzieher.de\/en\/wp-json\/wp\/v2\/product\/7275","targetHints":{"allow":["GET"]}}],"collection":[{"href":"https:\/\/hufschuhanzieher.de\/en\/wp-json\/wp\/v2\/product"}],"about":[{"href":"https:\/\/hufschuhanzieher.de\/en\/wp-json\/wp\/v2\/types\/product"}],"version-history":[{"count":7,"href":"https:\/\/hufschuhanzieher.de\/en\/wp-json\/wp\/v2\/product\/7275\/revisions"}],"predecessor-version":[{"id":29519,"href":"https:\/\/hufschuhanzieher.de\/en\/wp-json\/wp\/v2\/product\/7275\/revisions\/29519"}],"wp:featuredmedia":[{"embeddable":true,"href":"https:\/\/hufschuhanzieher.de\/en\/wp-json\/wp\/v2\/media\/29095"}],"wp:attachment":[{"href":"https:\/\/hufschuhanzieher.de\/en\/wp-json\/wp\/v2\/media?parent=7275"}],"wp:term":[{"taxonomy":"product_brand","embeddable":true,"href":"https:\/\/hufschuhanzieher.de\/en\/wp-json\/wp\/v2\/product_brand?post=7275"},{"taxonomy":"product_cat","embeddable":true,"href":"https:\/\/hufschuhanzieher.de\/en\/wp-json\/wp\/v2\/product_cat?post=7275"},{"taxonomy":"product_tag","embeddable":true,"href":"https:\/\/hufschuhanzieher.de\/en\/wp-json\/wp\/v2\/product_tag?post=7275"}],"curies":[{"name":"wp","href":"https:\/\/api.w.org\/{rel}","templated":true}]}}