{"id":7240,"date":"2021-02-10T15:56:56","date_gmt":"2021-02-10T14:56:56","guid":{"rendered":"https:\/\/hufschuhanzieher.de\/?post_type=product&#038;p=7240"},"modified":"2025-11-17T15:24:46","modified_gmt":"2025-11-17T14:24:46","slug":"flex-boot-neoprene-gaiter","status":"publish","type":"product","link":"https:\/\/hufschuhanzieher.de\/en\/flex-boot-neoprene-gaiter\/","title":{"rendered":"FLEX Boot Neopren Gaiter"},"content":{"rendered":"<h4>FLEX boots are supplied with protective gaiters as standard.<\/h4>\n<p>The gaiter is made of nice soft neoprene, with laminated fabric on both sides. The neoprene gaiter follows the shape of the TPU gaiter and protects the feet from possible rubbing.<br \/>\nFlex neoprene boots are very durable if the boot is properly fitted to the hoof.<\/p>\n<p>Die FLEX Neopren Gaiter sind in f\u00fcnf Gr\u00f6\u00dfen in den aktuellen Farben Forest Light, Golden Aspen (cognac), Lingoberry (burgundy), Moonlight Shadow (black), Open Sea (turquoise), Wild Violet (lila) und Winter Sunset (magenta-rot) erh\u00e4ltlich. Sie vermissen eine Farbe? -diverse Restbest\u00e4nde nicht mehr produzierter Farben finden Sie <a href=\"https:\/\/hufschuhanzieher.de\/flex-boot-neopren-gaiter-alte-farben\/\" target=\"_blank\" rel=\"noopener\"><strong><span style=\"color: #008000;\">here<\/span><\/strong><\/a><span style=\"color: #008000;\">)<\/span>.<\/p>\n<p>And with four size options, you can further improve the fit of the boot by choosing smaller or larger gaiters for thick- or thin-legged horses.<\/p>\n<h3>Size chart:<\/h3>\n<table width=\"200\">\n<tbody>\n<tr>\n<td width=\"100\"><strong>FLEX-Boot Sizes<\/strong><\/td>\n<td width=\"100\"><strong>Gaiter Size<br \/>\n<\/strong><\/td>\n<\/tr>\n<tr>\n<td width=\"120\"><strong>80-100<\/strong><\/td>\n<td width=\"120\">XS<\/td>\n<\/tr>\n<tr>\n<td width=\"120\"><strong>105+110<\/strong><\/td>\n<td width=\"120\">S<\/td>\n<\/tr>\n<tr>\n<td width=\"120\"><strong>115-130<\/strong><\/td>\n<td width=\"120\">M<\/td>\n<\/tr>\n<tr>\n<td width=\"120\"><strong>135-150<\/strong><\/td>\n<td width=\"120\">L<\/td>\n<\/tr>\n<\/tbody>\n<\/table>\n<p>In <a href=\"https:\/\/www.flexhoofboots.com\/post\/got-weird-feet\" target=\"_blank\" rel=\"noopener noreferrer nofollow\">this blog post<\/a> is clearly shown how the fit of the Flex Boots can be improved by changing the gaiter size.<strong>Video<\/strong>: <a href=\"https:\/\/youtu.be\/0R7mLPLPl3Q?feature=shared\" target=\"_blank\" rel=\"noopener nofollow\"><span style=\"color: #008000;\">Flex Neoprene gaiter adjustments<\/span><\/a><br \/>\nflexhoofboots.com haben einen <a href=\"https:\/\/www.youtube.com\/channel\/UCfWgrRZoTSL1TMzUXrsvcgA\/videos\" target=\"_blank\" rel=\"noopener noreferrer nofollow\"><span style=\"color: #008000;\">Video channel<\/span><\/a><span style=\"color: #008000;\">,<\/span> where to get help on the correct fit of the boot or guidance on parts replacement<\/p>\n<p><span style=\"color: #008000;\"><a style=\"color: #008000;\" href=\"https:\/\/hufschuhanzieher.de\/zubehoer-hufschuhe\/flex-boots-zubehoer\"><strong>further FLEX Boot Accessories:<\/strong><\/a><\/span><\/p>","protected":false},"excerpt":{"rendered":"<h3>Price per Piece<\/h3>\n<p>Neopren Gaiter for the FLEX Boot.<\/p>","protected":false},"featured_media":29128,"template":"","meta":[],"product_brand":[1069],"product_cat":[449,15,35],"product_tag":[446,448,433,447,497,469,470,471],"class_list":{"0":"post-7240","1":"product","2":"type-product","3":"status-publish","4":"has-post-thumbnail","6":"product_brand-flex-boots","7":"product_cat-flex-boots-zubehoer","8":"product_cat-unkategorisiert","9":"product_cat-zubehoer-hufschuhe","10":"product_tag-barfuss","11":"product_tag-finnland","12":"product_tag-flex","13":"product_tag-flex-hoof-boots","14":"product_tag-flex-zubehoer","15":"product_tag-gamaschen","16":"product_tag-neopren","17":"product_tag-schutz","18":"product_shipping_class-kleinteile","20":"first","21":"instock","22":"taxable","23":"shipping-taxable","24":"purchasable","25":"product-type-variable"},"_links":{"self":[{"href":"https:\/\/hufschuhanzieher.de\/en\/wp-json\/wp\/v2\/product\/7240","targetHints":{"allow":["GET"]}}],"collection":[{"href":"https:\/\/hufschuhanzieher.de\/en\/wp-json\/wp\/v2\/product"}],"about":[{"href":"https:\/\/hufschuhanzieher.de\/en\/wp-json\/wp\/v2\/types\/product"}],"version-history":[{"count":7,"href":"https:\/\/hufschuhanzieher.de\/en\/wp-json\/wp\/v2\/product\/7240\/revisions"}],"predecessor-version":[{"id":29619,"href":"https:\/\/hufschuhanzieher.de\/en\/wp-json\/wp\/v2\/product\/7240\/revisions\/29619"}],"wp:featuredmedia":[{"embeddable":true,"href":"https:\/\/hufschuhanzieher.de\/en\/wp-json\/wp\/v2\/media\/29128"}],"wp:attachment":[{"href":"https:\/\/hufschuhanzieher.de\/en\/wp-json\/wp\/v2\/media?parent=7240"}],"wp:term":[{"taxonomy":"product_brand","embeddable":true,"href":"https:\/\/hufschuhanzieher.de\/en\/wp-json\/wp\/v2\/product_brand?post=7240"},{"taxonomy":"product_cat","embeddable":true,"href":"https:\/\/hufschuhanzieher.de\/en\/wp-json\/wp\/v2\/product_cat?post=7240"},{"taxonomy":"product_tag","embeddable":true,"href":"https:\/\/hufschuhanzieher.de\/en\/wp-json\/wp\/v2\/product_tag?post=7240"}],"curies":[{"name":"wp","href":"https:\/\/api.w.org\/{rel}","templated":true}]}}