{"id":7140,"date":"2021-01-31T15:23:49","date_gmt":"2021-01-31T14:23:49","guid":{"rendered":"https:\/\/hufschuhanzieher.de\/?post_type=product&#038;p=7140"},"modified":"2026-03-31T15:42:28","modified_gmt":"2026-03-31T13:42:28","slug":"flex-boots-standard","status":"publish","type":"product","link":"https:\/\/hufschuhanzieher.de\/en\/flex-boots-standard\/","title":{"rendered":"FLEX Boots Standard"},"content":{"rendered":"<p>Innovative hoof boot from Finland for barefoot running horses. Thanks to the many adjustment options, the FLEX Boot fits many hoof shapes.<br \/>\nFLEX Boots are sold individually and supplied as a complete set of shell, TPU gaiter, neoprene gaiters and backstraps.<br \/>\nYou can also buy all parts separately if you need to replace any of the components.<\/p>\n<p>Sie vermissen eine Farbe? In unserer<a href=\"https:\/\/hufschuhanzieher.de\/sale\/\" target=\"_blank\" rel=\"noopener\"><strong><span style=\"color: #008000;\"> SALE %<\/span> <\/strong><\/a>\u2013 Rubrik finden sie unsere Restposten von Farben die Flex Boot nicht mehr produziert. Wenn Sie dort f\u00fcndig werden, k\u00f6nnen Sie diese mit der Basic-Variante zu ihrem Wunschboot zusammenstellen.<\/p>\n<p>You can also order the Flex Boot Small Parts Replacement Set <strong><span style=\"color: #339966;\"><a style=\"color: #339966;\" href=\"https:\/\/hufschuhanzieher.de\/flex-boot-small-parts-spare-set\/\" target=\"_blank\" rel=\"noopener\">separately here<\/a><\/span><\/strong>.<\/p>\n<p><strong>Diese Boots k\u00f6nnen sie ausschliesslich in der Standardfarbe schwarz testen!<\/strong><\/p>\n<p>The FLEX Boots are the softest hoof boots on the market. They are durable and easy to put on and take off. They have been carefully designed with the horse's well-being as the top priority.<br \/>\nFLEX Boots are light and slim, they are comfortable for the horse.<br \/>\nFLEX Hoof Boots are \ufb02exible, supple and durable barefoot hoof boots that provide protection without compromising the function of the hoof mechanism.<\/p>\n<p>The FLEX boot has a unique sole. It is laterally and medially \ufb02exible. It takes the hardest pressure off the footing but allows the horse to really feel the ground.<\/p>\n<p>&nbsp;<\/p>\n<table style=\"max-width: 1200px;\" width=\"1200\">\n<tbody>\n<tr>\n<td style=\"text-align: right;\" width=\"380\"><img fetchpriority=\"high\" decoding=\"async\" class=\"alignleft wp-image-7193\" src=\"https:\/\/hufschuhanzieher.de\/wp-content\/uploads\/2021\/01\/IMG_3615-240x300.jpg\" alt=\"FLEX boots - correct hoof trim\" width=\"400\" height=\"500\" title=\"\" srcset=\"https:\/\/hufschuhanzieher.de\/wp-content\/uploads\/2021\/01\/IMG_3615-240x300.jpg 240w, https:\/\/hufschuhanzieher.de\/wp-content\/uploads\/2021\/01\/IMG_3615-300x375.jpg 300w, https:\/\/hufschuhanzieher.de\/wp-content\/uploads\/2021\/01\/IMG_3615-600x750.jpg 600w, https:\/\/hufschuhanzieher.de\/wp-content\/uploads\/2021\/01\/IMG_3615-410x513.jpg 410w, https:\/\/hufschuhanzieher.de\/wp-content\/uploads\/2021\/01\/IMG_3615-819x1024.jpg 819w, https:\/\/hufschuhanzieher.de\/wp-content\/uploads\/2021\/01\/IMG_3615-768x960.jpg 768w, https:\/\/hufschuhanzieher.de\/wp-content\/uploads\/2021\/01\/IMG_3615-10x12.jpg 10w, https:\/\/hufschuhanzieher.de\/wp-content\/uploads\/2021\/01\/IMG_3615.jpg 1080w\" sizes=\"(max-width: 400px) 100vw, 400px\" \/><\/td>\n<td style=\"text-align: left;\" width=\"600\"><strong><strong>For unrestricted pleasure with the hoof boot,<br \/>\nhorse owners should round the horse's hooves approx. weekly:<br \/>\n<\/strong><\/strong><\/p>\n<ul>\n<li>any sharp and pointed edges;<\/li>\n<li>Hooves that come up toe first because they are too long;<\/li>\n<li>narrow heels<\/li>\n<li>high heels or a hoof wall,<br \/>\nthat mainly bears the weight alone;<\/li>\n<\/ul>\n<p><u>all this damages the boot<\/u>.<\/p>\n<p class=\" translation-block\">A good trim based on anatomy,<br>\nis not only beneficial for the horse,<br>\nbut also for the function of the boot.<\/p>\n<p>That is why Flex Boot is a \"holistic\" hoof boot.<\/td>\n<\/tr>\n<\/tbody>\n<\/table>\n<p>For young horses, the Flex Boot is a perfect way to protect the feet from excessive wear and tear, and not make the feet numb. It is like a barefoot shoe for humans.<\/p>\n<p>The Flex Boot has a unique sole that allows you to add 10 to 12 studs per hoof boot.<\/p>\n<p>Flex Boots fit many different hoof shapes and sizes.<br \/>\n-However, if the hoof width is more than 10 mm greater than the length, the FLEX Boots are not ideal for your horse.<br \/>\n-If the hooves are very narrow and the horse has a habit of twisting the legs a lot, FLEX Boots may not be suitable for your horse either.<br \/>\nDenken Sie daran, dass Flex Boots besser funktionieren, wenn sie etwas lockerer als zu eng sind; deshalb im Zweifelsfalle eine Nummer gr\u00f6sser w\u00e4hlen<\/p>\n<h3>Size-Chart FLEX Boots:<\/h3>\n<table style=\"max-width: 600px;\" width=\"600\">\n<tbody>\n<tr>\n<td style=\"text-align: right;\" width=\"120\"><strong>FLEX-Boot Size<br \/>\n<\/strong>(shell)<strong><br \/>\n<\/strong><\/td>\n<td style=\"text-align: center;\" width=\"120\"><strong>Hoof Width approx.<br \/>\n<\/strong><\/td>\n<td style=\"text-align: center;\" width=\"120\"><strong>Hoof Length max.<br \/>\n<\/strong><\/td>\n<\/tr>\n<tr>\n<td style=\"text-align: right;\" width=\"120\"><strong>80<\/strong><\/td>\n<td style=\"text-align: center;\" width=\"120\">75 &#8211; 85 mm<\/td>\n<td style=\"text-align: center;\" width=\"120\">90 mm<\/td>\n<\/tr>\n<tr>\n<td style=\"text-align: right;\" width=\"120\"><strong>80W<\/strong><\/td>\n<td style=\"text-align: center;\" width=\"120\">75 &#8211; 85 mm<\/td>\n<td style=\"text-align: center;\" width=\"120\">80 mm<\/td>\n<\/tr>\n<tr>\n<td style=\"text-align: right;\" width=\"120\"><strong>85<\/strong><\/td>\n<td style=\"text-align: center;\" width=\"120\">80 &#8211; 90 mm<\/td>\n<td style=\"text-align: center;\" width=\"120\">95 mm<\/td>\n<\/tr>\n<tr>\n<td style=\"text-align: right;\" width=\"120\"><strong>85W<\/strong><\/td>\n<td style=\"text-align: center;\" width=\"120\">80 &#8211; 90 mm<\/td>\n<td style=\"text-align: center;\" width=\"120\">85 mm<\/td>\n<td style=\"text-align: center;\" width=\"120\"><strong>\u00a0<\/strong><\/td>\n<\/tr>\n<tr>\n<td style=\"text-align: right;\" width=\"120\"><strong>90<\/strong><\/td>\n<td style=\"text-align: center;\" width=\"120\">85 &#8211; 95 mm<\/td>\n<td style=\"text-align: center;\" width=\"120\">100 mm<\/td>\n<\/tr>\n<tr>\n<td style=\"text-align: right;\" width=\"120\"><strong>90W<\/strong><\/td>\n<td style=\"text-align: center;\" width=\"120\">85 &#8211; 95 mm<\/td>\n<td style=\"text-align: center;\" width=\"120\">90 mm<\/td>\n<\/tr>\n<tr>\n<td style=\"text-align: right;\" width=\"120\"><strong>95<\/strong><\/td>\n<td style=\"text-align: center;\" width=\"120\">90 &#8211; 100 mm<\/td>\n<td style=\"text-align: center;\" width=\"120\">105 mm<\/td>\n<\/tr>\n<tr>\n<td style=\"text-align: right;\" width=\"120\"><strong>95W<\/strong><\/td>\n<td style=\"text-align: center;\" width=\"120\">90 &#8211; 100 mm<\/td>\n<td style=\"text-align: center;\" width=\"120\">95 mm<\/td>\n<td style=\"text-align: center;\" width=\"120\"><strong>\u00a0<\/strong><\/td>\n<\/tr>\n<tr>\n<td style=\"text-align: right;\" width=\"120\"><strong>100<\/strong><\/td>\n<td style=\"text-align: center;\" width=\"120\">95 &#8211; 105 mm<\/td>\n<td style=\"text-align: center;\" width=\"120\">110 mm<\/td>\n<\/tr>\n<tr>\n<td style=\"text-align: right;\" width=\"120\"><strong>100W<\/strong><\/td>\n<td style=\"text-align: center;\" width=\"120\">95 &#8211; 105 mm<\/td>\n<td style=\"text-align: center;\" width=\"120\">100 mm<\/td>\n<\/tr>\n<tr>\n<td style=\"text-align: right;\" width=\"120\"><strong>105<\/strong><\/td>\n<td style=\"text-align: center;\" width=\"120\">100 &#8211; 110 mm<\/td>\n<td style=\"text-align: center;\" width=\"120\">115 mm<\/td>\n<\/tr>\n<tr>\n<td style=\"text-align: right;\" width=\"120\"><strong>105W<\/strong><\/td>\n<td style=\"text-align: center;\" width=\"120\">100 &#8211; 110 mm<\/td>\n<td style=\"text-align: center;\" width=\"120\">105 mm<\/td>\n<td style=\"text-align: center;\" width=\"120\"><strong>\u00a0<\/strong><\/td>\n<\/tr>\n<tr>\n<td style=\"text-align: right;\" width=\"120\"><strong>110<\/strong><\/td>\n<td style=\"text-align: center;\" width=\"120\">105 &#8211; 115 mm<\/td>\n<td style=\"text-align: center;\" width=\"120\">120 mm<\/td>\n<\/tr>\n<tr>\n<td style=\"text-align: right;\" width=\"120\"><strong>110W<\/strong><\/td>\n<td style=\"text-align: center;\" width=\"120\">105 &#8211; 115 mm<\/td>\n<td style=\"text-align: center;\" width=\"120\">110 mm<\/td>\n<\/tr>\n<tr>\n<td style=\"text-align: right;\" width=\"120\"><strong>115<\/strong><\/td>\n<td style=\"text-align: center;\" width=\"120\">110 &#8211; 120 mm<\/td>\n<td style=\"text-align: center;\" width=\"120\">125 mm<\/td>\n<\/tr>\n<tr>\n<td style=\"text-align: right;\" width=\"120\"><strong>115W<\/strong><\/td>\n<td style=\"text-align: center;\" width=\"120\">110 &#8211; 120 mm<\/td>\n<td style=\"text-align: center;\" width=\"120\">115 mm<\/td>\n<\/tr>\n<tr>\n<td style=\"text-align: right;\" width=\"120\"><strong>120<\/strong><\/td>\n<td style=\"text-align: center;\" width=\"120\">115 &#8211; 125 mm<\/td>\n<td style=\"text-align: center;\" width=\"120\">130 mm<\/td>\n<\/tr>\n<tr>\n<td style=\"text-align: right;\" width=\"120\"><strong>120W<\/strong><\/td>\n<td style=\"text-align: center;\" width=\"120\">115 &#8211; 125 mm<\/td>\n<td style=\"text-align: center;\" width=\"120\">120 mm<\/td>\n<\/tr>\n<tr>\n<td style=\"text-align: right;\" width=\"120\"><strong>125<\/strong><\/td>\n<td style=\"text-align: center;\" width=\"120\">120- 130 mm<\/td>\n<td style=\"text-align: center;\" width=\"120\">135 mm<\/td>\n<\/tr>\n<tr>\n<td style=\"text-align: right;\" width=\"120\"><strong>125W<\/strong><\/td>\n<td style=\"text-align: center;\" width=\"120\">120- 130 mm<\/td>\n<td style=\"text-align: center;\" width=\"120\">125 mm<\/td>\n<\/tr>\n<tr>\n<td style=\"text-align: right;\" width=\"120\"><strong>130<\/strong><\/td>\n<td style=\"text-align: center;\" width=\"120\">125 &#8211; 135 mm<\/td>\n<td style=\"text-align: center;\" width=\"120\">140 mm<\/td>\n<\/tr>\n<tr>\n<td style=\"text-align: right;\" width=\"120\"><strong>130W<\/strong><\/td>\n<td style=\"text-align: center;\" width=\"120\">125 &#8211; 135 mm<\/td>\n<td style=\"text-align: center;\" width=\"120\">130 mm<\/td>\n<\/tr>\n<tr>\n<td style=\"text-align: right;\" width=\"120\"><strong>135<\/strong><\/td>\n<td style=\"text-align: center;\" width=\"120\">130- 140 mm<\/td>\n<td style=\"text-align: center;\" width=\"120\">145 mm<\/td>\n<\/tr>\n<tr>\n<td style=\"text-align: right;\" width=\"120\"><strong>135W<\/strong><\/td>\n<td style=\"text-align: center;\" width=\"120\">130- 140 mm<\/td>\n<td style=\"text-align: center;\" width=\"120\">135 mm<\/td>\n<td style=\"text-align: center;\" width=\"120\"><strong>\u00a0<\/strong><\/td>\n<\/tr>\n<tr>\n<td style=\"text-align: right;\" width=\"120\"><strong>140<\/strong><\/td>\n<td style=\"text-align: center;\" width=\"120\">135 &#8211; 145 mm<\/td>\n<td style=\"text-align: center;\" width=\"120\">150 mm<\/td>\n<\/tr>\n<tr>\n<td style=\"text-align: right;\" width=\"120\"><strong>140W<\/strong><\/td>\n<td style=\"text-align: center;\" width=\"120\">135 &#8211; 145 mm<\/td>\n<td style=\"text-align: center;\" width=\"120\">140 mm<\/td>\n<\/tr>\n<tr>\n<td style=\"text-align: right;\" width=\"120\"><strong>145<\/strong><\/td>\n<td style=\"text-align: center;\" width=\"120\">140 &#8211; 150 mm<\/td>\n<td style=\"text-align: center;\" width=\"120\">155 mm<\/td>\n<\/tr>\n<tr>\n<td style=\"text-align: right;\" width=\"120\"><strong>145W<\/strong><\/td>\n<td style=\"text-align: center;\" width=\"120\">140 &#8211; 150 mm<\/td>\n<td style=\"text-align: center;\" width=\"120\">145 mm<\/td>\n<\/tr>\n<tr>\n<td style=\"text-align: right;\" width=\"120\"><strong>150<\/strong><\/td>\n<td style=\"text-align: center;\" width=\"120\">145 &#8211; 155 mm<\/td>\n<td style=\"text-align: center;\" width=\"120\">160 mm<\/td>\n<\/tr>\n<\/tbody>\n<\/table>\n<p>&nbsp;<\/p>\n<p>&nbsp;<\/p>\n<p>PDF: <strong><span style=\"color: #339966;\"><a style=\"color: #339966;\" href=\"https:\/\/hufschuhanzieher.de\/wp-content\/uploads\/2021\/02\/FLEX-Boots_How-to-use.pdf\" target=\"_blank\" rel=\"noopener noreferrer\">FLEX Boots, how to use<\/a><\/span><\/strong><\/p>\n<p>Video: <a href=\"https:\/\/youtu.be\/SuihlNxjs2M?si=ka6V8ticThw5KL_1\" target=\"_blank\" rel=\"noopener nofollow\"><span style=\"color: #008000;\">How to fit Flex Boots<\/span><\/a><\/p>\n<p>&gt;<strong><span style=\"color: #339966;\"> <a style=\"color: #339966;\" href=\"https:\/\/www.flexhoofboots.com\/\" target=\"_blank\" rel=\"noopener noreferrer nofollow\">flexhoofboots.com<\/a><\/span><\/strong> <em>have a<\/em> <strong><span style=\"color: #339966;\"><a style=\"color: #339966;\" href=\"https:\/\/www.youtube.com\/channel\/UCfWgrRZoTSL1TMzUXrsvcgA\/videos\" target=\"_blank\" rel=\"noopener noreferrer nofollow\">Video channel<\/a><\/span><\/strong>, <em>where to get help on the correct fit of the boot or guidance on parts replacement<\/em><\/p>\n<h4><span style=\"color: #339966;\"><strong>&gt; <\/strong><\/span><a href=\"https:\/\/hufschuhanzieher.de\/zubehoer-hufschuhe\/flex-boots-zubehoer\/\"><span style=\"color: #339966;\"><strong>Flex Boot Zubeh\u00f6r:89<\/strong><\/span><\/a><\/h4>","protected":false},"excerpt":{"rendered":"<h3><strong>Preis pro ST\u00dcCK<\/strong><\/h3>\n<p>The Flex Boots are the softest hoof boots on the market. They are durable and comfortable and easy to put on and take off.<br \/>\nOptionally with Small Parts Replacement Set.<\/p>\n<p><span style=\"color: #ff0000;\">Bitte geben Sie im <strong>Bestellprozess (Kasse\/Anmerkungen)<\/strong> an, FALLS <\/span><span style=\"color: #ff0000;\">Sie eine andere Neopren-Gaiter \/ Backstrap &#8211; Gr\u00f6\u00dfe ben\u00f6tigen, als die die standardm\u00e4ssig mitgeliefert wird. Die mitgelieferten Standardgr\u00f6\u00dfen finden sie in einer Grafik am Ende der Galerie<\/span><\/p>","protected":false},"featured_media":10240,"template":"","meta":[],"product_brand":[1069],"product_cat":[445,15,37],"product_tag":[446,448,433,447],"class_list":{"0":"post-7140","1":"product","2":"type-product","3":"status-publish","4":"has-post-thumbnail","6":"product_brand-flex-boots","7":"product_cat-flex-boots","8":"product_cat-unkategorisiert","9":"product_cat-hufschuh","10":"product_tag-barfuss","11":"product_tag-finnland","12":"product_tag-flex","13":"product_tag-flex-hoof-boots","15":"first","16":"instock","17":"taxable","18":"shipping-taxable","19":"purchasable","20":"product-type-variable","21":"has-default-attributes"},"_links":{"self":[{"href":"https:\/\/hufschuhanzieher.de\/en\/wp-json\/wp\/v2\/product\/7140","targetHints":{"allow":["GET"]}}],"collection":[{"href":"https:\/\/hufschuhanzieher.de\/en\/wp-json\/wp\/v2\/product"}],"about":[{"href":"https:\/\/hufschuhanzieher.de\/en\/wp-json\/wp\/v2\/types\/product"}],"version-history":[{"count":11,"href":"https:\/\/hufschuhanzieher.de\/en\/wp-json\/wp\/v2\/product\/7140\/revisions"}],"predecessor-version":[{"id":30420,"href":"https:\/\/hufschuhanzieher.de\/en\/wp-json\/wp\/v2\/product\/7140\/revisions\/30420"}],"wp:featuredmedia":[{"embeddable":true,"href":"https:\/\/hufschuhanzieher.de\/en\/wp-json\/wp\/v2\/media\/10240"}],"wp:attachment":[{"href":"https:\/\/hufschuhanzieher.de\/en\/wp-json\/wp\/v2\/media?parent=7140"}],"wp:term":[{"taxonomy":"product_brand","embeddable":true,"href":"https:\/\/hufschuhanzieher.de\/en\/wp-json\/wp\/v2\/product_brand?post=7140"},{"taxonomy":"product_cat","embeddable":true,"href":"https:\/\/hufschuhanzieher.de\/en\/wp-json\/wp\/v2\/product_cat?post=7140"},{"taxonomy":"product_tag","embeddable":true,"href":"https:\/\/hufschuhanzieher.de\/en\/wp-json\/wp\/v2\/product_tag?post=7140"}],"curies":[{"name":"wp","href":"https:\/\/api.w.org\/{rel}","templated":true}]}}