{"id":3357,"date":"2020-01-17T16:33:48","date_gmt":"2020-01-17T15:33:48","guid":{"rendered":"https:\/\/hufschuhanzieher.de\/?post_type=product&#038;p=3357"},"modified":"2025-09-11T17:28:04","modified_gmt":"2025-09-11T15:28:04","slug":"explora-solution-ballenschoner","status":"publish","type":"product","link":"https:\/\/hufschuhanzieher.de\/en\/explora-solution-ballenschoner\/","title":{"rendered":"ANGEBOT Explora Solution Ballenschoner, pink, Gr.3"},"content":{"rendered":"<h4>Ballenschoner f\u00fcr den Explora Solution (Auslaufmodell), pink<\/h4>\n<p>G\u00f6\u00dfe 3 (f\u00fcr den Explora Solution Gr\u00f6\u00dfe 3, 4, E4)<\/p>\n<p>Lieferung 1 Paar<\/p>\n<h4><a href=\"https:\/\/hufschuhanzieher.de\/zubehoer-hufschuhe\/explora-zubehoer\/\" target=\"_blank\" rel=\"noopener\"><span style=\"color: #339966;\"><strong>further Explora Accessories:<\/strong><\/span><\/a><\/h4>","protected":false},"excerpt":{"rendered":"<h4>Price PER PAIR<\/h4>\n<p>Bulbs Protector for the Explora Solution<\/p>","protected":false},"featured_media":3348,"template":"","meta":[],"product_brand":[1074],"product_cat":[215,1047,35,15],"product_tag":[337,206],"class_list":{"0":"post-3357","1":"product","2":"type-product","3":"status-publish","4":"has-post-thumbnail","6":"product_brand-explora","7":"product_cat-explora-zubehoer","8":"product_cat-sale","9":"product_cat-zubehoer-hufschuhe","10":"product_cat-unkategorisiert","11":"product_tag-explora-solution","12":"product_tag-zubehoer","14":"first","15":"instock","16":"sale","17":"taxable","18":"shipping-taxable","19":"purchasable","20":"product-type-simple"},"_links":{"self":[{"href":"https:\/\/hufschuhanzieher.de\/en\/wp-json\/wp\/v2\/product\/3357","targetHints":{"allow":["GET"]}}],"collection":[{"href":"https:\/\/hufschuhanzieher.de\/en\/wp-json\/wp\/v2\/product"}],"about":[{"href":"https:\/\/hufschuhanzieher.de\/en\/wp-json\/wp\/v2\/types\/product"}],"version-history":[{"count":1,"href":"https:\/\/hufschuhanzieher.de\/en\/wp-json\/wp\/v2\/product\/3357\/revisions"}],"predecessor-version":[{"id":26560,"href":"https:\/\/hufschuhanzieher.de\/en\/wp-json\/wp\/v2\/product\/3357\/revisions\/26560"}],"wp:featuredmedia":[{"embeddable":true,"href":"https:\/\/hufschuhanzieher.de\/en\/wp-json\/wp\/v2\/media\/3348"}],"wp:attachment":[{"href":"https:\/\/hufschuhanzieher.de\/en\/wp-json\/wp\/v2\/media?parent=3357"}],"wp:term":[{"taxonomy":"product_brand","embeddable":true,"href":"https:\/\/hufschuhanzieher.de\/en\/wp-json\/wp\/v2\/product_brand?post=3357"},{"taxonomy":"product_cat","embeddable":true,"href":"https:\/\/hufschuhanzieher.de\/en\/wp-json\/wp\/v2\/product_cat?post=3357"},{"taxonomy":"product_tag","embeddable":true,"href":"https:\/\/hufschuhanzieher.de\/en\/wp-json\/wp\/v2\/product_tag?post=3357"}],"curies":[{"name":"wp","href":"https:\/\/api.w.org\/{rel}","templated":true}]}}