{"id":33144,"date":"2026-04-22T13:28:49","date_gmt":"2026-04-22T11:28:49","guid":{"rendered":"https:\/\/hufschuhanzieher.de\/?post_type=product&#038;p=33144"},"modified":"2026-04-23T11:23:01","modified_gmt":"2026-04-23T09:23:01","slug":"flexmini-ahti-replacement-shell","status":"publish","type":"product","link":"https:\/\/hufschuhanzieher.de\/en\/flexmini-ahti-replacement-shell\/","title":{"rendered":"FlexMini Ahti Strap Ersatzschale"},"content":{"rendered":"<h4>FlexMini Ahti \u2013 Replacement Shell<\/h4>\n<p>Die Ahti-Ersatzschale bildet die Grundstruktur des FlexMini Ahti-Boot.<\/p>\n<p>Sie bildet die Sohle des Boot und bildet die Grundlage f\u00fcr Bewegung, Traktion und Schutz.<\/p>\n<p>Die Schale ist der tragende Teil des Hufschuhs.<br \/>\nSie umfasst:<br \/>\n&#8211; Die Sohle und das Profil<br \/>\n&#8211; Den integrierten Abrollbereich<br \/>\n&#8211; Die flexible Struktur, die eine nat\u00fcrliche<br \/>\nHufbewegung erm\u00f6glicht<\/p>\n<p>Alle anderen Komponenten des Ahti-Systems werden an der Schale befestigt.<\/p>\n<p>Ahti verwendet ein modulares Gr\u00f6\u00dfensystem:<br \/>\nDie endg\u00fcltige Hufschuhgr\u00f6\u00dfe ergibt sich aus der Kombination der Schale mit der Rear Unit:<br \/>\n60 Schale + 60 Rear Unit \u2192 Gr\u00f6\u00dfe 60<br \/>\n60 Schale + 65 Rear Unit\u2192 Gr\u00f6\u00dfe 65<br \/>\n70 Schale + 70 Rear Unit \u2192 Gr\u00f6\u00dfe 70<br \/>\n70 Schale + 75 Rear Unit \u2192 Gr\u00f6\u00dfe 75<\/p>\n<p>Verf\u00fcgbare Schalengr\u00f6\u00dfen<br \/>\n60\u201365 Schale<br \/>\n70\u201375 Schale<\/p>\n<p>Jede Schale ist so konzipiert, dass sie mit der entsprechenden Rear Unit kompatibel ist.<\/p>\n<p>Jeder komplette FlexMini Ahti-Stiefel enth\u00e4lt standardm\u00e4\u00dfig eine Schale.<br \/>\nImportant:<br \/>\nDieses Produkt enth\u00e4lt nur ein Ersatz- Schale aus TPU.<br \/>\nAlle anderen Komponenten m\u00fcssen separat hinzugef\u00fcgt werden, um einen kompletten Ahti-Boot zusammenzustellen.<\/p>\n<h3>Gr\u00f6\u00dfentabelle FlexMini Ahti Boots:<\/h3>\n<table style=\"max-width: 600px;\" width=\"600\">\n<tbody>\n<tr>\n<td style=\"text-align: right;\" width=\"120\"><strong>FLEX-Boot Size<br \/>\n<\/strong>(shell)<strong><br \/>\n<\/strong><\/td>\n<td style=\"text-align: center;\" width=\"120\"><strong>Hoof Width approx.<br \/>\n<\/strong><\/td>\n<td style=\"text-align: center;\" width=\"120\"><strong>Hoof Length max.<br \/>\n<\/strong><\/td>\n<\/tr>\n<tr>\n<td style=\"text-align: right;\" width=\"120\"><strong>60<\/strong><\/td>\n<td style=\"text-align: center;\" width=\"120\">60 mm<\/td>\n<td style=\"text-align: center;\" width=\"120\">65 mm<\/td>\n<\/tr>\n<tr>\n<td style=\"text-align: right;\" width=\"120\"><strong>65<\/strong><\/td>\n<td style=\"text-align: center;\" width=\"120\">65 mm<\/td>\n<td style=\"text-align: center;\" width=\"120\">70 mm<\/td>\n<\/tr>\n<tr>\n<td style=\"text-align: right;\" width=\"120\"><strong>70<\/strong><\/td>\n<td style=\"text-align: center;\" width=\"120\">70 mm<\/td>\n<td style=\"text-align: center;\" width=\"120\">75 mm<\/td>\n<\/tr>\n<tr>\n<td style=\"text-align: right;\" width=\"120\"><strong>75<\/strong><\/td>\n<td style=\"text-align: center;\" width=\"120\">75 mm<\/td>\n<td style=\"text-align: center;\" width=\"120\">80 mm<\/td>\n<td style=\"text-align: center;\" width=\"120\"><strong>\u00a0<\/strong><\/td>\n<\/tr>\n<\/tbody>\n<\/table>\n<p>&gt;<strong><span style=\"color: #339966;\"> <a style=\"color: #339966;\" href=\"https:\/\/www.flexhoofboots.com\/\" target=\"_blank\" rel=\"noopener noreferrer nofollow\">flexhoofboots.com<\/a><\/span><\/strong> <em>have a<\/em> <strong><span style=\"color: #339966;\"><a style=\"color: #339966;\" href=\"https:\/\/www.youtube.com\/channel\/UCfWgrRZoTSL1TMzUXrsvcgA\/videos\" target=\"_blank\" rel=\"noopener noreferrer nofollow\">Video channel<\/a><\/span><\/strong>, <em>where to get help on the correct fit of the boot or guidance on parts replacement<\/em><\/p>\n<h4><span style=\"color: #339966;\"><strong>&gt; <\/strong><\/span><a href=\"https:\/\/hufschuhanzieher.de\/zubehoer-hufschuhe\/flex-boots-zubehoer\/\"><span style=\"color: #339966;\"><strong>Flex Boot Accessories:<\/strong><\/span><\/a><\/h4>","protected":false},"excerpt":{"rendered":"<h3><strong>Preis pro ST\u00dcCK<\/strong><\/h3>\n<p>Replacement Shell f\u00fcr FlexMini Ahti \u2013 Professionelle biomechanische Hufschuhe<\/p>\n<p>&nbsp;<\/p>","protected":false},"featured_media":30782,"template":"","meta":[],"product_brand":[1069],"product_cat":[449,15,35],"product_tag":[448,433,447,850,943,522,1130],"class_list":{"0":"post-33144","1":"product","2":"type-product","3":"status-publish","4":"has-post-thumbnail","6":"product_brand-flex-boots","7":"product_cat-flex-boots-zubehoer","8":"product_cat-unkategorisiert","9":"product_cat-zubehoer-hufschuhe","10":"product_tag-finnland","11":"product_tag-flex","12":"product_tag-flex-hoof-boots","13":"product_tag-fohlen","14":"product_tag-miniaturpferde-miniature-horses","15":"product_tag-pony-ponie","16":"product_tag-weidegang","18":"first","19":"instock","20":"taxable","21":"shipping-taxable","22":"purchasable","23":"product-type-variable"},"_links":{"self":[{"href":"https:\/\/hufschuhanzieher.de\/en\/wp-json\/wp\/v2\/product\/33144","targetHints":{"allow":["GET"]}}],"collection":[{"href":"https:\/\/hufschuhanzieher.de\/en\/wp-json\/wp\/v2\/product"}],"about":[{"href":"https:\/\/hufschuhanzieher.de\/en\/wp-json\/wp\/v2\/types\/product"}],"version-history":[{"count":5,"href":"https:\/\/hufschuhanzieher.de\/en\/wp-json\/wp\/v2\/product\/33144\/revisions"}],"predecessor-version":[{"id":33180,"href":"https:\/\/hufschuhanzieher.de\/en\/wp-json\/wp\/v2\/product\/33144\/revisions\/33180"}],"wp:featuredmedia":[{"embeddable":true,"href":"https:\/\/hufschuhanzieher.de\/en\/wp-json\/wp\/v2\/media\/30782"}],"wp:attachment":[{"href":"https:\/\/hufschuhanzieher.de\/en\/wp-json\/wp\/v2\/media?parent=33144"}],"wp:term":[{"taxonomy":"product_brand","embeddable":true,"href":"https:\/\/hufschuhanzieher.de\/en\/wp-json\/wp\/v2\/product_brand?post=33144"},{"taxonomy":"product_cat","embeddable":true,"href":"https:\/\/hufschuhanzieher.de\/en\/wp-json\/wp\/v2\/product_cat?post=33144"},{"taxonomy":"product_tag","embeddable":true,"href":"https:\/\/hufschuhanzieher.de\/en\/wp-json\/wp\/v2\/product_tag?post=33144"}],"curies":[{"name":"wp","href":"https:\/\/api.w.org\/{rel}","templated":true}]}}