{"id":33125,"date":"2026-04-22T12:55:16","date_gmt":"2026-04-22T10:55:16","guid":{"rendered":"https:\/\/hufschuhanzieher.de\/?post_type=product&#038;p=33125"},"modified":"2026-04-22T13:24:35","modified_gmt":"2026-04-22T11:24:35","slug":"scoot-boot-frontstraps-aktion","status":"publish","type":"product","link":"https:\/\/hufschuhanzieher.de\/en\/scoot-boot-frontstraps-aktion\/","title":{"rendered":"Scoot Boot Frontstraps Aktion"},"content":{"rendered":"<h2><span style=\"color: #ff0000;\">Aktion<\/span><\/h2>\n<h4><span style=\"color: #ff0000;\">Kaufen Sie 3 Frontstraps <\/span>einer Farbe <span style=\"color: #ff0000;\">und wir legen Ihnen 3 weitere dazu,<\/span><\/h4>\n<h4><span style=\"color: #ff0000;\">Kaufen Sie 6 Frontstraps <\/span>einer Farbe <span style=\"color: #ff0000;\">und wir legen Ihnen 6 weitere dazu,&#8230;<\/span><\/h4>\n<h4><span style=\"color: #ff0000;\">Kaufen Sie 4 Frontstraps erhalten Sie nur 4 &#8230;<\/span><\/h4>\n<p>Diese Aktion gilt nur f\u00fcr die Frontstraps! Dazugeh\u00f6rige Schraubens\u00e4tze k\u00f6nnen Sie im <a href=\"https:\/\/hufschuhanzieher.de\/zubehoer-hufschuhe\/scoot-boots-zubehoer\/page\/2\/\" target=\"_blank\" rel=\"noopener\"><span style=\"color: #008000;\">Zubeh\u00f6r separat<\/span><\/a>\u00a0bestellen.<\/p>\n<h4>Video: <a href=\"https:\/\/youtu.be\/ex7fuvQD72A?si=8423dM_V6-loPjvv\" target=\"_blank\" rel=\"noopener nofollow\"><span style=\"color: #008000;\">Auswechseln der Front Straps beim Scoot Boot<\/span><\/a><\/h4>\n<h4><a href=\"https:\/\/hufschuhanzieher.de\/zubehoer-hufschuhe\/scoot-boots-zubehoer\/\"><span style=\"color: #339966;\"><strong>further Scoot Boot Accessories<\/strong><\/span><\/a><\/h4>","protected":false},"excerpt":{"rendered":"<h2><span style=\"color: #ff0000;\">Aktion<\/span><\/h2>\n<h4><span style=\"color: #ff0000;\">Kaufen Sie 3 Frontstraps\u00a0 einer Farbe und wir legen Ihnen 3 weitere dazu,<\/span><\/h4>\n<h4><span style=\"color: #ff0000;\">Kaufen Sie 6 Frontstraps und wir legen Ihnen 6 weitere dazu,&#8230;<\/span><\/h4>\n<h4><span style=\"color: #ff0000;\">Kaufen Sie 4 Frontstraps erhalten Sie nur 4 &#8230;<\/span><\/h4>\n<h4>Price per Piece<\/h4>\n<ul>\n<li><span class=\"fs10lh1-5\">One size fits all!<\/span><\/li>\n<li><span class=\"fs10lh1-5\">available in many colors<br \/>\n<\/span><\/li>\n<li>wahlweise mit Schraub-Kn\u00f6pfen<\/li>\n<\/ul>","protected":false},"featured_media":33143,"template":"","meta":[],"product_brand":[1064],"product_cat":[214,15,35,1047],"product_tag":[1029,486,1027,488,173,1030,487],"class_list":{"0":"post-33125","1":"product","2":"type-product","3":"status-publish","4":"has-post-thumbnail","6":"product_brand-scoot-boot","7":"product_cat-scoot-boots-zubehoer","8":"product_cat-unkategorisiert","9":"product_cat-zubehoer-hufschuhe","10":"product_cat-sale","11":"product_tag-adjust-enduro","12":"product_tag-chikago-schrauben","13":"product_tag-classic","14":"product_tag-front-verschluss","15":"product_tag-scoot-boot","16":"product_tag-theraride","17":"product_tag-zehenriemen","18":"product_shipping_class-kleinteile","20":"first","21":"instock","22":"taxable","23":"shipping-taxable","24":"purchasable","25":"product-type-variable","26":"has-default-attributes"},"_links":{"self":[{"href":"https:\/\/hufschuhanzieher.de\/en\/wp-json\/wp\/v2\/product\/33125","targetHints":{"allow":["GET"]}}],"collection":[{"href":"https:\/\/hufschuhanzieher.de\/en\/wp-json\/wp\/v2\/product"}],"about":[{"href":"https:\/\/hufschuhanzieher.de\/en\/wp-json\/wp\/v2\/types\/product"}],"version-history":[{"count":5,"href":"https:\/\/hufschuhanzieher.de\/en\/wp-json\/wp\/v2\/product\/33125\/revisions"}],"predecessor-version":[{"id":33142,"href":"https:\/\/hufschuhanzieher.de\/en\/wp-json\/wp\/v2\/product\/33125\/revisions\/33142"}],"wp:featuredmedia":[{"embeddable":true,"href":"https:\/\/hufschuhanzieher.de\/en\/wp-json\/wp\/v2\/media\/33143"}],"wp:attachment":[{"href":"https:\/\/hufschuhanzieher.de\/en\/wp-json\/wp\/v2\/media?parent=33125"}],"wp:term":[{"taxonomy":"product_brand","embeddable":true,"href":"https:\/\/hufschuhanzieher.de\/en\/wp-json\/wp\/v2\/product_brand?post=33125"},{"taxonomy":"product_cat","embeddable":true,"href":"https:\/\/hufschuhanzieher.de\/en\/wp-json\/wp\/v2\/product_cat?post=33125"},{"taxonomy":"product_tag","embeddable":true,"href":"https:\/\/hufschuhanzieher.de\/en\/wp-json\/wp\/v2\/product_tag?post=33125"}],"curies":[{"name":"wp","href":"https:\/\/api.w.org\/{rel}","templated":true}]}}