{"id":31229,"date":"2026-04-18T13:24:43","date_gmt":"2026-04-18T11:24:43","guid":{"rendered":"https:\/\/hufschuhanzieher.de\/?post_type=product&#038;p=31229"},"modified":"2026-04-18T13:41:06","modified_gmt":"2026-04-18T11:41:06","slug":"flexmini-ahti-rpastern-strap","status":"publish","type":"product","link":"https:\/\/hufschuhanzieher.de\/en\/flexmini-ahti-rpastern-strap\/","title":{"rendered":"FlexMini Ahti Pastern Strap"},"content":{"rendered":"<h4>FlexMini Ahti Pastern Strap<\/h4>\n<p>Der Ahti Pastern Strap ist Teil des FlexMini-Ahti-Befestigungssystems und dient dazu, den oberen Teil des Boots zu stabilisieren.<\/p>\n<p>Er wird an der hinteren Einheit befestigt und um die Vorderseite der Fessel gewickelt, wodurch der Boot w\u00e4hrend der Bewegung in der richtigen Position gehalten wird.<\/p>\n<p>Der Pastern Strap wurde f\u00fcr Stabilit\u00e4t und Bewegungsfreiheit entwickelt<\/p>\n<p>Der Pastern Strap arbeitet mit dem<\/p>\n<p>Bei korrekter Einstellung h\u00e4lt er den Gamasche stabil und erm\u00f6glicht gleichzeitig eine nat\u00fcrliche Bewegung von Fessel und Fesselgelenk.<br \/>\nJeder FlexMini Ahti Boot wird standardm\u00e4\u00dfig mit einem Pastern Strap geliefert.<br \/>\nEinheitsgr\u00f6\u00dfe f\u00fcr alle FlexMini Ahti-Boots (60, 65, 70, 75).<\/p>\n<p>Der Strap l\u00e4sst sich an verschiedene Fesselgr\u00f6\u00dfen anpassen.<br \/>\n\u00dcbersch\u00fcssige L\u00e4nge kann nach dem Anlegen abgeschnitten werden, um ein sauberes Finish zu erzielen.<\/p>\n<p>Zwischen Strap und Bein sollte etwa ein Finger Platz haben<br \/>\nDer Strap sollte vorne am Fesselgelenk gleichm\u00e4\u00dfig anliegen<br \/>\nDie Passform sollte eng anliegen, aber nicht einengen<\/p>\n<p>Das Ende des Straps l\u00e4sst sich sauber befestigen<\/p>\n<p>Die richtige Einstellung sorgt f\u00fcr Stabilit\u00e4t, ohne die nat\u00fcrliche Bewegung einzuschr\u00e4nken.<br \/>\nMaterial<\/p>\n<p>Hergestellt aus hochwertigem thermoplastischem Polyurethan (TPU), das Flexibilit\u00e4t, Festigkeit und Langlebigkeit vereint.<\/p>\n<p>&nbsp;<\/p>\n<p>&nbsp;<\/p>\n<p>&nbsp;<\/p>\n<h3><\/h3>\n<p>&gt;<strong><span style=\"color: #339966;\"> <a style=\"color: #339966;\" href=\"https:\/\/www.flexhoofboots.com\/\" target=\"_blank\" rel=\"noopener noreferrer nofollow\">flexhoofboots.com<\/a><\/span><\/strong> <em>have a<\/em> <strong><span style=\"color: #339966;\"><a style=\"color: #339966;\" href=\"https:\/\/www.youtube.com\/channel\/UCfWgrRZoTSL1TMzUXrsvcgA\/videos\" target=\"_blank\" rel=\"noopener noreferrer nofollow\">Video channel<\/a><\/span><\/strong>, <em>where to get help on the correct fit of the boot or guidance on parts replacement<\/em><\/p>\n<h4><span style=\"color: #339966;\"><strong>&gt; <\/strong><\/span><a href=\"https:\/\/hufschuhanzieher.de\/zubehoer-hufschuhe\/flex-boots-zubehoer\/\"><span style=\"color: #339966;\"><strong>Flex Boot Accessories:<\/strong><\/span><\/a><\/h4>","protected":false},"excerpt":{"rendered":"<h3><strong>Preis pro ST\u00dcCK<\/strong><\/h3>\n<p>FlexMini Ahti Back Strap, Einheitsgr\u00f6\u00dfe<\/p>\n<p>&nbsp;<\/p>","protected":false},"featured_media":30780,"template":"","meta":[],"product_brand":[1069],"product_cat":[449,15,35],"product_tag":[448,433,447,850,943,522,1130],"class_list":{"0":"post-31229","1":"product","2":"type-product","3":"status-publish","4":"has-post-thumbnail","6":"product_brand-flex-boots","7":"product_cat-flex-boots-zubehoer","8":"product_cat-unkategorisiert","9":"product_cat-zubehoer-hufschuhe","10":"product_tag-finnland","11":"product_tag-flex","12":"product_tag-flex-hoof-boots","13":"product_tag-fohlen","14":"product_tag-miniaturpferde-miniature-horses","15":"product_tag-pony-ponie","16":"product_tag-weidegang","18":"first","19":"instock","20":"taxable","21":"shipping-taxable","22":"purchasable","23":"product-type-simple"},"_links":{"self":[{"href":"https:\/\/hufschuhanzieher.de\/en\/wp-json\/wp\/v2\/product\/31229","targetHints":{"allow":["GET"]}}],"collection":[{"href":"https:\/\/hufschuhanzieher.de\/en\/wp-json\/wp\/v2\/product"}],"about":[{"href":"https:\/\/hufschuhanzieher.de\/en\/wp-json\/wp\/v2\/types\/product"}],"version-history":[{"count":3,"href":"https:\/\/hufschuhanzieher.de\/en\/wp-json\/wp\/v2\/product\/31229\/revisions"}],"predecessor-version":[{"id":31232,"href":"https:\/\/hufschuhanzieher.de\/en\/wp-json\/wp\/v2\/product\/31229\/revisions\/31232"}],"wp:featuredmedia":[{"embeddable":true,"href":"https:\/\/hufschuhanzieher.de\/en\/wp-json\/wp\/v2\/media\/30780"}],"wp:attachment":[{"href":"https:\/\/hufschuhanzieher.de\/en\/wp-json\/wp\/v2\/media?parent=31229"}],"wp:term":[{"taxonomy":"product_brand","embeddable":true,"href":"https:\/\/hufschuhanzieher.de\/en\/wp-json\/wp\/v2\/product_brand?post=31229"},{"taxonomy":"product_cat","embeddable":true,"href":"https:\/\/hufschuhanzieher.de\/en\/wp-json\/wp\/v2\/product_cat?post=31229"},{"taxonomy":"product_tag","embeddable":true,"href":"https:\/\/hufschuhanzieher.de\/en\/wp-json\/wp\/v2\/product_tag?post=31229"}],"curies":[{"name":"wp","href":"https:\/\/api.w.org\/{rel}","templated":true}]}}