{"id":31226,"date":"2026-04-18T12:50:06","date_gmt":"2026-04-18T10:50:06","guid":{"rendered":"https:\/\/hufschuhanzieher.de\/?post_type=product&#038;p=31226"},"modified":"2026-04-19T13:45:17","modified_gmt":"2026-04-19T11:45:17","slug":"flexmini-ahti-rivets","status":"publish","type":"product","link":"https:\/\/hufschuhanzieher.de\/en\/flexmini-ahti-rivets\/","title":{"rendered":"FlexMini Ahti Rivets \u2013 8 pack"},"content":{"rendered":"<h4>FlexMini Ahti Rivets<\/h4>\n<p>Ahti-Rivets dienen zur Verbindung wichtiger Teile des FlexMini Ahti-Befestigungssystems.<\/p>\n<p>Sie befestigen den Pastern-Strap an der hinteren Einheit und den Back Strap am Strap Anchor, sodass der Schuh korrekt zusammengesetzt bleibt und wie vorgesehen funktioniert.<\/p>\n<p>&#x2714;&#xfe0f; H\u00e4lt das Befestigungssystem sicher verbunden<br \/>\n&#x2714;&#xfe0f; Erm\u00f6glicht nat\u00fcrliche Bewegungen ohne starre Fixierung<br \/>\n&#x2714;&#xfe0f; Unverzichtbar f\u00fcr die Aufrechterhaltung der korrekten Funktion des Schuhs<br \/>\n&#x2714;&#xfe0f; Bei Bedarf leicht auszutauschen<\/p>\n<p>Jeder FlexMini Ahti-Boot wird standardm\u00e4\u00dfig mit Nieten geliefert.<br \/>\nSizes<\/p>\n<p>Einheitsgr\u00f6\u00dfe f\u00fcr alle FlexMini Ahti-Modelle.<\/p>\n<p>Hergestellt aus strapazierf\u00e4higem Kunststoff, entwickelt f\u00fcr eine sichere Befestigung bei Bewegung.<\/p>\n<p>&nbsp;<\/p>\n<p>&nbsp;<\/p>\n<h3><\/h3>\n<p>&gt;<strong><span style=\"color: #339966;\"> <a style=\"color: #339966;\" href=\"https:\/\/www.flexhoofboots.com\/\" target=\"_blank\" rel=\"noopener noreferrer nofollow\">flexhoofboots.com<\/a><\/span><\/strong> <em>have a<\/em> <strong><span style=\"color: #339966;\"><a style=\"color: #339966;\" href=\"https:\/\/www.youtube.com\/channel\/UCfWgrRZoTSL1TMzUXrsvcgA\/videos\" target=\"_blank\" rel=\"noopener noreferrer nofollow\">Video channel<\/a><\/span><\/strong>, <em>where to get help on the correct fit of the boot or guidance on parts replacement<\/em><\/p>\n<h4><span style=\"color: #339966;\"><strong>&gt; <\/strong><\/span><a href=\"https:\/\/hufschuhanzieher.de\/zubehoer-hufschuhe\/flex-boots-zubehoer\/\"><span style=\"color: #339966;\"><strong>Flex Boot Accessories:<\/strong><\/span><\/a><\/h4>","protected":false},"excerpt":{"rendered":"<h3><strong>Preis pro SET<\/strong><\/h3>\n<p>8 FlexMini Ahti Rivets pro Set<\/p>\n<p>&nbsp;<\/p>","protected":false},"featured_media":30783,"template":"","meta":[],"product_brand":[1069],"product_cat":[449,15,35],"product_tag":[448,433,447,850,943,522,1130],"class_list":{"0":"post-31226","1":"product","2":"type-product","3":"status-publish","4":"has-post-thumbnail","6":"product_brand-flex-boots","7":"product_cat-flex-boots-zubehoer","8":"product_cat-unkategorisiert","9":"product_cat-zubehoer-hufschuhe","10":"product_tag-finnland","11":"product_tag-flex","12":"product_tag-flex-hoof-boots","13":"product_tag-fohlen","14":"product_tag-miniaturpferde-miniature-horses","15":"product_tag-pony-ponie","16":"product_tag-weidegang","18":"first","19":"instock","20":"taxable","21":"shipping-taxable","22":"purchasable","23":"product-type-simple"},"_links":{"self":[{"href":"https:\/\/hufschuhanzieher.de\/en\/wp-json\/wp\/v2\/product\/31226","targetHints":{"allow":["GET"]}}],"collection":[{"href":"https:\/\/hufschuhanzieher.de\/en\/wp-json\/wp\/v2\/product"}],"about":[{"href":"https:\/\/hufschuhanzieher.de\/en\/wp-json\/wp\/v2\/types\/product"}],"version-history":[{"count":2,"href":"https:\/\/hufschuhanzieher.de\/en\/wp-json\/wp\/v2\/product\/31226\/revisions"}],"predecessor-version":[{"id":31228,"href":"https:\/\/hufschuhanzieher.de\/en\/wp-json\/wp\/v2\/product\/31226\/revisions\/31228"}],"wp:featuredmedia":[{"embeddable":true,"href":"https:\/\/hufschuhanzieher.de\/en\/wp-json\/wp\/v2\/media\/30783"}],"wp:attachment":[{"href":"https:\/\/hufschuhanzieher.de\/en\/wp-json\/wp\/v2\/media?parent=31226"}],"wp:term":[{"taxonomy":"product_brand","embeddable":true,"href":"https:\/\/hufschuhanzieher.de\/en\/wp-json\/wp\/v2\/product_brand?post=31226"},{"taxonomy":"product_cat","embeddable":true,"href":"https:\/\/hufschuhanzieher.de\/en\/wp-json\/wp\/v2\/product_cat?post=31226"},{"taxonomy":"product_tag","embeddable":true,"href":"https:\/\/hufschuhanzieher.de\/en\/wp-json\/wp\/v2\/product_tag?post=31226"}],"curies":[{"name":"wp","href":"https:\/\/api.w.org\/{rel}","templated":true}]}}