{"id":31224,"date":"2026-04-18T12:49:37","date_gmt":"2026-04-18T10:49:37","guid":{"rendered":"https:\/\/hufschuhanzieher.de\/?post_type=product&#038;p=31224"},"modified":"2026-04-23T14:06:35","modified_gmt":"2026-04-23T12:06:35","slug":"flexmini-ahti-neopren-gaiter","status":"publish","type":"product","link":"https:\/\/hufschuhanzieher.de\/en\/flexmini-ahti-neopren-gaiter\/","title":{"rendered":"FlexMini Ahti Neopren Gaiter"},"content":{"rendered":"<h4>FlexMini Ahti \u2013 Neopren Gaiter<\/h4>\n<p>Der Ahti Neopren-Gaiter ist ein weiches, sch\u00fctzendes Element des FlexMini Ahti-Befestigungssystems, das die Fessel polstert und Reibung w\u00e4hrend des Gebrauchs verhindert.<\/p>\n<p>Er bietet einen eng anliegenden Tragekomfort, w\u00e4hrend er im t\u00e4glichen Gebrauch nat\u00fcrliche Bewegungsfreiheit erm\u00f6glicht.<\/p>\n<p>Der speziell f\u00fcr das Ahti-System geformte Gaiter passt sich den Konturen der Rear Unit an und sorgt so f\u00fcr einen sicheren, stabilen Sitz ohne unn\u00f6tiges Auftragen.<\/p>\n<p>&#x2714;&#xfe0f; Sch\u00fctzt empfindliche Haut vor Scheuern<br \/>\n&#x2714;&#xfe0f; Polstert, ohne die Bewegung einzuschr\u00e4nken<br \/>\n&#x2714;&#xfe0f; Funktioniert als Teil des Ahti-Befestigungssystems<br \/>\n&#x2714;&#xfe0f; Langlebig f\u00fcr den t\u00e4glichen und professionellen Gebrauch<\/p>\n<p><strong>Einheitsgr\u00f6\u00dfe f\u00fcr alle FlexMini Ahti-Stiefel (60, 65, 70, 75).<br \/>\n<\/strong><span style=\"color: #ff0000;\">Open Sea ist erst wieder im Sommer erh\u00e4ltich<\/span><\/p>\n<p>Bei korrekter Anpassung an verschiedene Gliedma\u00dfenformen angepasst.<\/p>\n<p>Besteht aus 4 mm Neopren mit beidseitig laminiertem Gewebe f\u00fcr Langlebigkeit und reduzierte Reibung.<\/p>\n<p>Passform &amp; Anpassung<br \/>\n&#8211; Die Gamasche schlie\u00dft vorne am Fesselgelenk gleichm\u00e4\u00dfig an<br \/>\n&#8211; Das Gummiband des Gaiters sitzt mittig<br \/>\n&#8211; Der Pastern Strap ist korrekt eingef\u00e4delt<\/p>\n<p>Die richtige Anpassung gew\u00e4hrleistet Komfort, Stabilit\u00e4t und Leistung.<\/p>\n<p>Nach Gebrauch Schmutz absp\u00fclen oder abb\u00fcrsten<br \/>\nBei Bedarf kalt in der Maschine waschen<br \/>\nNur an der Luft trocknen lassen<br \/>\nAn einem trockenen, gut bel\u00fcfteten Ort aufbewahren<\/p>\n<p>&gt;<strong><span style=\"color: #339966;\"> <a style=\"color: #339966;\" href=\"https:\/\/www.flexhoofboots.com\/\" target=\"_blank\" rel=\"noopener noreferrer nofollow\">flexhoofboots.com<\/a><\/span><\/strong> <em>have a<\/em> <strong><span style=\"color: #339966;\"><a style=\"color: #339966;\" href=\"https:\/\/www.youtube.com\/channel\/UCfWgrRZoTSL1TMzUXrsvcgA\/videos\" target=\"_blank\" rel=\"noopener noreferrer nofollow\">Video channel<\/a><\/span><\/strong>, <em>where to get help on the correct fit of the boot or guidance on parts replacement<\/em><\/p>\n<h4><span style=\"color: #339966;\"><strong>&gt; <\/strong><\/span><a href=\"https:\/\/hufschuhanzieher.de\/zubehoer-hufschuhe\/flex-boots-zubehoer\/\"><span style=\"color: #339966;\"><strong>Flex Boot Accessories:<\/strong><\/span><\/a><\/h4>","protected":false},"excerpt":{"rendered":"<h3><strong>Preis pro ST\u00dcCK<\/strong><\/h3>\n<p>Neopren Gaiter f\u00fcr FlexMini Ahti \u2013 Professionelle biomechanische Hufschuhe<\/p>\n<p>&nbsp;<\/p>","protected":false},"featured_media":30779,"template":"","meta":[],"product_brand":[1069],"product_cat":[449,15,35],"product_tag":[448,433,447,850,943,522,1130],"class_list":{"0":"post-31224","1":"product","2":"type-product","3":"status-publish","4":"has-post-thumbnail","6":"product_brand-flex-boots","7":"product_cat-flex-boots-zubehoer","8":"product_cat-unkategorisiert","9":"product_cat-zubehoer-hufschuhe","10":"product_tag-finnland","11":"product_tag-flex","12":"product_tag-flex-hoof-boots","13":"product_tag-fohlen","14":"product_tag-miniaturpferde-miniature-horses","15":"product_tag-pony-ponie","16":"product_tag-weidegang","18":"first","19":"instock","20":"taxable","21":"shipping-taxable","22":"purchasable","23":"product-type-variable","24":"has-default-attributes"},"_links":{"self":[{"href":"https:\/\/hufschuhanzieher.de\/en\/wp-json\/wp\/v2\/product\/31224","targetHints":{"allow":["GET"]}}],"collection":[{"href":"https:\/\/hufschuhanzieher.de\/en\/wp-json\/wp\/v2\/product"}],"about":[{"href":"https:\/\/hufschuhanzieher.de\/en\/wp-json\/wp\/v2\/types\/product"}],"version-history":[{"count":2,"href":"https:\/\/hufschuhanzieher.de\/en\/wp-json\/wp\/v2\/product\/31224\/revisions"}],"predecessor-version":[{"id":31280,"href":"https:\/\/hufschuhanzieher.de\/en\/wp-json\/wp\/v2\/product\/31224\/revisions\/31280"}],"wp:featuredmedia":[{"embeddable":true,"href":"https:\/\/hufschuhanzieher.de\/en\/wp-json\/wp\/v2\/media\/30779"}],"wp:attachment":[{"href":"https:\/\/hufschuhanzieher.de\/en\/wp-json\/wp\/v2\/media?parent=31224"}],"wp:term":[{"taxonomy":"product_brand","embeddable":true,"href":"https:\/\/hufschuhanzieher.de\/en\/wp-json\/wp\/v2\/product_brand?post=31224"},{"taxonomy":"product_cat","embeddable":true,"href":"https:\/\/hufschuhanzieher.de\/en\/wp-json\/wp\/v2\/product_cat?post=31224"},{"taxonomy":"product_tag","embeddable":true,"href":"https:\/\/hufschuhanzieher.de\/en\/wp-json\/wp\/v2\/product_tag?post=31224"}],"curies":[{"name":"wp","href":"https:\/\/api.w.org\/{rel}","templated":true}]}}