{"id":30697,"date":"2026-03-07T13:40:10","date_gmt":"2026-03-07T12:40:10","guid":{"rendered":"https:\/\/hufschuhanzieher.de\/?post_type=product&#038;p=30697"},"modified":"2026-04-20T15:42:37","modified_gmt":"2026-04-20T13:42:37","slug":"flexmini-ahti-boot","status":"publish","type":"product","link":"https:\/\/hufschuhanzieher.de\/en\/flexmini-ahti-boot\/","title":{"rendered":"FlexMini Ahti Boots"},"content":{"rendered":"<h4>FlexMini Ahti \u2013 Professionelle biomechanische Hufschuhe f\u00fcr Miniaturpferde und Fohlen.<\/h4>\n<p>FlexMini Ahti ist ein pr\u00e4zisionsgefertigter, leichter Hufschuh, der speziell f\u00fcr Miniaturpferde, Ponys und Fohlen entwickelt wurde.<br \/>\nAhti ist keine verkleinerte Version des Flex Boot. Er wurde neu entwickelt, um den Proportionen, der Biomechanik und der geringeren Belastung kleiner Pferde gerecht zu werden. Das Ergebnis ist ein stromlinienf\u00f6rmiger, verstellbarer Hufschuh, der nat\u00fcrliche Bewegungen unterst\u00fctzt und gleichzeitig zuverl\u00e4ssigen Schutz und Leistung bietet.<br \/>\nAhti eignet sich f\u00fcr das Fahren, die Weidehaltung, die Rehabilitation und den professionellen therapeutischen Einsatz und bringt echtes biomechanisches Design in die Kategorie der Mini-Hufschuhe.<\/p>\n<h4>Lassen Sie Ihr Pferd den Unterschied sp\u00fcren:<\/h4>\n<ul>\n<li>Definierter biomechanischer Abrollvorgang<br \/>\nDie verfeinerte Sohlengeometrie unterst\u00fctzt die korrekte Bewegungsmechanik in Miniaturhufen.<\/li>\n<li>Proportionale Flexibilit\u00e4t und Traktion<br \/>\nDas skalierte Profil und die belastungsgerechte Flexibilit\u00e4t sorgen f\u00fcr Stabilit\u00e4t ohne Steifigkeit.<\/li>\n<li>Leichte, stromlinienf\u00f6rmige Konstruktion<br \/>\nAusgewogenes Design ohne unn\u00f6tigen Ballast \u2013 entscheidend f\u00fcr kleine Pferde.<\/li>\n<li>Neu gestaltete TPU-Gamasche<br \/>\nSpeziell f\u00fcr kleinere Fesselwinkel geformt, erm\u00f6glicht uneingeschr\u00e4nkte Gelenkbeugung.<\/li>\n<li>Verstellbares Befestigungssystem<br \/>\nBasierend auf dem bew\u00e4hrten Flex-Prinzip, verfeinert f\u00fcr kompakte Proportionen. Sicherer Sitz ohne Klettverschl\u00fcsse oder Kabel.<\/li>\n<li>Zuverl\u00e4ssigkeit in jedem Gel\u00e4nde<br \/>\nFunktioniert auf Gras, Kies, Reitplatzboden, Waldwegen, Schnee und allt\u00e4glichen Oberfl\u00e4chen. Vorgebohrte L\u00f6cher erm\u00f6glichen bei Bedarf die Anbringung von Stollen.<\/li>\n<\/ul>\n<p><strong>Professionelle Anwendungen<\/strong><\/p>\n<p>FlexMini Ahti eignet sich besonders gut f\u00fcr:<br \/>\n\u2022 Miniaturpferde und Ponys in aktiver Arbeit<br \/>\n\u2022 Fahrponys<br \/>\n\u2022 Schutz beim Weidegang<br \/>\n\u2022 Unterst\u00fctzung bei der Rehabilitation<br \/>\n\u2022 Fohlen mit Haltungsproblemen<br \/>\n\u2022 Korrekturma\u00dfnahmen unter tier\u00e4rztlicher und Hufschmied-Anleitung<br \/>\nDurch seine pr\u00e4zise Passform und sein biomechanisches Design eignet es sich f\u00fcr professionelle Umgebungen, in denen Bewegungsqualit\u00e4t eine wichtige Rolle spielt.<br \/>\nEine 4 mm dicke Neopren-Gamasche sch\u00fctzt empfindliche Haut und sorgt gleichzeitig f\u00fcr Atmungsaktivit\u00e4t und Anpassungsf\u00e4higkeit. Die Schale und das Befestigungssystem sind aus hochwertigem TPU gefertigt, was f\u00fcr Langlebigkeit und Wetterbest\u00e4ndigkeit sorgt.<br \/>\nF\u00fcr zus\u00e4tzliche Polsterung sind minispezifische 2 mm EVA-Pads erh\u00e4ltlich.<\/p>\n<p><strong>Sohlenkonstruktion<\/strong><\/p>\n<ul>\n<li>Definierte biomechanische Abrollbewegung, angepasst an Miniaturhufe<\/li>\n<li>Skaliertes Profil f\u00fcr proportionale Traktion<\/li>\n<li>Flexible Reaktion, abgestimmt auf geringere Belastung<\/li>\n<li>Vorgeschnittene L\u00f6cher f\u00fcr einfache Stollenmontage<\/li>\n<\/ul>\n<p>Die Sohle bietet effektive Sto\u00dfd\u00e4mpfung und zuverl\u00e4ssigen Halt auf unterschiedlichem Terrain, darunter Gras, Reitplatzboden, Waldwege, Kies und Schnee.<\/p>\n<table style=\"max-width: 1200px;\" width=\"1200\">\n<tbody>\n<tr>\n<td style=\"text-align: right;\" width=\"380\"><img fetchpriority=\"high\" decoding=\"async\" class=\"alignleft wp-image-7193\" src=\"https:\/\/hufschuhanzieher.de\/wp-content\/uploads\/2021\/01\/IMG_3615-240x300.jpg\" alt=\"FLEX boots - correct hoof trim\" width=\"400\" height=\"500\" title=\"\" srcset=\"https:\/\/hufschuhanzieher.de\/wp-content\/uploads\/2021\/01\/IMG_3615-240x300.jpg 240w, https:\/\/hufschuhanzieher.de\/wp-content\/uploads\/2021\/01\/IMG_3615-300x375.jpg 300w, https:\/\/hufschuhanzieher.de\/wp-content\/uploads\/2021\/01\/IMG_3615-600x750.jpg 600w, https:\/\/hufschuhanzieher.de\/wp-content\/uploads\/2021\/01\/IMG_3615-410x513.jpg 410w, https:\/\/hufschuhanzieher.de\/wp-content\/uploads\/2021\/01\/IMG_3615-819x1024.jpg 819w, https:\/\/hufschuhanzieher.de\/wp-content\/uploads\/2021\/01\/IMG_3615-768x960.jpg 768w, https:\/\/hufschuhanzieher.de\/wp-content\/uploads\/2021\/01\/IMG_3615-10x12.jpg 10w, https:\/\/hufschuhanzieher.de\/wp-content\/uploads\/2021\/01\/IMG_3615.jpg 1080w\" sizes=\"(max-width: 400px) 100vw, 400px\" \/><\/td>\n<td style=\"text-align: left;\" width=\"600\"><strong><strong>For unrestricted pleasure with the hoof boot,<br \/>\nhorse owners should round the horse's hooves approx. weekly:<br \/>\n<\/strong><\/strong><\/p>\n<ul>\n<li>any sharp and pointed edges;<\/li>\n<li>Hooves that come up toe first because they are too long;<\/li>\n<li>narrow heels<\/li>\n<li>high heels or a hoof wall,<br \/>\nthat mainly bears the weight alone;<\/li>\n<\/ul>\n<p><u>all this damages the boot<\/u>.<\/p>\n<p class=\" translation-block\">A good trim based on anatomy,<br>\nis not only beneficial for the horse,<br>\nbut also for the function of the boot.<\/p>\n<p>Deshalb ist FlexMini Ahti Boot ein &#8222;ganzheitlicher&#8220; Hufschuh.<\/td>\n<\/tr>\n<\/tbody>\n<\/table>\n<p>Jeder Boot umfasst:<br \/>\n\u2022 Boot Shell<br \/>\n\u2022 Strap Anchor<br \/>\n\u2022 Rear Unit<br \/>\n\u2022 Pastern Strap<br \/>\n\u2022 Neoprene Gaiter<br \/>\n\u2022 Back Strap<br \/>\nDer Neopren-Gaiter ist in denselben Farben wie die von Flex-Boots erh\u00e4ltlich (9 Farben).<br \/>\n<span style=\"color: #ff0000;\">Open Sea ist erst wieder im Sommer erh\u00e4ltich<\/span><br \/>\nPastern Strap und Back Strap sind in Moonlight Shadow (schwarz) erh\u00e4ltlich.<\/p>\n<h3>Gr\u00f6\u00dfentabelle FlexMini Ahti Boots:<\/h3>\n<table style=\"max-width: 600px;\" width=\"600\">\n<tbody>\n<tr>\n<td style=\"text-align: right;\" width=\"120\"><strong>FLEX-Boot Size<br \/>\n<\/strong>(shell)<strong><br \/>\n<\/strong><\/td>\n<td style=\"text-align: center;\" width=\"120\"><strong>Hoof Width approx.<br \/>\n<\/strong><\/td>\n<td style=\"text-align: center;\" width=\"120\"><strong>Hoof Length max.<br \/>\n<\/strong><\/td>\n<\/tr>\n<tr>\n<td style=\"text-align: right;\" width=\"120\"><strong>60<\/strong><\/td>\n<td style=\"text-align: center;\" width=\"120\">60 mm<\/td>\n<td style=\"text-align: center;\" width=\"120\">65 mm<\/td>\n<\/tr>\n<tr>\n<td style=\"text-align: right;\" width=\"120\"><strong>65<\/strong><\/td>\n<td style=\"text-align: center;\" width=\"120\">65 mm<\/td>\n<td style=\"text-align: center;\" width=\"120\">70 mm<\/td>\n<\/tr>\n<tr>\n<td style=\"text-align: right;\" width=\"120\"><strong>70<\/strong><\/td>\n<td style=\"text-align: center;\" width=\"120\">70 mm<\/td>\n<td style=\"text-align: center;\" width=\"120\">75 mm<\/td>\n<\/tr>\n<tr>\n<td style=\"text-align: right;\" width=\"120\"><strong>75<\/strong><\/td>\n<td style=\"text-align: center;\" width=\"120\">75 mm<\/td>\n<td style=\"text-align: center;\" width=\"120\">80 mm<\/td>\n<td style=\"text-align: center;\" width=\"120\"><strong>\u00a0<\/strong><\/td>\n<\/tr>\n<\/tbody>\n<\/table>\n<p>Aufgrund der kompakten Abmessungen von Miniaturhufen ist die Pr\u00e4zision beim Beschneiden entscheidend. Die Messungen sollten unmittelbar nach einem frischen, anatomisch korrekten Beschneiden vorgenommen werden.<br \/>\nAhti erzielt die besten Ergebnisse bei Hufen, deren nat\u00fcrliche Struktur erhalten bleibt. Eine \u00fcberm\u00e4\u00dfige Zehenl\u00e4nge oder Unausgewogenheit kann die Passform, den Abrollvorgang und die Leistung beeintr\u00e4chtigen.<\/p>\n<p>&nbsp;<\/p>\n<p>&gt;<strong><span style=\"color: #339966;\"> <a style=\"color: #339966;\" href=\"https:\/\/www.flexhoofboots.com\/\" target=\"_blank\" rel=\"noopener noreferrer nofollow\">flexhoofboots.com<\/a><\/span><\/strong> <em>have a<\/em> <strong><span style=\"color: #339966;\"><a style=\"color: #339966;\" href=\"https:\/\/www.youtube.com\/channel\/UCfWgrRZoTSL1TMzUXrsvcgA\/videos\" target=\"_blank\" rel=\"noopener noreferrer nofollow\">Video channel<\/a><\/span><\/strong>, <em>where to get help on the correct fit of the boot or guidance on parts replacement<\/em><\/p>\n<h4><span style=\"color: #339966;\"><strong>&gt; <\/strong><\/span><a href=\"https:\/\/hufschuhanzieher.de\/zubehoer-hufschuhe\/flex-boots-zubehoer\/\"><span style=\"color: #339966;\"><strong>Flex Boot Accessories:<\/strong><\/span><\/a><\/h4>","protected":false},"excerpt":{"rendered":"<h3><strong>Preis pro ST\u00dcCK<\/strong><\/h3>\n<p>FlexMini Ahti \u2013 Professionelle biomechanische Hufschuhe f\u00fcr Miniaturpferde und Fohlen<\/p>\n<p>&nbsp;<\/p>","protected":false},"featured_media":30760,"template":"","meta":[],"product_brand":[1069],"product_cat":[445,15,37],"product_tag":[1001,448,433,447,850,943,522,1130],"class_list":{"0":"post-30697","1":"product","2":"type-product","3":"status-publish","4":"has-post-thumbnail","6":"product_brand-flex-boots","7":"product_cat-flex-boots","8":"product_cat-unkategorisiert","9":"product_cat-hufschuh","10":"product_tag-aktion","11":"product_tag-finnland","12":"product_tag-flex","13":"product_tag-flex-hoof-boots","14":"product_tag-fohlen","15":"product_tag-miniaturpferde-miniature-horses","16":"product_tag-pony-ponie","17":"product_tag-weidegang","19":"first","20":"instock","21":"taxable","22":"shipping-taxable","23":"purchasable","24":"product-type-variable","25":"has-default-attributes"},"_links":{"self":[{"href":"https:\/\/hufschuhanzieher.de\/en\/wp-json\/wp\/v2\/product\/30697","targetHints":{"allow":["GET"]}}],"collection":[{"href":"https:\/\/hufschuhanzieher.de\/en\/wp-json\/wp\/v2\/product"}],"about":[{"href":"https:\/\/hufschuhanzieher.de\/en\/wp-json\/wp\/v2\/types\/product"}],"version-history":[{"count":9,"href":"https:\/\/hufschuhanzieher.de\/en\/wp-json\/wp\/v2\/product\/30697\/revisions"}],"predecessor-version":[{"id":31279,"href":"https:\/\/hufschuhanzieher.de\/en\/wp-json\/wp\/v2\/product\/30697\/revisions\/31279"}],"wp:featuredmedia":[{"embeddable":true,"href":"https:\/\/hufschuhanzieher.de\/en\/wp-json\/wp\/v2\/media\/30760"}],"wp:attachment":[{"href":"https:\/\/hufschuhanzieher.de\/en\/wp-json\/wp\/v2\/media?parent=30697"}],"wp:term":[{"taxonomy":"product_brand","embeddable":true,"href":"https:\/\/hufschuhanzieher.de\/en\/wp-json\/wp\/v2\/product_brand?post=30697"},{"taxonomy":"product_cat","embeddable":true,"href":"https:\/\/hufschuhanzieher.de\/en\/wp-json\/wp\/v2\/product_cat?post=30697"},{"taxonomy":"product_tag","embeddable":true,"href":"https:\/\/hufschuhanzieher.de\/en\/wp-json\/wp\/v2\/product_tag?post=30697"}],"curies":[{"name":"wp","href":"https:\/\/api.w.org\/{rel}","templated":true}]}}