{"id":30535,"date":"2026-02-17T15:54:42","date_gmt":"2026-02-17T14:54:42","guid":{"rendered":"https:\/\/hufschuhanzieher.de\/?post_type=product&#038;p=30535"},"modified":"2026-02-19T13:47:43","modified_gmt":"2026-02-19T12:47:43","slug":"equine-fusion-trailblazer-tpu-gaiter","status":"publish","type":"product","link":"https:\/\/hufschuhanzieher.de\/en\/equine-fusion-trailblazer-tpu-gaiter\/","title":{"rendered":"Equine Fusion Trailblazer TPU Gaiter"},"content":{"rendered":"<div class=\"imTAJustify\">\n<h4 class=\"imTALeft\"><span class=\"cf2\"><span class=\"fs11lh1-5\"><span style=\"color: #000000;\">TrailblazerTPU Gaiter <\/span><\/span><\/span><\/h4>\n<p class=\"imTALeft\"><span class=\"cf2\"><span class=\"fs11lh1-5\"><span style=\"color: #000000;\">-passend f\u00fcr regular und slim Gr\u00f6\u00dfen<\/span><\/span><\/span><\/p>\n<p>&nbsp;<\/p>\n<p>&nbsp;<\/p>\n<\/div>\n<div>\n<div>\n<p>&nbsp;<\/p>\n<h3><a href=\"https:\/\/hufschuhanzieher.de\/zubehoer-hufschuhe\/equine-fusion-zubehoer\" target=\"_blank\" rel=\"noopener\">further EQUINE FUSION Accessories:<\/a><\/h3>\n<\/div>\n<\/div>","protected":false},"excerpt":{"rendered":"<h2>Price per piece<\/h2>\n<p>Equine Fusion TPU Gaiter f\u00fcr einen Trailblazer Jogging Shoe<\/p>","protected":false},"featured_media":30573,"template":"","meta":[],"product_brand":[1073],"product_cat":[212,35,15],"product_tag":[171,1124,1117],"class_list":{"0":"post-30535","1":"product","2":"type-product","3":"status-publish","4":"has-post-thumbnail","6":"product_brand-equine-fusion","7":"product_cat-equine-fusion-zubehoer","8":"product_cat-zubehoer-hufschuhe","9":"product_cat-unkategorisiert","10":"product_tag-equine-fusion","11":"product_tag-tpu-gaiter","12":"product_tag-trailblazer","14":"first","15":"instock","16":"taxable","17":"shipping-taxable","18":"purchasable","19":"product-type-variable"},"_links":{"self":[{"href":"https:\/\/hufschuhanzieher.de\/en\/wp-json\/wp\/v2\/product\/30535","targetHints":{"allow":["GET"]}}],"collection":[{"href":"https:\/\/hufschuhanzieher.de\/en\/wp-json\/wp\/v2\/product"}],"about":[{"href":"https:\/\/hufschuhanzieher.de\/en\/wp-json\/wp\/v2\/types\/product"}],"version-history":[{"count":4,"href":"https:\/\/hufschuhanzieher.de\/en\/wp-json\/wp\/v2\/product\/30535\/revisions"}],"predecessor-version":[{"id":30550,"href":"https:\/\/hufschuhanzieher.de\/en\/wp-json\/wp\/v2\/product\/30535\/revisions\/30550"}],"wp:featuredmedia":[{"embeddable":true,"href":"https:\/\/hufschuhanzieher.de\/en\/wp-json\/wp\/v2\/media\/30573"}],"wp:attachment":[{"href":"https:\/\/hufschuhanzieher.de\/en\/wp-json\/wp\/v2\/media?parent=30535"}],"wp:term":[{"taxonomy":"product_brand","embeddable":true,"href":"https:\/\/hufschuhanzieher.de\/en\/wp-json\/wp\/v2\/product_brand?post=30535"},{"taxonomy":"product_cat","embeddable":true,"href":"https:\/\/hufschuhanzieher.de\/en\/wp-json\/wp\/v2\/product_cat?post=30535"},{"taxonomy":"product_tag","embeddable":true,"href":"https:\/\/hufschuhanzieher.de\/en\/wp-json\/wp\/v2\/product_tag?post=30535"}],"curies":[{"name":"wp","href":"https:\/\/api.w.org\/{rel}","templated":true}]}}