{"id":30474,"date":"2026-02-10T16:59:49","date_gmt":"2026-02-10T15:59:49","guid":{"rendered":"https:\/\/hufschuhanzieher.de\/?post_type=product&#038;p=30474"},"modified":"2026-03-31T15:43:21","modified_gmt":"2026-03-31T13:43:21","slug":"flexhorse-eva-pad-soft","status":"publish","type":"product","link":"https:\/\/hufschuhanzieher.de\/en\/flexhorse-eva-pad-soft\/","title":{"rendered":"FlexHorse EVA Pad soft"},"content":{"rendered":"<h4>Flex Pads EVA Soft<\/h4>\n<p>They are ideal if you want the hoof boot to fit tighter or if your horse's sole or frog needs more stimulation to become stronger. They are useful if your horse needs extra protection on hard rocky ground, or you're rehabilitating after founder, abscess, white line disease or thin sole.<\/p>\n<p>Diese Polster bestehen aus EVA-Schaumstoff, einem Material, das sich an die Innensohle des Hufschuhs und die Sohle des Pferdes anpasst und so eine Art Dichtung zwischen beiden bildet. Dadurch sitzen die Hufschuhe besser und polstern die Teile des Hufs, die dies ben\u00f6tigen. Polster k\u00f6nnen auch verwendet werden, um die Passform der Hufschuhe zu verbessern, insbesondere wenn diese etwas zu locker sitzen oder an den Seiten Platz haben.<\/p>\n<p>F\u00fcr zus\u00e4tzliche Weichheit oder bei vor\u00fcbergehender Empfindlichkeit k\u00f6nnen zwei Soft Pads \u00fcbereinander verwendet werden.<\/p>\n<p>Flexpads also make the hoof boots more durable and the boot holds even better on the hoof with pads.<\/p>\n<p>Am besten geeignet f\u00fcr: Ponys, Miniaturpferde, empfindliche Sohlen, besonders gute Passform<br \/>\nNicht ideal f\u00fcr: schwerere Pferde, Einsatz bei hoher Abnutzung, langfristige starke Belastung<\/p>\n<p><strong>Pflegehinweise<br \/>\n<\/strong>Nach Gebrauch mit warmem Wasser absp\u00fclen.<br \/>\nAn einem k\u00fchlen, gut bel\u00fcfteten Ort trocknen lassen.<\/p>\n<p><strong>Auf alle Flex Boot-Gr\u00f6\u00dfen zuschneidbares Design:<br \/>\n<\/strong>Jedes Polster wird in einer Grundgr\u00f6\u00dfe geliefert und enth\u00e4lt eine Schablone zum Zuschneiden:<br \/>\n150 \u2192 passt f\u00fcr alle CLASSIC FlexHorse Boot-Gr\u00f6\u00dfen<br \/>\n145W \u2192 passt f\u00fcr alle WIDE FlexHorse Boot-Gr\u00f6\u00dfen<\/p>\n<p>Falls den Pads keine Schablonen beiliegen, oder sie diese zu einem sp\u00e4teren Zeitpinkt noch einmal ben\u00f6tigen sollten, laden Sie hier die druckbaren Schnittvorlagen herunter:<br \/>\n<strong>CLASSIC<\/strong><br \/>\nVolle Gr\u00f6\u00dfen (80, 90, 100, 110, 120, 130, 140, 150):<br \/>\n<a href=\"https:\/\/flexhoofboots.com\/wp-content\/uploads\/2025\/12\/10-mm-CLASSIC-Relief-EVA_Terra-Synthetic-wool-80-150.pdf\" target=\"_blank\" rel=\"noopener nofollow\"><span style=\"color: #008000;\">CLASSIC-Vorlage in voller Gr\u00f6\u00dfe herunterladen \u2192<\/span><\/a><\/p>\n<p>Halbgr\u00f6\u00dfen (85, 95, 105, 115, 125, 135, 145):<br \/>\n<a href=\"https:\/\/flexhoofboots.com\/wp-content\/uploads\/2025\/12\/10-mm-CLASSIC-Relief-EVA_Terra-Synthetic-wool-85-145.pdf\" target=\"_blank\" rel=\"noopener nofollow\"><span style=\"color: #008000;\">Vorlage f\u00fcr CLASSIC-Halbgr\u00f6\u00dfen herunterladen \u2192<\/span><\/a><\/p>\n<p><strong>WIDE<\/strong><br \/>\nVollgr\u00f6\u00dfen (80W, 90W, 100W, 110W, 120W, 130W, 140W):<br \/>\n<a href=\"https:\/\/flexhoofboots.com\/wp-content\/uploads\/2025\/12\/10-mm-WIDE-Relief-EVA_Terra-Synthetic-wool-80W-140W.pdf\" target=\"_blank\" rel=\"noopener nofollow\"><span style=\"color: #008000;\">WIDE-Vorlage f\u00fcr breite Vollgr\u00f6\u00dfe herunterladen \u2192<\/span><\/a><\/p>\n<p>Halbe Gr\u00f6\u00dfen (85W, 95W, 105W, 115W, 125W, 135W, 145W):<br \/>\n<a href=\"https:\/\/flexhoofboots.com\/wp-content\/uploads\/2025\/12\/10-mm-WIDE-Relief-EVA_Terra-Synthetic-wool-85W-145W.pdf\" target=\"_blank\" rel=\"noopener nofollow\"><span style=\"color: #008000;\">WIDE.Vorlage f\u00fcr halbe Gr\u00f6\u00dfe herunterladen \u2192<\/span><\/a><\/p>\n<p>Einfach nachzeichnen, ausschneiden und an die ben\u00f6tigte FlexBoot Gr\u00f6\u00dfe anpassen.<\/p>\n<p>Regelm\u00e4\u00dfiges Beschneiden des Hufs verl\u00e4ngert die Lebensdauer der Einlage, da ungleichm\u00e4\u00dfiger Verschlei\u00df reduziert wird.<\/p>\n<p><strong>The pad can also be used with other hoof boot models<\/strong><\/p>\n<p><a href=\"https:\/\/www.flexhoofboots.com\/\" target=\"_blank\" rel=\"noopener noreferrer nofollow\"><span style=\"color: #008000;\">flexhoofboots.com<\/span><\/a> have a <a href=\"https:\/\/www.youtube.com\/channel\/UCfWgrRZoTSL1TMzUXrsvcgA\/videos\" target=\"_blank\" rel=\"noopener noreferrer nofollow\">Video channel<\/a>, where you can get help on the correct fit of the shoe or guidance on replacing parts.<\/p>\n<h4><a href=\"https:\/\/hufschuhanzieher.de\/zubehoer-hufschuhe\/flex-boots-zubehoer\"><span style=\"color: #008000;\">further FLEX Boot Accessories:<\/span><\/a><\/h4>","protected":false},"excerpt":{"rendered":"<p><strong>Price PER PAIR<br \/>\n<\/strong>EVA soft Pad von FlexBoot<\/p>","protected":false},"featured_media":30471,"template":"","meta":[],"product_brand":[1069],"product_cat":[449,15,35,248],"product_tag":[446,304,282,1107,448,433,447,322,345,474,943,522,471,316],"class_list":{"0":"post-30474","1":"product","2":"type-product","3":"status-publish","4":"has-post-thumbnail","6":"product_brand-flex-boots","7":"product_cat-flex-boots-zubehoer","8":"product_cat-unkategorisiert","9":"product_cat-zubehoer-hufschuhe","10":"product_cat-passend-fuer-alle-hufschuhe-zubehoer","11":"product_tag-barfuss","12":"product_tag-einlage","13":"product_tag-einlegesohlen","14":"product_tag-eva","15":"product_tag-finnland","16":"product_tag-flex","17":"product_tag-flex-hoof-boots","18":"product_tag-huf-abszess","19":"product_tag-hufgeschwuer","20":"product_tag-hufprobleme","21":"product_tag-miniaturpferde-miniature-horses","22":"product_tag-pony-ponie","23":"product_tag-schutz","24":"product_tag-strahlfaeule","26":"first","27":"instock","28":"taxable","29":"shipping-taxable","30":"purchasable","31":"product-type-variable"},"_links":{"self":[{"href":"https:\/\/hufschuhanzieher.de\/en\/wp-json\/wp\/v2\/product\/30474","targetHints":{"allow":["GET"]}}],"collection":[{"href":"https:\/\/hufschuhanzieher.de\/en\/wp-json\/wp\/v2\/product"}],"about":[{"href":"https:\/\/hufschuhanzieher.de\/en\/wp-json\/wp\/v2\/types\/product"}],"version-history":[{"count":5,"href":"https:\/\/hufschuhanzieher.de\/en\/wp-json\/wp\/v2\/product\/30474\/revisions"}],"predecessor-version":[{"id":30557,"href":"https:\/\/hufschuhanzieher.de\/en\/wp-json\/wp\/v2\/product\/30474\/revisions\/30557"}],"wp:featuredmedia":[{"embeddable":true,"href":"https:\/\/hufschuhanzieher.de\/en\/wp-json\/wp\/v2\/media\/30471"}],"wp:attachment":[{"href":"https:\/\/hufschuhanzieher.de\/en\/wp-json\/wp\/v2\/media?parent=30474"}],"wp:term":[{"taxonomy":"product_brand","embeddable":true,"href":"https:\/\/hufschuhanzieher.de\/en\/wp-json\/wp\/v2\/product_brand?post=30474"},{"taxonomy":"product_cat","embeddable":true,"href":"https:\/\/hufschuhanzieher.de\/en\/wp-json\/wp\/v2\/product_cat?post=30474"},{"taxonomy":"product_tag","embeddable":true,"href":"https:\/\/hufschuhanzieher.de\/en\/wp-json\/wp\/v2\/product_tag?post=30474"}],"curies":[{"name":"wp","href":"https:\/\/api.w.org\/{rel}","templated":true}]}}