{"id":29937,"date":"2025-12-13T16:56:57","date_gmt":"2025-12-13T15:56:57","guid":{"rendered":"https:\/\/hufschuhanzieher.de\/?post_type=product&#038;p=29937"},"modified":"2026-03-31T15:43:51","modified_gmt":"2026-03-31T13:43:51","slug":"flexhorse-eva-pad","status":"publish","type":"product","link":"https:\/\/hufschuhanzieher.de\/en\/flexhorse-eva-pad\/","title":{"rendered":"FlexHorse EVA Pad Relief"},"content":{"rendered":"<h4>Flexhorse EVA Pads Relief<\/h4>\n<p>EVA double-layer Pad von FlexBoot\u2013 Zweischichtige Polsterung f\u00fcr empfindliche Sohlen<br \/>\nEs ist in erster Linie f\u00fcr Pferde konzipiert, da Ponys in der Regel ausreichend von den 6-mm-Polstern profitieren.<\/p>\n<p>Flexhorse EVA Pad ist eine zweischichtige Einlegesohle, die Flex Boots mehr Weichheit, Schutz und sanfte Unterst\u00fctzung verleiht.<br \/>\nEs kombiniert zwei EVA-Dichten f\u00fcr Komfort und leichte Stimulation und ist somit eine ausgezeichnete Option f\u00fcr Pferde mit empfindlichen oder d\u00fcnnen Sohlen.<\/p>\n<p><strong>Zweischichtige Konstruktion<\/strong><\/p>\n<p>4 mm weiches EVA \u2013 maximale Polsterung f\u00fcr empfindliche Sohlen<\/p>\n<p>6 mm festeres EVA \u2013 leichte strukturelle Unterst\u00fctzung und Schutz auf unebenem Boden<\/p>\n<p>Diese Kombination hilft, Beschwerden zu reduzieren, den Druck gleichm\u00e4\u00dfiger zu verteilen und den Komfort auf harten oder felsigen Oberfl\u00e4chen zu verbessern.<\/p>\n<p><strong>Anwendung<br \/>\n<\/strong>Das Polster kann je nach den Bed\u00fcrfnissen des Pferdes auf zwei Arten verwendet werden:<\/p>\n<p>Weiches EVA nach unten<br \/>\nAm besten geeignet f\u00fcr die Polsterung und den Schutz empfindlicher Sohlen.<\/p>\n<p>Festes EVA nach unten<br \/>\nBietet eine sanfte Stimulation und f\u00f6rdert die nat\u00fcrliche Entwicklung der Sohle, wenn der Huf gesund und entz\u00fcndungsfrei ist.<\/p>\n<p><strong>Wichtigste Vorteile<\/strong><br \/>\nZus\u00e4tzlicher Komfort f\u00fcr empfindliche oder d\u00fcnne Sohlen<br \/>\nReduziert den Druck auf die Sohle und absorbiert St\u00f6\u00dfe<br \/>\nUnterst\u00fctzt die nat\u00fcrliche St\u00e4rkung des Hufs<\/p>\n<p><strong>Materialien<br \/>\n<\/strong>Hergestellt aus einer hochwertigen zweilagigen EVA-Schaumstoffmischung, die f\u00fcr folgende Zwecke entwickelt wurde:<\/p>\n<p><strong>Pflegehinweise<br \/>\n<\/strong>Nach Gebrauch mit warmem Wasser absp\u00fclen.<br \/>\nAn einem k\u00fchlen, gut bel\u00fcfteten Ort trocknen lassen.<\/p>\n<p><strong>Auf alle Flex Boot-Gr\u00f6\u00dfen zuschneidbares Design:<br \/>\n<\/strong>Jedes Polster wird in einer Grundgr\u00f6\u00dfe geliefert und enth\u00e4lt eine Schablone zum Zuschneiden:<br \/>\n150 \u2192 passt f\u00fcr alle CLASSIC FlexHorse Boot-Gr\u00f6\u00dfen<br \/>\n145W \u2192 passt f\u00fcr alle WIDE FlexHorse Boot-Gr\u00f6\u00dfen<\/p>\n<p>Falls den Pads keine Schablonen beiliegen, oder sie diese zu einem sp\u00e4teren Zeitpinkt noch einmal ben\u00f6tigen sollten, laden Sie hier die druckbaren Schnittvorlagen herunter:<br \/>\n<strong>CLASSIC<\/strong><br \/>\nVolle Gr\u00f6\u00dfen (80, 90, 100, 110, 120, 130, 140, 150):<br \/>\n<a href=\"https:\/\/flexhoofboots.com\/wp-content\/uploads\/2025\/12\/10-mm-CLASSIC-Relief-EVA_Terra-Synthetic-wool-80-150.pdf\" target=\"_blank\" rel=\"noopener nofollow\"><span style=\"color: #008000;\">CLASSIC-Vorlage in voller Gr\u00f6\u00dfe herunterladen \u2192<\/span><\/a><\/p>\n<p>Halbgr\u00f6\u00dfen (85, 95, 105, 115, 125, 135, 145):<br \/>\n<a href=\"https:\/\/flexhoofboots.com\/wp-content\/uploads\/2025\/12\/10-mm-CLASSIC-Relief-EVA_Terra-Synthetic-wool-85-145.pdf\" target=\"_blank\" rel=\"noopener nofollow\"><span style=\"color: #008000;\">Vorlage f\u00fcr CLASSIC-Halbgr\u00f6\u00dfen herunterladen \u2192<\/span><\/a><\/p>\n<p><strong>WIDE<\/strong><br \/>\nVollgr\u00f6\u00dfen (80W, 90W, 100W, 110W, 120W, 130W, 140W):<br \/>\n<a href=\"https:\/\/flexhoofboots.com\/wp-content\/uploads\/2025\/12\/10-mm-WIDE-Relief-EVA_Terra-Synthetic-wool-80W-140W.pdf\" target=\"_blank\" rel=\"noopener nofollow\"><span style=\"color: #008000;\">WIDE-Vorlage f\u00fcr breite Vollgr\u00f6\u00dfe herunterladen \u2192<\/span><\/a><\/p>\n<p>Halbe Gr\u00f6\u00dfen (85W, 95W, 105W, 115W, 125W, 135W, 145W):<br \/>\n<a href=\"https:\/\/flexhoofboots.com\/wp-content\/uploads\/2025\/12\/10-mm-WIDE-Relief-EVA_Terra-Synthetic-wool-85W-145W.pdf\" target=\"_blank\" rel=\"noopener nofollow\"><span style=\"color: #008000;\">WIDE.Vorlage f\u00fcr halbe Gr\u00f6\u00dfe herunterladen \u2192<\/span><\/a><\/p>\n<p>Einfach nachzeichnen, ausschneiden und an die ben\u00f6tigte FlexBoot Gr\u00f6\u00dfe anpassen.<\/p>\n<p>Regelm\u00e4\u00dfiges Beschneiden des Hufs verl\u00e4ngert die Lebensdauer der Einlage, da ungleichm\u00e4\u00dfiger Verschlei\u00df reduziert wird.<\/p>\n<p><strong>The pad can also be used with other hoof boot models<\/strong><\/p>\n<p><strong>Video-Shorts Dual Layer Pad Relief<\/strong>: <a href=\"https:\/\/youtube.com\/shorts\/zf0wDHtAcFA?si=5nBb64Tg_aRly5rP\" target=\"_blank\" rel=\"noopener nofollow\"><span style=\"color: #008000;\">Anpassung des Pads<\/span><\/a>:<br \/>\n<strong>and<\/strong>\u00a0 \u00a0<a href=\"https:\/\/youtube.com\/shorts\/TLCwzpDoAYo?si=-i-uw9EwEDUVo9F8\" target=\"_blank\" rel=\"noopener nofollow\"><span style=\"color: #008000;\">Anwendung des Pad<\/span>s<\/a><\/p>\n<p><a href=\"https:\/\/www.flexhoofboots.com\/\" target=\"_blank\" rel=\"noopener noreferrer nofollow\"><span style=\"color: #008000;\">flexhoofboots.com<\/span><\/a> have a <a href=\"https:\/\/www.youtube.com\/channel\/UCfWgrRZoTSL1TMzUXrsvcgA\/videos\" target=\"_blank\" rel=\"noopener noreferrer nofollow\">Video channel<\/a>, where you can get help on the correct fit of the shoe or guidance on replacing parts.<\/p>\n<h4><a href=\"https:\/\/hufschuhanzieher.de\/zubehoer-hufschuhe\/flex-boots-zubehoer\"><span style=\"color: #008000;\">further FLEX Boot Accessories:<\/span><\/a><\/h4>","protected":false},"excerpt":{"rendered":"<p><strong>Price PER PAIR<br \/>\n<\/strong>Neues EVA double-layer Pad von FlexBoot<\/p>","protected":false},"featured_media":29954,"template":"","meta":[],"product_brand":[1069],"product_cat":[449,15,35,248,1047],"product_tag":[446,1106,1109,304,282,1107,448,433,447,322,345,474,1108,471,316],"class_list":{"0":"post-29937","1":"product","2":"type-product","3":"status-publish","4":"has-post-thumbnail","6":"product_brand-flex-boots","7":"product_cat-flex-boots-zubehoer","8":"product_cat-unkategorisiert","9":"product_cat-zubehoer-hufschuhe","10":"product_cat-passend-fuer-alle-hufschuhe-zubehoer","11":"product_cat-sale","12":"product_tag-barfuss","13":"product_tag-double-layer","14":"product_tag-dual-layer","15":"product_tag-einlage","16":"product_tag-einlegesohlen","17":"product_tag-eva","18":"product_tag-finnland","19":"product_tag-flex","20":"product_tag-flex-hoof-boots","21":"product_tag-huf-abszess","22":"product_tag-hufgeschwuer","23":"product_tag-hufprobleme","24":"product_tag-relief","25":"product_tag-schutz","26":"product_tag-strahlfaeule","28":"first","29":"instock","30":"taxable","31":"shipping-taxable","32":"purchasable","33":"product-type-variable"},"_links":{"self":[{"href":"https:\/\/hufschuhanzieher.de\/en\/wp-json\/wp\/v2\/product\/29937","targetHints":{"allow":["GET"]}}],"collection":[{"href":"https:\/\/hufschuhanzieher.de\/en\/wp-json\/wp\/v2\/product"}],"about":[{"href":"https:\/\/hufschuhanzieher.de\/en\/wp-json\/wp\/v2\/types\/product"}],"version-history":[{"count":11,"href":"https:\/\/hufschuhanzieher.de\/en\/wp-json\/wp\/v2\/product\/29937\/revisions"}],"predecessor-version":[{"id":30560,"href":"https:\/\/hufschuhanzieher.de\/en\/wp-json\/wp\/v2\/product\/29937\/revisions\/30560"}],"wp:featuredmedia":[{"embeddable":true,"href":"https:\/\/hufschuhanzieher.de\/en\/wp-json\/wp\/v2\/media\/29954"}],"wp:attachment":[{"href":"https:\/\/hufschuhanzieher.de\/en\/wp-json\/wp\/v2\/media?parent=29937"}],"wp:term":[{"taxonomy":"product_brand","embeddable":true,"href":"https:\/\/hufschuhanzieher.de\/en\/wp-json\/wp\/v2\/product_brand?post=29937"},{"taxonomy":"product_cat","embeddable":true,"href":"https:\/\/hufschuhanzieher.de\/en\/wp-json\/wp\/v2\/product_cat?post=29937"},{"taxonomy":"product_tag","embeddable":true,"href":"https:\/\/hufschuhanzieher.de\/en\/wp-json\/wp\/v2\/product_tag?post=29937"}],"curies":[{"name":"wp","href":"https:\/\/api.w.org\/{rel}","templated":true}]}}