{"id":29442,"date":"2025-11-13T19:02:29","date_gmt":"2025-11-13T18:02:29","guid":{"rendered":"https:\/\/hufschuhanzieher.de\/?post_type=product&#038;p=29442"},"modified":"2026-04-29T08:20:12","modified_gmt":"2026-04-29T06:20:12","slug":"equine-fusion-trailblazer","status":"publish","type":"product","link":"https:\/\/hufschuhanzieher.de\/en\/equine-fusion-trailblazer\/","title":{"rendered":"Equine Fusion TrailBlazer"},"content":{"rendered":"<h4><strong>Equine Fusion TrailBlazer<\/strong><\/h4>\n<p>Der Trailblazer ist der bisher k\u00fchnste und anpassungsf\u00e4higste Hufschuh von Equine Fusion,<br \/>\nentwickelt f\u00fcr Pferde und Reiter, die jedes Gel\u00e4nde meistern und ihren<br \/>\neigenen Weg gehen.<\/p>\n<p>Ein brandneues Schalen-Design, verbunden mit einer weichen, h\u00f6henverstellbaren<br \/>\nNeopren-Gamasche, bietet einen sicheren und scheuerfreien Sitz mit anpassbaren<br \/>\nSeiten- und Oberriemen. Integrierte Riementaschen verhindern ein Flattern und<br \/>\nhalten alles an seinem Platz.<br \/>\nDas offene Design sorgt f\u00fcr Luftzirkulation, w\u00e4hrend das fortschrittliche und patentierte asymmetrische Front-Lock-System<br \/>\nes Ihnen erm\u00f6glicht, den Hufschuh um den Huf herum zu formen und so eine au\u00dfergew\u00f6hnliche,<br \/>\nverdrehungsfreie Passform zu erzielen.<\/p>\n<p>Darunter sorgt die ber\u00fchmte und bew\u00e4hrte All-Terrain-Sohle<br \/>\nf\u00fcr hervorragenden Grip, Sto\u00dfd\u00e4mpfung und un\u00fcbertroffenen Komfort.<\/p>\n<p>Der Trailblazer macht seinem Namen alle Ehre und bietet un\u00fcbertroffene Vielseitigkeit f\u00fcr jeden Reiter und jedes Abenteuer. Ganz gleich, ob Sie Ihr Pferd aus der Rehabilitation zur\u00fcckholen, von Hufeisen umstellen oder neue Ziele auf dem Trail verfolgen.<\/p>\n<p>Der Trailblazer sorgt daf\u00fcr, dass Ihr Pferd selbstbewusst und komfortabel ist und bereit f\u00fcr alles, was vor ihm liegt. Keine Grenzen. Keine Ausreden. Nur pure Freiheit.<\/p>\n<p>Zur Zeit NUR in den Gr\u00f6\u00dfen 13 Slim+14 Slim. Weitere Gr\u00f6\u00dfn sollen Anfang 2026 vorliegen.<\/p>\n<h3><\/h3>\n<h3>Size chart<\/h3>\n<p><img fetchpriority=\"high\" decoding=\"async\" class=\"alignnone wp-image-29447 size-full\" src=\"https:\/\/hufschuhanzieher.de\/wp-content\/uploads\/2025\/11\/Trailblazer-size-chart.webp\" alt=\"Equine Fusion_Trailblazer size chart\" width=\"600\" height=\"1218\" title=\"\" srcset=\"https:\/\/hufschuhanzieher.de\/wp-content\/uploads\/2025\/11\/Trailblazer-size-chart.webp 600w, https:\/\/hufschuhanzieher.de\/wp-content\/uploads\/2025\/11\/Trailblazer-size-chart-148x300.webp 148w, https:\/\/hufschuhanzieher.de\/wp-content\/uploads\/2025\/11\/Trailblazer-size-chart-504x1024.webp 504w, https:\/\/hufschuhanzieher.de\/wp-content\/uploads\/2025\/11\/Trailblazer-size-chart-6x12.webp 6w, https:\/\/hufschuhanzieher.de\/wp-content\/uploads\/2025\/11\/Trailblazer-size-chart-410x832.webp 410w, https:\/\/hufschuhanzieher.de\/wp-content\/uploads\/2025\/11\/Trailblazer-size-chart-300x609.webp 300w\" sizes=\"(max-width: 600px) 100vw, 600px\" \/><\/p>\n<h4>Video: <span style=\"color: #008000;\"><a style=\"color: #008000;\" href=\"https:\/\/youtu.be\/EPReDdhZans?si=L72zzxbxVhPzbT_U\" target=\"_blank\" rel=\"noopener nofollow\">Equine Fusion TrailBlazer Jogging Shoe<\/a><\/span><\/h4>\n<p>Hier finden sie kurze <strong><a title=\"Erkl\u00e4rvideos zu den Einstellungsm\u00f6glichkeiten beim TrailBlazer\" href=\"https:\/\/www.youtube.com\/@EquineFusion\/search?query=TrailBlazer\" target=\"_blank\" rel=\"noopener nofollow\"><span style=\"color: #008000;\">Erkl\u00e4rvideos zu den Einstellungsm\u00f6glichkeiten beim TrailBlazer<\/span><\/a><\/strong><\/p>\n<h4><\/h4>","protected":false},"excerpt":{"rendered":"<h3><strong>Preis PRO St\u00fcck<\/strong><\/h3>\n<p><span class=\"fs10lh1-5\">optimal adaptation to the individual hoof shape,<\/span><\/p>\n<p><span class=\"fs10lh1-5\">soft and flexible boot<\/span><\/p>\n<p><span class=\"fs10lh1-5\">Mit der bekannt-bew\u00e4hrten Sohle\u00a0 des All Terrain<\/span><\/p>","protected":false},"featured_media":29450,"template":"","meta":[],"product_brand":[1073],"product_cat":[136,15,37,1047],"product_tag":[171,325,1096,326],"class_list":{"0":"post-29442","1":"product","2":"type-product","3":"status-publish","4":"has-post-thumbnail","6":"product_brand-equine-fusion","7":"product_cat-equine-fusion","8":"product_cat-unkategorisiert","9":"product_cat-hufschuh","10":"product_cat-sale","11":"product_tag-equine-fusion","12":"product_tag-jogging","13":"product_tag-trailride","14":"product_tag-trekking","16":"first","17":"instock","18":"sale","19":"taxable","20":"shipping-taxable","21":"purchasable","22":"product-type-variable","23":"has-default-attributes"},"_links":{"self":[{"href":"https:\/\/hufschuhanzieher.de\/en\/wp-json\/wp\/v2\/product\/29442","targetHints":{"allow":["GET"]}}],"collection":[{"href":"https:\/\/hufschuhanzieher.de\/en\/wp-json\/wp\/v2\/product"}],"about":[{"href":"https:\/\/hufschuhanzieher.de\/en\/wp-json\/wp\/v2\/types\/product"}],"version-history":[{"count":11,"href":"https:\/\/hufschuhanzieher.de\/en\/wp-json\/wp\/v2\/product\/29442\/revisions"}],"predecessor-version":[{"id":30059,"href":"https:\/\/hufschuhanzieher.de\/en\/wp-json\/wp\/v2\/product\/29442\/revisions\/30059"}],"wp:featuredmedia":[{"embeddable":true,"href":"https:\/\/hufschuhanzieher.de\/en\/wp-json\/wp\/v2\/media\/29450"}],"wp:attachment":[{"href":"https:\/\/hufschuhanzieher.de\/en\/wp-json\/wp\/v2\/media?parent=29442"}],"wp:term":[{"taxonomy":"product_brand","embeddable":true,"href":"https:\/\/hufschuhanzieher.de\/en\/wp-json\/wp\/v2\/product_brand?post=29442"},{"taxonomy":"product_cat","embeddable":true,"href":"https:\/\/hufschuhanzieher.de\/en\/wp-json\/wp\/v2\/product_cat?post=29442"},{"taxonomy":"product_tag","embeddable":true,"href":"https:\/\/hufschuhanzieher.de\/en\/wp-json\/wp\/v2\/product_tag?post=29442"}],"curies":[{"name":"wp","href":"https:\/\/api.w.org\/{rel}","templated":true}]}}