{"id":27828,"date":"2025-08-22T16:02:15","date_gmt":"2025-08-22T14:02:15","guid":{"rendered":"https:\/\/hufschuhanzieher.de\/?post_type=product&#038;p=27828"},"modified":"2026-03-31T15:38:24","modified_gmt":"2026-03-31T13:38:24","slug":"flex-boots-basic-customize","status":"publish","type":"product","link":"https:\/\/hufschuhanzieher.de\/en\/flex-boots-basic-customize\/","title":{"rendered":"FLEX Boots Basic Customize"},"content":{"rendered":"<p><strong>FLEX Boots Basic Customize<\/strong> sind Schalen mit TPU-Gaitern in Sonderkombinationen. Es gibt sie\u00a0 in den Standard und Wide-Gr\u00f6\u00dfen (W). Praktisch , wenn Sie nur eine neue Basis brauchen.<br \/>\nNicht immer aber passen die Standardgr\u00f6ssen der Flex Boots, zb. weil die Pferdebeine zierlicher oder kr\u00e4ftiger ausfallen, als im Durchschnitt. Deshalb gibt es Flex Boot Customize, um durch die Wahl eines kleineren oder gr\u00f6sseren TPU-Gaiters eine bessere Passform zu gew\u00e4hrleisten. Die Gr\u00f6\u00dfen der Neopren-Gaiter und\u00a0 der Backstraps richten sich nach der Gr\u00f6\u00dfe der TPU-Gaiter und sind hier nur der Vollst\u00e4ndigkeithalber angegeben und um im Falle eines Nachkaufs die passende Gr\u00f6\u00dfe nachschauen zu k\u00f6nnen.<br \/>\n<strong>Backstraps und Neopren-Gaiter sind hier NICHT mit dabei<\/strong>. Die aktuellen Farben und\u00a0 weiteres Zubeh\u00f6r finden Sie bei <strong><a href=\"https:\/\/hufschuhanzieher.de\/zubehoer-hufschuhe\/flex-boots-zubehoer\/\" target=\"_blank\" rel=\"noopener\"><span style=\"color: #008000;\">Zubeh\u00f6r Flex Boots<\/span><\/a><\/strong> . Unsere Restposten der Farben, die Flexboot nicht mehr produziert finden Sie im <a href=\"https:\/\/hufschuhanzieher.de\/sale\/\" target=\"_blank\" rel=\"noopener\"><strong><span style=\"color: #008000;\">Sale % -Bereich<\/span><\/strong><\/a><span style=\"color: #008000;\">.<\/span><br \/>\n<span style=\"color: #ff0000;\">Bitte beachten Sie, da\u00df Flexboots nur mit Neopren-Gaitern und Backstraps funktionieren<\/span> um den Pferden gr\u00f6\u00dftm\u00f6glichen Komfort zu erm\u00f6glichen.<\/p>\n<p><strong>Hier handelt es sich um Sonderanfertigungen. Flex Boots Basic Customize sind daher vom Umtausch und vom Testen ausgeschlossen.<\/strong><\/p>\n<h3 style=\"text-align: left;\">Gr\u00f6\u00dfentabelle FLEX Boots Basic Customize:<\/h3>\n<table>\n<tbody>\n<tr>\n<td><strong>FLEX-Boot Size<br \/>\n<\/strong>Shell\/TPUgaiter<\/td>\n<td style=\"text-align: center;\"><span style=\"color: #999999;\"><strong>Neopren-Gaiter<br \/>\n<\/strong><\/span><strong><span style=\"color: #999999;\">Size<\/span><br \/>\n<\/strong><\/td>\n<td style=\"text-align: center;\"><span style=\"color: #999999;\"><strong>Backstrap<br \/>\n<\/strong><\/span><strong><span style=\"color: #999999;\">Size<\/span><br \/>\n<\/strong><\/td>\n<td style=\"text-align: center;\"><strong>Hoof Width<br \/>\n<\/strong><strong>approx.<br \/>\n<\/strong><\/td>\n<td style=\"text-align: center;\"><strong>Hoof Length<br \/>\n<\/strong><strong>max.<br \/>\n<\/strong><\/td>\n<td style=\"text-align: center;\"><\/td>\n<\/tr>\n<tr>\n<td><strong>80\/100<\/strong><\/td>\n<td style=\"text-align: center;\"><span style=\"color: #999999;\">XS<\/span><\/td>\n<td style=\"text-align: center;\"><span style=\"color: #999999;\">S<\/span><\/td>\n<td style=\"text-align: center;\">75 &#8211; 85 mm<\/td>\n<td style=\"text-align: center;\">90 mm<\/td>\n<\/tr>\n<tr>\n<td><span style=\"color: #993300;\"><strong>80W\/100<\/strong><\/span><\/td>\n<td style=\"text-align: center;\"><span style=\"color: #999999;\">XS<\/span><\/td>\n<td style=\"text-align: center;\"><span style=\"color: #999999;\">S<\/span><\/td>\n<td style=\"text-align: center;\"><span style=\"color: #993300;\">75 &#8211; 85 mm<\/span><\/td>\n<td style=\"text-align: center;\"><span style=\"color: #993300;\">80 mm<\/span><\/td>\n<\/tr>\n<tr>\n<td><strong>85\/100<\/strong><\/td>\n<td style=\"text-align: center;\"><span style=\"color: #999999;\">XS<\/span><\/td>\n<td style=\"text-align: center;\"><span style=\"color: #999999;\">S<\/span><\/td>\n<td style=\"text-align: center;\">80 &#8211; 90 mm<\/td>\n<td style=\"text-align: center;\">95 mm<\/td>\n<\/tr>\n<tr>\n<td><span style=\"color: #993300;\"><strong>85W\/100<\/strong><\/span><\/td>\n<td style=\"color: #999999; text-align: center;\">XS<\/td>\n<td style=\"color: #999999; text-align: center;\">S<\/td>\n<td style=\"text-align: center;\"><span style=\"color: #993300;\">80 &#8211; 90 mm<\/span><\/td>\n<td style=\"text-align: center;\"><span style=\"color: #993300;\">85 mm<\/span><\/td>\n<td style=\"text-align: center;\" width=\"240\"><\/td>\n<\/tr>\n<tr>\n<td><strong>90\/100<\/strong><\/td>\n<td style=\"text-align: center;\"><span style=\"color: #999999;\">XS<\/span><\/td>\n<td style=\"text-align: center;\"><span style=\"color: #999999;\">S<\/span><\/td>\n<td style=\"text-align: center;\">85 &#8211; 95 mm<\/td>\n<td style=\"text-align: center;\">100 mm<\/td>\n<\/tr>\n<tr>\n<td><span style=\"color: #993300;\"><strong>90W\/100<\/strong><\/span><\/td>\n<td style=\"text-align: center;\"><span style=\"color: #999999;\">XS<\/span><\/td>\n<td style=\"text-align: center;\"><span style=\"color: #999999;\">S<\/span><\/td>\n<td style=\"text-align: center;\"><span style=\"color: #993300;\">85 &#8211; 95 mm<\/span><\/td>\n<td style=\"text-align: center;\"><span style=\"color: #993300;\">90 mm<\/span><\/td>\n<\/tr>\n<tr>\n<td><strong>95\/90<\/strong><\/td>\n<td style=\"text-align: center;\"><span style=\"color: #999999;\">XS<\/span><\/td>\n<td style=\"text-align: center;\"><span style=\"color: #999999;\">S<\/span><\/td>\n<td style=\"text-align: center;\">90-100 mm<\/td>\n<td style=\"text-align: center;\">105 mm<\/td>\n<\/tr>\n<tr>\n<td><span style=\"color: #993300;\"><strong>95W\/90<\/strong><\/span><\/td>\n<td style=\"text-align: center;\"><span style=\"color: #999999;\">XS<\/span><\/td>\n<td style=\"text-align: center;\"><span style=\"color: #999999;\">S<\/span><\/td>\n<td style=\"text-align: center;\"><span style=\"color: #993300;\">90-100 mm<\/span><\/td>\n<td style=\"text-align: center;\"><span style=\"color: #993300;\">95 mm<\/span><\/td>\n<td style=\"text-align: center;\" width=\"240\"><\/td>\n<\/tr>\n<tr>\n<td><strong>95\/110<\/strong><\/td>\n<td style=\"text-align: center;\"><span style=\"color: #999999;\">S<\/span><\/td>\n<td style=\"text-align: center;\"><span style=\"color: #999999;\">S<\/span><\/td>\n<td style=\"text-align: center;\">90-100 mm<\/td>\n<td style=\"text-align: center;\">105 mm<\/td>\n<\/tr>\n<tr>\n<td><span style=\"color: #993300;\"><strong>95W\/110<\/strong><\/span><\/td>\n<td style=\"text-align: center;\"><span style=\"color: #999999;\">S<\/span><\/td>\n<td style=\"text-align: center;\"><span style=\"color: #999999;\">S<\/span><\/td>\n<td style=\"text-align: center;\"><span style=\"color: #993300;\">90-100 mm<\/span><\/td>\n<td style=\"text-align: center;\"><span style=\"color: #993300;\">95 mm<\/span><\/td>\n<td style=\"text-align: center;\" width=\"240\"><\/td>\n<\/tr>\n<tr>\n<td><strong>100\/90<\/strong><\/td>\n<td style=\"text-align: center;\"><span style=\"color: #999999;\">XS<\/span><\/td>\n<td style=\"text-align: center;\"><span style=\"color: #999999;\">XS<\/span><\/td>\n<td style=\"text-align: center;\">95 &#8211; 105 mm<\/td>\n<td style=\"text-align: center;\">110 mm<\/td>\n<\/tr>\n<tr>\n<td><span style=\"color: #993300;\"><strong>100W\/90<\/strong><\/span><\/td>\n<td style=\"text-align: center;\"><span style=\"color: #999999;\">XS<\/span><\/td>\n<td style=\"text-align: center;\"><span style=\"color: #999999;\">XS<\/span><\/td>\n<td style=\"text-align: center;\"><span style=\"color: #993300;\">95 &#8211; 105 mm<\/span><\/td>\n<td style=\"text-align: center;\"><span style=\"color: #993300;\">100 mm<\/span><\/td>\n<\/tr>\n<tr>\n<td><strong>100\/110<\/strong><\/td>\n<td style=\"text-align: center;\"><span style=\"color: #999999;\">S<\/span><\/td>\n<td style=\"text-align: center;\"><span style=\"color: #999999;\">S<\/span><\/td>\n<td style=\"text-align: center;\">95 &#8211; 105 mm<\/td>\n<td style=\"text-align: center;\">110 mm<\/td>\n<\/tr>\n<tr>\n<td><span style=\"color: #993300;\"><strong>100W\/110<\/strong><\/span><\/td>\n<td style=\"text-align: center;\"><span style=\"color: #999999;\">S<\/span><\/td>\n<td style=\"text-align: center;\"><span style=\"color: #999999;\">S<\/span><\/td>\n<td style=\"text-align: center;\"><span style=\"color: #993300;\">95 &#8211; 105 mm<\/span><\/td>\n<td style=\"text-align: center;\"><span style=\"color: #993300;\">100 mm<\/span><\/td>\n<\/tr>\n<tr>\n<td><strong>105\/100<\/strong><\/td>\n<td style=\"text-align: center;\"><span style=\"color: #999999;\">XS<\/span><\/td>\n<td style=\"text-align: center;\"><span style=\"color: #999999;\">S<\/span><\/td>\n<td style=\"text-align: center;\">100-110 mm<\/td>\n<td style=\"text-align: center;\">115 mm<\/td>\n<\/tr>\n<tr>\n<td><span style=\"color: #993300;\"><strong>105W\/100<\/strong><\/span><\/td>\n<td style=\"text-align: center;\"><span style=\"color: #999999;\">XS<\/span><\/td>\n<td style=\"text-align: center;\"><span style=\"color: #999999;\">S<\/span><\/td>\n<td style=\"text-align: center;\"><span style=\"color: #993300;\">100-110 mm<\/span><\/td>\n<td style=\"text-align: center;\"><span style=\"color: #993300;\">105 mm<\/span><\/td>\n<td style=\"text-align: center;\" width=\"240\"><\/td>\n<\/tr>\n<tr>\n<td><strong>105\/120<\/strong><\/td>\n<td style=\"text-align: center;\"><span style=\"color: #999999;\">M<\/span><\/td>\n<td style=\"text-align: center;\" width=\"120\"><span style=\"color: #999999;\">M<\/span><\/td>\n<td style=\"text-align: center;\">100-110 mm<\/td>\n<td style=\"text-align: center;\">115 mm<\/td>\n<\/tr>\n<tr>\n<td><span style=\"color: #993300;\"><strong>105W\/120<\/strong><\/span><\/td>\n<td style=\"text-align: center;\"><span style=\"color: #999999;\">M<\/span><\/td>\n<td style=\"text-align: center;\" width=\"120\"><span style=\"color: #999999;\">M<\/span><\/td>\n<td style=\"text-align: center;\"><span style=\"color: #993300;\">100-110 mm<\/span><\/td>\n<td style=\"text-align: center;\"><span style=\"color: #993300;\">105 mm<\/span><\/td>\n<td style=\"text-align: center;\" width=\"240\"><\/td>\n<\/tr>\n<tr>\n<td><strong>110\/100<\/strong><\/td>\n<td style=\"text-align: center;\"><span style=\"color: #999999;\">XS<\/span><\/td>\n<td style=\"text-align: center;\"><span style=\"color: #999999;\">S<\/span><\/td>\n<td style=\"text-align: center;\">105-115 mm<\/td>\n<td style=\"text-align: center;\">120 mm<\/td>\n<\/tr>\n<tr>\n<td><span style=\"color: #993300;\"><strong>110W\/100<\/strong><\/span><\/td>\n<td style=\"text-align: center;\"><span style=\"color: #999999;\">XS<\/span><\/td>\n<td style=\"text-align: center;\"><span style=\"color: #999999;\">S<\/span><\/td>\n<td style=\"text-align: center;\"><span style=\"color: #993300;\">105-115 mm<\/span><\/td>\n<td style=\"text-align: center;\"><span style=\"color: #993300;\">110 mm<\/span><\/td>\n<\/tr>\n<tr>\n<td><strong>110\/120<\/strong><\/td>\n<td style=\"text-align: center;\"><span style=\"color: #999999;\">M<\/span><\/td>\n<td style=\"text-align: center;\"><span style=\"color: #999999;\">M<\/span><\/td>\n<td style=\"text-align: center;\">105-115 mm<\/td>\n<td style=\"text-align: center;\">120 mm<\/td>\n<\/tr>\n<tr>\n<td><span style=\"color: #993300;\"><strong>110W\/120<\/strong><\/span><\/td>\n<td style=\"text-align: center;\"><span style=\"color: #999999;\">M<\/span><\/td>\n<td style=\"text-align: center;\"><span style=\"color: #999999;\">M<\/span><\/td>\n<td style=\"text-align: center;\"><span style=\"color: #993300;\">105-115 mm<\/span><\/td>\n<td style=\"text-align: center;\"><span style=\"color: #993300;\">110 mm<\/span><\/td>\n<\/tr>\n<tr>\n<td><strong>115\/110<\/strong><\/td>\n<td style=\"text-align: center;\"><span style=\"color: #999999;\">S<\/span><\/td>\n<td style=\"text-align: center;\"><span style=\"color: #999999;\">S<\/span><\/td>\n<td style=\"text-align: center;\">110-120 mm<\/td>\n<td style=\"text-align: center;\">125 mm<\/td>\n<\/tr>\n<tr>\n<td><span style=\"color: #993300;\"><strong>115W\/110<\/strong><\/span><\/td>\n<td style=\"text-align: center;\"><span style=\"color: #999999;\">S<\/span><\/td>\n<td style=\"text-align: center;\"><span style=\"color: #999999;\">S<\/span><\/td>\n<td style=\"text-align: center;\"><span style=\"color: #993300;\">110-120 mm<\/span><\/td>\n<td style=\"text-align: center;\"><span style=\"color: #993300;\">115 mm<\/span><\/td>\n<td style=\"text-align: center;\" width=\"240\"><\/td>\n<\/tr>\n<tr>\n<td><strong>115\/130<\/strong><\/td>\n<td style=\"text-align: center;\"><span style=\"color: #999999;\">M<\/span><\/td>\n<td style=\"text-align: center;\"><span style=\"color: #999999;\">L<\/span><\/td>\n<td style=\"text-align: center;\">110-120 mm<\/td>\n<td style=\"text-align: center;\">125 mm<\/td>\n<\/tr>\n<tr>\n<td><span style=\"color: #993300;\"><strong>115W\/130<\/strong><\/span><\/td>\n<td style=\"color: #993300; text-align: center;\"><span style=\"color: #999999;\">M<\/span><\/td>\n<td style=\"text-align: center;\"><span style=\"color: #999999;\">L<\/span><\/td>\n<td style=\"text-align: center;\"><span style=\"color: #993300;\">110-120 mm<\/span><\/td>\n<td style=\"text-align: center;\"><span style=\"color: #993300;\">115 mm<\/span><\/td>\n<td style=\"text-align: center;\" width=\"240\"><\/td>\n<\/tr>\n<tr>\n<td><strong>120\/110<\/strong><\/td>\n<td style=\"text-align: center;\"><span style=\"color: #999999;\">S<\/span><\/td>\n<td style=\"text-align: center;\"><span style=\"color: #999999;\">S<\/span><\/td>\n<td style=\"text-align: center;\">115-125 mm<\/td>\n<td style=\"text-align: center;\">130 mm<\/td>\n<\/tr>\n<tr>\n<td><span style=\"color: #993300;\"><strong>120W\/110<\/strong><\/span><\/td>\n<td style=\"text-align: center;\"><span style=\"color: #999999;\">S<\/span><\/td>\n<td style=\"text-align: center;\"><span style=\"color: #999999;\">S<\/span><\/td>\n<td style=\"text-align: center;\"><span style=\"color: #993300;\">115-125 mm<\/span><\/td>\n<td style=\"text-align: center;\"><span style=\"color: #993300;\">120 mm<\/span><\/td>\n<\/tr>\n<tr>\n<td><strong>120\/130<\/strong><\/td>\n<td style=\"text-align: center;\"><span style=\"color: #999999;\">M<\/span><\/td>\n<td style=\"text-align: center;\"><span style=\"color: #999999;\">L<\/span><\/td>\n<td style=\"text-align: center;\">115-125 mm<\/td>\n<td style=\"text-align: center;\">130 mm<\/td>\n<\/tr>\n<tr>\n<td><span style=\"color: #993300;\"><strong>120W\/130<\/strong><\/span><\/td>\n<td style=\"text-align: center;\"><span style=\"color: #999999;\">M<\/span><\/td>\n<td style=\"text-align: center;\"><span style=\"color: #999999;\">L<\/span><\/td>\n<td style=\"text-align: center;\"><span style=\"color: #993300;\">115-125 mm<\/span><\/td>\n<td style=\"text-align: center;\"><span style=\"color: #993300;\">120 mm<\/span><\/td>\n<\/tr>\n<tr>\n<td><strong>125\/120<\/strong><\/td>\n<td style=\"text-align: center;\"><span style=\"color: #999999;\">M<\/span><\/td>\n<td style=\"text-align: center;\"><span style=\"color: #999999;\">M<\/span><\/td>\n<td style=\"text-align: center;\">120-130 mm<\/td>\n<td style=\"text-align: center;\">135 mm<\/td>\n<\/tr>\n<tr>\n<td><span style=\"color: #993300;\"><strong>125W\/120<\/strong><\/span><\/td>\n<td style=\"text-align: center;\"><span style=\"color: #999999;\">M<\/span><\/td>\n<td style=\"text-align: center;\"><span style=\"color: #999999;\">M<\/span><\/td>\n<td style=\"text-align: center;\"><span style=\"color: #993300;\">120-130 mm<\/span><\/td>\n<td style=\"text-align: center;\"><span style=\"color: #993300;\">125 mm<\/span><\/td>\n<td style=\"text-align: center;\" width=\"240\"><\/td>\n<\/tr>\n<tr>\n<td><strong>125\/140<\/strong><\/td>\n<td style=\"text-align: center;\"><span style=\"color: #999999;\">L<\/span><\/td>\n<td style=\"text-align: center;\"><span style=\"color: #999999;\">L<\/span><\/td>\n<td style=\"text-align: center;\">120-130 mm<\/td>\n<td style=\"text-align: center;\">135 mm<\/td>\n<\/tr>\n<tr>\n<td><span style=\"color: #993300;\"><strong>125W\/140<\/strong><\/span><\/td>\n<td style=\"text-align: center;\"><span style=\"color: #999999;\">L<\/span><\/td>\n<td style=\"text-align: center;\"><span style=\"color: #999999;\">L<\/span><\/td>\n<td style=\"text-align: center;\"><span style=\"color: #993300;\">120-130 mm<\/span><\/td>\n<td style=\"text-align: center;\"><span style=\"color: #993300;\">125 mm<\/span><\/td>\n<td style=\"text-align: center;\" width=\"240\"><\/td>\n<\/tr>\n<tr>\n<td><strong>130\/120<\/strong><\/td>\n<td style=\"text-align: center;\"><span style=\"color: #999999;\">M<\/span><\/td>\n<td style=\"text-align: center;\"><span style=\"color: #999999;\">M<\/span><\/td>\n<td style=\"text-align: center;\">125-135 mm<\/td>\n<td style=\"text-align: center;\">140 mm<\/td>\n<\/tr>\n<tr>\n<td><span style=\"color: #993300;\"><strong>130W\/120<\/strong><\/span><\/td>\n<td style=\"text-align: center;\"><span style=\"color: #999999;\">M<\/span><\/td>\n<td style=\"text-align: center;\"><span style=\"color: #999999;\">M<\/span><\/td>\n<td style=\"text-align: center;\"><span style=\"color: #993300;\">125-135 mm<\/span><\/td>\n<td style=\"text-align: center;\"><span style=\"color: #993300;\">130 mm<\/span><\/td>\n<\/tr>\n<tr>\n<td><strong>130\/140<\/strong><\/td>\n<td style=\"text-align: center;\"><span style=\"color: #999999;\">L<\/span><\/td>\n<td style=\"text-align: center;\"><span style=\"color: #999999;\">L<\/span><\/td>\n<td style=\"text-align: center;\">125-135 mm<\/td>\n<td style=\"text-align: center;\">140 mm<\/td>\n<\/tr>\n<tr>\n<td><span style=\"color: #993300;\"><strong>130W\/140<\/strong><\/span><\/td>\n<td style=\"text-align: center;\"><span style=\"color: #999999;\">L<\/span><\/td>\n<td style=\"text-align: center;\"><span style=\"color: #999999;\">L<\/span><\/td>\n<td style=\"text-align: center;\"><span style=\"color: #993300;\">125-135 mm<\/span><\/td>\n<td style=\"text-align: center;\"><span style=\"color: #993300;\">130 mm<\/span><\/td>\n<\/tr>\n<tr>\n<td><strong>135\/130<\/strong><\/td>\n<td style=\"text-align: center;\"><span style=\"color: #999999;\">L<\/span><\/td>\n<td style=\"text-align: center;\"><span style=\"color: #999999;\">L<\/span><\/td>\n<td style=\"text-align: center;\">130-140 mm<\/td>\n<td style=\"text-align: center;\">145 mm<\/td>\n<td style=\"text-align: left;\"><span style=\"color: #ff0000;\">\u00a0<\/span><\/td>\n<\/tr>\n<tr>\n<td><span style=\"color: #993300;\"><strong>135W\/130<\/strong><\/span><\/td>\n<td style=\"text-align: center;\"><span style=\"color: #999999;\">L<\/span><\/td>\n<td style=\"text-align: center;\"><span style=\"color: #999999;\">L<\/span><\/td>\n<td style=\"text-align: center;\"><span style=\"color: #993300;\">130-140 mm<\/span><\/td>\n<td style=\"text-align: center;\"><span style=\"color: #993300;\">135 mm<\/span><\/td>\n<td style=\"text-align: center;\" width=\"240\"><\/td>\n<\/tr>\n<tr>\n<td><strong>135\/150<\/strong><\/td>\n<td style=\"text-align: center;\"><span style=\"color: #999999;\">L<\/span><\/td>\n<td style=\"text-align: center;\"><span style=\"color: #999999;\">XL<\/span><\/td>\n<td style=\"text-align: center;\">130-140 mm<\/td>\n<td style=\"text-align: center;\">145 mm<\/td>\n<td style=\"text-align: left;\"><\/td>\n<\/tr>\n<tr>\n<td><span style=\"color: #993300;\"><strong>135W\/150<\/strong><\/span><\/td>\n<td style=\"text-align: center;\"><span style=\"color: #999999;\">L<\/span><\/td>\n<td style=\"text-align: center;\"><span style=\"color: #999999;\">XL<\/span><\/td>\n<td style=\"text-align: center;\"><span style=\"color: #993300;\">130-140 mm<\/span><\/td>\n<td style=\"text-align: center;\"><span style=\"color: #993300;\">135 mm<\/span><\/td>\n<td style=\"text-align: center;\" width=\"240\"><\/td>\n<\/tr>\n<tr>\n<td><strong>140\/130<\/strong><\/td>\n<td style=\"text-align: center;\"><span style=\"color: #999999;\">L<\/span><\/td>\n<td style=\"text-align: center;\"><span style=\"color: #999999;\">L<\/span><\/td>\n<td style=\"text-align: center;\">135-145 mm<\/td>\n<td style=\"text-align: center;\">150 mm<\/td>\n<\/tr>\n<tr>\n<td><span style=\"color: #993300;\"><strong>140W\/130<\/strong><\/span><\/td>\n<td style=\"text-align: center;\"><span style=\"color: #999999;\">L<\/span><\/td>\n<td style=\"text-align: center;\"><span style=\"color: #999999;\">L<\/span><\/td>\n<td style=\"text-align: center;\"><span style=\"color: #993300;\">135-145 mm<\/span><\/td>\n<td style=\"text-align: center;\"><span style=\"color: #993300;\">140 mm<\/span><\/td>\n<\/tr>\n<tr>\n<td><strong>140\/150<\/strong><\/td>\n<td style=\"text-align: center;\"><span style=\"color: #999999;\">L<\/span><\/td>\n<td style=\"text-align: center;\"><span style=\"color: #999999;\">XL<\/span><\/td>\n<td style=\"text-align: center;\">135-145 mm<\/td>\n<td style=\"text-align: center;\">150 mm<\/td>\n<\/tr>\n<tr>\n<td><span style=\"color: #993300;\"><strong>140W\/150<\/strong><\/span><\/td>\n<td style=\"text-align: center;\"><span style=\"color: #999999;\">L<\/span><\/td>\n<td style=\"text-align: center;\"><span style=\"color: #999999;\">XL<\/span><\/td>\n<td style=\"text-align: center;\"><span style=\"color: #993300;\">135-145 mm<\/span><\/td>\n<td style=\"text-align: center;\"><span style=\"color: #993300;\">140 mm<\/span><\/td>\n<\/tr>\n<tr>\n<td><strong>145\/140<\/strong><\/td>\n<td style=\"text-align: center;\"><span style=\"color: #999999;\">L<\/span><\/td>\n<td style=\"text-align: center;\"><span style=\"color: #999999;\">L<\/span><\/td>\n<td style=\"text-align: center;\">140-150 mm<\/td>\n<td style=\"text-align: center;\">155 mm<\/td>\n<td style=\"text-align: left;\"><\/td>\n<\/tr>\n<tr>\n<td><span style=\"color: #993300;\"><strong>145W\/140<\/strong><\/span><\/td>\n<td style=\"text-align: center;\"><span style=\"color: #999999;\">L<\/span><\/td>\n<td style=\"text-align: center;\"><span style=\"color: #999999;\">L<\/span><\/td>\n<td style=\"text-align: center;\"><span style=\"color: #993300;\">140-150 mm<\/span><\/td>\n<td style=\"text-align: center;\"><span style=\"color: #993300;\">145 mm<\/span><\/td>\n<td style=\"text-align: center;\" width=\"240\"><\/td>\n<\/tr>\n<tr>\n<td><strong>150\/140<\/strong><\/td>\n<td style=\"text-align: center;\"><span style=\"color: #999999;\">L<\/span><\/td>\n<td style=\"text-align: center;\"><span style=\"color: #999999;\">L<\/span><\/td>\n<td style=\"text-align: center;\">145-155 mm<\/td>\n<td style=\"text-align: center;\">160 mm<\/td>\n<\/tr>\n<\/tbody>\n<\/table>\n<p>Flex Boots fit many different hoof shapes and sizes.<br \/>\n-However, if the hoof width is more than 10 mm greater than the length, the FLEX Boots are not ideal for your horse.<br \/>\n-If the hooves are very narrow and the horse has a habit of twisting the legs a lot, FLEX Boots may not be suitable for your horse either.<br \/>\nRemember that flex boots work better when they are a little looser than too tight, so if in doubt, go one size up.<\/p>\n<p>PDF: <span style=\"color: #339966;\"><a style=\"color: #339966;\" href=\"https:\/\/hufschuhanzieher.de\/wp-content\/uploads\/2021\/02\/FLEX-Boots_How-to-use.pdf\" target=\"_blank\" rel=\"noopener noreferrer\">FLEX Boots, how to use<\/a><\/span><\/p>\n<p><strong>Video<\/strong>: <a href=\"https:\/\/youtu.be\/SuihlNxjs2M?si=VKXhdiAzxRuwrpTI\" target=\"_blank\" rel=\"noopener nofollow\"><span style=\"color: #008000;\"><strong>How to fit Flex Boots and adjust them<\/strong><\/span><\/a><\/p>\n<p><strong>Video:<\/strong> <a href=\"https:\/\/youtube.com\/shorts\/ve5LaShVjIU?si=EWVflltg-c4M0Eb5jMhO\" target=\"_blank\" rel=\"noopener nofollow\"><span style=\"color: #008000;\"><strong>How to assemble Flex Boots<\/strong><\/span><\/a><\/p>\n<p>&gt;<span style=\"color: #339966;\"> <a style=\"color: #339966;\" href=\"https:\/\/www.flexhoofboots.com\/\" target=\"_blank\" rel=\"noopener noreferrer nofollow\">flexhoofboots.com<\/a><\/span> <em>have a<\/em> <a href=\"https:\/\/www.youtube.com\/channel\/UCfWgrRZoTSL1TMzUXrsvcgA\/videos\" target=\"_blank\" rel=\"noopener noreferrer nofollow\"><span style=\"color: #339966;\">Video channel<\/span><\/a>, <em>where to get help on the correct fit of the boot or guidance on parts replacement<\/em><\/p>\n<h4><span style=\"color: #339966;\"><strong>&gt; <\/strong><\/span><a href=\"https:\/\/hufschuhanzieher.de\/zubehoer-hufschuhe\/flex-boots-zubehoer\/\"><span style=\"color: #339966;\"><strong>Flex Boot Accessories:<\/strong><\/span><\/a><\/h4>","protected":false},"excerpt":{"rendered":"<h3><strong>Price per Piece<\/strong><\/h3>\n<p>Mit den Flex Boots BASIC Customize k\u00f6nnen Sie die Flex Boots den anatomischen Gegebenheiten ihres Pferdes noch genauer anpassen.<br \/>\n<strong>Hier handelt es sich um Sonderanfertigungen. Flex Boots BASIC Customize sind daher vom Umtausch und vom Testen ausgeschlossen.<\/strong><\/p>","protected":false},"featured_media":27819,"template":"","meta":[],"product_brand":[1069],"product_cat":[445,15,37,35,449,324],"product_tag":[446,1070,448,433,600,447],"class_list":{"0":"post-27828","1":"product","2":"type-product","3":"status-publish","4":"has-post-thumbnail","6":"product_brand-flex-boots","7":"product_cat-flex-boots","8":"product_cat-unkategorisiert","9":"product_cat-hufschuh","10":"product_cat-zubehoer-hufschuhe","11":"product_cat-flex-boots-zubehoer","12":"product_cat-nichttesten","13":"product_tag-barfuss","14":"product_tag-ersatz-schale","15":"product_tag-finnland","16":"product_tag-flex","17":"product_tag-flex-boots-custom-made","18":"product_tag-flex-hoof-boots","20":"first","21":"instock","22":"taxable","23":"shipping-taxable","24":"purchasable","25":"product-type-variable"},"_links":{"self":[{"href":"https:\/\/hufschuhanzieher.de\/en\/wp-json\/wp\/v2\/product\/27828","targetHints":{"allow":["GET"]}}],"collection":[{"href":"https:\/\/hufschuhanzieher.de\/en\/wp-json\/wp\/v2\/product"}],"about":[{"href":"https:\/\/hufschuhanzieher.de\/en\/wp-json\/wp\/v2\/types\/product"}],"version-history":[{"count":5,"href":"https:\/\/hufschuhanzieher.de\/en\/wp-json\/wp\/v2\/product\/27828\/revisions"}],"predecessor-version":[{"id":30447,"href":"https:\/\/hufschuhanzieher.de\/en\/wp-json\/wp\/v2\/product\/27828\/revisions\/30447"}],"wp:featuredmedia":[{"embeddable":true,"href":"https:\/\/hufschuhanzieher.de\/en\/wp-json\/wp\/v2\/media\/27819"}],"wp:attachment":[{"href":"https:\/\/hufschuhanzieher.de\/en\/wp-json\/wp\/v2\/media?parent=27828"}],"wp:term":[{"taxonomy":"product_brand","embeddable":true,"href":"https:\/\/hufschuhanzieher.de\/en\/wp-json\/wp\/v2\/product_brand?post=27828"},{"taxonomy":"product_cat","embeddable":true,"href":"https:\/\/hufschuhanzieher.de\/en\/wp-json\/wp\/v2\/product_cat?post=27828"},{"taxonomy":"product_tag","embeddable":true,"href":"https:\/\/hufschuhanzieher.de\/en\/wp-json\/wp\/v2\/product_tag?post=27828"}],"curies":[{"name":"wp","href":"https:\/\/api.w.org\/{rel}","templated":true}]}}