{"id":27562,"date":"2025-08-22T12:16:11","date_gmt":"2025-08-22T10:16:11","guid":{"rendered":"https:\/\/hufschuhanzieher.de\/?post_type=product&#038;p=27562"},"modified":"2026-03-31T15:45:22","modified_gmt":"2026-03-31T13:45:22","slug":"flex-boots-basic","status":"publish","type":"product","link":"https:\/\/hufschuhanzieher.de\/en\/flex-boots-basic\/","title":{"rendered":"FLEX Boots Basic"},"content":{"rendered":"<p>Innovativer Hufschuh aus Finnland f\u00fcr barfu\u00df laufende Pferde.<br \/>\nDank der vielen Verstellm\u00f6glichkeiten pa\u00dft der FLEX Boot auf viele Hufformen.<br \/>\n<strong>FLEX Boots Basics<\/strong> sind Schalen mit TPU-Gaitern. Es gibt sie\u00a0 in den Standard und Wide-Gr\u00f6\u00dfen (W). Praktisch , wenn Sie nur eine neue Schale brauchen. Wenn Sie aufgrund der Anatomie ihres Pferdes eine andere TPU-Gaiter Gr\u00f6\u00dfe als die standardm\u00e4ssig mitgelieferten\u00a0 ben\u00f6tigen, werden Sie <a href=\"https:\/\/hufschuhanzieher.de\/flex-boots-basic-customize\" target=\"_blank\" rel=\"noopener\"><strong><span style=\"color: #008000;\">hier (Flex Boot Basics Customize)<\/span><\/strong><\/a> f\u00fcndig.<\/p>\n<p><strong>Backstraps und Neopren-Gaiter sind hier NICHT mit dabei<\/strong>. Die aktuellen Farben und\u00a0 weiteres Zubeh\u00f6r finden Sie bei <strong><span style=\"color: #008000;\"><a style=\"color: #008000;\" href=\"https:\/\/hufschuhanzieher.de\/zubehoer-hufschuhe\/flex-boots-zubehoer\/\" target=\"_blank\" rel=\"noopener\">Zubeh\u00f6r Flex Boots<\/a><\/span><\/strong> . Die Restposten der Farben, die Flexboot nicht mehr produziert finden Sie im <a href=\"https:\/\/hufschuhanzieher.de\/sale\/\" target=\"_blank\" rel=\"noopener\"><span style=\"color: #008000;\"><strong>Sale % -Bereich<\/strong><\/span><\/a>.<br \/>\n<span style=\"color: #ff0000;\">Bitte beachten Sie, da\u00df Flexboots nur mit Neopren-Gaitern und Backstraps funktionieren<\/span> um den Pferden gr\u00f6\u00dftm\u00f6glichen Komfort zu erm\u00f6glichen.<\/p>\n<p>Flex Boots fit many different hoof shapes and sizes.<br \/>\n-However, if the hoof width is more than 10 mm greater than the length, the FLEX Boots are not ideal for your horse.<br \/>\n-If the hooves are very narrow and the horse has a habit of twisting the legs a lot, FLEX Boots may not be suitable for your horse either.<br \/>\nDenken Sie daran, dass Flex Boots besser funktionieren, wenn sie etwas lockerer als zu eng sind; deshalb im Zweifelsfalle eine Nummer gr\u00f6sser w\u00e4hlen<\/p>\n<h3 style=\"text-align: center;\">Gr\u00f6\u00dfentabelle FLEX Boot Basics:<\/h3>\n<table style=\"table-align: left;\" width=\"500\">\n<tbody>\n<tr>\n<td style=\"text-align: right;\" width=\"120\"><strong>Size<br \/>\n<\/strong>(shell)<strong><br \/>\n<\/strong><\/td>\n<td style=\"text-align: center;\" width=\"120\"><strong>Hoof Width approx.<\/strong><\/td>\n<td style=\"text-align: center;\" width=\"120\"><strong>Hoof Length max.<br \/>\n<\/strong><\/td>\n<td style=\"text-align: left;\" width=\"120\"><strong>Size<br \/>\n<\/strong>(TPU-Gaiter)<strong><br \/>\n<\/strong><\/td>\n<\/tr>\n<tr>\n<td style=\"text-align: right;\" width=\"120\"><strong>80<\/strong><\/td>\n<td style=\"text-align: center;\" width=\"120\">75 &#8211; 85 mm<\/td>\n<td style=\"text-align: center;\" width=\"120\">90 mm<\/td>\n<td style=\"text-align: left;\" width=\"120\"><strong>90<\/strong><\/td>\n<\/tr>\n<tr>\n<td style=\"text-align: right;\" width=\"120\"><strong>80W<\/strong><\/td>\n<td style=\"text-align: center;\" width=\"120\">75 &#8211; 85 mm<\/td>\n<td style=\"text-align: center;\" width=\"120\">80 mm<\/td>\n<td style=\"text-align: left;\" width=\"120\"><strong>90<\/strong><\/td>\n<\/tr>\n<tr>\n<td style=\"text-align: right;\" width=\"120\"><strong>85<\/strong><\/td>\n<td style=\"text-align: center;\" width=\"120\">80 &#8211; 90 mm<\/td>\n<td style=\"text-align: center;\" width=\"120\">95 mm<\/td>\n<td style=\"text-align: left;\" width=\"120\"><strong>90<\/strong><\/td>\n<\/tr>\n<tr>\n<td style=\"text-align: right;\" width=\"120\"><strong>85W<\/strong><\/td>\n<td style=\"text-align: center;\" width=\"120\">80 &#8211; 90 mm<\/td>\n<td style=\"text-align: center;\" width=\"120\">85 mm<\/td>\n<td style=\"text-align: left;\" width=\"120\"><strong>90<\/strong><\/td>\n<\/tr>\n<tr>\n<td style=\"text-align: right;\" width=\"120\"><strong>90<\/strong><\/td>\n<td style=\"text-align: center;\" width=\"120\">85 &#8211; 95 mm<\/td>\n<td style=\"text-align: center;\" width=\"120\">100 mm<\/td>\n<td style=\"text-align: left;\" width=\"120\"><strong>90<\/strong><\/td>\n<\/tr>\n<tr>\n<td style=\"text-align: right;\" width=\"120\"><strong>90W<\/strong><\/td>\n<td style=\"text-align: center;\" width=\"120\">85 &#8211; 95 mm<\/td>\n<td style=\"text-align: center;\" width=\"120\">90 mm<\/td>\n<td style=\"text-align: left;\" width=\"120\"><strong>90<\/strong><\/td>\n<\/tr>\n<tr>\n<td style=\"text-align: right;\" width=\"120\"><strong>95<\/strong><\/td>\n<td style=\"text-align: center;\" width=\"120\">90 &#8211; 100 mm<\/td>\n<td style=\"text-align: center;\" width=\"120\">105 mm<\/td>\n<td style=\"text-align: left;\" width=\"120\"><strong>100<\/strong><\/td>\n<\/tr>\n<tr>\n<td style=\"text-align: right;\" width=\"120\"><strong>95W<\/strong><\/td>\n<td style=\"text-align: center;\" width=\"120\">90 &#8211; 100 mm<\/td>\n<td style=\"text-align: center;\" width=\"120\">95 mm<\/td>\n<td style=\"text-align: left;\" width=\"120\"><strong>\u00a0100<\/strong><\/td>\n<\/tr>\n<tr>\n<td style=\"text-align: right;\" width=\"120\"><strong>100<\/strong><\/td>\n<td style=\"text-align: center;\" width=\"120\">95 &#8211; 105 mm<\/td>\n<td style=\"text-align: center;\" width=\"120\">110 mm<\/td>\n<td style=\"text-align: left;\" width=\"120\"><strong>100<\/strong><\/td>\n<\/tr>\n<tr>\n<td style=\"text-align: right;\" width=\"120\"><strong>100W<\/strong><\/td>\n<td style=\"text-align: center;\" width=\"120\">95 &#8211; 105 mm<\/td>\n<td style=\"text-align: center;\" width=\"120\">100 mm<\/td>\n<td style=\"text-align: left;\" width=\"120\"><strong>100<\/strong><\/td>\n<\/tr>\n<tr>\n<td style=\"text-align: right;\" width=\"120\"><strong>105<\/strong><\/td>\n<td style=\"text-align: center;\" width=\"120\">100 &#8211; 110 mm<\/td>\n<td style=\"text-align: center;\" width=\"120\">115 mm<\/td>\n<td style=\"text-align: left;\" width=\"120\"><strong>110<\/strong><\/td>\n<\/tr>\n<tr>\n<td style=\"text-align: right;\" width=\"120\"><strong>105W<\/strong><\/td>\n<td style=\"text-align: center;\" width=\"120\">100 &#8211; 110 mm<\/td>\n<td style=\"text-align: center;\" width=\"120\">105 mm<\/td>\n<td style=\"text-align: left;\" width=\"120\"><strong>110<\/strong><\/td>\n<\/tr>\n<tr>\n<td style=\"text-align: right;\" width=\"120\"><strong>110<\/strong><\/td>\n<td style=\"text-align: center;\" width=\"120\">105 &#8211; 115 mm<\/td>\n<td style=\"text-align: center;\" width=\"120\">120 mm<\/td>\n<td style=\"text-align: left;\" width=\"120\"><strong>110<\/strong><\/td>\n<\/tr>\n<tr>\n<td style=\"text-align: right;\" width=\"120\"><strong>110W<\/strong><\/td>\n<td style=\"text-align: center;\" width=\"120\">105 &#8211; 115 mm<\/td>\n<td style=\"text-align: center;\" width=\"120\">110 mm<\/td>\n<td style=\"text-align: left;\" width=\"120\"><strong>110<\/strong><\/td>\n<\/tr>\n<tr>\n<td style=\"text-align: right;\" width=\"120\"><strong>115<\/strong><\/td>\n<td style=\"text-align: center;\" width=\"120\">110 &#8211; 120 mm<\/td>\n<td style=\"text-align: center;\" width=\"120\">125 mm<\/td>\n<td style=\"text-align: left;\" width=\"120\"><strong>120<\/strong><\/td>\n<\/tr>\n<tr>\n<td style=\"text-align: right;\" width=\"120\"><strong>115W<\/strong><\/td>\n<td style=\"text-align: center;\" width=\"120\">110 &#8211; 120 mm<\/td>\n<td style=\"text-align: center;\" width=\"120\">115 mm<\/td>\n<td style=\"text-align: left;\" width=\"120\"><strong>120<\/strong><\/td>\n<\/tr>\n<tr>\n<td style=\"text-align: right;\" width=\"120\"><strong>120<\/strong><\/td>\n<td style=\"text-align: center;\" width=\"120\">115 &#8211; 125 mm<\/td>\n<td style=\"text-align: center;\" width=\"120\">130 mm<\/td>\n<td style=\"text-align: left;\" width=\"120\"><strong>120<\/strong><\/td>\n<\/tr>\n<tr>\n<td style=\"text-align: right;\" width=\"120\"><strong>120W<\/strong><\/td>\n<td style=\"text-align: center;\" width=\"120\">115 &#8211; 125 mm<\/td>\n<td style=\"text-align: center;\" width=\"120\">120 mm<\/td>\n<td style=\"text-align: left;\" width=\"120\"><strong>120<\/strong><\/td>\n<\/tr>\n<tr>\n<td style=\"text-align: right;\" width=\"120\"><strong>125<\/strong><\/td>\n<td style=\"text-align: center;\" width=\"120\">120- 130 mm<\/td>\n<td style=\"text-align: center;\" width=\"120\">135 mm<\/td>\n<td style=\"text-align: left;\" width=\"120\"><strong>130<\/strong><\/td>\n<\/tr>\n<tr>\n<td style=\"text-align: right;\" width=\"120\"><strong>125W<\/strong><\/td>\n<td style=\"text-align: center;\" width=\"120\">120- 130 mm<\/td>\n<td style=\"text-align: center;\" width=\"120\">125 mm<\/td>\n<td style=\"text-align: left;\" width=\"120\"><strong>130<\/strong><\/td>\n<\/tr>\n<tr>\n<td style=\"text-align: right;\" width=\"120\"><strong>130<\/strong><\/td>\n<td style=\"text-align: center;\" width=\"120\">125 &#8211; 135 mm<\/td>\n<td style=\"text-align: center;\" width=\"120\">140 mm<\/td>\n<td style=\"text-align: left;\" width=\"120\"><strong>130<\/strong><\/td>\n<\/tr>\n<tr>\n<td style=\"text-align: right;\" width=\"120\"><strong>130W<\/strong><\/td>\n<td style=\"text-align: center;\" width=\"120\">125 &#8211; 135 mm<\/td>\n<td style=\"text-align: center;\" width=\"120\">130 mm<\/td>\n<td style=\"text-align: left;\" width=\"120\"><strong>130<\/strong><\/td>\n<\/tr>\n<tr>\n<td style=\"text-align: right;\" width=\"120\"><strong>135<\/strong><\/td>\n<td style=\"text-align: center;\" width=\"120\">130- 140 mm<\/td>\n<td style=\"text-align: center;\" width=\"120\">145 mm<\/td>\n<td style=\"text-align: left;\" width=\"120\"><strong>140<\/strong><\/td>\n<\/tr>\n<tr>\n<td style=\"text-align: right;\" width=\"120\"><strong>135W<\/strong><\/td>\n<td style=\"text-align: center;\" width=\"120\">130- 140 mm<\/td>\n<td style=\"text-align: center;\" width=\"120\">135 mm<\/td>\n<td style=\"text-align: left;\" width=\"120\"><strong>140<\/strong><\/td>\n<\/tr>\n<tr>\n<td style=\"text-align: right;\" width=\"120\"><strong>140<\/strong><\/td>\n<td style=\"text-align: center;\" width=\"120\">135 &#8211; 145 mm<\/td>\n<td style=\"text-align: center;\" width=\"120\">150 mm<\/td>\n<td style=\"text-align: left;\" width=\"120\"><strong>140<\/strong><\/td>\n<\/tr>\n<tr>\n<td style=\"text-align: right;\" width=\"120\"><strong>140W<\/strong><\/td>\n<td style=\"text-align: center;\" width=\"120\">135 &#8211; 145 mm<\/td>\n<td style=\"text-align: center;\" width=\"120\">140 mm<\/td>\n<td style=\"text-align: left;\" width=\"120\"><strong>140<\/strong><\/td>\n<\/tr>\n<tr>\n<td style=\"text-align: right;\" width=\"120\"><strong>145<\/strong><\/td>\n<td style=\"text-align: center;\" width=\"120\">140 &#8211; 150 mm<\/td>\n<td style=\"text-align: center;\" width=\"120\">155 mm<\/td>\n<td style=\"text-align: left;\" width=\"120\"><strong>150<\/strong><\/td>\n<\/tr>\n<tr>\n<td style=\"text-align: right;\" width=\"120\"><strong>145W<\/strong><\/td>\n<td style=\"text-align: center;\" width=\"120\">140 &#8211; 150 mm<\/td>\n<td style=\"text-align: center;\" width=\"120\">145 mm<\/td>\n<td style=\"text-align: left;\" width=\"120\"><strong>150<\/strong><\/td>\n<\/tr>\n<tr>\n<td style=\"text-align: right;\" width=\"120\"><strong>150<\/strong><\/td>\n<td style=\"text-align: center;\" width=\"120\">145 &#8211; 155 mm<\/td>\n<td style=\"text-align: center;\" width=\"120\">160 mm<\/td>\n<td style=\"text-align: left;\" width=\"120\"><strong>150<\/strong><\/td>\n<\/tr>\n<\/tbody>\n<\/table>\n<p>&nbsp;<\/p>\n<p>PDF: <strong><span style=\"color: #339966;\"><a style=\"color: #339966;\" href=\"https:\/\/hufschuhanzieher.de\/wp-content\/uploads\/2021\/02\/FLEX-Boots_How-to-use.pdf\" target=\"_blank\" rel=\"noopener noreferrer\">FLEX Boots, how to use<\/a><\/span><\/strong><\/p>\n<p>Video: <a href=\"https:\/\/youtube.com\/shorts\/ve5LaShVjIU?si=EWVflltg-c4M0Eb5\" target=\"_blank\" rel=\"noopener nofollow\"><span style=\"color: #008000;\"><strong>How to assemble Flex Boots<\/strong><\/span><\/a><\/p>\n<p>&gt;<strong><span style=\"color: #339966;\"> <a style=\"color: #339966;\" href=\"https:\/\/www.flexhoofboots.com\/\" target=\"_blank\" rel=\"noopener noreferrer nofollow\">flexhoofboots.com<\/a><\/span><\/strong> <em>have a<\/em> <strong><span style=\"color: #339966;\"><a style=\"color: #339966;\" href=\"https:\/\/www.youtube.com\/channel\/UCfWgrRZoTSL1TMzUXrsvcgA\/videos\" target=\"_blank\" rel=\"noopener noreferrer nofollow\">Video channel<\/a><\/span><\/strong>, <em>where to get help on the correct fit of the boot or guidance on parts replacement<\/em><\/p>\n<h4><span style=\"color: #339966;\"><strong>&gt; <\/strong><\/span><a href=\"https:\/\/hufschuhanzieher.de\/zubehoer-hufschuhe\/flex-boots-zubehoer\/\"><span style=\"color: #339966;\"><strong>Flex Boot Zubeh\u00f6r<\/strong><\/span><\/a><\/h4>","protected":false},"excerpt":{"rendered":"<h3><strong>Preis pro ST\u00dcCK<\/strong><\/h3>\n<p>Basic-Variante der Flex Boots. Sie sind die weichsten Hufschuhe auf dem Markt. Sie sind langlebig und bequem und lassen sich leicht an- und ausziehen.<\/p>","protected":false},"featured_media":27818,"template":"","meta":[],"product_brand":[1069],"product_cat":[445,15,37,35,449,324],"product_tag":[446,1070,448,433,447],"class_list":{"0":"post-27562","1":"product","2":"type-product","3":"status-publish","4":"has-post-thumbnail","6":"product_brand-flex-boots","7":"product_cat-flex-boots","8":"product_cat-unkategorisiert","9":"product_cat-hufschuh","10":"product_cat-zubehoer-hufschuhe","11":"product_cat-flex-boots-zubehoer","12":"product_cat-nichttesten","13":"product_tag-barfuss","14":"product_tag-ersatz-schale","15":"product_tag-finnland","16":"product_tag-flex","17":"product_tag-flex-hoof-boots","19":"first","20":"instock","21":"taxable","22":"shipping-taxable","23":"purchasable","24":"product-type-variable"},"_links":{"self":[{"href":"https:\/\/hufschuhanzieher.de\/en\/wp-json\/wp\/v2\/product\/27562","targetHints":{"allow":["GET"]}}],"collection":[{"href":"https:\/\/hufschuhanzieher.de\/en\/wp-json\/wp\/v2\/product"}],"about":[{"href":"https:\/\/hufschuhanzieher.de\/en\/wp-json\/wp\/v2\/types\/product"}],"version-history":[{"count":7,"href":"https:\/\/hufschuhanzieher.de\/en\/wp-json\/wp\/v2\/product\/27562\/revisions"}],"predecessor-version":[{"id":29576,"href":"https:\/\/hufschuhanzieher.de\/en\/wp-json\/wp\/v2\/product\/27562\/revisions\/29576"}],"wp:featuredmedia":[{"embeddable":true,"href":"https:\/\/hufschuhanzieher.de\/en\/wp-json\/wp\/v2\/media\/27818"}],"wp:attachment":[{"href":"https:\/\/hufschuhanzieher.de\/en\/wp-json\/wp\/v2\/media?parent=27562"}],"wp:term":[{"taxonomy":"product_brand","embeddable":true,"href":"https:\/\/hufschuhanzieher.de\/en\/wp-json\/wp\/v2\/product_brand?post=27562"},{"taxonomy":"product_cat","embeddable":true,"href":"https:\/\/hufschuhanzieher.de\/en\/wp-json\/wp\/v2\/product_cat?post=27562"},{"taxonomy":"product_tag","embeddable":true,"href":"https:\/\/hufschuhanzieher.de\/en\/wp-json\/wp\/v2\/product_tag?post=27562"}],"curies":[{"name":"wp","href":"https:\/\/api.w.org\/{rel}","templated":true}]}}