{"id":27515,"date":"2025-08-20T10:52:08","date_gmt":"2025-08-20T08:52:08","guid":{"rendered":"https:\/\/hufschuhanzieher.de\/?post_type=product&#038;p=27515"},"modified":"2025-09-11T17:20:41","modified_gmt":"2025-09-11T15:20:41","slug":"scoot-boot-theraride","status":"publish","type":"product","link":"https:\/\/hufschuhanzieher.de\/en\/scoot-boot-theraride\/","title":{"rendered":"Scoot Boot TheraRide"},"content":{"rendered":"<div class=\"content\">\n<p>Der Scootboot TheraRide ist der innovativste Hufschuh der Welt. Durch die Kombination von therapeutischer Unterst\u00fctzung mit der Reitbarkeit unseres Scootboot Classic kann Ihr Pferd auch nach der Heilung zus\u00e4tzliche Unterst\u00fctzung genie\u00dfen. Dank der vertieften Sohle k\u00f6nnen je nach den spezifischen Bed\u00fcrfnissen Ihres Pferdes individuell angepasste Polster ausgetauscht werden.<\/p>\n<p>Warum sollten Sie sich f\u00fcr den Scootboot TheraRide entscheiden?<\/p>\n<p>Doppelte Verwendungsm\u00f6glichkeit: TheraRide ist der einzige therapeutische Hufschuh, der sowohl f\u00fcr die Therapie als auch zum Reiten geeignet ist und Pferde w\u00e4hrend der \u00dcbergangsphase, der Genesung und bei Aktivit\u00e4ten unterst\u00fctzt.<br \/>\nSto\u00dfd\u00e4mpfung: Verf\u00fcgt \u00fcber ein speziell entwickeltes Waben-TPU-Polster, das St\u00f6\u00dfe absorbiert.<br \/>\nRehabilitation: Lindert Huferkrankungen wie Hufrollenerkrankungen, Hufbein-Ostitis, Ringknochen-Arthrose, Hufknorpelverkn\u00f6cherung und d\u00fcnne\/verletzte Sohlen.<br \/>\nAuch gut f\u00fcr \u00e4ltere Pferde.<\/p>\n<\/div>\n<h4>Scoot Boot TheraRide Gr\u00f6\u00dfen:<br \/>\n<img fetchpriority=\"high\" decoding=\"async\" class=\"alignnone wp-image-27526 size-full\" src=\"https:\/\/hufschuhanzieher.de\/wp-content\/uploads\/2025\/08\/ScootBoot_TheraRide-Chart.jpg\" alt=\"\" width=\"749\" height=\"500\" title=\"\" srcset=\"https:\/\/hufschuhanzieher.de\/wp-content\/uploads\/2025\/08\/ScootBoot_TheraRide-Chart.jpg 749w, https:\/\/hufschuhanzieher.de\/wp-content\/uploads\/2025\/08\/ScootBoot_TheraRide-Chart-300x200.jpg 300w, https:\/\/hufschuhanzieher.de\/wp-content\/uploads\/2025\/08\/ScootBoot_TheraRide-Chart-18x12.jpg 18w, https:\/\/hufschuhanzieher.de\/wp-content\/uploads\/2025\/08\/ScootBoot_TheraRide-Chart-410x274.jpg 410w, https:\/\/hufschuhanzieher.de\/wp-content\/uploads\/2025\/08\/ScootBoot_TheraRide-Chart-600x401.jpg 600w\" sizes=\"(max-width: 749px) 100vw, 749px\" \/><\/h4>\n<ul>\n<li><span class=\"fs10lh1-5\"><b>Information<\/b>:\u00a0<\/span><span class=\"fs10lh1-5\">We strongly recommend to have the hoof boots fitted by experts!<\/span><\/li>\n<\/ul>\n<p><span class=\"fs10lh1-5\">Mud Straps are useful in extreme conditions like deep mud, mountainous terrain, jumping or cross<\/span><span class=\"fs10lh1-5\">. <\/span><span class=\"fs10lh1-5\">Made of thermoplastic urethane (TPU), slightly elastic.<\/span><\/p>\n<p><strong>Die Scoot Boot Mud Straps werden entsprechend der gew\u00e4hlten TheraRide-Gr\u00f6ssen geliefert :<\/strong><\/p>\n<ul>\n<li style=\"list-style-type: none;\">\n<ul>\n<li>XXS f\u00fcr Scoot Boot TheraRide Gr\u00f6sse 00 und 0<\/li>\n<li>XS f\u00fcr Scoot Boot TheraRide Gr\u00f6sse 1 und 2<\/li>\n<li>S f\u00fcr Scoot Boot TheraRide Gr\u00f6sse 3 und 4<\/li>\n<li>M f\u00fcr Scoot Boot TheraRide Gr\u00f6sse 5<\/li>\n<\/ul>\n<\/li>\n<\/ul>\n<p><strong>Austattung und mitgeliefertes Zubeh\u00f6r:<\/strong><br \/>\nDie Zubeh\u00f6rtasche enth\u00e4lt mehrere Ersatzteile, eine vollst\u00e4ndige Liste finden Sie unten bzw in der Galerie. Dazu geh\u00f6ren zus\u00e4tzliche Gr\u00f6\u00dfen von Mudstraps und Bulbstraps:<br \/>\nDie Bulbstrap-Gaiter k\u00f6nnen verwendet werden, um potenzielles Scheuern zu verhindern und zus\u00e4tzlichen Komfort auf langen Ritten zu bieten.<br \/>\nDie TheraRide-Boots werden mit zwei Arten von Polstern geliefert:<\/p>\n<ul>\n<li>Therapiepolster (TPU) \u2013 Dies ist das gelbe Wabenpolster, das mit Ihrem Stiefel geliefert wird und das Hauptpolster f\u00fcr dieses Produkt ist. Dieses Polster hat eine hohe Sto\u00dfd\u00e4mpfung und ist extrem langlebig. Es kann f\u00fcr die Rehabilitation und zum Reiten verwendet werden.<\/li>\n<li>Standard-Polster (EVA) \u2013 Das Standard-Polster in der Zubeh\u00f6rtasche ist auf Komfort und leichtes Reiten ausgelegt. Es ist nicht f\u00fcr den langfristigen Einsatz oder Langstreckenritte vorgesehen. Diese Polster sind aufgrund der Beschaffenheit des Materials (EVA) nicht so strapazierf\u00e4hig wie das Therapie-Polster und werden nach dem Gebrauch komprimiert, sollten aber nach einer Ruhepause wieder ihre urspr\u00fcngliche Gr\u00f6\u00dfe annehmen. Sie k\u00f6nnen auch in Verbindung mit jedem anderen Polster verwendet werden<\/li>\n<\/ul>\n<p><strong>Ausstattung:<\/strong><\/p>\n<p><img decoding=\"async\" class=\"alignnone wp-image-27541 size-full\" src=\"https:\/\/hufschuhanzieher.de\/wp-content\/uploads\/2025\/08\/Scoot-Boot-TheraRide_Ausstattung.jpg\" alt=\"\" width=\"853\" height=\"853\" title=\"\" srcset=\"https:\/\/hufschuhanzieher.de\/wp-content\/uploads\/2025\/08\/Scoot-Boot-TheraRide_Ausstattung.jpg 853w, https:\/\/hufschuhanzieher.de\/wp-content\/uploads\/2025\/08\/Scoot-Boot-TheraRide_Ausstattung-300x300.jpg 300w, https:\/\/hufschuhanzieher.de\/wp-content\/uploads\/2025\/08\/Scoot-Boot-TheraRide_Ausstattung-150x150.jpg 150w, https:\/\/hufschuhanzieher.de\/wp-content\/uploads\/2025\/08\/Scoot-Boot-TheraRide_Ausstattung-768x768.jpg 768w, https:\/\/hufschuhanzieher.de\/wp-content\/uploads\/2025\/08\/Scoot-Boot-TheraRide_Ausstattung-12x12.jpg 12w, https:\/\/hufschuhanzieher.de\/wp-content\/uploads\/2025\/08\/Scoot-Boot-TheraRide_Ausstattung-410x410.jpg 410w, https:\/\/hufschuhanzieher.de\/wp-content\/uploads\/2025\/08\/Scoot-Boot-TheraRide_Ausstattung-600x600.jpg 600w, https:\/\/hufschuhanzieher.de\/wp-content\/uploads\/2025\/08\/Scoot-Boot-TheraRide_Ausstattung-100x100.jpg 100w\" sizes=\"(max-width: 853px) 100vw, 853px\" \/><br \/>\n<strong>Zubeh\u00f6r:<\/strong><br \/>\n<img decoding=\"async\" class=\"alignnone wp-image-27540 size-full\" src=\"https:\/\/hufschuhanzieher.de\/wp-content\/uploads\/2025\/08\/Scoot-Boot-TheraRide_-Zubehoer.jpg\" alt=\"\" width=\"853\" height=\"853\" title=\"\" srcset=\"https:\/\/hufschuhanzieher.de\/wp-content\/uploads\/2025\/08\/Scoot-Boot-TheraRide_-Zubehoer.jpg 853w, https:\/\/hufschuhanzieher.de\/wp-content\/uploads\/2025\/08\/Scoot-Boot-TheraRide_-Zubehoer-300x300.jpg 300w, https:\/\/hufschuhanzieher.de\/wp-content\/uploads\/2025\/08\/Scoot-Boot-TheraRide_-Zubehoer-150x150.jpg 150w, https:\/\/hufschuhanzieher.de\/wp-content\/uploads\/2025\/08\/Scoot-Boot-TheraRide_-Zubehoer-768x768.jpg 768w, https:\/\/hufschuhanzieher.de\/wp-content\/uploads\/2025\/08\/Scoot-Boot-TheraRide_-Zubehoer-12x12.jpg 12w, https:\/\/hufschuhanzieher.de\/wp-content\/uploads\/2025\/08\/Scoot-Boot-TheraRide_-Zubehoer-410x410.jpg 410w, https:\/\/hufschuhanzieher.de\/wp-content\/uploads\/2025\/08\/Scoot-Boot-TheraRide_-Zubehoer-600x600.jpg 600w, https:\/\/hufschuhanzieher.de\/wp-content\/uploads\/2025\/08\/Scoot-Boot-TheraRide_-Zubehoer-100x100.jpg 100w\" sizes=\"(max-width: 853px) 100vw, 853px\" \/><\/p>\n<h4>Video: <a href=\"https:\/\/youtube.com\/shorts\/qeElqZmWOkk?si=o0yNE8gczplqlKEW\" target=\"_blank\" rel=\"noopener nofollow\">Scoot Boot TheraRide Review<\/a><\/h4>\n<h4>Video: <a href=\"https:\/\/youtu.be\/1RbR48ofXds?si=IeZwGgVCqIkffq4I\" target=\"_blank\" rel=\"noopener nofollow\">Mudstraps durch Hitze verl\u00e4ngern<\/a><\/h4>\n<h4><strong><span style=\"color: #339966;\"><a style=\"color: #339966;\" href=\"https:\/\/hufschuhanzieher.de\/zubehoer-hufschuhe\/scoot-boots-zubehoer\"><span style=\"color: #008000;\">Accessories Scoot Boot:<\/span><\/a><\/span><\/strong><\/h4>","protected":false},"excerpt":{"rendered":"<h3><strong>Price PER PAIR<\/strong><\/h3>\n<p>Scoot Boot Theraride f\u00fcr Pferde zur therapeutischen Unterst\u00fctzung bei und nach Problemen im\u00a0 Hufbereich<\/p>","protected":false},"featured_media":27542,"template":"","meta":[],"product_brand":[1064],"product_cat":[137,37,324,15],"product_tag":[1068,848,358,367,1065,1066,523,713,522,1067,671,313,1030],"class_list":{"0":"post-27515","1":"product","2":"type-product","3":"status-publish","4":"has-post-thumbnail","6":"product_brand-scoot-boot","7":"product_cat-scoot-boots","8":"product_cat-hufschuh","9":"product_cat-nichttesten","10":"product_cat-unkategorisiert","11":"product_tag-aeltere-pferde","12":"product_tag-arthritis","13":"product_tag-esel","14":"product_tag-hoof-rehabilitation","15":"product_tag-hufknorpelverknoecherung","16":"product_tag-hufrollenerkrankung","17":"product_tag-maultier-maulesel-muli","18":"product_tag-mudstrap","19":"product_tag-pony-ponie","20":"product_tag-ringknochen-ostitis","21":"product_tag-schwarz","22":"product_tag-therapieschuh","23":"product_tag-theraride","25":"first","26":"instock","27":"featured","28":"taxable","29":"shipping-taxable","30":"purchasable","31":"product-type-variable"},"_links":{"self":[{"href":"https:\/\/hufschuhanzieher.de\/en\/wp-json\/wp\/v2\/product\/27515","targetHints":{"allow":["GET"]}}],"collection":[{"href":"https:\/\/hufschuhanzieher.de\/en\/wp-json\/wp\/v2\/product"}],"about":[{"href":"https:\/\/hufschuhanzieher.de\/en\/wp-json\/wp\/v2\/types\/product"}],"version-history":[{"count":2,"href":"https:\/\/hufschuhanzieher.de\/en\/wp-json\/wp\/v2\/product\/27515\/revisions"}],"predecessor-version":[{"id":27550,"href":"https:\/\/hufschuhanzieher.de\/en\/wp-json\/wp\/v2\/product\/27515\/revisions\/27550"}],"wp:featuredmedia":[{"embeddable":true,"href":"https:\/\/hufschuhanzieher.de\/en\/wp-json\/wp\/v2\/media\/27542"}],"wp:attachment":[{"href":"https:\/\/hufschuhanzieher.de\/en\/wp-json\/wp\/v2\/media?parent=27515"}],"wp:term":[{"taxonomy":"product_brand","embeddable":true,"href":"https:\/\/hufschuhanzieher.de\/en\/wp-json\/wp\/v2\/product_brand?post=27515"},{"taxonomy":"product_cat","embeddable":true,"href":"https:\/\/hufschuhanzieher.de\/en\/wp-json\/wp\/v2\/product_cat?post=27515"},{"taxonomy":"product_tag","embeddable":true,"href":"https:\/\/hufschuhanzieher.de\/en\/wp-json\/wp\/v2\/product_tag?post=27515"}],"curies":[{"name":"wp","href":"https:\/\/api.w.org\/{rel}","templated":true}]}}