{"id":26380,"date":"2025-06-12T19:20:44","date_gmt":"2025-06-12T17:20:44","guid":{"rendered":"https:\/\/hufschuhanzieher.de\/?post_type=product&#038;p=26380"},"modified":"2025-10-10T11:09:22","modified_gmt":"2025-10-10T09:09:22","slug":"scoot-boot-multipurpose-gaiter","status":"publish","type":"product","link":"https:\/\/hufschuhanzieher.de\/en\/scoot-boot-multipurpose-gaiter\/","title":{"rendered":"Scoot Boot MultiPurpose Gaiter"},"content":{"rendered":"<div class=\"imTAJustify\">\n<div class=\"imTALeft\">\n<p>Die MultiPurpose Gaiter k\u00f6nnen mit allen Scootboot-Modellen verwendet werden, um zus\u00e4tzliche Sicherheit und Schutz f\u00fcr den Fessel- und Ballenbereich zu bieten. Die MultiPurpose Gaiter bieten einen sicheren Sitz mit oder ohne Mud Straps und sind aus hochwertigem, wasserdichtem Material gefertigt, das sich der Form des Ballens anpasst.<\/p>\n<p>Hinweis &#8211; Die MultiPurpose Gaiter sind nicht f\u00fcr die Weide geeignet.<\/p>\n<p><strong>Which size do I need?<\/strong><\/p>\n<p><img fetchpriority=\"high\" decoding=\"async\" class=\"size-medium wp-image-26395 alignnone\" src=\"https:\/\/hufschuhanzieher.de\/wp-content\/uploads\/2025\/06\/Scootboot_MultiPurpose-Gaiter-sizeChart-300x300.png\" alt=\"\" width=\"300\" height=\"300\" title=\"\" srcset=\"https:\/\/hufschuhanzieher.de\/wp-content\/uploads\/2025\/06\/Scootboot_MultiPurpose-Gaiter-sizeChart-300x300.png 300w, https:\/\/hufschuhanzieher.de\/wp-content\/uploads\/2025\/06\/Scootboot_MultiPurpose-Gaiter-sizeChart-150x150.png 150w, https:\/\/hufschuhanzieher.de\/wp-content\/uploads\/2025\/06\/Scootboot_MultiPurpose-Gaiter-sizeChart-12x12.png 12w, https:\/\/hufschuhanzieher.de\/wp-content\/uploads\/2025\/06\/Scootboot_MultiPurpose-Gaiter-sizeChart-410x410.png 410w, https:\/\/hufschuhanzieher.de\/wp-content\/uploads\/2025\/06\/Scootboot_MultiPurpose-Gaiter-sizeChart-100x100.png 100w, https:\/\/hufschuhanzieher.de\/wp-content\/uploads\/2025\/06\/Scootboot_MultiPurpose-Gaiter-sizeChart.png 500w\" sizes=\"(max-width: 300px) 100vw, 300px\" \/><\/p>\n<div class=\"rte\">\n<div>\n<p><span style=\"color: #003300;\"><strong>Video:<\/strong><\/span> <strong><a title=\"Multipurpose Gaiter on Adjust and Classic Scoots\" href=\"https:\/\/youtu.be\/q1epmn-9cfQ?si=D1PYBPazYi3mexus\" target=\"_blank\" rel=\"noopener nofollow\"><span style=\"color: #008000;\">MultiPurpose Gaiter on Adjust and Classic Scoots<\/span><\/a><\/strong><br \/>\n<strong>oder: <\/strong><a href=\"https:\/\/youtube.com\/shorts\/CV7O9xkxnQw?si=60p2eulI20nBhxq8\" target=\"_blank\" rel=\"noopener nofollow\"><span style=\"color: #008000;\"><strong>How to put on MultiPurpose Gaiter<\/strong><\/span><\/a><\/p>\n<p><strong><span style=\"color: #008000;\">further Scoot Boot Accessories<\/span><\/strong><\/p>\n<\/div>\n<\/div>\n<\/div>\n<\/div>","protected":false},"excerpt":{"rendered":"<div>\n<p><strong>Price PER PAIR<\/strong><\/p>\n<\/div>\n<div><span class=\"fs10lh1-5\">Die MultiPurpose Gaiter bieten einen sicheren Sitz mit oder ohne Mud Straps<\/span><\/div>","protected":false},"featured_media":26387,"template":"","meta":[],"product_brand":[1064],"product_cat":[214,15,35],"product_tag":[1029,259,1027,240,173,1030,319],"class_list":{"0":"post-26380","1":"product","2":"type-product","3":"status-publish","4":"has-post-thumbnail","6":"product_brand-scoot-boot","7":"product_cat-scoot-boots-zubehoer","8":"product_cat-unkategorisiert","9":"product_cat-zubehoer-hufschuhe","10":"product_tag-adjust-enduro","11":"product_tag-ballenschutz","12":"product_tag-classic","13":"product_tag-fesselschutz","14":"product_tag-scoot-boot","15":"product_tag-theraride","16":"product_tag-wanderritt","18":"first","19":"instock","20":"taxable","21":"shipping-taxable","22":"purchasable","23":"product-type-variable"},"_links":{"self":[{"href":"https:\/\/hufschuhanzieher.de\/en\/wp-json\/wp\/v2\/product\/26380","targetHints":{"allow":["GET"]}}],"collection":[{"href":"https:\/\/hufschuhanzieher.de\/en\/wp-json\/wp\/v2\/product"}],"about":[{"href":"https:\/\/hufschuhanzieher.de\/en\/wp-json\/wp\/v2\/types\/product"}],"version-history":[{"count":2,"href":"https:\/\/hufschuhanzieher.de\/en\/wp-json\/wp\/v2\/product\/26380\/revisions"}],"predecessor-version":[{"id":27181,"href":"https:\/\/hufschuhanzieher.de\/en\/wp-json\/wp\/v2\/product\/26380\/revisions\/27181"}],"wp:featuredmedia":[{"embeddable":true,"href":"https:\/\/hufschuhanzieher.de\/en\/wp-json\/wp\/v2\/media\/26387"}],"wp:attachment":[{"href":"https:\/\/hufschuhanzieher.de\/en\/wp-json\/wp\/v2\/media?parent=26380"}],"wp:term":[{"taxonomy":"product_brand","embeddable":true,"href":"https:\/\/hufschuhanzieher.de\/en\/wp-json\/wp\/v2\/product_brand?post=26380"},{"taxonomy":"product_cat","embeddable":true,"href":"https:\/\/hufschuhanzieher.de\/en\/wp-json\/wp\/v2\/product_cat?post=26380"},{"taxonomy":"product_tag","embeddable":true,"href":"https:\/\/hufschuhanzieher.de\/en\/wp-json\/wp\/v2\/product_tag?post=26380"}],"curies":[{"name":"wp","href":"https:\/\/api.w.org\/{rel}","templated":true}]}}