{"id":25304,"date":"2025-04-10T20:25:42","date_gmt":"2025-04-10T18:25:42","guid":{"rendered":"https:\/\/hufschuhanzieher.de\/?post_type=product&#038;p=25304"},"modified":"2025-12-15T13:26:18","modified_gmt":"2025-12-15T12:26:18","slug":"scoot-boot-theraride-therapy-pads","status":"publish","type":"product","link":"https:\/\/hufschuhanzieher.de\/en\/scoot-boot-theraride-therapy-pads\/","title":{"rendered":"Scoot Boot TheraRide Therapy Pads"},"content":{"rendered":"<div class=\"imTAJustify\">\n<div class=\"imTALeft\">\n<h3>Scoot Boot TheraRide Therapy Pads aus TPU<\/h3>\n<div>\n<p>Das TheraRide Therapy Pad wurde f\u00fcr eine \u00fcberragende Sto\u00dfd\u00e4mpfung entwickelt und ist ideal f\u00fcr Pferde, die unter ersch\u00fctterungsbedingten Hufbeschwerden leiden. Das TheraRide Therapy Pad ist zwar etwas schwerer als das TheraRide Standard Pad, aber seine fortschrittliche Konstruktion bietet eine au\u00dfergew\u00f6hnliche Sto\u00dfd\u00e4mpfung und sorgt f\u00fcr zus\u00e4tzlichen Komfort und Unterst\u00fctzung. Im Gegensatz zu vielen anderen Pads, die sich schnell abnutzen und h\u00e4ufig ersetzt werden m\u00fcssen, ist das TheraRide Therapy Pad auf lange Haltbarkeit ausgelegt. Seine verl\u00e4ngerte Lebensdauer f\u00fchrt zu erheblichen Kosteneinsparungen und macht es zu einer zuverl\u00e4ssigen und wirtschaftlichen Wahl f\u00fcr die laufende Hufpflege.<\/p>\n<p>Packung enth\u00e4lt 2 Pads.<\/p>\n<h4><\/h4>\n<h4><a href=\"https:\/\/hufschuhanzieher.de\/zubehoer-hufschuhe\/scoot-boots-zubehoer\"><span style=\"color: #339966;\"><strong>further Scoot Boot Accessories<\/strong><\/span><\/a><\/h4>\n<\/div>\n<\/div>\n<\/div>","protected":false},"excerpt":{"rendered":"<p><strong>Price PER PAIR<\/strong><\/p>\n<p><span class=\"fs10lh1-5\">Scoot Boot TheraRide Therapy Pads sind i<\/span><span class=\"fs10lh1-5\">n den Gr\u00f6\u00dfen 0-5 erh\u00e4ltlich<\/span><\/p>","protected":false},"featured_media":25302,"template":"","meta":[],"product_brand":[1064],"product_cat":[214,1047,35,15],"product_tag":[1029,541,540,173,1030],"class_list":{"0":"post-25304","1":"product","2":"type-product","3":"status-publish","4":"has-post-thumbnail","6":"product_brand-scoot-boot","7":"product_cat-scoot-boots-zubehoer","8":"product_cat-sale","9":"product_cat-zubehoer-hufschuhe","10":"product_cat-unkategorisiert","11":"product_tag-adjust-enduro","12":"product_tag-anpassung","13":"product_tag-daempfung","14":"product_tag-scoot-boot","15":"product_tag-theraride","17":"first","18":"instock","19":"sale","20":"taxable","21":"shipping-taxable","22":"purchasable","23":"product-type-variable"},"_links":{"self":[{"href":"https:\/\/hufschuhanzieher.de\/en\/wp-json\/wp\/v2\/product\/25304","targetHints":{"allow":["GET"]}}],"collection":[{"href":"https:\/\/hufschuhanzieher.de\/en\/wp-json\/wp\/v2\/product"}],"about":[{"href":"https:\/\/hufschuhanzieher.de\/en\/wp-json\/wp\/v2\/types\/product"}],"version-history":[{"count":2,"href":"https:\/\/hufschuhanzieher.de\/en\/wp-json\/wp\/v2\/product\/25304\/revisions"}],"predecessor-version":[{"id":25307,"href":"https:\/\/hufschuhanzieher.de\/en\/wp-json\/wp\/v2\/product\/25304\/revisions\/25307"}],"wp:featuredmedia":[{"embeddable":true,"href":"https:\/\/hufschuhanzieher.de\/en\/wp-json\/wp\/v2\/media\/25302"}],"wp:attachment":[{"href":"https:\/\/hufschuhanzieher.de\/en\/wp-json\/wp\/v2\/media?parent=25304"}],"wp:term":[{"taxonomy":"product_brand","embeddable":true,"href":"https:\/\/hufschuhanzieher.de\/en\/wp-json\/wp\/v2\/product_brand?post=25304"},{"taxonomy":"product_cat","embeddable":true,"href":"https:\/\/hufschuhanzieher.de\/en\/wp-json\/wp\/v2\/product_cat?post=25304"},{"taxonomy":"product_tag","embeddable":true,"href":"https:\/\/hufschuhanzieher.de\/en\/wp-json\/wp\/v2\/product_tag?post=25304"}],"curies":[{"name":"wp","href":"https:\/\/api.w.org\/{rel}","templated":true}]}}