{"id":25109,"date":"2025-03-28T12:38:18","date_gmt":"2025-03-28T11:38:18","guid":{"rendered":"https:\/\/hufschuhanzieher.de\/?post_type=product&#038;p=25109"},"modified":"2025-09-11T17:38:10","modified_gmt":"2025-09-11T15:38:10","slug":"scoot-boot-theraride-standard-pads-kopie","status":"publish","type":"product","link":"https:\/\/hufschuhanzieher.de\/en\/scoot-boot-theraride-standard-pads-kopie\/","title":{"rendered":"Scoot Boot TheraRide Standard Pads"},"content":{"rendered":"<div class=\"imTAJustify\">\n<div class=\"imTALeft\">\n<h3>Scoot Boot TheraRide Standard Pads<\/h3>\n<div>\n<p>Das aus hochdichtem EVA-Schaumstoff gefertigte TheraRide Standard Pad ist eine leichte und dennoch haltbare L\u00f6sung f\u00fcr Pferde, die eine leichte Unterst\u00fctzung ben\u00f6tigen. Es ist so konzipiert, dass es sich w\u00e4hrend des Reitens allm\u00e4hlich zusammenzieht und innerhalb weniger Tage wieder seine urspr\u00fcngliche Dicke annimmt. F\u00fcr diejenigen, die dieses Pad f\u00fcr leichte Ritte verwenden, empfehlen wir den Kauf eines zweiten Paares, um den Austausch zu erleichtern und gleichbleibenden Komfort und Leistung zu gew\u00e4hrleisten.<\/p>\n<p>Packung enth\u00e4lt 2 Pads.<\/p>\n<h4><\/h4>\n<h4><a href=\"https:\/\/hufschuhanzieher.de\/zubehoer-hufschuhe\/scoot-boots-zubehoer\"><span style=\"color: #339966;\"><strong>further Scoot Boot Accessories<\/strong><\/span><\/a><\/h4>\n<\/div>\n<\/div>\n<\/div>","protected":false},"excerpt":{"rendered":"<p><strong>Price PER PAIR<\/strong><\/p>\n<p><span class=\"fs10lh1-5\">Scoot Boot TheraRide Standard Pads sind i<\/span><span class=\"fs10lh1-5\">n den Gr\u00f6\u00dfen 0-5 erh\u00e4ltlich<\/span><\/p>","protected":false},"featured_media":25301,"template":"","meta":[],"product_brand":[1064],"product_cat":[214,35,15],"product_tag":[1029,541,540,173,1030],"class_list":{"0":"post-25109","1":"product","2":"type-product","3":"status-publish","4":"has-post-thumbnail","6":"product_brand-scoot-boot","7":"product_cat-scoot-boots-zubehoer","8":"product_cat-zubehoer-hufschuhe","9":"product_cat-unkategorisiert","10":"product_tag-adjust-enduro","11":"product_tag-anpassung","12":"product_tag-daempfung","13":"product_tag-scoot-boot","14":"product_tag-theraride","16":"first","17":"instock","18":"taxable","19":"shipping-taxable","20":"purchasable","21":"product-type-variable"},"_links":{"self":[{"href":"https:\/\/hufschuhanzieher.de\/en\/wp-json\/wp\/v2\/product\/25109","targetHints":{"allow":["GET"]}}],"collection":[{"href":"https:\/\/hufschuhanzieher.de\/en\/wp-json\/wp\/v2\/product"}],"about":[{"href":"https:\/\/hufschuhanzieher.de\/en\/wp-json\/wp\/v2\/types\/product"}],"version-history":[{"count":2,"href":"https:\/\/hufschuhanzieher.de\/en\/wp-json\/wp\/v2\/product\/25109\/revisions"}],"predecessor-version":[{"id":25308,"href":"https:\/\/hufschuhanzieher.de\/en\/wp-json\/wp\/v2\/product\/25109\/revisions\/25308"}],"wp:featuredmedia":[{"embeddable":true,"href":"https:\/\/hufschuhanzieher.de\/en\/wp-json\/wp\/v2\/media\/25301"}],"wp:attachment":[{"href":"https:\/\/hufschuhanzieher.de\/en\/wp-json\/wp\/v2\/media?parent=25109"}],"wp:term":[{"taxonomy":"product_brand","embeddable":true,"href":"https:\/\/hufschuhanzieher.de\/en\/wp-json\/wp\/v2\/product_brand?post=25109"},{"taxonomy":"product_cat","embeddable":true,"href":"https:\/\/hufschuhanzieher.de\/en\/wp-json\/wp\/v2\/product_cat?post=25109"},{"taxonomy":"product_tag","embeddable":true,"href":"https:\/\/hufschuhanzieher.de\/en\/wp-json\/wp\/v2\/product_tag?post=25109"}],"curies":[{"name":"wp","href":"https:\/\/api.w.org\/{rel}","templated":true}]}}