{"id":24846,"date":"2025-03-07T17:12:43","date_gmt":"2025-03-07T16:12:43","guid":{"rendered":"https:\/\/hufschuhanzieher.de\/?post_type=product&#038;p=24846"},"modified":"2025-09-11T17:19:31","modified_gmt":"2025-09-11T15:19:31","slug":"gk-therapieschuhe-kevlar","status":"publish","type":"product","link":"https:\/\/hufschuhanzieher.de\/en\/gk-therapieschuhe-kevlar\/","title":{"rendered":"GK Therapieschuhe Kevlar"},"content":{"rendered":"<div>\n<div class=\"elementor-element elementor-element-1309438 elementor-widget elementor-widget-woocommerce-product-short-description\" data-id=\"1309438\" data-element_type=\"widget\" data-widget_type=\"woocommerce-product-short-description.default\">\n<div class=\"elementor-widget-container\">\n<div class=\"woocommerce-product-details__short-description\">\n<p class=\"p1\"><strong>Dieser GK\u00b4s Hufschuh besteht aus einem speziellen Neopren und wurde zus\u00e4tzlich mit Kevlar verst\u00e4rkt.<\/strong><\/p>\n<p class=\"p1\">Kevlar ist ein Material, das aufgrund seiner Vielseitigkeit und Robustheit sehr vielseitig einsetzbar ist. Es ist sehr leicht und \u00e4u\u00dferst zug- und sto\u00dffest. Einfach perfekt, um die Haltbarkeit des GK\u00b4s Hufschuh zu verl\u00e4ngern und im Einsatz als Kranken- und Therapiehufschuh im Notfall zu helfen. Er ist ideal geeignet zum Sauberhalten von Verb\u00e4nden oder zum Schutz des Hufes bei vielen Hufproblemen.<\/p>\n<p class=\"p1\">Durch die verwendeten Materialien ist er sehr leicht, scheuert nicht und kann l\u00e4ngere Zeit am Huf getragen werden. Er wird von den Pferden problemlos angenommen. Der Hufschuh ist sehr leicht an- und auszuziehen und wird durch zwei Klettverschl\u00fcsse an der R\u00fcckseite verschlossen.<\/p>\n<p class=\"p1\">Im Lieferumfang enthalten ist eine Einlagesohle aus Naturkautschuk. Die Verwendung dieser Einlagesohle ist wichtig, um die Lebensdauer des Hufschuhs zu verl\u00e4ngern. Diese sollte von Zeit zu Zeit ausgewechselt werden!<\/p>\n<ul class=\"ul1\">\n<li class=\"li3\"><span class=\"s2\">Schutz bei Hufkrankheiten und Verletzungen<\/span><\/li>\n<li class=\"li3\"><span class=\"s2\">h\u00e4lt Verb\u00e4nde trocken und sauber<\/span><\/li>\n<li class=\"li3\"><span class=\"s2\">verwendbar als Transportschutz<\/span><\/li>\n<li class=\"li3\"><span class=\"s2\">f\u00fcr Stall, Paddock und Weide<\/span><\/li>\n<li class=\"li3\"><span class=\"s2\">bei Verlust eines Hufeisens im Notfall als Reitschuh \u201elight\u201c einsetzbar<\/span><\/li>\n<li class=\"li3\"><span class=\"s2\">Waschbar bei 30\u00b0C<\/span><\/li>\n<li class=\"li3\"><span class=\"s2\">wiederverwendbar<\/span><\/li>\n<\/ul>\n<p><strong>Derzeit nur in Gr\u00f6\u00dfe XL und Farbe schwarz erh\u00e4ltlich!!<\/strong><\/p>\n<\/div>\n<\/div>\n<\/div>\n<\/div>\n<div><span class=\"fs10lh1-5\">\"GK\" stands for G\u00fcnther K\u00f6hler, the developer of these outstanding hoof boots. <\/span><\/div>\n<div class=\"imTAJustify\"><span class=\"imTALeft fs10lh1-5\">Due to the material and the lightness of the boot, it is easily accepted by the horses after a short time.<\/span><\/div>\n<div class=\"imTAJustify\"><span class=\"imTALeft fs10lh1-5\">The boot is suitable for hoof recovery processes, temporary time-outs and for short distances in trot or walk.<\/span><\/div>\n<div class=\"imTAJustify\"><span class=\"imTALeft fs10lh1-5\">In laminitis it serves as a container to keep the ice on the hoof for cooling.  In this case please order one size larger.<\/span><\/div>\n<div class=\"imTAJustify\"><span class=\"imTALeft fs10lh1-5\">The <a href=\"https:\/\/hufschuhanzieher.de\/gk-rubber-pads\" target=\"_blank\" rel=\"noopener\">GK's Rubber Pads<\/a> should be replaced from time to time.<\/span><\/div>\n<p>&nbsp;<\/p>\n<div>\n<h3>Size chart<\/h3>\n<div>\n<table style=\"max-width: 500px;\" width=\"501\">\n<tbody>\n<tr>\n<td width=\"57\"><strong><em>Size<\/em><\/strong><\/td>\n<td width=\"115\"><strong><em>Hoof Width<\/em><\/strong><\/td>\n<td colspan=\"3\" width=\"113\"><strong><em>Hoof Length<\/em><\/strong><\/td>\n<td colspan=\"3\" width=\"113\"><strong><em>Colour<\/em><\/strong><\/td>\n<\/tr>\n<tr>\n<td width=\"57\"><span style=\"color: #ff0000;\">XS<\/span><\/td>\n<td width=\"115\">80 mm<\/td>\n<td colspan=\"3\" width=\"113\">80 mm<\/td>\n<td colspan=\"3\" width=\"250\"><span style=\"color: #ff0000;\">blue, green, red<\/span><\/td>\n<\/tr>\n<tr>\n<td width=\"57\"><span style=\"color: #ff0000;\">S<\/span><\/td>\n<td width=\"115\">100 mm<\/td>\n<td colspan=\"3\" width=\"113\">110 mm<\/td>\n<td colspan=\"3\" width=\"250\"><span style=\"color: #ff0000;\">blau, gr\u00fcn, pink, schwarz, violett,<\/span><\/td>\n<\/tr>\n<tr>\n<td width=\"57\"><span style=\"color: #ff0000;\">M<\/span><\/td>\n<td width=\"115\">110 mm<\/td>\n<td colspan=\"3\" width=\"113\">130 mm<\/td>\n<td colspan=\"3\" width=\"250\"><span style=\"color: #ff0000;\">blau, gr\u00fcn, rot, schwarz<\/span><\/td>\n<\/tr>\n<tr>\n<td width=\"57\"><span style=\"color: #ff0000;\">L<\/span><\/td>\n<td width=\"115\">130 mm<\/td>\n<td colspan=\"3\" width=\"113\">150 mm<\/td>\n<td colspan=\"3\" width=\"250\"><span style=\"color: #ff0000;\">blau, gr\u00fcn, rot, schwarz<br \/>\n<\/span><\/td>\n<\/tr>\n<tr>\n<td width=\"57\">XL<\/td>\n<td width=\"115\">140 mm<\/td>\n<td colspan=\"3\" width=\"113\">160 mm<\/td>\n<td colspan=\"3\" width=\"250\"><span style=\"color: #ff0000;\">blau, gr\u00fcn, rot,<\/span> black<\/td>\n<\/tr>\n<\/tbody>\n<\/table>\n<\/div>\n<\/div>\n<p>Link(fb): <a href=\"https:\/\/de-de.facebook.com\/HufschuhanzieherMicheleMesche\/videos\/511530642924991\/\" target=\"_blank\" rel=\"noopener nofollow\"><span style=\"color: #993366;\">Fits cattle, too...<\/span><strong><span style=\"color: #993366;\">.<\/span><\/strong><\/a><\/p>\n<h4>Video: <a href=\"https:\/\/youtu.be\/adefb9A03kM?feature=shared\" target=\"_blank\" rel=\"noopener nofollow\">GK Therapieschuhe richtig anziehen<\/a><\/h4>\n<h4><a href=\"https:\/\/hufschuhanzieher.de\/hufschuh\/\"><span style=\"color: #339966;\"><strong>further hoof boots<\/strong><\/span><\/a><\/h4>","protected":false},"excerpt":{"rendered":"<p><span class=\"fs11lh1-5 cf2\"><strong>Dieser GK\u00b4s Hufschuh besteht aus einem speziellen Neopren und wurde zus\u00e4tzlich mit Kevlar verst\u00e4rkt.<\/strong><br \/>\nDerzeit nur in XL schwarz\u00a0 verf\u00fcgbar. Mit Einlage-Sohle.<br \/>\n<\/span><\/p>","protected":false},"featured_media":24890,"template":"","meta":[],"product_brand":[1075],"product_cat":[323,15,37,156,324],"product_tag":[175,317,315,396,314,321,316,313],"class_list":{"0":"post-24846","1":"product","2":"type-product","3":"status-publish","4":"has-post-thumbnail","6":"product_brand-gks","7":"product_cat-gesundheitsschuh-krankenschuh","8":"product_cat-unkategorisiert","9":"product_cat-hufschuh","10":"product_cat-gk","11":"product_cat-nichttesten","12":"product_tag-gk","13":"product_tag-hufabszess","14":"product_tag-hufrehe","15":"product_tag-klauenschuh","16":"product_tag-krankenschuh","17":"product_tag-rehabilitation","18":"product_tag-strahlfaeule","19":"product_tag-therapieschuh","21":"first","22":"instock","23":"taxable","24":"shipping-taxable","25":"purchasable","26":"product-type-variable","27":"has-default-attributes"},"_links":{"self":[{"href":"https:\/\/hufschuhanzieher.de\/en\/wp-json\/wp\/v2\/product\/24846","targetHints":{"allow":["GET"]}}],"collection":[{"href":"https:\/\/hufschuhanzieher.de\/en\/wp-json\/wp\/v2\/product"}],"about":[{"href":"https:\/\/hufschuhanzieher.de\/en\/wp-json\/wp\/v2\/types\/product"}],"version-history":[{"count":2,"href":"https:\/\/hufschuhanzieher.de\/en\/wp-json\/wp\/v2\/product\/24846\/revisions"}],"predecessor-version":[{"id":24892,"href":"https:\/\/hufschuhanzieher.de\/en\/wp-json\/wp\/v2\/product\/24846\/revisions\/24892"}],"wp:featuredmedia":[{"embeddable":true,"href":"https:\/\/hufschuhanzieher.de\/en\/wp-json\/wp\/v2\/media\/24890"}],"wp:attachment":[{"href":"https:\/\/hufschuhanzieher.de\/en\/wp-json\/wp\/v2\/media?parent=24846"}],"wp:term":[{"taxonomy":"product_brand","embeddable":true,"href":"https:\/\/hufschuhanzieher.de\/en\/wp-json\/wp\/v2\/product_brand?post=24846"},{"taxonomy":"product_cat","embeddable":true,"href":"https:\/\/hufschuhanzieher.de\/en\/wp-json\/wp\/v2\/product_cat?post=24846"},{"taxonomy":"product_tag","embeddable":true,"href":"https:\/\/hufschuhanzieher.de\/en\/wp-json\/wp\/v2\/product_tag?post=24846"}],"curies":[{"name":"wp","href":"https:\/\/api.w.org\/{rel}","templated":true}]}}