{"id":2464,"date":"2019-11-19T12:25:18","date_gmt":"2019-11-19T11:25:18","guid":{"rendered":"https:\/\/hufschuhanzieher.de\/?post_type=product&#038;p=2464"},"modified":"2025-07-29T13:13:55","modified_gmt":"2025-07-29T11:13:55","slug":"geschenk-gutschein","status":"publish","type":"product","link":"https:\/\/hufschuhanzieher.de\/en\/geschenk-gutschein\/","title":{"rendered":"Coupon"},"content":{"rendered":"<div><b class=\"fs11lh1-5\">And this is how it works:<\/b><\/div>\n<div class=\"imTALeft\"><span class=\"fs10lh1-5\">W\u00e4hlen Sie einen Gutscheinbetrag und den gew\u00fcnschten Versand aus.<\/span><\/div>\n<div class=\"imTALeft\"><span class=\"fs10lh1-5\"><b>Versand per Brief<\/b><\/span><span class=\"fs10lh1-5\">: W\u00e4hlen Sie w\u00e4hrend des Kaufvorganges den Versand per Brief aus und tragen Sie, ggf. den Namen und die Anschrift des Empf\u00e4ngers in das Feld &#8222;Abweichende Lieferanschrift&#8220; ein. (Ansonsten versenden wir an Ihre Adresse)<\/span><\/div>\n<div class=\"imTALeft\"><b><span class=\"fs10lh1-5\">Versand per Email:\u00a0<\/span><\/b><span class=\"fs10lh1-5\">W\u00e4hlen Sie w\u00e4hrend des Kaufvorganges den Versand per Email aus.<\/span><b><span class=\"fs10lh1-5\">\u00a0<\/span><\/b><span class=\"fs10lh1-5\">The\u00a0<\/span><span class=\"fs10lh1-5\">Gutschein-Code wird per Email zugesandt, sobald der gew\u00fcnschte Betrag gutgeschrieben wurde. Wir versenden ausschlie\u00dflich an Ihre Emailadresse. Sie k\u00f6nnen den Code dann auf beliebige Weise verschenken.<\/span><\/div>\n<div class=\"imTALeft\"><span class=\"fs10lh1-5\"><b><span class=\"cf2\">Bitte beachten<\/span><\/b><\/span><span class=\"fs10lh1-5\">: Der Gutschein Code gilt zur einmaligen Verrechnung w\u00e4hrend des Einkaufes auf Hufschuhanzieher.de! Nicht verbrauchte Betr\u00e4ge k\u00f6nnen weder verrechnet noch ausbezahlt werden! Bei Versand per Brief m\u00fcssen wir einen Versandkostenbetrag berechnen !<\/span><\/div>","protected":false},"excerpt":{"rendered":"<p>Geschenk Gutschein 25-200\u20ac<\/p>","protected":false},"featured_media":15206,"template":"","meta":[],"product_brand":[],"product_cat":[545,15,324],"product_tag":[228,227],"class_list":{"0":"post-2464","1":"product","2":"type-product","3":"status-publish","4":"has-post-thumbnail","6":"product_cat-sonstiges","7":"product_cat-unkategorisiert","8":"product_cat-nichttesten","9":"product_tag-geschenk","10":"product_tag-gutschein","11":"product_shipping_class-brief","13":"first","14":"instock","15":"taxable","16":"shipping-taxable","17":"purchasable","18":"product-type-variable"},"_links":{"self":[{"href":"https:\/\/hufschuhanzieher.de\/en\/wp-json\/wp\/v2\/product\/2464","targetHints":{"allow":["GET"]}}],"collection":[{"href":"https:\/\/hufschuhanzieher.de\/en\/wp-json\/wp\/v2\/product"}],"about":[{"href":"https:\/\/hufschuhanzieher.de\/en\/wp-json\/wp\/v2\/types\/product"}],"version-history":[{"count":2,"href":"https:\/\/hufschuhanzieher.de\/en\/wp-json\/wp\/v2\/product\/2464\/revisions"}],"predecessor-version":[{"id":27137,"href":"https:\/\/hufschuhanzieher.de\/en\/wp-json\/wp\/v2\/product\/2464\/revisions\/27137"}],"wp:featuredmedia":[{"embeddable":true,"href":"https:\/\/hufschuhanzieher.de\/en\/wp-json\/wp\/v2\/media\/15206"}],"wp:attachment":[{"href":"https:\/\/hufschuhanzieher.de\/en\/wp-json\/wp\/v2\/media?parent=2464"}],"wp:term":[{"taxonomy":"product_brand","embeddable":true,"href":"https:\/\/hufschuhanzieher.de\/en\/wp-json\/wp\/v2\/product_brand?post=2464"},{"taxonomy":"product_cat","embeddable":true,"href":"https:\/\/hufschuhanzieher.de\/en\/wp-json\/wp\/v2\/product_cat?post=2464"},{"taxonomy":"product_tag","embeddable":true,"href":"https:\/\/hufschuhanzieher.de\/en\/wp-json\/wp\/v2\/product_tag?post=2464"}],"curies":[{"name":"wp","href":"https:\/\/api.w.org\/{rel}","templated":true}]}}