{"id":21157,"date":"2024-08-14T12:35:14","date_gmt":"2024-08-14T10:35:14","guid":{"rendered":"https:\/\/hufschuhanzieher.de\/?post_type=product&#038;p=21157"},"modified":"2025-09-11T17:12:28","modified_gmt":"2025-09-11T15:12:28","slug":"easyboot-rx2","status":"publish","type":"product","link":"https:\/\/hufschuhanzieher.de\/en\/easyboot-rx2\/","title":{"rendered":"Easyboot RX2"},"content":{"rendered":"<div class=\"\">\n<h4>Easyboot RX2<\/h4>\n<p>Der Easyboot Rx2 ist ein robuster, leichter Therapiehufschuh. Der Rx2 hat eine integrierte RE-Zwischensohle (Gummi\/EVA-Mischung), die den Huf nahe am Boden h\u00e4lt. Die spezielle Sohle erlaubt eine fl\u00fcssige Abrollbewegung.<\/p>\n<p>Anstelle eines herausnehmbaren Comfort Pads (wie beim Vorg\u00e4nger RX) hat der neue Rx2 eine integrierte Zwischensohle. Der Rx2 wurde im Hinblick auf eine l\u00e4ngere Haltbarkeit entwickelt. Au\u00dferdem bietet sie mehr Hufmechanik und Modifikationsm\u00f6glichkeiten (siehe Video).<\/p>\n<p>Der Gummiboden kann an die Bed\u00fcrfnisse des Pferdes angepasst werden. Einfaches An- und Ausziehen durch eine breite \u00d6ffnung und einen Zugriemen. Der eng anliegende, gepolsterte Schaft st\u00fctzt den Fesselbereich und verhindert, dass Schmutz und Ablagerungen in den Stiefel gelangen. Der Rx2 bietet Komfort und Unterst\u00fctzung beim Aufstallen auf hartem Boden, beim Transport, bei Hufrehe, d\u00fcnnen Sohlen, Abszessen, Hufkrebs und anderen chronischen Lahmheiten. Nicht zum Reiten oder Trainieren geeignet (nur f\u00fcr Therapiezwecke).<br \/>\nDer Easyboot RX2 wird standardm\u00e4ssig mit einer integrierten Einlage geliefert. Selbstverst\u00e4ndlich k\u00f6nnen Sie den Hufschuh auch mit einem zus\u00e4tzlichen einfachen Pads benutzen., wird aber in den meisten F\u00e4llen nicht n\u00f6tig sein.<\/p>\n<p><strong>Unterschiede zwischen Easyboot RX2 und Easyboot Cloud:<\/strong><\/p>\n<p>Sowohl der Rx2 als auch der Cloud sind hervorragende Therapieschuhe. Wenn Sie versuchen, zwischen den Boots zu entscheiden, ber\u00fccksichtigen Sie einige der folgenden Faktoren.<br \/>\n-Braucht Ihr Pferd einen st\u00e4rker gew\u00f6lbten Boden? Dann ist der Rx2 eine gute Wahl f\u00fcr Sie.<br \/>\n-Braucht Ihr Pferd einen Keil? Dann ist der Cloud die bessere Wahl f\u00fcr Sie, denn das mitgelieferte EVA-Pad bietet einen 2-Grad-Keil.<br \/>\n-M\u00f6chten Sie, dass Ihr Pferd eine weichere oder festere Einlage hat? Das EVA-Pad des Cloud ist auf der Shore-A-H\u00e4rteskala etwa 45% weicher als die Zwischensohle des Rx2.<br \/>\n-Ben\u00f6tigt Ihr Pferd mehr Anpassungsm\u00f6glichkeiten, z. B. einen Rolleneffekt? Dann ist der Rx2 eine gute Wahl.<br \/>\n-Bevorzugen Sie, dass Ihr Pferd n\u00e4her am Boden sitzt oder eine zus\u00e4tzliche Polsterung hat? Der Rx2 bietet die stromlinienf\u00f6rmigste Passform, w\u00e4hrend der Cloud die meiste Polsterung und Unterst\u00fctzung bietet.<br \/>\n-M\u00f6chten Sie die leichteste Option? Dann ist der Rx2 eine gute Wahl f\u00fcr Sie.<\/p>\n<p>As with all hoof or leg injuries, you should consult your veterinarian or hoof care professional for a diagnosis and treatment recommendations.<\/p>\n<\/div>\n<p><img fetchpriority=\"high\" decoding=\"async\" class=\"alignnone wp-image-21173 size-full\" src=\"https:\/\/hufschuhanzieher.de\/wp-content\/uploads\/2024\/08\/SizeChart-Easyboot-Rx2.png\" alt=\"SizeChart Easyboot Rx2\" width=\"499\" height=\"500\" title=\"\" srcset=\"https:\/\/hufschuhanzieher.de\/wp-content\/uploads\/2024\/08\/SizeChart-Easyboot-Rx2.png 499w, https:\/\/hufschuhanzieher.de\/wp-content\/uploads\/2024\/08\/SizeChart-Easyboot-Rx2-300x300.png 300w, https:\/\/hufschuhanzieher.de\/wp-content\/uploads\/2024\/08\/SizeChart-Easyboot-Rx2-100x100.png 100w, https:\/\/hufschuhanzieher.de\/wp-content\/uploads\/2024\/08\/SizeChart-Easyboot-Rx2-410x411.png 410w, https:\/\/hufschuhanzieher.de\/wp-content\/uploads\/2024\/08\/SizeChart-Easyboot-Rx2-150x150.png 150w, https:\/\/hufschuhanzieher.de\/wp-content\/uploads\/2024\/08\/SizeChart-Easyboot-Rx2-12x12.png 12w, https:\/\/hufschuhanzieher.de\/wp-content\/uploads\/2024\/08\/SizeChart-Easyboot-Rx2-60x60.png 60w\" sizes=\"(max-width: 499px) 100vw, 499px\" \/><\/p>\n<h4>Video: <span style=\"color: #008000;\"><a style=\"color: #008000;\" href=\"https:\/\/youtu.be\/w3pj6_4t3jk?si=Udben_S68VMvG4SU\" target=\"_blank\" rel=\"noopener nofollow\">Easyboot <strong>RX2<\/strong><\/a><\/span><\/h4>","protected":false},"excerpt":{"rendered":"<h3>Price per Piece<\/h3>\n<p>Der Easyboot RX2 ist ein therapeutisches Hufschuhsystem, das Pferden mit d\u00fcnnen Sohlen, Hufkkrankheiten, Transportstress, Genesung nach dem Training oder Aufstallung auf hartem Untergrund Komfort und Unterst\u00fctzung bietet.<\/p>","protected":false},"featured_media":21212,"template":"","meta":[],"product_brand":[1071],"product_cat":[155,15,37,323,324],"product_tag":[571,172,572,322,570,345,755,315],"class_list":{"0":"post-21157","1":"product","2":"type-product","3":"status-publish","4":"has-post-thumbnail","6":"product_brand-easycare","7":"product_cat-easycare","8":"product_cat-unkategorisiert","9":"product_cat-hufschuh","10":"product_cat-gesundheitsschuh-krankenschuh","11":"product_cat-nichttesten","12":"product_tag-arthrose","13":"product_tag-easyboot","14":"product_tag-fuehligkeit","15":"product_tag-huf-abszess","16":"product_tag-hufbeinbruch","17":"product_tag-hufgeschwuer","18":"product_tag-hufkrebs","19":"product_tag-hufrehe","21":"first","22":"instock","23":"taxable","24":"shipping-taxable","25":"purchasable","26":"product-type-variable"},"_links":{"self":[{"href":"https:\/\/hufschuhanzieher.de\/en\/wp-json\/wp\/v2\/product\/21157","targetHints":{"allow":["GET"]}}],"collection":[{"href":"https:\/\/hufschuhanzieher.de\/en\/wp-json\/wp\/v2\/product"}],"about":[{"href":"https:\/\/hufschuhanzieher.de\/en\/wp-json\/wp\/v2\/types\/product"}],"version-history":[{"count":2,"href":"https:\/\/hufschuhanzieher.de\/en\/wp-json\/wp\/v2\/product\/21157\/revisions"}],"predecessor-version":[{"id":24912,"href":"https:\/\/hufschuhanzieher.de\/en\/wp-json\/wp\/v2\/product\/21157\/revisions\/24912"}],"wp:featuredmedia":[{"embeddable":true,"href":"https:\/\/hufschuhanzieher.de\/en\/wp-json\/wp\/v2\/media\/21212"}],"wp:attachment":[{"href":"https:\/\/hufschuhanzieher.de\/en\/wp-json\/wp\/v2\/media?parent=21157"}],"wp:term":[{"taxonomy":"product_brand","embeddable":true,"href":"https:\/\/hufschuhanzieher.de\/en\/wp-json\/wp\/v2\/product_brand?post=21157"},{"taxonomy":"product_cat","embeddable":true,"href":"https:\/\/hufschuhanzieher.de\/en\/wp-json\/wp\/v2\/product_cat?post=21157"},{"taxonomy":"product_tag","embeddable":true,"href":"https:\/\/hufschuhanzieher.de\/en\/wp-json\/wp\/v2\/product_tag?post=21157"}],"curies":[{"name":"wp","href":"https:\/\/api.w.org\/{rel}","templated":true}]}}