{"id":20796,"date":"2024-07-31T14:47:05","date_gmt":"2024-07-31T12:47:05","guid":{"rendered":"https:\/\/hufschuhanzieher.de\/?post_type=product&#038;p=20796"},"modified":"2025-09-11T17:33:54","modified_gmt":"2025-09-11T15:33:54","slug":"floating-boots-ersatzschalen","status":"publish","type":"product","link":"https:\/\/hufschuhanzieher.de\/en\/floating-boots-ersatzschalen\/","title":{"rendered":"Floating Boots Ersatzschalen"},"content":{"rendered":"<div>\n<h4 class=\"clearingItem\">Ersatzschalen f\u00fcr die Floating Boots Hufschuhe Trainer\/Sport,\u00a0 transparent<\/h4>\n<div class=\"productDetailHeadRight\">\n<div class=\"productDetailTitle desktopOnly\">\n<div class=\"clearingItem\">Der Floating Boot ist durch seinen modularen Aufbau sehr vielseitig. Das langlebige, flexible Material kann durch Erw\u00e4rmen mit einer Hei\u00dfluftpistole pr\u00e4zise an jeden Huf individuell angepasst werden. So kann der Floating Boot auch f\u00fcr unregelm\u00e4\u00dfige Hufformen passend gemacht werden. W\u00e4rmebehandelte und gebrauchte Boots k\u00f6nnen NICHT zur\u00fcckgegeben noch getauscht werden.<\/div>\n<div>Unsere Trainer Floating Boots sind immer mit einer SPORT-Sohle ausgestattet , die f\u00fcr feuchte und schlammige Untergr\u00fcnde besser geeignet ist als die besonders f\u00fcr trockene Untergr\u00fcnde konzipierte ENDURANCE-Sohle.<\/div>\n<\/div>\n<div class=\"productDetailDescription\">\n<div id=\"descOuter\" class=\"desc withArrow\">\n<div id=\"descInner\">\n<p>Die transparente Sportsohle hat ein griffiges Profil und ist besonders f\u00fcr Graslandschaften und feuchteren Boden geeignet.<\/p>\n<p>Es gibt zwei Hufschuhformen:\u00a0 eine rundere f\u00fcr vorne (M) &#8211; und eine eher ovale Hinterhufform (P). Letztendlich entscheidend ist aber die tats\u00e4chliche Hufform des Pferdes, welche Hufschuhform , M oder P , die bessere Passform gew\u00e4hrleistet.<\/p>\n<\/div>\n<\/div>\n<\/div>\n<\/div>\n<\/div>\n<div>\n<h4>Gr\u00f6\u00dfentabelle Floating Boot Sport:<\/h4>\n<table style=\"max-width: 400px\" width=\"400\">\n<tbody>\n<tr>\n<td style=\"text-align: right\" width=\"120\"><strong>Sport-Gr\u00f6sse<\/strong><\/td>\n<td style=\"text-align: center\" width=\"121\"><strong>Hufweite<\/strong><\/td>\n<td style=\"text-align: center\" width=\"120\"><strong>Hoof Length<\/strong><\/td>\n<\/tr>\n<tr>\n<td style=\"text-align: center\" width=\"120\"><strong>M 00<br \/>\n<\/strong><\/td>\n<td style=\"text-align: center\" width=\"120\">110-115 mm<\/td>\n<td style=\"text-align: center\" width=\"120\">110-120 mm<\/td>\n<\/tr>\n<tr>\n<td style=\"text-align: center\" width=\"120\"><strong>M 0<br \/>\n<\/strong><\/td>\n<td style=\"text-align: center\" width=\"120\">115-121 mm<\/td>\n<td style=\"text-align: center\" width=\"120\">110-130 mm<\/td>\n<\/tr>\n<tr>\n<td style=\"text-align: center\" width=\"120\"><strong>M 1<br \/>\n<\/strong><\/td>\n<td style=\"text-align: center\" width=\"120\">121-126 mm<\/td>\n<td style=\"text-align: center\" width=\"120\">115-135 mm<\/td>\n<\/tr>\n<tr>\n<td style=\"text-align: center\" width=\"120\"><strong>M 2<br \/>\n<\/strong><\/td>\n<td style=\"text-align: center\" width=\"120\">126-134 mm<\/td>\n<td style=\"text-align: center\" width=\"120\">122-142 mm<\/td>\n<\/tr>\n<tr>\n<td style=\"text-align: center\" width=\"120\"><strong>M2W<br \/>\n<\/strong><\/td>\n<td style=\"text-align: center\" width=\"120\">134 -141 mm<\/td>\n<td style=\"text-align: center\" width=\"120\">124-144 mm<\/td>\n<\/tr>\n<tr>\n<td style=\"text-align: center\"><strong>M 3<\/strong><\/td>\n<td style=\"text-align: center\" width=\"120\">141-147 mm <strong><br \/>\n<\/strong><\/td>\n<td style=\"text-align: center\" width=\"120\">127-147 mm<\/td>\n<\/tr>\n<tr>\n<td style=\"text-align: center\" width=\"120\"><strong>M3W<br \/>\n<\/strong><\/td>\n<td style=\"text-align: center\" width=\"120\">147-155 mm<\/td>\n<td style=\"text-align: center\" width=\"120\">129-149 mm<\/td>\n<\/tr>\n<tr>\n<td style=\"text-align: center\" width=\"120\"><strong>P 00<br \/>\n<\/strong><\/td>\n<td style=\"text-align: center\" width=\"120\">102-107 mm<\/td>\n<td style=\"text-align: center\" width=\"120\">110-120 mm<\/td>\n<\/tr>\n<tr>\n<td style=\"text-align: center\" width=\"120\"><strong>P 0<br \/>\n<\/strong><\/td>\n<td style=\"text-align: center\" width=\"120\">107-112 mm<\/td>\n<td style=\"text-align: center\" width=\"120\">107-127 mm<\/td>\n<\/tr>\n<tr>\n<td style=\"text-align: center\" width=\"120\"><strong>P 1<br \/>\n<\/strong><\/td>\n<td style=\"text-align: center\" width=\"120\">112-118 mm<\/td>\n<td style=\"text-align: center\" width=\"120\">115-135 mm<\/td>\n<\/tr>\n<tr>\n<td style=\"text-align: center\" width=\"120\"><strong>P 2<br \/>\n<\/strong><\/td>\n<td style=\"text-align: center\" width=\"120\">118-126 mm<\/td>\n<td style=\"text-align: center\" width=\"120\">120-140 mm<\/td>\n<\/tr>\n<tr>\n<td style=\"text-align: center\" width=\"120\"><strong>P2W<br \/>\n<\/strong><\/td>\n<td style=\"text-align: center\" width=\"120\">126-130 mm<\/td>\n<td style=\"text-align: center\" width=\"120\">123-143 mm<\/td>\n<\/tr>\n<tr>\n<td style=\"text-align: center\" width=\"120\"><strong>P 3<br \/>\n<\/strong><\/td>\n<td style=\"text-align: center\" width=\"120\">130-138 mm<\/td>\n<td style=\"text-align: center\" width=\"120\">125-147 mm<\/td>\n<\/tr>\n<tr>\n<td style=\"text-align: center\" width=\"120\"><strong>P3W<br \/>\n<\/strong><\/td>\n<td style=\"text-align: center\" width=\"120\">138-146 mm<\/td>\n<td style=\"text-align: center\" width=\"120\">127-147 mm<\/td>\n<\/tr>\n<\/tbody>\n<\/table>\n<p><img fetchpriority=\"high\" decoding=\"async\" class=\"alignnone wp-image-20815\" src=\"https:\/\/hufschuhanzieher.de\/wp-content\/uploads\/2024\/07\/Floating-Boot-Schale-transparent_Form-vorn-hinten-e1722432966607-300x174.png\" alt=\"\" width=\"400\" height=\"232\" title=\"\" srcset=\"https:\/\/hufschuhanzieher.de\/wp-content\/uploads\/2024\/07\/Floating-Boot-Schale-transparent_Form-vorn-hinten-e1722432966607-300x174.png 300w, https:\/\/hufschuhanzieher.de\/wp-content\/uploads\/2024\/07\/Floating-Boot-Schale-transparent_Form-vorn-hinten-e1722432966607-600x348.png 600w, https:\/\/hufschuhanzieher.de\/wp-content\/uploads\/2024\/07\/Floating-Boot-Schale-transparent_Form-vorn-hinten-e1722432966607-410x238.png 410w, https:\/\/hufschuhanzieher.de\/wp-content\/uploads\/2024\/07\/Floating-Boot-Schale-transparent_Form-vorn-hinten-e1722432966607-768x446.png 768w, https:\/\/hufschuhanzieher.de\/wp-content\/uploads\/2024\/07\/Floating-Boot-Schale-transparent_Form-vorn-hinten-e1722432966607-18x10.png 18w, https:\/\/hufschuhanzieher.de\/wp-content\/uploads\/2024\/07\/Floating-Boot-Schale-transparent_Form-vorn-hinten-e1722432966607-103x60.png 103w, https:\/\/hufschuhanzieher.de\/wp-content\/uploads\/2024\/07\/Floating-Boot-Schale-transparent_Form-vorn-hinten-e1722432966607.png 834w\" sizes=\"(max-width: 400px) 100vw, 400px\" \/><\/p>\n<p>PDF: <a href=\"https:\/\/hufschuhanzieher.de\/wp-content\/uploads\/2023\/08\/Instrucciones-trainer-2019.pdf\" target=\"_blank\" rel=\"noopener\"><strong><span style=\"color: #339966\">Floating Boot Adjustment instructions<\/span><\/strong><span style=\"color: #339966\"> (es, en, fr)<\/span><\/a><\/p>\n<\/div>","protected":false},"excerpt":{"rendered":"<h3>Price per Piece<\/h3>\n<p class=\"clearingItem\">Ersatzschale f\u00fcr den\u00a0 Floating Boots TRAINER Hufschuh<\/p>\n<p><span class=\"fs10lh1-5\">\u00a0<\/span><\/p>","protected":false},"featured_media":20813,"template":"","meta":[],"product_brand":[1076],"product_cat":[37,15,35,930,324],"product_tag":[],"class_list":{"0":"post-20796","1":"product","2":"type-product","3":"status-publish","4":"has-post-thumbnail","6":"product_brand-floating-boots","7":"product_cat-hufschuh","8":"product_cat-unkategorisiert","9":"product_cat-zubehoer-hufschuhe","10":"product_cat-floating-boots-zubehoer","11":"product_cat-nichttesten","13":"first","14":"instock","15":"taxable","16":"shipping-taxable","17":"purchasable","18":"product-type-variable"},"_links":{"self":[{"href":"https:\/\/hufschuhanzieher.de\/en\/wp-json\/wp\/v2\/product\/20796","targetHints":{"allow":["GET"]}}],"collection":[{"href":"https:\/\/hufschuhanzieher.de\/en\/wp-json\/wp\/v2\/product"}],"about":[{"href":"https:\/\/hufschuhanzieher.de\/en\/wp-json\/wp\/v2\/types\/product"}],"version-history":[{"count":1,"href":"https:\/\/hufschuhanzieher.de\/en\/wp-json\/wp\/v2\/product\/20796\/revisions"}],"predecessor-version":[{"id":28645,"href":"https:\/\/hufschuhanzieher.de\/en\/wp-json\/wp\/v2\/product\/20796\/revisions\/28645"}],"wp:featuredmedia":[{"embeddable":true,"href":"https:\/\/hufschuhanzieher.de\/en\/wp-json\/wp\/v2\/media\/20813"}],"wp:attachment":[{"href":"https:\/\/hufschuhanzieher.de\/en\/wp-json\/wp\/v2\/media?parent=20796"}],"wp:term":[{"taxonomy":"product_brand","embeddable":true,"href":"https:\/\/hufschuhanzieher.de\/en\/wp-json\/wp\/v2\/product_brand?post=20796"},{"taxonomy":"product_cat","embeddable":true,"href":"https:\/\/hufschuhanzieher.de\/en\/wp-json\/wp\/v2\/product_cat?post=20796"},{"taxonomy":"product_tag","embeddable":true,"href":"https:\/\/hufschuhanzieher.de\/en\/wp-json\/wp\/v2\/product_tag?post=20796"}],"curies":[{"name":"wp","href":"https:\/\/api.w.org\/{rel}","templated":true}]}}