{"id":19408,"date":"2024-03-07T16:30:30","date_gmt":"2024-03-07T15:30:30","guid":{"rendered":"https:\/\/hufschuhanzieher.de\/?post_type=product&#038;p=19408"},"modified":"2025-09-11T17:12:28","modified_gmt":"2025-09-11T15:12:28","slug":"easyboot-epic","status":"publish","type":"product","link":"https:\/\/hufschuhanzieher.de\/en\/easyboot-epic\/","title":{"rendered":"Easyboot Epic"},"content":{"rendered":"<div class=\"\">\n<h4>Easyboot Epic<\/h4>\n<p>Der Easyboot Epic ist der ideale Schuh f\u00fcr harte, aggressive Bedingungen oder f\u00fcr ein Pferd, das leicht seine Hufschuhe verliert. Der angebrachte Easyboot Gaiter bietet zus\u00e4tzlichen Schutz f\u00fcr den Huf und verhindert, dass \u00fcbersch\u00fcssiger Schmutz und Ablagerungen in den Schuh gelangen. Er hilft auch, den Hufschuh bei extremen Bedingungen wie Schlamm, Schnee und Wasserdurchquerungen zu sichern.<\/p>\n<\/div>\n<h4><strong><strong><span style=\"color: #000000;\">Sizes <\/span><\/strong><\/strong>Easyboot <strong>Epic<span style=\"color: #000000;\"><br \/>\n<\/span><\/strong><\/h4>\n<p><img fetchpriority=\"high\" decoding=\"async\" class=\"alignnone wp-image-19429 size-full\" src=\"https:\/\/hufschuhanzieher.de\/wp-content\/uploads\/2024\/03\/EasyBoot-EPIC-Size-Charts_cut2.jpg\" alt=\"EasyBoot EPIC_Size Charts2\" width=\"432\" height=\"338\" title=\"\" srcset=\"https:\/\/hufschuhanzieher.de\/wp-content\/uploads\/2024\/03\/EasyBoot-EPIC-Size-Charts_cut2.jpg 432w, https:\/\/hufschuhanzieher.de\/wp-content\/uploads\/2024\/03\/EasyBoot-EPIC-Size-Charts_cut2-300x235.jpg 300w, https:\/\/hufschuhanzieher.de\/wp-content\/uploads\/2024\/03\/EasyBoot-EPIC-Size-Charts_cut2-410x321.jpg 410w, https:\/\/hufschuhanzieher.de\/wp-content\/uploads\/2024\/03\/EasyBoot-EPIC-Size-Charts_cut2-15x12.jpg 15w, https:\/\/hufschuhanzieher.de\/wp-content\/uploads\/2024\/03\/EasyBoot-EPIC-Size-Charts_cut2-77x60.jpg 77w\" sizes=\"(max-width: 432px) 100vw, 432px\" \/><\/p>\n<p><a href=\"https:\/\/hufschuhanzieher.de\/wp-content\/uploads\/2024\/03\/Easyboot-Epic-Application-Guide.pdf\" target=\"_blank\" rel=\"noopener\"><strong>EasyBoot EPIC Application Guide<\/strong> (PDF)<\/a>:<a href=\"https:\/\/hufschuhanzieher.de\/wp-content\/uploads\/2024\/03\/Easyboot-Epic-Application-Guide.pdf\" target=\"_blank\" rel=\"noopener\"><img decoding=\"async\" class=\"alignnone wp-image-19436\" src=\"https:\/\/hufschuhanzieher.de\/wp-content\/uploads\/2024\/03\/pdf-icon-150x150.png\" alt=\"\" width=\"73\" height=\"73\" title=\"\" srcset=\"https:\/\/hufschuhanzieher.de\/wp-content\/uploads\/2024\/03\/pdf-icon-150x150.png 150w, https:\/\/hufschuhanzieher.de\/wp-content\/uploads\/2024\/03\/pdf-icon-300x300.png 300w, https:\/\/hufschuhanzieher.de\/wp-content\/uploads\/2024\/03\/pdf-icon-100x100.png 100w, https:\/\/hufschuhanzieher.de\/wp-content\/uploads\/2024\/03\/pdf-icon-410x410.png 410w, https:\/\/hufschuhanzieher.de\/wp-content\/uploads\/2024\/03\/pdf-icon-12x12.png 12w, https:\/\/hufschuhanzieher.de\/wp-content\/uploads\/2024\/03\/pdf-icon-60x60.png 60w, https:\/\/hufschuhanzieher.de\/wp-content\/uploads\/2024\/03\/pdf-icon.png 512w\" sizes=\"(max-width: 73px) 100vw, 73px\" \/><\/a><\/p>\n<h4>Video: <a href=\"https:\/\/youtu.be\/fU0UbhN70Hk?si=p87IUCQU2eID38Gr\" target=\"_blank\" rel=\"noopener nofollow\">Easyboot <strong>Epic<\/strong><\/a><\/h4>\n<h4><\/h4>","protected":false},"excerpt":{"rendered":"<h3>Price per Piece<\/h3>\n<p>Der Easyboot Epic ist der ideale Schuh f\u00fcr harte, aggressive Bedingungen oder f\u00fcr ein Pferd, das leicht seine Hufschuhe verliert. F\u00fcr Hufe von 78-195mm.<\/p>","protected":false},"featured_media":19424,"template":"","meta":[],"product_brand":[1071],"product_cat":[155,37,324,15],"product_tag":[172,1023,244,521],"class_list":{"0":"post-19408","1":"product","2":"type-product","3":"status-publish","4":"has-post-thumbnail","6":"product_brand-easycare","7":"product_cat-easycare","8":"product_cat-hufschuh","9":"product_cat-nichttesten","10":"product_cat-unkategorisiert","11":"product_tag-easyboot","12":"product_tag-epic-2012","13":"product_tag-kaltblut","14":"product_tag-shetty-shetti-shettie","16":"first","17":"instock","18":"taxable","19":"shipping-taxable","20":"purchasable","21":"product-type-variable"},"_links":{"self":[{"href":"https:\/\/hufschuhanzieher.de\/en\/wp-json\/wp\/v2\/product\/19408","targetHints":{"allow":["GET"]}}],"collection":[{"href":"https:\/\/hufschuhanzieher.de\/en\/wp-json\/wp\/v2\/product"}],"about":[{"href":"https:\/\/hufschuhanzieher.de\/en\/wp-json\/wp\/v2\/types\/product"}],"version-history":[{"count":2,"href":"https:\/\/hufschuhanzieher.de\/en\/wp-json\/wp\/v2\/product\/19408\/revisions"}],"predecessor-version":[{"id":24903,"href":"https:\/\/hufschuhanzieher.de\/en\/wp-json\/wp\/v2\/product\/19408\/revisions\/24903"}],"wp:featuredmedia":[{"embeddable":true,"href":"https:\/\/hufschuhanzieher.de\/en\/wp-json\/wp\/v2\/media\/19424"}],"wp:attachment":[{"href":"https:\/\/hufschuhanzieher.de\/en\/wp-json\/wp\/v2\/media?parent=19408"}],"wp:term":[{"taxonomy":"product_brand","embeddable":true,"href":"https:\/\/hufschuhanzieher.de\/en\/wp-json\/wp\/v2\/product_brand?post=19408"},{"taxonomy":"product_cat","embeddable":true,"href":"https:\/\/hufschuhanzieher.de\/en\/wp-json\/wp\/v2\/product_cat?post=19408"},{"taxonomy":"product_tag","embeddable":true,"href":"https:\/\/hufschuhanzieher.de\/en\/wp-json\/wp\/v2\/product_tag?post=19408"}],"curies":[{"name":"wp","href":"https:\/\/api.w.org\/{rel}","templated":true}]}}