{"id":19353,"date":"2024-03-05T14:01:29","date_gmt":"2024-03-05T13:01:29","guid":{"rendered":"https:\/\/hufschuhanzieher.de\/?post_type=product&#038;p=19353"},"modified":"2025-12-29T11:23:07","modified_gmt":"2025-12-29T10:23:07","slug":"gks-hufglocken","status":"publish","type":"product","link":"https:\/\/hufschuhanzieher.de\/en\/gks-hufglocken\/","title":{"rendered":"GK&#8217;s Hufglocken Restposten"},"content":{"rendered":"<h4>Hufglocken f\u00fcr GK Hufschuh. Restbest\u00e4nde<\/h4>\n<p>Vom UMTAUSCH ausgeschlossen!<\/p>\n<div class=\"elementor-element elementor-element-1309438 elementor-widget elementor-widget-woocommerce-product-short-description\" data-id=\"1309438\" data-element_type=\"widget\" data-widget_type=\"woocommerce-product-short-description.default\">\n<div class=\"elementor-widget-container\">\n<div class=\"woocommerce-product-details__short-description\">\n<p class=\"p1\">Diese Hufglocken haben durch den extra langen Schnitt eine perfekte Passform, um den GK\u00b4s\u00a0 Kranken- und Therapiehufschuh oder andere Hufschuhe zu sch\u00fctzen.<\/p>\n<p class=\"p1\">Der GK\u00b4s Hufschuh wird durch diese Hufglocken geschont und ist vor Bissen und Tritten besser gesch\u00fctzt.<\/p>\n<p class=\"p1\">Er besteht aus einem speziellen und weich gepolsterten Neopren und wird an der R\u00fcckseite mit einem doppeltem Klettverschluss verschlossen.<\/p>\n<p>Die Hufglocken sind bei 30\u00b0C waschbar und derzeit in den Farben BLAU und ROSA\/PINK in den Gr\u00f6\u00dfen S, M und L erh\u00e4ltlich.<\/p>\n<p class=\"p1\">Lieferumfang: Ein Paar Hufglocken (zwei St\u00fcck)<\/p>\n<\/div>\n<\/div>\n<\/div>\n<p><strong><span style=\"color: #ff0000;\"><span style=\"color: #000000;\">Bitte beachten Sie, da\u00df dieses Angebot zZ nur f\u00fcr Hufgr\u00f6ssen gilt ,<\/span> die max. <span style=\"color: #000000;\">140mm x 160mm<\/span> gro\u00df sind!<\/span><\/strong><\/p>\n<h3>GK Hufglocken-Gr\u00f6\u00dfentabelle<\/h3>\n<div>\n<table style=\"max-width: 300px;\" width=\"301\">\n<tbody>\n<tr>\n<td width=\"57\"><strong><em>Size<\/em><\/strong><\/td>\n<td width=\"115\"><strong><em>Hoof Width<\/em><\/strong><\/td>\n<td colspan=\"3\" width=\"113\"><strong><em>Hoof Length<\/em><\/strong><\/td>\n<\/tr>\n<tr>\n<td width=\"57\">S<\/td>\n<td width=\"115\">100 mm<\/td>\n<td colspan=\"3\" width=\"113\">110 mm<\/td>\n<\/tr>\n<tr>\n<td width=\"57\">M<\/td>\n<td width=\"115\">110 mm<\/td>\n<td colspan=\"3\" width=\"113\">130 mm<\/td>\n<\/tr>\n<tr>\n<td width=\"57\">L<\/td>\n<td width=\"115\">130 mm<\/td>\n<td colspan=\"3\" width=\"113\">150 mm<\/td>\n<\/tr>\n<tr>\n<td width=\"57\">XL<\/td>\n<td width=\"115\">140 mm<\/td>\n<td colspan=\"3\" width=\"113\">160 mm<\/td>\n<\/tr>\n<\/tbody>\n<\/table>\n<\/div>\n<h4><a href=\"https:\/\/hufschuhanzieher.de\/zubehoer-hufschuhe\/passend-fuer-alle-hufschuhe-zubehoer\" target=\"_blank\" rel=\"noopener\"><span style=\"color: #339966;\">further Explora Accessories<\/span><\/a><\/h4>","protected":false},"excerpt":{"rendered":"<p><strong>Sold as pair<\/strong> Hufglocken (zwei St\u00fcck)<\/p>","protected":false},"featured_media":19378,"template":"","meta":[],"product_brand":[1075],"product_cat":[219,15,35,248,1047],"product_tag":[519],"class_list":{"0":"post-19353","1":"product","2":"type-product","3":"status-publish","4":"has-post-thumbnail","6":"product_brand-gks","7":"product_cat-gk-zubehoer","8":"product_cat-unkategorisiert","9":"product_cat-zubehoer-hufschuhe","10":"product_cat-passend-fuer-alle-hufschuhe-zubehoer","11":"product_cat-sale","12":"product_tag-hufschuh-schutz","14":"first","15":"instock","16":"sale","17":"taxable","18":"shipping-taxable","19":"purchasable","20":"product-type-variable"},"_links":{"self":[{"href":"https:\/\/hufschuhanzieher.de\/en\/wp-json\/wp\/v2\/product\/19353","targetHints":{"allow":["GET"]}}],"collection":[{"href":"https:\/\/hufschuhanzieher.de\/en\/wp-json\/wp\/v2\/product"}],"about":[{"href":"https:\/\/hufschuhanzieher.de\/en\/wp-json\/wp\/v2\/types\/product"}],"version-history":[{"count":1,"href":"https:\/\/hufschuhanzieher.de\/en\/wp-json\/wp\/v2\/product\/19353\/revisions"}],"predecessor-version":[{"id":26565,"href":"https:\/\/hufschuhanzieher.de\/en\/wp-json\/wp\/v2\/product\/19353\/revisions\/26565"}],"wp:featuredmedia":[{"embeddable":true,"href":"https:\/\/hufschuhanzieher.de\/en\/wp-json\/wp\/v2\/media\/19378"}],"wp:attachment":[{"href":"https:\/\/hufschuhanzieher.de\/en\/wp-json\/wp\/v2\/media?parent=19353"}],"wp:term":[{"taxonomy":"product_brand","embeddable":true,"href":"https:\/\/hufschuhanzieher.de\/en\/wp-json\/wp\/v2\/product_brand?post=19353"},{"taxonomy":"product_cat","embeddable":true,"href":"https:\/\/hufschuhanzieher.de\/en\/wp-json\/wp\/v2\/product_cat?post=19353"},{"taxonomy":"product_tag","embeddable":true,"href":"https:\/\/hufschuhanzieher.de\/en\/wp-json\/wp\/v2\/product_tag?post=19353"}],"curies":[{"name":"wp","href":"https:\/\/api.w.org\/{rel}","templated":true}]}}