{"id":18709,"date":"2023-12-06T13:33:46","date_gmt":"2023-12-06T12:33:46","guid":{"rendered":"https:\/\/hufschuhanzieher.de\/?post_type=product&#038;p=18709"},"modified":"2025-11-29T14:46:19","modified_gmt":"2025-11-29T13:46:19","slug":"explora-mit-spikes-aufpreis","status":"publish","type":"product","link":"https:\/\/hufschuhanzieher.de\/en\/explora-mit-spikes-aufpreis\/","title":{"rendered":"Explora mit Spikes (Aufpreis)"},"content":{"rendered":"<div class=\"imTAJustify\">\n<h4><span class=\"cf2\"><span class=\"fs11lh1-5\">Aufpreis f\u00fcr Explora Boots mit vormontierten Spikes.<br \/>\n<\/span><\/span><\/h4>\n<p>Falls Sie Spikes f\u00fcr ihre <span class=\"cf2\"><span class=\"fs11lh1-5\">Explora Boots <\/span><\/span>w\u00fcnschen, diese aber nicht selber anbringen wollen, k\u00f6nnen wir Ihnen die Spikes gegen Aufpreis auf ihre gew\u00fcnschten <span class=\"cf2\"><span class=\"fs11lh1-5\">Explora <\/span><\/span>Boots montieren.<br \/>\nSo gehen Sie vor: Legen Sie ihre gew\u00fcnschten\u00a0<span class=\"cf2\"><span class=\"fs11lh1-5\">Explora Boots<\/span><\/span> in den Warenkorb und w\u00e4hlen Sie sich hier die gew\u00fcnschte Anzahl Spikes. Der hier genannte Spike-Aufpreis gilt f\u00fcr ein PAAR\u00a0<span class=\"cf2\"><span class=\"fs11lh1-5\">Explora Boot<\/span><\/span>.<\/p>\n<p>Please note: hoof boots with spikes are excluded from exchange and testing !<br \/>\nSo you ought to know exactly what size you need.<\/p>\n<\/div>\n<div>\n<div>\n<p><span style=\"color: #ff0000;\">Important:<\/span><br \/>\nWir empfehlen, Pads im Inneren der Hufschuhe in Erw\u00e4gung zu ziehen, wenn Stollen installiert sind. Dies gew\u00e4hrleistet den bequemsten Ritt f\u00fcr das Pferd und die l\u00e4ngste Haltbarkeit von Sohle und Stollen.<\/p>\n<p>&nbsp;<\/p>\n<h4><a href=\"https:\/\/hufschuhanzieher.de\/zubehoer-hufschuhe\/explora-zubehoer\/\" target=\"_blank\" rel=\"noopener\"><span style=\"color: #008000;\">further Explora Accessories:<\/span><\/a><\/h4>\n<\/div>\n<\/div>","protected":false},"excerpt":{"rendered":"<h3><strong><span class=\"cf2\"><span class=\"fs11lh1-5\"><span style=\"color: #000000;\">Price PER PAIR<\/span><\/span><\/span><\/strong><\/h3>\n<p><span class=\"cf2\"><span class=\"fs11lh1-5\"><span style=\"color: #000000;\">Explora Boots k\u00f6nnen Sie auch mit vormontierten Spikes beziehen.<\/span> <\/span><\/span><\/p>","protected":false},"featured_media":18711,"template":"","meta":[],"product_brand":[1074],"product_cat":[37,191,324,15],"product_tag":[650,338,251],"class_list":{"0":"post-18709","1":"product","2":"type-product","3":"status-publish","4":"has-post-thumbnail","6":"product_brand-explora","7":"product_cat-hufschuh","8":"product_cat-explora","9":"product_cat-nichttesten","10":"product_cat-unkategorisiert","11":"product_tag-boots-mit-spikes","12":"product_tag-explora-magic","13":"product_tag-spikes","15":"first","16":"outofstock","17":"taxable","18":"shipping-taxable","19":"purchasable","20":"product-type-variable"},"_links":{"self":[{"href":"https:\/\/hufschuhanzieher.de\/en\/wp-json\/wp\/v2\/product\/18709","targetHints":{"allow":["GET"]}}],"collection":[{"href":"https:\/\/hufschuhanzieher.de\/en\/wp-json\/wp\/v2\/product"}],"about":[{"href":"https:\/\/hufschuhanzieher.de\/en\/wp-json\/wp\/v2\/types\/product"}],"version-history":[{"count":2,"href":"https:\/\/hufschuhanzieher.de\/en\/wp-json\/wp\/v2\/product\/18709\/revisions"}],"predecessor-version":[{"id":29826,"href":"https:\/\/hufschuhanzieher.de\/en\/wp-json\/wp\/v2\/product\/18709\/revisions\/29826"}],"wp:featuredmedia":[{"embeddable":true,"href":"https:\/\/hufschuhanzieher.de\/en\/wp-json\/wp\/v2\/media\/18711"}],"wp:attachment":[{"href":"https:\/\/hufschuhanzieher.de\/en\/wp-json\/wp\/v2\/media?parent=18709"}],"wp:term":[{"taxonomy":"product_brand","embeddable":true,"href":"https:\/\/hufschuhanzieher.de\/en\/wp-json\/wp\/v2\/product_brand?post=18709"},{"taxonomy":"product_cat","embeddable":true,"href":"https:\/\/hufschuhanzieher.de\/en\/wp-json\/wp\/v2\/product_cat?post=18709"},{"taxonomy":"product_tag","embeddable":true,"href":"https:\/\/hufschuhanzieher.de\/en\/wp-json\/wp\/v2\/product_tag?post=18709"}],"curies":[{"name":"wp","href":"https:\/\/api.w.org\/{rel}","templated":true}]}}