{"id":18631,"date":"2023-11-28T00:56:31","date_gmt":"2023-11-27T23:56:31","guid":{"rendered":"https:\/\/hufschuhanzieher.de\/?post_type=product&#038;p=18631"},"modified":"2025-09-11T17:38:10","modified_gmt":"2025-09-11T15:38:10","slug":"scoot-boot-hybrid-gaiter","status":"publish","type":"product","link":"https:\/\/hufschuhanzieher.de\/en\/scoot-boot-hybrid-gaiter\/","title":{"rendered":"Scoot Boot HYBRID Gaiter"},"content":{"rendered":"<div class=\"imTAJustify\">\n<div class=\"imTALeft\">\n<div>HYBRID<span class=\"fs10lh1-5\">-Gaiter<\/span> sind eine abgespeckte Version der <span class=\"fs10lh1-5\">ENDURANCE-Gaiter<\/span>. Sie bieten Schutz f\u00fcr das hintere Viertel des Hufes und halten es in hei\u00dfem Klima k\u00fchler. Er kann an den Schuh geklebt werden, um zus\u00e4tzliche Stabilit\u00e4t zu bieten.<\/div>\n<div>Lieferung: 2 HYBRID<span class=\"fs10lh1-5\">-Gaiter<\/span> und 1 Tube Kleber<\/div>\n<div class=\"rte\">\n<h4>Which size do I need?<\/h4>\n<p><img fetchpriority=\"high\" decoding=\"async\" class=\"alignnone wp-image-25625 size-full\" src=\"https:\/\/hufschuhanzieher.de\/wp-content\/uploads\/2023\/11\/Scootboot_Hybrid-Gaiter-sizeChart.jpg\" alt=\"\" width=\"500\" height=\"500\" title=\"\" srcset=\"https:\/\/hufschuhanzieher.de\/wp-content\/uploads\/2023\/11\/Scootboot_Hybrid-Gaiter-sizeChart.jpg 500w, https:\/\/hufschuhanzieher.de\/wp-content\/uploads\/2023\/11\/Scootboot_Hybrid-Gaiter-sizeChart-300x300.jpg 300w, https:\/\/hufschuhanzieher.de\/wp-content\/uploads\/2023\/11\/Scootboot_Hybrid-Gaiter-sizeChart-150x150.jpg 150w, https:\/\/hufschuhanzieher.de\/wp-content\/uploads\/2023\/11\/Scootboot_Hybrid-Gaiter-sizeChart-12x12.jpg 12w, https:\/\/hufschuhanzieher.de\/wp-content\/uploads\/2023\/11\/Scootboot_Hybrid-Gaiter-sizeChart-410x410.jpg 410w, https:\/\/hufschuhanzieher.de\/wp-content\/uploads\/2023\/11\/Scootboot_Hybrid-Gaiter-sizeChart-100x100.jpg 100w\" sizes=\"(max-width: 500px) 100vw, 500px\" \/><\/p>\n<div>\n<h4><span style=\"color: #003300;\"><strong>Video:<\/strong><\/span> <a href=\"https:\/\/youtu.be\/eHjlJ9SeCIk?si=qzH1UsANKSdmeVFS\" target=\"_blank\" rel=\"noopener nofollow\"><span style=\"color: #008000;\">Wie man den Scoot Boot HYBRID-Gaiter anbringt:<\/span><\/a><\/h4>\n<h4><\/h4>\n<h4><span style=\"color: #008000;\">further Scoot Boot Accessories<\/span><\/h4>\n<\/div>\n<\/div>\n<\/div>\n<\/div>","protected":false},"excerpt":{"rendered":"<div>\n<p><strong>Preis PRO PAAR mit Kleber<br \/>\n<\/strong><\/p>\n<\/div>\n<div><span class=\"fs10lh1-5\">HYBRID-Gaiter bieten Schutz f\u00fcr das hintere Viertel des Hufes<br \/>\n<\/span><\/div>","protected":false},"featured_media":18640,"template":"","meta":[],"product_brand":[1064],"product_cat":[214,15,35],"product_tag":[259,1027,240,173,319],"class_list":{"0":"post-18631","1":"product","2":"type-product","3":"status-publish","4":"has-post-thumbnail","6":"product_brand-scoot-boot","7":"product_cat-scoot-boots-zubehoer","8":"product_cat-unkategorisiert","9":"product_cat-zubehoer-hufschuhe","10":"product_tag-ballenschutz","11":"product_tag-classic","12":"product_tag-fesselschutz","13":"product_tag-scoot-boot","14":"product_tag-wanderritt","16":"first","17":"instock","18":"taxable","19":"shipping-taxable","20":"purchasable","21":"product-type-variable"},"_links":{"self":[{"href":"https:\/\/hufschuhanzieher.de\/en\/wp-json\/wp\/v2\/product\/18631","targetHints":{"allow":["GET"]}}],"collection":[{"href":"https:\/\/hufschuhanzieher.de\/en\/wp-json\/wp\/v2\/product"}],"about":[{"href":"https:\/\/hufschuhanzieher.de\/en\/wp-json\/wp\/v2\/types\/product"}],"version-history":[{"count":2,"href":"https:\/\/hufschuhanzieher.de\/en\/wp-json\/wp\/v2\/product\/18631\/revisions"}],"predecessor-version":[{"id":26125,"href":"https:\/\/hufschuhanzieher.de\/en\/wp-json\/wp\/v2\/product\/18631\/revisions\/26125"}],"wp:featuredmedia":[{"embeddable":true,"href":"https:\/\/hufschuhanzieher.de\/en\/wp-json\/wp\/v2\/media\/18640"}],"wp:attachment":[{"href":"https:\/\/hufschuhanzieher.de\/en\/wp-json\/wp\/v2\/media?parent=18631"}],"wp:term":[{"taxonomy":"product_brand","embeddable":true,"href":"https:\/\/hufschuhanzieher.de\/en\/wp-json\/wp\/v2\/product_brand?post=18631"},{"taxonomy":"product_cat","embeddable":true,"href":"https:\/\/hufschuhanzieher.de\/en\/wp-json\/wp\/v2\/product_cat?post=18631"},{"taxonomy":"product_tag","embeddable":true,"href":"https:\/\/hufschuhanzieher.de\/en\/wp-json\/wp\/v2\/product_tag?post=18631"}],"curies":[{"name":"wp","href":"https:\/\/api.w.org\/{rel}","templated":true}]}}