{"id":181,"date":"2019-10-23T09:46:02","date_gmt":"2019-10-23T08:46:02","guid":{"rendered":"https:\/\/hufschuhanzieher.de\/?post_type=product&#038;p=181"},"modified":"2025-09-11T17:19:31","modified_gmt":"2025-09-11T15:19:31","slug":"gk-therapieschuhe","status":"publish","type":"product","link":"https:\/\/hufschuhanzieher.de\/en\/gk-therapieschuhe\/","title":{"rendered":"GK Boots for Therapy"},"content":{"rendered":"<h4><span class=\"fs11lh1-5 cf2\"><b>The GK - Health boot \/ sick boot is made of neoprene and equipped with a hard rubber sole.<\/b><\/span><\/h4>\n<div><span class=\"fs10lh1-5\">\"GK\" stands for G\u00fcnther K\u00f6hler, the developer of these outstanding hoof boots. <\/span><\/div>\n<div class=\"imTAJustify\"><span class=\"imTALeft fs10lh1-5\">Due to the material and the lightness of the boot, it is easily accepted by the horses after a short time.<\/span><\/div>\n<div class=\"imTAJustify\"><span class=\"imTALeft fs10lh1-5\">The boot is suitable for hoof recovery processes, temporary time-outs and for short distances in trot or walk.<\/span><\/div>\n<div class=\"imTAJustify\"><span class=\"imTALeft fs10lh1-5\">In laminitis it serves as a container to keep the ice on the hoof for cooling.  In this case please order one size larger.<\/span><\/div>\n<div class=\"imTAJustify\"><span class=\"imTALeft fs10lh1-5\">The <a href=\"https:\/\/hufschuhanzieher.de\/gk-rubber-pads\" target=\"_blank\" rel=\"noopener\">GK's Rubber Pads<\/a> should be replaced from time to time.<\/span><\/div>\n<div class=\"imTAJustify\"><span class=\"imTALeft fs10lh1-5\">Super fast handling.<\/span><\/div>\n<div>This hoof boot can also be carried on trail rides and provide protection for the hoof if an iron has fallen off.<\/div>\n<p>&nbsp;<\/p>\n<div>\n<h3>Size chart<\/h3>\n<div>\n<table style=\"max-width: 500px;\" width=\"501\">\n<tbody>\n<tr>\n<td width=\"57\"><strong><em>Size<\/em><\/strong><\/td>\n<td width=\"115\"><strong><em>Hoof Width<\/em><\/strong><\/td>\n<td colspan=\"3\" width=\"113\"><strong><em>Hoof Length<\/em><\/strong><\/td>\n<td colspan=\"3\" width=\"113\"><strong><em>Colour<\/em><\/strong><\/td>\n<\/tr>\n<tr>\n<td width=\"57\">XS<\/td>\n<td width=\"115\">80 mm<\/td>\n<td colspan=\"3\" width=\"113\">80 mm<\/td>\n<td colspan=\"3\" width=\"250\">blue, green, red<\/td>\n<\/tr>\n<tr>\n<td width=\"57\">S<\/td>\n<td width=\"115\">100 mm<\/td>\n<td colspan=\"3\" width=\"113\">110 mm<\/td>\n<td colspan=\"3\" width=\"250\">blau, gr\u00fcn, pink, schwarz, violett,<\/td>\n<\/tr>\n<tr>\n<td width=\"57\">M<\/td>\n<td width=\"115\">110 mm<\/td>\n<td colspan=\"3\" width=\"113\">130 mm<\/td>\n<td colspan=\"3\" width=\"250\">blau, gr\u00fcn, rot, schwarz<\/td>\n<\/tr>\n<tr>\n<td width=\"57\">L<\/td>\n<td width=\"115\">130 mm<\/td>\n<td colspan=\"3\" width=\"113\">150 mm<\/td>\n<td colspan=\"3\" width=\"250\">blau, gr\u00fcn, rot, schwarz<span style=\"color: #ff0000;\"><br \/>\n<\/span><\/td>\n<\/tr>\n<tr>\n<td width=\"57\">XL<\/td>\n<td width=\"115\">140 mm<\/td>\n<td colspan=\"3\" width=\"113\">160 mm<\/td>\n<td colspan=\"3\" width=\"250\">blau, gr\u00fcn, rot, schwarz<\/td>\n<\/tr>\n<\/tbody>\n<\/table>\n<\/div>\n<\/div>\n<p>Link(fb): <a href=\"https:\/\/de-de.facebook.com\/HufschuhanzieherMicheleMesche\/videos\/511530642924991\/\" target=\"_blank\" rel=\"noopener nofollow\"><span style=\"color: #993366;\">Fits cattle, too...<\/span><strong><span style=\"color: #993366;\">.<\/span><\/strong><\/a><\/p>\n<h4>Video: <a href=\"https:\/\/youtu.be\/adefb9A03kM?feature=shared\" target=\"_blank\" rel=\"noopener nofollow\">GK Therapieschuhe richtig anziehen<\/a><\/h4>\n<h4><a href=\"https:\/\/hufschuhanzieher.de\/hufschuh\/\"><span style=\"color: #339966;\"><strong>further hoof boots<\/strong><\/span><\/a><\/h4>","protected":false},"excerpt":{"rendered":"<p><span class=\"fs11lh1-5 cf2\">The GK - Health boot \/ sick boot is made of neoprene and equipped with a hard rubber sole.<br \/>\nIn den Farben blau, gr\u00fcn, pink, rot, schwarz und violett (nicht alle Farben in jeder Gr\u00f6\u00dfe verf\u00fcgbar). Mit Einlage-Sohle.<br \/>\n<\/span><\/p>","protected":false},"featured_media":24193,"template":"","meta":[],"product_brand":[1075],"product_cat":[323,15,37,156,324],"product_tag":[175,317,315,396,314,321,316,313],"class_list":{"0":"post-181","1":"product","2":"type-product","3":"status-publish","4":"has-post-thumbnail","6":"product_brand-gks","7":"product_cat-gesundheitsschuh-krankenschuh","8":"product_cat-unkategorisiert","9":"product_cat-hufschuh","10":"product_cat-gk","11":"product_cat-nichttesten","12":"product_tag-gk","13":"product_tag-hufabszess","14":"product_tag-hufrehe","15":"product_tag-klauenschuh","16":"product_tag-krankenschuh","17":"product_tag-rehabilitation","18":"product_tag-strahlfaeule","19":"product_tag-therapieschuh","21":"first","22":"instock","23":"taxable","24":"shipping-taxable","25":"purchasable","26":"product-type-variable"},"_links":{"self":[{"href":"https:\/\/hufschuhanzieher.de\/en\/wp-json\/wp\/v2\/product\/181","targetHints":{"allow":["GET"]}}],"collection":[{"href":"https:\/\/hufschuhanzieher.de\/en\/wp-json\/wp\/v2\/product"}],"about":[{"href":"https:\/\/hufschuhanzieher.de\/en\/wp-json\/wp\/v2\/types\/product"}],"version-history":[{"count":1,"href":"https:\/\/hufschuhanzieher.de\/en\/wp-json\/wp\/v2\/product\/181\/revisions"}],"predecessor-version":[{"id":26584,"href":"https:\/\/hufschuhanzieher.de\/en\/wp-json\/wp\/v2\/product\/181\/revisions\/26584"}],"wp:featuredmedia":[{"embeddable":true,"href":"https:\/\/hufschuhanzieher.de\/en\/wp-json\/wp\/v2\/media\/24193"}],"wp:attachment":[{"href":"https:\/\/hufschuhanzieher.de\/en\/wp-json\/wp\/v2\/media?parent=181"}],"wp:term":[{"taxonomy":"product_brand","embeddable":true,"href":"https:\/\/hufschuhanzieher.de\/en\/wp-json\/wp\/v2\/product_brand?post=181"},{"taxonomy":"product_cat","embeddable":true,"href":"https:\/\/hufschuhanzieher.de\/en\/wp-json\/wp\/v2\/product_cat?post=181"},{"taxonomy":"product_tag","embeddable":true,"href":"https:\/\/hufschuhanzieher.de\/en\/wp-json\/wp\/v2\/product_tag?post=181"}],"curies":[{"name":"wp","href":"https:\/\/api.w.org\/{rel}","templated":true}]}}