{"id":17610,"date":"2023-08-12T14:27:40","date_gmt":"2023-08-12T12:27:40","guid":{"rendered":"https:\/\/hufschuhanzieher.de\/?post_type=product&#038;p=17610"},"modified":"2026-03-28T12:12:40","modified_gmt":"2026-03-28T11:12:40","slug":"floating-boots-sport","status":"publish","type":"product","link":"https:\/\/hufschuhanzieher.de\/en\/floating-boots-sport\/","title":{"rendered":"Floating Boots Trainer \/ Sport"},"content":{"rendered":"<div>\n<h4 class=\"clearingItem\">Floating Boots Hufschuhe Trainer transparent<\/h4>\n<div class=\"productDetailHeadRight\">\n<div class=\"productDetailTitle desktopOnly\">\n<div class=\"clearingItem\">Der Floating Boot ist durch seinen modularen Aufbau sehr vielseitig. Das langlebige, flexible Material kann durch Erw\u00e4rmen mit einer Hei\u00dfluftpistole pr\u00e4zise an jeden Huf individuell angepasst werden. So kann der Floating Boot auch f\u00fcr unregelm\u00e4\u00dfige Hufformen passend gemacht werden. W\u00e4rmebehandelte und gebrauchte Boots k\u00f6nnen NICHT zur\u00fcckgegeben noch getauscht werden.<\/div>\n<div>Unsere Trainer Floating Boots sind immer mit einer SPORT-Sohle ausgestattet , die f\u00fcr feuchte und schlammige Untergr\u00fcnde besser geeignet ist als die besonders f\u00fcr trockene Untergr\u00fcnde konzipierte ENDURANCE-Sohle.<\/div>\n<\/div>\n<div class=\"productDetailDescription\">\n<div id=\"descOuter\" class=\"desc withArrow\">\n<div id=\"descInner\">\n<p>Viele Teile des Hufschuhs k\u00f6nnen separat (nach-)bestellt werden.<\/p>\n<p>Die Innensohle ist weich und anschmiegsam. <img decoding=\"async\" class=\"wp-image-17872 alignright\" src=\"https:\/\/hufschuhanzieher.de\/wp-content\/uploads\/2023\/08\/Floating_sport-no-rotate_web-300x300.jpg\" alt=\"\" width=\"100\" height=\"76\" title=\"\" srcset=\"https:\/\/hufschuhanzieher.de\/wp-content\/uploads\/2023\/08\/Floating_sport-no-rotate_web-435x332.jpg 435w, https:\/\/hufschuhanzieher.de\/wp-content\/uploads\/2023\/08\/Floating_sport-no-rotate_web-260x200.jpg 260w, https:\/\/hufschuhanzieher.de\/wp-content\/uploads\/2023\/08\/Floating_sport-no-rotate_web-300x232.jpg 300w, https:\/\/hufschuhanzieher.de\/wp-content\/uploads\/2023\/08\/Floating_sport-no-rotate_web-280x215.jpg 280w\" sizes=\"(max-width: 100px) 100vw, 100px\" \/>Die gepunktete Struktur ist inbesondere f\u00fcr sehr sensible\/f\u00fchlige Hufe sehr angenehm. Die Durchblutung des Hufes wird gef\u00f6rdert. Weiterhin verhindert die strukturierte Innensohle und das Gewebe im Schuh ein Verdrehen des Hufes.<\/p>\n<p>Das 2019er Modell ist um 22% leichter als sein Vorg\u00e4nger.<\/p>\n<p>Der Schuhe unterst\u00fctzt den Hufmechanismus horizontal wie vertikal. Die Gaiter sind luftdurchl\u00e4ssig und sch\u00fctzen den Huf vor Schmutz und N\u00e4sse.<\/p>\n<p>Die transparente Sportsohle hat ein griffiges Profil und ist besonders f\u00fcr Graslandschaften und feuchteren Boden geeignet.<\/p>\n<p>Standardm\u00e4\u00dfig wird der Floating Boot mit schwarzem Frontshield geliefert.<br \/>\nBunte Frontshields k\u00f6nnen beim Floating-Boot Zubeh\u00f6r dazu bestellt werden.<\/p>\n<p>Es gibt zwei Hufschuhformen:\u00a0 eine rundere f\u00fcr vorne (M) &#8211; und eine eher ovale Hinterhufform (P). Letztendlich entscheidend ist aber die tats\u00e4chliche Hufform des Pferdes, welche Hufschuhform , M oder P , die bessere Passform gew\u00e4hrleistet.<\/p>\n<\/div>\n<\/div>\n<\/div>\n<\/div>\n<\/div>\n<div>\n<h4>Gr\u00f6\u00dfentabelle Floating Boot Sport:<\/h4>\n<table style=\"max-width: 500px;\" width=\"490\">\n<tbody>\n<tr>\n<td style=\"text-align: right;\" width=\"120\"><strong>Sport-Gr\u00f6sse<\/strong><\/td>\n<td style=\"text-align: center;\" width=\"125\"><strong>Hufweite<\/strong><\/td>\n<td style=\"text-align: center;\" width=\"125\"><strong>Hoof Length<\/strong><\/td>\n<td style=\"text-align: center;\" width=\"120\"><strong>Gaiter-Gr\u00f6\u00dfe<\/strong><\/td>\n<\/tr>\n<tr>\n<td style=\"text-align: center;\" width=\"120\"><strong>M 90<br \/>\n<\/strong><\/td>\n<td style=\"text-align: center;\" width=\"120\">90-95 mm<\/td>\n<td style=\"text-align: center;\" width=\"120\">90-100 mm<\/td>\n<td style=\"text-align: center;\" width=\"120\">XS<\/td>\n<\/tr>\n<tr>\n<td style=\"text-align: center;\" width=\"120\"><strong>M 95<br \/>\n<\/strong><\/td>\n<td style=\"text-align: center;\" width=\"120\">95-100 mm<\/td>\n<td style=\"text-align: center;\" width=\"120\">95-105 mm<\/td>\n<td style=\"text-align: center;\" width=\"120\">XS<\/td>\n<\/tr>\n<tr>\n<td style=\"text-align: center;\" width=\"120\"><strong>M 100<br \/>\n<\/strong><\/td>\n<td style=\"text-align: center;\" width=\"120\">100-105 mm<\/td>\n<td style=\"text-align: center;\" width=\"120\">100-110 mm<\/td>\n<td style=\"text-align: center;\" width=\"120\">S<\/td>\n<\/tr>\n<tr>\n<td style=\"text-align: center;\" width=\"120\"><strong>M 105<br \/>\n<\/strong><\/td>\n<td style=\"text-align: center;\" width=\"120\">105-110 mm<\/td>\n<td style=\"text-align: center;\" width=\"120\">110-115 mm<\/td>\n<td style=\"text-align: center;\" width=\"120\">S<\/td>\n<\/tr>\n<tr>\n<td style=\"text-align: center;\" width=\"120\"><strong>M 00<br \/>\n<\/strong><\/td>\n<td style=\"text-align: center;\" width=\"120\">110-115 mm<\/td>\n<td style=\"text-align: center;\" width=\"120\">110-120 mm<\/td>\n<td style=\"text-align: center;\" width=\"120\">S<\/td>\n<\/tr>\n<tr>\n<td style=\"text-align: center;\" width=\"120\"><strong>M 0<br \/>\n<\/strong><\/td>\n<td style=\"text-align: center;\" width=\"120\">115-121 mm<\/td>\n<td style=\"text-align: center;\" width=\"120\">110-130 mm<\/td>\n<td style=\"text-align: center;\" width=\"120\">S<\/td>\n<\/tr>\n<tr>\n<td style=\"text-align: center;\" width=\"120\"><strong>M 1<br \/>\n<\/strong><\/td>\n<td style=\"text-align: center;\" width=\"120\">121-126 mm<\/td>\n<td style=\"text-align: center;\" width=\"120\">115-135 mm<\/td>\n<td style=\"text-align: center;\" width=\"120\">M<\/td>\n<\/tr>\n<tr>\n<td style=\"text-align: center;\" width=\"120\"><strong>M 2<br \/>\n<\/strong><\/td>\n<td style=\"text-align: center;\" width=\"120\">126-134 mm<\/td>\n<td style=\"text-align: center;\" width=\"120\">122-142 mm<\/td>\n<td style=\"text-align: center;\" width=\"120\">L<\/td>\n<\/tr>\n<tr>\n<td style=\"text-align: center;\" width=\"120\"><strong>M2W<br \/>\n<\/strong><\/td>\n<td style=\"text-align: center;\" width=\"120\">134 -141mm<\/td>\n<td style=\"text-align: center;\" width=\"120\">124-144 mm<\/td>\n<td style=\"text-align: center;\" width=\"120\">L<\/td>\n<\/tr>\n<tr>\n<td style=\"text-align: center;\"><strong>M 3<\/strong><\/td>\n<td style=\"text-align: center;\" width=\"120\">141-147 mm <strong><br \/>\n<\/strong><\/td>\n<td style=\"text-align: center;\" width=\"120\">127-147 mm<\/td>\n<td style=\"text-align: center;\" width=\"120\">L<\/td>\n<td style=\"text-align: center;\" width=\"120\"><\/td>\n<\/tr>\n<tr>\n<td style=\"text-align: center;\" width=\"120\"><strong>M3W<br \/>\n<\/strong><\/td>\n<td style=\"text-align: center;\" width=\"120\">147-155 mm<\/td>\n<td style=\"text-align: center;\" width=\"120\">129-149 mm<\/td>\n<td style=\"text-align: center;\" width=\"120\">L<\/td>\n<\/tr>\n<tr>\n<td style=\"text-align: center;\" width=\"120\"><strong>P 82<br \/>\n<\/strong><\/td>\n<td style=\"text-align: center;\" width=\"120\">82-87 mm<\/td>\n<td style=\"text-align: center;\" width=\"120\">83-90 mm<\/td>\n<td style=\"text-align: center;\" width=\"120\">XS<\/td>\n<\/tr>\n<tr>\n<td style=\"text-align: center;\" width=\"120\"><strong>P 87<br \/>\n<\/strong><\/td>\n<td style=\"text-align: center;\" width=\"120\">87-92 mm<\/td>\n<td style=\"text-align: center;\" width=\"120\">90-95 mm<\/td>\n<td style=\"text-align: center;\" width=\"120\">XS<\/td>\n<\/tr>\n<tr>\n<td style=\"text-align: center;\" width=\"120\"><strong>P 92<br \/>\n<\/strong><\/td>\n<td style=\"text-align: center;\" width=\"120\">92-97 mm<\/td>\n<td style=\"text-align: center;\" width=\"120\">94-100 mm<\/td>\n<td style=\"text-align: center;\" width=\"120\">XS<\/td>\n<\/tr>\n<tr>\n<td style=\"text-align: center;\" width=\"120\"><strong>P 97<br \/>\n<\/strong><\/td>\n<td style=\"text-align: center;\" width=\"120\">97-102 mm<\/td>\n<td style=\"text-align: center;\" width=\"120\">100-105mm<\/td>\n<td style=\"text-align: center;\" width=\"120\">XS<\/td>\n<\/tr>\n<tr>\n<td style=\"text-align: center;\" width=\"120\"><strong>P 00<br \/>\n<\/strong><\/td>\n<td style=\"text-align: center;\" width=\"120\">102-107 mm<\/td>\n<td style=\"text-align: center;\" width=\"120\">110-120 mm<\/td>\n<td style=\"text-align: center;\" width=\"120\">S<\/td>\n<\/tr>\n<tr>\n<td style=\"text-align: center;\" width=\"120\"><strong>P 0<br \/>\n<\/strong><\/td>\n<td style=\"text-align: center;\" width=\"120\">107-112 mm<\/td>\n<td style=\"text-align: center;\" width=\"120\">107-127 mm<\/td>\n<td style=\"text-align: center;\" width=\"120\">S<\/td>\n<\/tr>\n<tr>\n<td style=\"text-align: center;\" width=\"120\"><strong>P 1<br \/>\n<\/strong><\/td>\n<td style=\"text-align: center;\" width=\"120\">112-118 mm<\/td>\n<td style=\"text-align: center;\" width=\"120\">115-135 mm<\/td>\n<td style=\"text-align: center;\" width=\"120\">M<\/td>\n<\/tr>\n<tr>\n<td style=\"text-align: center;\" width=\"120\"><strong>P 2<br \/>\n<\/strong><\/td>\n<td style=\"text-align: center;\" width=\"120\">118-126 mm<\/td>\n<td style=\"text-align: center;\" width=\"120\">120-140 mm<\/td>\n<td style=\"text-align: center;\" width=\"120\">M<\/td>\n<\/tr>\n<tr>\n<td style=\"text-align: center;\" width=\"120\"><strong>P2W<br \/>\n<\/strong><\/td>\n<td style=\"text-align: center;\" width=\"120\">126-130 mm<\/td>\n<td style=\"text-align: center;\" width=\"120\">123-143 mm<\/td>\n<td style=\"text-align: center;\" width=\"120\">L<\/td>\n<\/tr>\n<tr>\n<td style=\"text-align: center;\" width=\"120\"><strong>P 3<br \/>\n<\/strong><\/td>\n<td style=\"text-align: center;\" width=\"120\">130-138 mm<\/td>\n<td style=\"text-align: center;\" width=\"120\">125-147 mm<\/td>\n<td style=\"text-align: center;\" width=\"120\">XL<\/td>\n<\/tr>\n<tr>\n<td style=\"text-align: center;\" width=\"120\"><strong>P3W<br \/>\n<\/strong><\/td>\n<td style=\"text-align: center;\" width=\"120\">138-146 mm<\/td>\n<td style=\"text-align: center;\" width=\"120\">127-147 mm<\/td>\n<td style=\"text-align: center;\" width=\"120\">XL<\/td>\n<\/tr>\n<\/tbody>\n<\/table>\n<p><span style=\"color: #339966;\">\u00a0<span style=\"color: #000000;\">Die Floating Boots werden mit einem zur Hufschuhgr\u00f6\u00dfe passenden Gaiter ausgeliefert (siehe Tabelle). Sollten sie eine andere Gr\u00f6\u00dfe ben\u00f6tigen, k\u00f6nnen Sie diese entsprechend ausw\u00e4hlen<\/span><br \/>\n<\/span><\/p>\n<p>PDF: <a href=\"https:\/\/hufschuhanzieher.de\/wp-content\/uploads\/2023\/08\/Instrucciones-trainer-2019.pdf\" target=\"_blank\" rel=\"noopener\"><strong><span style=\"color: #339966;\">Floating Boot Adjustment instructions<\/span><\/strong><span style=\"color: #339966;\"> (es, en, fr)<\/span><\/a><\/p>\n<p>Video: <strong>Floating Boot Tutorial<\/strong><\/p>\n<p>&nbsp;<\/p>\n<p>&nbsp;<\/p>\n<\/div>","protected":false},"excerpt":{"rendered":"<h3>Price PER PAIR<\/h3>\n<p class=\"clearingItem\">Der Floating Boots TRAINER Hufschuh mit SPORT-Sohle ist durch seinen modularen Aufbau sehr vielseitig<\/p>\n<p><span class=\"fs10lh1-5\">\u00a0<\/span><\/p>","protected":false},"featured_media":17871,"template":"","meta":[],"product_brand":[1076],"product_cat":[929,15,37,323,324],"product_tag":[],"class_list":{"0":"post-17610","1":"product","2":"type-product","3":"status-publish","4":"has-post-thumbnail","6":"product_brand-floating-boots","7":"product_cat-floating-boots","8":"product_cat-unkategorisiert","9":"product_cat-hufschuh","10":"product_cat-gesundheitsschuh-krankenschuh","11":"product_cat-nichttesten","12":"pa_floating-gaiter-groesse-l","13":"pa_floating-gaiter-groesse-m","14":"pa_floating-gaiter-groesse-s","15":"pa_floating-gaiter-groesse-xl","16":"pa_floating-gaiter-groesse-xs","18":"first","19":"instock","20":"taxable","21":"shipping-taxable","22":"purchasable","23":"product-type-variable"},"_links":{"self":[{"href":"https:\/\/hufschuhanzieher.de\/en\/wp-json\/wp\/v2\/product\/17610","targetHints":{"allow":["GET"]}}],"collection":[{"href":"https:\/\/hufschuhanzieher.de\/en\/wp-json\/wp\/v2\/product"}],"about":[{"href":"https:\/\/hufschuhanzieher.de\/en\/wp-json\/wp\/v2\/types\/product"}],"version-history":[{"count":2,"href":"https:\/\/hufschuhanzieher.de\/en\/wp-json\/wp\/v2\/product\/17610\/revisions"}],"predecessor-version":[{"id":27489,"href":"https:\/\/hufschuhanzieher.de\/en\/wp-json\/wp\/v2\/product\/17610\/revisions\/27489"}],"wp:featuredmedia":[{"embeddable":true,"href":"https:\/\/hufschuhanzieher.de\/en\/wp-json\/wp\/v2\/media\/17871"}],"wp:attachment":[{"href":"https:\/\/hufschuhanzieher.de\/en\/wp-json\/wp\/v2\/media?parent=17610"}],"wp:term":[{"taxonomy":"product_brand","embeddable":true,"href":"https:\/\/hufschuhanzieher.de\/en\/wp-json\/wp\/v2\/product_brand?post=17610"},{"taxonomy":"product_cat","embeddable":true,"href":"https:\/\/hufschuhanzieher.de\/en\/wp-json\/wp\/v2\/product_cat?post=17610"},{"taxonomy":"product_tag","embeddable":true,"href":"https:\/\/hufschuhanzieher.de\/en\/wp-json\/wp\/v2\/product_tag?post=17610"}],"curies":[{"name":"wp","href":"https:\/\/api.w.org\/{rel}","templated":true}]}}