{"id":17569,"date":"2023-08-09T21:52:06","date_gmt":"2023-08-09T19:52:06","guid":{"rendered":"https:\/\/hufschuhanzieher.de\/?post_type=product&#038;p=17569"},"modified":"2025-09-11T17:46:41","modified_gmt":"2025-09-11T15:46:41","slug":"f-n-a-deo-free","status":"publish","type":"product","link":"https:\/\/hufschuhanzieher.de\/en\/f-n-a-deo-free\/","title":{"rendered":"F.N.A. deo free"},"content":{"rendered":"<h4><strong>F.N.A. deo free f\u00fcr Pferde<\/strong><\/h4>\n<p>Sofort wirkendes professionelles Insektenschutzmittel.<br \/>\nProtection at:<\/p>\n<ul>\n<li>Fliegen, M\u00fccken, Bremsen, und Wespen<\/li>\n<li>Perfectly balanced ingredients<\/li>\n<li>Particularly skin friendly<\/li>\n<li>Easy to use<\/li>\n<\/ul>\n<h4><strong>F.N.A\u00a0 deo free<br \/>\n<\/strong><\/h4>\n<ul>\n<li><strong>Composition:<\/strong> Geraniol (Biozidprodukt) , Natriumlaurylethersulfat, \u00e4therisches Eukalyptus\u00f6l, \u00e4therisches Citronella\u00f6l, \u00e4therisches Lavendel\u00f6l, \u00e4therisches Minz\u00f6l, \u00e4therisches Geranien\u00f6l, \u00e4therisches Basilikum\u00f6l<\/li>\n<li><strong>Nutzungstipps: <\/strong>Vor Gebrauch gut sch\u00fctteln. Als Spray oder mt einem Schwamm auf die zu sch\u00fctzenden empfindlichen Stellen auftragen.<strong><br \/>\n<\/strong><\/li>\n<li>Wirksamkeit: bis zu 6 Stunden bei einem Pferd in Ruhe und bis zu 3 Stunden bei einem Pferd n Arbeit (Schwitzen reduziert die Witksamkeit)<\/li>\n<\/ul>\n<p><strong>Use biocides safely. Always read the label and product information before use<\/strong><\/p>\n<p><strong>Gr\u00f6\u00dfe:<\/strong> 1000ml<\/p>\n<h4><a href=\"https:\/\/hufschuhanzieher.de\/pflege-hoofcare\"><span style=\"color: #339966\">further care products<\/span><\/a><\/h4>","protected":false},"excerpt":{"rendered":"<h4><strong>F.N.A deo free f\u00fcr Pferde, 1000ml<br \/>\n<\/strong><\/h4>\n<p>has an effect for several hours.<\/p>","protected":false},"featured_media":17577,"template":"","meta":[],"product_brand":[1080],"product_cat":[146,15],"product_tag":[553,557,556,558],"class_list":{"0":"post-17569","1":"product","2":"type-product","3":"status-publish","4":"has-post-thumbnail","6":"product_brand-f-n-a","7":"product_cat-pflege-hoofcare","8":"product_cat-unkategorisiert","9":"product_tag-ausritt","10":"product_tag-bremsen","11":"product_tag-fliegen","12":"product_tag-weide","14":"first","15":"instock","16":"taxable","17":"shipping-taxable","18":"purchasable","19":"product-type-simple"},"_links":{"self":[{"href":"https:\/\/hufschuhanzieher.de\/en\/wp-json\/wp\/v2\/product\/17569","targetHints":{"allow":["GET"]}}],"collection":[{"href":"https:\/\/hufschuhanzieher.de\/en\/wp-json\/wp\/v2\/product"}],"about":[{"href":"https:\/\/hufschuhanzieher.de\/en\/wp-json\/wp\/v2\/types\/product"}],"version-history":[{"count":1,"href":"https:\/\/hufschuhanzieher.de\/en\/wp-json\/wp\/v2\/product\/17569\/revisions"}],"predecessor-version":[{"id":28647,"href":"https:\/\/hufschuhanzieher.de\/en\/wp-json\/wp\/v2\/product\/17569\/revisions\/28647"}],"wp:featuredmedia":[{"embeddable":true,"href":"https:\/\/hufschuhanzieher.de\/en\/wp-json\/wp\/v2\/media\/17577"}],"wp:attachment":[{"href":"https:\/\/hufschuhanzieher.de\/en\/wp-json\/wp\/v2\/media?parent=17569"}],"wp:term":[{"taxonomy":"product_brand","embeddable":true,"href":"https:\/\/hufschuhanzieher.de\/en\/wp-json\/wp\/v2\/product_brand?post=17569"},{"taxonomy":"product_cat","embeddable":true,"href":"https:\/\/hufschuhanzieher.de\/en\/wp-json\/wp\/v2\/product_cat?post=17569"},{"taxonomy":"product_tag","embeddable":true,"href":"https:\/\/hufschuhanzieher.de\/en\/wp-json\/wp\/v2\/product_tag?post=17569"}],"curies":[{"name":"wp","href":"https:\/\/api.w.org\/{rel}","templated":true}]}}