{"id":16645,"date":"2023-04-16T15:08:03","date_gmt":"2023-04-16T13:08:03","guid":{"rendered":"https:\/\/hufschuhanzieher.de\/?post_type=product&#038;p=16645"},"modified":"2025-09-11T17:18:18","modified_gmt":"2025-09-11T15:18:18","slug":"floating-boots-mini","status":"publish","type":"product","link":"https:\/\/hufschuhanzieher.de\/en\/floating-boots-mini\/","title":{"rendered":"Floating Boots Mini"},"content":{"rendered":"<h4><strong>Floating Boot Mini<\/strong><\/h4>\n<div><span class=\"fs10lh1-5\">For <b>kleine Pferde, Ponies, Esel, Shetties, Minis, Fohlen, kleinste Hufe<\/b><\/span><span class=\"fs10lh1-5\"> bietet die spanische\u00a0 Firma Floating Boot diesen Hufschuh an. E<\/span><span class=\"fs10lh1-5\">r kann f\u00fcr den linken oder rechten Vorder- und Hinterhuf verwendet werden.<\/span><\/div>\n<div><img fetchpriority=\"high\" decoding=\"async\" class=\"size-medium wp-image-16669 alignleft\" src=\"https:\/\/hufschuhanzieher.de\/wp-content\/uploads\/2023\/04\/Floating-Boots-mini_colours2_web-300x300.jpg\" alt=\"Floating Boots mini_colours2_web\" width=\"300\" height=\"300\" title=\"\" srcset=\"https:\/\/hufschuhanzieher.de\/wp-content\/uploads\/2023\/04\/Floating-Boots-mini_colours2_web-300x300.jpg 300w, https:\/\/hufschuhanzieher.de\/wp-content\/uploads\/2023\/04\/Floating-Boots-mini_colours2_web-100x100.jpg 100w, https:\/\/hufschuhanzieher.de\/wp-content\/uploads\/2023\/04\/Floating-Boots-mini_colours2_web-410x410.jpg 410w, https:\/\/hufschuhanzieher.de\/wp-content\/uploads\/2023\/04\/Floating-Boots-mini_colours2_web-150x150.jpg 150w, https:\/\/hufschuhanzieher.de\/wp-content\/uploads\/2023\/04\/Floating-Boots-mini_colours2_web-12x12.jpg 12w, https:\/\/hufschuhanzieher.de\/wp-content\/uploads\/2023\/04\/Floating-Boots-mini_colours2_web-60x60.jpg 60w, https:\/\/hufschuhanzieher.de\/wp-content\/uploads\/2023\/04\/Floating-Boots-mini_colours2_web.jpg 500w\" sizes=\"(max-width: 300px) 100vw, 300px\" \/><\/div>\n<ul>\n<li>in den Farben\u00a0 blau, gelb, pink, rot und schwarz.<\/li>\n<li>Er ist einfach an- und auszuziehen.<\/li>\n<li><span class=\"fs10lh1-5\">Sehr leicht, <\/span><span class=\"fs10lh1-5\">atmungsaktiv &amp; bequem, da der Huf rundum von Neopren umschlossen ist.<\/span><\/li>\n<li><span class=\"fs10lh1-5\">mit einer leistungsf\u00e4higen Sohle.<br \/>\n<\/span><span class=\"fs10lh1-5\">Sie erm\u00f6glicht den vollen Kontakt der Hufsohle mit dem Boden und f\u00f6rdert den nat\u00fcrlichen Blutfluss.<br \/>\n<\/span><\/li>\n<li>erlaubt eine unabh\u00e4ngige Ballenbewegung sowohl in horizontaler als auch in vertikaler Richtung.<\/li>\n<li>F\u00fcrs gelegentliche Reiten und Fahren geeignet, aber NICHT f\u00fcr Dauergebrauch konzipiert. Sie bieten guten Halt zb. f\u00fcr Besuchs-und Assistenz-Ponies, wenn sie Indoor unterwegs sind.<\/li>\n<li>der Mini wird mit zwei Klettverschl\u00fcssen geliefert.<br \/>\nEiner vorne\u00a0 (&#8222;Frontshield&#8220;) und zus\u00e4tzlich ein hinterer Riemen (&#8222;Pastern Strap&#8220;), um den Hufschuh im Ballenbereicht zu fixieren.<br \/>\nDie Klettverschl\u00fcsse k\u00f6nnen das Neopren aufrauen, dies beintr\u00e4chtigz aber nicht die Funktionalit\u00e4t.<\/li>\n<\/ul>\n<div>\n<h4>Gr\u00f6\u00dfentabelle Floating Boot Mini:<\/h4>\n<table style=\"max-width: 400px\" width=\"400\">\n<tbody>\n<tr>\n<td style=\"text-align: right\" width=\"120\"><strong>Mini-Gr\u00f6sse<\/strong><\/td>\n<td style=\"text-align: center\" width=\"120\"><strong>Hufweite<\/strong><\/td>\n<td style=\"text-align: center\" width=\"120\"><strong>Hoof Length<\/strong><\/td>\n<\/tr>\n<tr>\n<td style=\"text-align: right\" width=\"120\"><strong>S 6.7<br \/>\n<\/strong><\/td>\n<td style=\"text-align: center\" width=\"120\">60-70 mm<\/td>\n<td style=\"text-align: center\" width=\"120\">75 mm<\/td>\n<\/tr>\n<tr>\n<td style=\"text-align: right\" width=\"120\"><strong>S 7.8<br \/>\n<\/strong><\/td>\n<td style=\"text-align: center\" width=\"120\">70-80 mm<\/td>\n<td style=\"text-align: center\" width=\"120\">85 mm<\/td>\n<\/tr>\n<tr>\n<td style=\"text-align: right\" width=\"120\"><strong>S 8.9<br \/>\n<\/strong><\/td>\n<td style=\"text-align: center\" width=\"120\">80-90 mm<\/td>\n<td style=\"text-align: center\" width=\"120\">95 mm<\/td>\n<\/tr>\n<\/tbody>\n<\/table>\n<h4><span style=\"color: #339966\">\u00a0<\/span><\/h4>\n<\/div>","protected":false},"excerpt":{"rendered":"<h3>Price per Piece<\/h3>\n<p><span class=\"fs10lh1-5\">Floating Boot Mini: Hoofboot &#8222;light&#8220; f\u00fcr Miniaturpferde, kleine Ponys und Fohlen. Sehr leicht, atmungsaktiv und bequem, mit einer Performance-Sohle.<\/span><\/p>","protected":false},"featured_media":16652,"template":"","meta":[],"product_brand":[1076],"product_cat":[929,15,37,323,324],"product_tag":[358,850,362,523,361,943,522,521],"class_list":{"0":"post-16645","1":"product","2":"type-product","3":"status-publish","4":"has-post-thumbnail","6":"product_brand-floating-boots","7":"product_cat-floating-boots","8":"product_cat-unkategorisiert","9":"product_cat-hufschuh","10":"product_cat-gesundheitsschuh-krankenschuh","11":"product_cat-nichttesten","12":"product_tag-esel","13":"product_tag-fohlen","14":"product_tag-kleine-hufe","15":"product_tag-maultier-maulesel-muli","16":"product_tag-mini","17":"product_tag-miniaturpferde-miniature-horses","18":"product_tag-pony-ponie","19":"product_tag-shetty-shetti-shettie","21":"first","22":"instock","23":"taxable","24":"shipping-taxable","25":"purchasable","26":"product-type-variable","27":"has-default-attributes"},"_links":{"self":[{"href":"https:\/\/hufschuhanzieher.de\/en\/wp-json\/wp\/v2\/product\/16645","targetHints":{"allow":["GET"]}}],"collection":[{"href":"https:\/\/hufschuhanzieher.de\/en\/wp-json\/wp\/v2\/product"}],"about":[{"href":"https:\/\/hufschuhanzieher.de\/en\/wp-json\/wp\/v2\/types\/product"}],"version-history":[{"count":1,"href":"https:\/\/hufschuhanzieher.de\/en\/wp-json\/wp\/v2\/product\/16645\/revisions"}],"predecessor-version":[{"id":28650,"href":"https:\/\/hufschuhanzieher.de\/en\/wp-json\/wp\/v2\/product\/16645\/revisions\/28650"}],"wp:featuredmedia":[{"embeddable":true,"href":"https:\/\/hufschuhanzieher.de\/en\/wp-json\/wp\/v2\/media\/16652"}],"wp:attachment":[{"href":"https:\/\/hufschuhanzieher.de\/en\/wp-json\/wp\/v2\/media?parent=16645"}],"wp:term":[{"taxonomy":"product_brand","embeddable":true,"href":"https:\/\/hufschuhanzieher.de\/en\/wp-json\/wp\/v2\/product_brand?post=16645"},{"taxonomy":"product_cat","embeddable":true,"href":"https:\/\/hufschuhanzieher.de\/en\/wp-json\/wp\/v2\/product_cat?post=16645"},{"taxonomy":"product_tag","embeddable":true,"href":"https:\/\/hufschuhanzieher.de\/en\/wp-json\/wp\/v2\/product_tag?post=16645"}],"curies":[{"name":"wp","href":"https:\/\/api.w.org\/{rel}","templated":true}]}}