{"id":16520,"date":"2023-04-07T04:49:47","date_gmt":"2023-04-07T02:49:47","guid":{"rendered":"https:\/\/hufschuhanzieher.de\/?post_type=product&#038;p=16520"},"modified":"2025-09-11T17:12:28","modified_gmt":"2025-09-11T15:12:28","slug":"easyboot-trail","status":"publish","type":"product","link":"https:\/\/hufschuhanzieher.de\/en\/easyboot-trail\/","title":{"rendered":"Easyboot Trail"},"content":{"rendered":"<div class=\"\">\n<h4 id=\"detail_parent_prod_nm\" class=\"detail_title\">Easyboot Trail<\/h4>\n<div class=\"detail_cart\">\n<div class=\"product-ds\">\n<p>Der Easyboot New Trail ist der am einfachsten anzulegende und auszuziehende Hufschuh der Welt. Er ist der perfekte Hufschuh f\u00fcr den Freizeitreiter und kann auch als Therapieschuh verwendet werden.<\/p>\n<p>Mit einem robusten Schutzschild und einem gepolsterten Neoprenband l\u00e4sst er sich vollst\u00e4ndig \u00f6ffnen und \u00fcber eine Vielzahl von Hufformen und -gr\u00f6\u00dfen an- und ausziehen. Die hintere doppelte Klettverschlussbefestigung sch\u00fctzt die gesamte Hufwand und h\u00e4lt den Stiefel fest an seinem Platz.<\/p>\n<p>Geben Sie Ihrem Pferd Zeit, sich an das Tragen der Easyboot Trail Boots zu gew\u00f6hnen. Wenn Sie Ihr Pferd zum ersten Mal mit dem Easyboot Trail ausstatten, gehen Sie zun\u00e4chst nur spazieren. Steigern Sie allm\u00e4hlich die Dauer und Entfernung der Ausritte mit Easyboot Trail Boots. Zu viel und zu fr\u00fch kann zu Scheuerstellen f\u00fchren.<\/p>\n<p><img fetchpriority=\"high\" decoding=\"async\" class=\"alignnone wp-image-16292 size-full\" src=\"https:\/\/hufschuhanzieher.de\/wp-content\/uploads\/2023\/03\/Easyboot-Trail_size-charts_web.jpg\" alt=\"Easyboot-Trail_size charts_web\" width=\"869\" height=\"675\" title=\"\" srcset=\"https:\/\/hufschuhanzieher.de\/wp-content\/uploads\/2023\/03\/Easyboot-Trail_size-charts_web.jpg 869w, https:\/\/hufschuhanzieher.de\/wp-content\/uploads\/2023\/03\/Easyboot-Trail_size-charts_web-300x232.jpg 300w, https:\/\/hufschuhanzieher.de\/wp-content\/uploads\/2023\/03\/Easyboot-Trail_size-charts_web-600x466.jpg 600w, https:\/\/hufschuhanzieher.de\/wp-content\/uploads\/2023\/03\/Easyboot-Trail_size-charts_web-410x318.jpg 410w, https:\/\/hufschuhanzieher.de\/wp-content\/uploads\/2023\/03\/Easyboot-Trail_size-charts_web-768x597.jpg 768w, https:\/\/hufschuhanzieher.de\/wp-content\/uploads\/2023\/03\/Easyboot-Trail_size-charts_web-15x12.jpg 15w, https:\/\/hufschuhanzieher.de\/wp-content\/uploads\/2023\/03\/Easyboot-Trail_size-charts_web-77x60.jpg 77w\" sizes=\"(max-width: 869px) 100vw, 869px\" \/><\/p>\n<h4><a href=\"https:\/\/hufschuhanzieher.de\/wp-content\/uploads\/2023\/04\/Easyboot-Trail-Application-Guide.pdf\" target=\"_blank\" rel=\"noopener\"><span style=\"color: #008000;\">PDF:\u00a0 Application-Guide Easyboot Trail<\/span><\/a><\/h4>\n<p><strong>Video: <a href=\"https:\/\/youtu.be\/6loIEdVczJ4?si=UAt0U4IjGoCUNQPn\" target=\"_blank\" rel=\"noopener nofollow\"><span style=\"color: #008000;\">Easyboot New Trail<\/span><\/a><\/strong><\/p>\n<\/div>\n<\/div>\n<\/div>","protected":false},"excerpt":{"rendered":"<h4>Price per Piece<\/h4>\n<p>Der Easyboot Trail ist der einfachste Hufschuh der Welt zum An- und Ausziehen.<\/p>\n<p>&nbsp;<\/p>","protected":false},"featured_media":16525,"template":"","meta":[],"product_brand":[1071],"product_cat":[155,15,37,323],"product_tag":[172,922,314,921],"class_list":{"0":"post-16520","1":"product","2":"type-product","3":"status-publish","4":"has-post-thumbnail","6":"product_brand-easycare","7":"product_cat-easycare","8":"product_cat-unkategorisiert","9":"product_cat-hufschuh","10":"product_cat-gesundheitsschuh-krankenschuh","11":"product_tag-easyboot","12":"product_tag-freizeit","13":"product_tag-krankenschuh","14":"product_tag-trail","16":"first","17":"instock","18":"taxable","19":"shipping-taxable","20":"purchasable","21":"product-type-variable"},"_links":{"self":[{"href":"https:\/\/hufschuhanzieher.de\/en\/wp-json\/wp\/v2\/product\/16520","targetHints":{"allow":["GET"]}}],"collection":[{"href":"https:\/\/hufschuhanzieher.de\/en\/wp-json\/wp\/v2\/product"}],"about":[{"href":"https:\/\/hufschuhanzieher.de\/en\/wp-json\/wp\/v2\/types\/product"}],"version-history":[{"count":2,"href":"https:\/\/hufschuhanzieher.de\/en\/wp-json\/wp\/v2\/product\/16520\/revisions"}],"predecessor-version":[{"id":24905,"href":"https:\/\/hufschuhanzieher.de\/en\/wp-json\/wp\/v2\/product\/16520\/revisions\/24905"}],"wp:featuredmedia":[{"embeddable":true,"href":"https:\/\/hufschuhanzieher.de\/en\/wp-json\/wp\/v2\/media\/16525"}],"wp:attachment":[{"href":"https:\/\/hufschuhanzieher.de\/en\/wp-json\/wp\/v2\/media?parent=16520"}],"wp:term":[{"taxonomy":"product_brand","embeddable":true,"href":"https:\/\/hufschuhanzieher.de\/en\/wp-json\/wp\/v2\/product_brand?post=16520"},{"taxonomy":"product_cat","embeddable":true,"href":"https:\/\/hufschuhanzieher.de\/en\/wp-json\/wp\/v2\/product_cat?post=16520"},{"taxonomy":"product_tag","embeddable":true,"href":"https:\/\/hufschuhanzieher.de\/en\/wp-json\/wp\/v2\/product_tag?post=16520"}],"curies":[{"name":"wp","href":"https:\/\/api.w.org\/{rel}","templated":true}]}}