{"id":16081,"date":"2023-02-20T20:30:07","date_gmt":"2023-02-20T19:30:07","guid":{"rendered":"https:\/\/hufschuhanzieher.de\/?post_type=product&#038;p=16081"},"modified":"2026-03-31T15:39:58","modified_gmt":"2026-03-31T13:39:58","slug":"flex-boots-turquoise-limited-edition","status":"publish","type":"product","link":"https:\/\/hufschuhanzieher.de\/en\/flex-boots-turquoise-limited-edition\/","title":{"rendered":"! FLEX Boots Turquoise Limited Edition !"},"content":{"rendered":"<p><strong>Flexboots in <span style=\"color: #00ffff;\">Sonderlackierung<\/span>! Only available for a limited time!<\/strong><br \/>\n<strong><span style=\"color: #ff0000;\">Die Gr\u00f6\u00dfen 80, 95, 100, 115 &#8211; 135, 140 und 145 sind ausverkauft<\/span><\/strong><\/p>\n<p>Bitte geben Sie im <strong>Bestellprozess (Kasse\/Anmerkungen)<\/strong> an, FALLS<br \/>\nSie eine andere Neopren-Gaiter \/ Backstrap \u2013 Gr\u00f6\u00dfe ben\u00f6tigen, als die die standardm\u00e4ssig mitgeliefert wird. Die mitgelieferten Standardgr\u00f6\u00dfen finden sie in einer Grafik <a href=\"https:\/\/hufschuhanzieher.de\/flex-boot-back-straps\/\" target=\"_blank\" rel=\"noopener\"><span style=\"color: #008000;\"><strong>here<\/strong><\/span><\/a><\/p>\n<p>Sie suchen eine bestimmte Farbe? In unserer<span style=\"color: #008000;\"><a style=\"color: #008000;\" href=\"https:\/\/hufschuhanzieher.de\/sale\/\" target=\"_blank\" rel=\"noopener\"><strong> SALE % <\/strong><\/a><\/span>&#8211; Rubrik finden sie unsere Restposten von Farben die Flex Boot nicht mehr produziert<\/p>\n<p>Innovative hoof boot from Finland for barefoot running horses. Thanks to the many adjustment options, the FLEX Boot fits many hoof shapes.<span style=\"color: #ff0000;\"><br \/>\n<\/span><\/p>\n<p>Ein Flex Boot Kleinteile-Ersatz-Set k\u00f6nnen Sie <strong><span style=\"color: #339966;\"><a style=\"color: #339966;\" href=\"https:\/\/hufschuhanzieher.de\/flex-boot-small-parts-spare-set\/\" target=\"_blank\" rel=\"noopener\">separately here<\/a><\/span><\/strong>.<\/p>\n<p>The FLEX Boots are the softest hoof boots on the market. They are durable and easy to put on and take off. They have been carefully designed with the horse's well-being as the top priority.<br \/>\nFLEX Boots are light and slim, they are comfortable for the horse.<br \/>\nFLEX Hoof Boots are \ufb02exible, supple and durable barefoot hoof boots that provide protection without compromising the function of the hoof mechanism.<\/p>\n<p>The FLEX boot has a unique sole. It is laterally and medially \ufb02exible. It takes the hardest pressure off the footing but allows the horse to really feel the ground.<\/p>\n<p>&nbsp;<\/p>\n<table style=\"max-width: 1200px;\" width=\"1200\">\n<tbody>\n<tr>\n<td style=\"text-align: right;\" width=\"380\"><img fetchpriority=\"high\" decoding=\"async\" class=\"alignleft wp-image-7193\" src=\"https:\/\/hufschuhanzieher.de\/wp-content\/uploads\/2021\/01\/IMG_3615-240x300.jpg\" alt=\"FLEX boots - correct hoof trim\" width=\"400\" height=\"500\" title=\"\" srcset=\"https:\/\/hufschuhanzieher.de\/wp-content\/uploads\/2021\/01\/IMG_3615-240x300.jpg 240w, https:\/\/hufschuhanzieher.de\/wp-content\/uploads\/2021\/01\/IMG_3615-300x375.jpg 300w, https:\/\/hufschuhanzieher.de\/wp-content\/uploads\/2021\/01\/IMG_3615-600x750.jpg 600w, https:\/\/hufschuhanzieher.de\/wp-content\/uploads\/2021\/01\/IMG_3615-410x513.jpg 410w, https:\/\/hufschuhanzieher.de\/wp-content\/uploads\/2021\/01\/IMG_3615-819x1024.jpg 819w, https:\/\/hufschuhanzieher.de\/wp-content\/uploads\/2021\/01\/IMG_3615-768x960.jpg 768w, https:\/\/hufschuhanzieher.de\/wp-content\/uploads\/2021\/01\/IMG_3615-10x12.jpg 10w, https:\/\/hufschuhanzieher.de\/wp-content\/uploads\/2021\/01\/IMG_3615.jpg 1080w\" sizes=\"(max-width: 400px) 100vw, 400px\" \/><\/td>\n<td style=\"text-align: left;\" width=\"600\"><strong><strong>For unrestricted pleasure with the hoof boot,<br \/>\nhorse owners should round the horse's hooves approx. weekly:<br \/>\n<\/strong><\/strong><\/p>\n<ul>\n<li>any sharp and pointed edges;<\/li>\n<li>Hooves that come up toe first because they are too long;<\/li>\n<li>narrow heels<\/li>\n<li>high heels or a hoof wall,<br \/>\nthat mainly bears the weight alone;<\/li>\n<\/ul>\n<p><u>all this damages the boot<\/u>.<\/p>\n<p class=\" translation-block\">A good trim based on anatomy,<br>\nis not only beneficial for the horse,<br>\nbut also for the function of the boot.<\/p>\n<p>That is why Flex Boot is a \"holistic\" hoof boot.<\/td>\n<\/tr>\n<\/tbody>\n<\/table>\n<p>For young horses, the Flex Boot is a perfect way to protect the feet from excessive wear and tear, and not make the feet numb. It is like a barefoot shoe for humans.<\/p>\n<p>The Flex Boot has a unique sole that allows you to add 10 to 12 studs per hoof boot.<\/p>\n<p>Flex Boots fit many different hoof shapes and sizes.<br \/>\n-However, if the hoof width is more than 10 mm greater than the length, the FLEX Boots are not ideal for your horse.<br \/>\n-If the hooves are very narrow and the horse has a habit of twisting the legs a lot, FLEX Boots may not be suitable for your horse either.<br \/>\nRemember that flex boots work better when they are a little looser than too tight, so if in doubt, go one size up.<\/p>\n<h3>Size-Chart FLEX Boots:<\/h3>\n<table style=\"max-width: 600px;\" width=\"600\">\n<tbody>\n<tr>\n<td style=\"text-align: right;\" width=\"120\"><strong>FLEX-Boot Size<br \/>\n<\/strong>(shell)<strong><br \/>\n<\/strong><\/td>\n<td style=\"text-align: center;\" width=\"120\"><strong>Hoof Width approx.<br \/>\n<\/strong><\/td>\n<td style=\"text-align: center;\" width=\"120\"><strong>Hoof Length max.<br \/>\n<\/strong><\/td>\n<\/tr>\n<tr>\n<td style=\"text-align: right;\" width=\"120\"><strong>105<\/strong><\/td>\n<td style=\"text-align: center;\" width=\"120\">100 &#8211; 110 mm<\/td>\n<td style=\"text-align: center;\" width=\"120\">115 mm<\/td>\n<\/tr>\n<tr>\n<td style=\"text-align: right;\" width=\"120\"><strong>110<\/strong><\/td>\n<td style=\"text-align: center;\" width=\"120\">105-115 mm<\/td>\n<td style=\"text-align: center;\" width=\"120\">120 mm<\/td>\n<\/tr>\n<tr>\n<td style=\"text-align: right;\" width=\"120\"><strong>150<\/strong><\/td>\n<td style=\"text-align: center;\" width=\"120\">145 &#8211; 155 mm<\/td>\n<td style=\"text-align: center;\" width=\"120\">160 mm<\/td>\n<\/tr>\n<\/tbody>\n<\/table>\n<p>&nbsp;<\/p>\n<p>PDF: <strong><span style=\"color: #339966;\"><a style=\"color: #339966;\" href=\"https:\/\/hufschuhanzieher.de\/wp-content\/uploads\/2021\/02\/FLEX-Boots_How-to-use.pdf\" target=\"_blank\" rel=\"noopener noreferrer\">FLEX Boots, how to use<\/a><\/span><\/strong><\/p>\n<p>Video: <a href=\"https:\/\/youtu.be\/SuihlNxjs2M?si=yCD27NeE-YUVmnP9\" target=\"_blank\" rel=\"noopener nofollow\"><span style=\"color: #008000;\">How to fit Flex Boots<\/span><\/a><\/p>\n<p>&gt;<strong><span style=\"color: #339966;\"> <a style=\"color: #339966;\" href=\"https:\/\/www.flexhoofboots.com\/\" target=\"_blank\" rel=\"noopener noreferrer nofollow\">flexhoofboots.com<\/a><\/span><\/strong> <em>have a<\/em> <strong><span style=\"color: #339966;\"><a style=\"color: #339966;\" href=\"https:\/\/www.youtube.com\/channel\/UCfWgrRZoTSL1TMzUXrsvcgA\/videos\" target=\"_blank\" rel=\"noopener noreferrer nofollow\">Video channel<\/a><\/span><\/strong>, <em>where to get help on the correct fit of the boot or guidance on parts replacement<\/em><\/p>\n<h4><span style=\"color: #339966;\"><strong>&gt; <\/strong><\/span><a href=\"https:\/\/hufschuhanzieher.de\/zubehoer-hufschuhe\/flex-boots-zubehoer\/\"><span style=\"color: #339966;\"><strong>Flex Boot Accessories:<\/strong><\/span><\/a><\/h4>","protected":false},"excerpt":{"rendered":"<p><span style=\"color: #ff00ff;\"><strong><span style=\"color: #00ffff;\">LIMITED EDITION<\/span><\/strong><br \/>\n<\/span><\/p>\n<h3><strong>Price PER PAIR<br \/>\n<\/strong><\/h3>\n<p>The Flex Boots are the softest hoof boots on the market. They are durable and comfortable and easy to put on and take off.<\/p>","protected":false},"featured_media":16122,"template":"","meta":[],"product_brand":[1069],"product_cat":[445,15,37,324,1047],"product_tag":[446,448,433,447,762,923],"class_list":{"0":"post-16081","1":"product","2":"type-product","3":"status-publish","4":"has-post-thumbnail","6":"product_brand-flex-boots","7":"product_cat-flex-boots","8":"product_cat-unkategorisiert","9":"product_cat-hufschuh","10":"product_cat-nichttesten","11":"product_cat-sale","12":"product_tag-barfuss","13":"product_tag-finnland","14":"product_tag-flex","15":"product_tag-flex-hoof-boots","16":"product_tag-limited-edition","17":"product_tag-turquoise","19":"first","20":"instock","21":"sale","22":"featured","23":"taxable","24":"shipping-taxable","25":"purchasable","26":"product-type-variable","27":"has-default-attributes"},"_links":{"self":[{"href":"https:\/\/hufschuhanzieher.de\/en\/wp-json\/wp\/v2\/product\/16081","targetHints":{"allow":["GET"]}}],"collection":[{"href":"https:\/\/hufschuhanzieher.de\/en\/wp-json\/wp\/v2\/product"}],"about":[{"href":"https:\/\/hufschuhanzieher.de\/en\/wp-json\/wp\/v2\/types\/product"}],"version-history":[{"count":15,"href":"https:\/\/hufschuhanzieher.de\/en\/wp-json\/wp\/v2\/product\/16081\/revisions"}],"predecessor-version":[{"id":30166,"href":"https:\/\/hufschuhanzieher.de\/en\/wp-json\/wp\/v2\/product\/16081\/revisions\/30166"}],"wp:featuredmedia":[{"embeddable":true,"href":"https:\/\/hufschuhanzieher.de\/en\/wp-json\/wp\/v2\/media\/16122"}],"wp:attachment":[{"href":"https:\/\/hufschuhanzieher.de\/en\/wp-json\/wp\/v2\/media?parent=16081"}],"wp:term":[{"taxonomy":"product_brand","embeddable":true,"href":"https:\/\/hufschuhanzieher.de\/en\/wp-json\/wp\/v2\/product_brand?post=16081"},{"taxonomy":"product_cat","embeddable":true,"href":"https:\/\/hufschuhanzieher.de\/en\/wp-json\/wp\/v2\/product_cat?post=16081"},{"taxonomy":"product_tag","embeddable":true,"href":"https:\/\/hufschuhanzieher.de\/en\/wp-json\/wp\/v2\/product_tag?post=16081"}],"curies":[{"name":"wp","href":"https:\/\/api.w.org\/{rel}","templated":true}]}}