{"id":14886,"date":"2022-10-20T16:59:38","date_gmt":"2022-10-20T14:59:38","guid":{"rendered":"https:\/\/hufschuhanzieher.de\/?post_type=product&#038;p=14886"},"modified":"2025-11-17T11:50:23","modified_gmt":"2025-11-17T10:50:23","slug":"myfreedm-pads","status":"publish","type":"product","link":"https:\/\/hufschuhanzieher.de\/en\/myfreedm-pads\/","title":{"rendered":"myFREEDM\u00ae Therapie-Sohle"},"content":{"rendered":"<h4>myFREEDM \u00ae Einlegesohlen und ihre Eigenschaften auf einen Blick:<\/h4>\n<ul>\n<li><strong>Leicht wie Luft<\/strong> and <strong>sehr elastisch<\/strong><\/li>\n<li><strong>Weich und doch formstabil<\/strong> (Memory-Effekt)<br \/>\nDas innovative Material der in Deutschland gefertigten Sohlen passt sich perfekt an Profil und Form der Hufunterseite an. Das garantiert eine optimale Polsterung, die beste Unterst\u00fctzung des Strahls und eine gleichm\u00e4\u00dfige Verteilung von Belastung in der Bewegung<\/li>\n<li><strong>Hoch sto\u00dfd\u00e4mpfend<\/strong><br \/>\nDie myFREEDM \u00ae Sohlen wirken hoch sto\u00dfd\u00e4mpfend. Sie verteilen Belastungen zudem gleichm\u00e4\u00dfig. L\u00e4nger leistungsf\u00e4hige Hufe und Gelenke sind das Ergebnis.<\/li>\n<li><strong>Mit sp\u00fcrbarer Energier\u00fcckgabe<\/strong><\/li>\n<li><strong>Langlebig und extrem belastbar<\/strong><br \/>\nKeine Erm\u00fcdungserscheinungen zeigt das innovative Material auch noch nach etwa 6 \u2013 12 Monaten therapeutischer Dauernutzung. Dank des besonders starken Memoryeffektes des Hochleistungspolymers lassen sich die myFREEDM \u00ae Sohlen nach kurzer Pause viele Monate lang immer wieder verwenden<\/li>\n<li><strong>Pflegeleicht und robust<\/strong><\/li>\n<li><strong>Ganzj\u00e4hrig einsetzbar<\/strong><\/li>\n<li class=\"et_pb_module_header\"><strong>Nat\u00fcrliche Bewegung<\/strong><br \/>\nMit diesen Sohlen l\u00e4uft Ihr Pferd wie auf federndem Waldboden. Und das ist gut. Denn dieser Effekt erleichtert eine nat\u00fcrliche Bewegung. Und diese wiederum wirkt sich positiv auf Hufe, Durchblutung, Sehnen, Muskeln und Gelenke aus. Zudem unterst\u00fctzen die Einlagen ein optimiertes Laufmuster.<\/li>\n<li><strong>Einfach anzulegen<br \/>\n<\/strong>Die myFREEDM \u00ae Sohle in der passenden Gr\u00f6\u00dfe in den Hufschuh schieben \u2013 fertig. Alles weitere \u00fcbernimmt die innovative Sohle. Ein individueller Abdruck der Hufunterseite wird durch das Material bereits beim ersten Tragen erstellt.<\/li>\n<\/ul>\n<div class=\"et_pb_blurb_container\">\n<div class=\"et_pb_blurb_description\">\n<div class=\"et_pb_blurb_container\">\n<div class=\"et_pb_blurb_description\">\n<div class=\"et_pb_blurb_container\">\n<div class=\"et_pb_blurb_description\">\n<div class=\"et_pb_blurb_container\">\n<div class=\"et_pb_blurb_description\">\n<table style=\"max-width: 500px;\" width=\"401\">\n<caption>\n<h4>myFREEDM \u00ae -Gr\u00f6\u00dfentabelle<\/h4>\n<\/caption>\n<tbody>\n<tr>\n<td width=\"60\"><strong><em>rund<\/em><\/strong><\/td>\n<td width=\"60\"><strong><em>oval<\/em><\/strong><\/td>\n<td width=\"50\"><strong><em>Therapie<\/em><\/strong><\/td>\n<\/tr>\n<tr>\n<td width=\"50\">8 x 8 cm<\/td>\n<td width=\"100\">8 x 7,3 cm<\/td>\n<td width=\"50\"><strong>x<\/strong><\/td>\n<\/tr>\n<tr>\n<td width=\"57\">9 x 9 cm<\/td>\n<td width=\"50\">9 x 8,3 cm<\/td>\n<td width=\"50\"><strong>x<\/strong><\/td>\n<\/tr>\n<tr>\n<td width=\"57\">10 x 10 cm<\/td>\n<td width=\"50\">10 x 9,3 cm<\/td>\n<td width=\"50\"><strong>x<\/strong><\/td>\n<\/tr>\n<tr>\n<td width=\"57\">11 x 11 cm<\/td>\n<td width=\"50\">11 x 10,3 cm<\/td>\n<td width=\"50\"><strong>x<\/strong><\/td>\n<\/tr>\n<tr>\n<td width=\"57\">12 x 12 cm<\/td>\n<td width=\"50\">12 x 11,3 cm<\/td>\n<td width=\"50\"><strong>x<\/strong><\/td>\n<\/tr>\n<tr>\n<td width=\"57\">13 x 13 cm<\/td>\n<td width=\"50\">13 x 12,3 cm<\/td>\n<td width=\"50\"><strong>x<\/strong><\/td>\n<\/tr>\n<tr>\n<td width=\"57\">14 x 14 cm<\/td>\n<td width=\"50\">14 x 13,3 cm<\/td>\n<td width=\"50\"><strong>x<\/strong><\/td>\n<\/tr>\n<tr>\n<td width=\"57\">15 x 15 cm<\/td>\n<td width=\"50\">15 x 14,3 cm<\/td>\n<td width=\"50\"><strong>x<\/strong><\/td>\n<\/tr>\n<tr>\n<td width=\"57\">16 x 16 cm<\/td>\n<td width=\"50\"><\/td>\n<td width=\"50\"><strong>x<\/strong><\/td>\n<\/tr>\n<tr>\n<td width=\"57\">17 x 17 cm<\/td>\n<td width=\"50\"><\/td>\n<td width=\"50\"><strong>x<\/strong><\/td>\n<\/tr>\n<tr>\n<td width=\"57\">18 x 18 cm<\/td>\n<td width=\"50\"><\/td>\n<td width=\"50\"><strong>x<\/strong><\/td>\n<\/tr>\n<tr>\n<td width=\"57\">19 x 19 cm<\/td>\n<td width=\"50\"><\/td>\n<td width=\"50\"><strong>x<\/strong><\/td>\n<\/tr>\n<\/tbody>\n<\/table>\n<\/div>\n<\/div>\n<\/div>\n<\/div>\n<\/div>\n<\/div>\n<\/div>\n<\/div>\n<p>Orientieren Sie sich an der Gr\u00f6\u00dfe Ihrer Hufschuhe.<br \/>\nDie myFREEDM \u00ae Sohle soll komplett in der Hufschuhsohle liegen und auf diese Weise den Pferdehuf zuverl\u00e4ssig vollfl\u00e4chig unterst\u00fctzen.<br \/>\nSchablonen als PDF zum Herunterladen, Ausschneiden und Einlegen in Ihre Hufschuhe helfen bei der<br \/>\nGr\u00f6\u00dfenbestimmung. Sie finden Sie <strong><a href=\"https:\/\/hufschuhanzieher.de\/wp-content\/uploads\/2022\/10\/myFREEDM-Schablonen.pdf\" target=\"_blank\" rel=\"noopener\"><span style=\"color: #008000;\">here<\/span><\/a><\/strong><br \/>\nSollten Sie die Sohlen zuschneiden m\u00fcssen, gehen Sie vorsichtig vor:<br \/>\nLassen Sie zun\u00e4chst lieber etwas zu viel \u00dcberstand. Die Sohlen setzen sich m\u00f6glicherweise noch etwas in die Hufw\u00f6lbung.<br \/>\nNach den ersten Tragezeiten kann noch besser nachgeschnitten werden.<br \/>\nDer Zuschnitt gelingt am besten mit einer guten Schere. Bitte machen Sie keine Kerben oder Einschnitte, die Haltbarkeit der Sohlen leidet darunter.<\/p>\n<p>Ausf\u00fchrlichere Informationen finden Sie hier: myFREEDM \u00ae <span style=\"color: #339966;\">&#8211;<a style=\"color: #339966;\" href=\"https:\/\/myfreedm.de\/therapie\/\" target=\"_blank\" rel=\"noopener\">Therapie-Sohlen<\/a><\/span><\/p>\n<h4><a href=\"https:\/\/hufschuhanzieher.de\/zubehoer-hufschuhe\/passend-fuer-alle-hufschuhe-zubehoer\" target=\"_blank\" rel=\"noopener\"><span style=\"color: #008000;\">further Explora Accessories<\/span><\/a><\/h4>","protected":false},"excerpt":{"rendered":"<p><strong>Price PER PAIR<\/strong><\/p>\n<p>Hochwirksame myFREEDM \u00ae -Therapie-Sohlen. Intelligenter Schutz f\u00fcr funktionale Hufe. Die <span class=\"style-scope yt-formatted-string\" dir=\"auto\">Revolution des Hufschutzes.<\/span><\/p>","protected":false},"featured_media":14953,"template":"","meta":[],"product_brand":[],"product_cat":[849,15,35,248],"product_tag":[848,571,817,278,282,572,317,845,846,345,315,815,519,244,523,816,843,841,844,521,245,842,847,344],"class_list":{"0":"post-14886","1":"product","2":"type-product","3":"status-publish","4":"has-post-thumbnail","6":"product_cat-myfreedm","7":"product_cat-unkategorisiert","8":"product_cat-zubehoer-hufschuhe","9":"product_cat-passend-fuer-alle-hufschuhe-zubehoer","10":"product_tag-arthritis","11":"product_tag-arthrose","12":"product_tag-boost-etpu-infinergy","13":"product_tag-einlagen","14":"product_tag-einlegesohlen","15":"product_tag-fuehligkeit","16":"product_tag-hufabszess","17":"product_tag-hufbeinrotation","18":"product_tag-hufbeinsenkung","19":"product_tag-hufgeschwuer","20":"product_tag-hufrehe","21":"product_tag-hufrollenentzuendung-podotrochlose","22":"product_tag-hufschuh-schutz","23":"product_tag-kaltblut","24":"product_tag-maultier-maulesel-muli","25":"product_tag-memory-effekt","26":"product_tag-rekonvaleszenz","27":"product_tag-rueckenprobleme","28":"product_tag-sehnen-baender-probleme","29":"product_tag-shetty-shetti-shettie","30":"product_tag-shire","31":"product_tag-stossdaempfung","32":"product_tag-umstellung-auf-barhuf","33":"product_tag-wld-wild-line-desease","34":"pa_myfreedm-groesse-10-x-10-cm","35":"pa_myfreedm-groesse-10-x-9-3-cm","36":"pa_myfreedm-groesse-11-x-103-cm","37":"pa_myfreedm-groesse-11-x-11-cm","38":"pa_myfreedm-groesse-12-x-113-cm","39":"pa_myfreedm-groesse-12-x-12-cm","40":"pa_myfreedm-groesse-13-x-123-cm","41":"pa_myfreedm-groesse-13-x-13-cm","42":"pa_myfreedm-groesse-14-x-133-cm","43":"pa_myfreedm-groesse-14-x-14-cm","44":"pa_myfreedm-groesse-15-x-143-cm","45":"pa_myfreedm-groesse-15-x-15-cm","46":"pa_myfreedm-groesse-16-x-16-cm","47":"pa_myfreedm-groesse-17-x-17-cm","48":"pa_myfreedm-groesse-18-x-18-cm","49":"pa_myfreedm-groesse-19-x-19-cm","50":"pa_myfreedm-groesse-8-x-7-3-cm","51":"pa_myfreedm-groesse-8-x-8-cm","52":"pa_myfreedm-groesse-9-x-8-3-cm","53":"pa_myfreedm-groesse-9-x-9-cm","55":"first","56":"instock","57":"taxable","58":"shipping-taxable","59":"purchasable","60":"product-type-variable"},"_links":{"self":[{"href":"https:\/\/hufschuhanzieher.de\/en\/wp-json\/wp\/v2\/product\/14886","targetHints":{"allow":["GET"]}}],"collection":[{"href":"https:\/\/hufschuhanzieher.de\/en\/wp-json\/wp\/v2\/product"}],"about":[{"href":"https:\/\/hufschuhanzieher.de\/en\/wp-json\/wp\/v2\/types\/product"}],"version-history":[{"count":5,"href":"https:\/\/hufschuhanzieher.de\/en\/wp-json\/wp\/v2\/product\/14886\/revisions"}],"predecessor-version":[{"id":29573,"href":"https:\/\/hufschuhanzieher.de\/en\/wp-json\/wp\/v2\/product\/14886\/revisions\/29573"}],"wp:featuredmedia":[{"embeddable":true,"href":"https:\/\/hufschuhanzieher.de\/en\/wp-json\/wp\/v2\/media\/14953"}],"wp:attachment":[{"href":"https:\/\/hufschuhanzieher.de\/en\/wp-json\/wp\/v2\/media?parent=14886"}],"wp:term":[{"taxonomy":"product_brand","embeddable":true,"href":"https:\/\/hufschuhanzieher.de\/en\/wp-json\/wp\/v2\/product_brand?post=14886"},{"taxonomy":"product_cat","embeddable":true,"href":"https:\/\/hufschuhanzieher.de\/en\/wp-json\/wp\/v2\/product_cat?post=14886"},{"taxonomy":"product_tag","embeddable":true,"href":"https:\/\/hufschuhanzieher.de\/en\/wp-json\/wp\/v2\/product_tag?post=14886"}],"curies":[{"name":"wp","href":"https:\/\/api.w.org\/{rel}","templated":true}]}}