{"id":14352,"date":"2022-08-21T17:48:50","date_gmt":"2022-08-21T15:48:50","guid":{"rendered":"https:\/\/hufschuhanzieher.de\/?post_type=product&#038;p=14352"},"modified":"2026-03-15T18:41:49","modified_gmt":"2026-03-15T17:41:49","slug":"marquis-stulpen","status":"publish","type":"product","link":"https:\/\/hufschuhanzieher.de\/en\/marquis-stulpen\/","title":{"rendered":"Marquis Ballen- und Fesselschutz"},"content":{"rendered":"<h4>Marquis Stulpen<\/h4>\n<div align=\"left\">Due to the incorporation of Teflon yarn<\/div>\n<div align=\"left\">\n<ul>\n<li>very skin friendly,<\/li>\n<li>high tear resistance.<\/li>\n<li style=\"list-style-type: none;\"><\/li>\n<\/ul>\n<\/div>\n<h4>The Marquis gauntlets offer protection in extreme strains<\/h4>\n<p>as f.e.:<\/p>\n<ul>\n<li>long rides,<\/li>\n<li>Sandy soils,<\/li>\n<li>or sporadic use of hoof boots.<\/li>\n<li>Elastic protection against pressure and rubbing points<\/li>\n<\/ul>\n<h4>the Marquis sleeves<\/h4>\n<ul>\n<li>can also be combined with other hoof boots.<\/li>\n<li>Washable at 30\u00b0 C<\/li>\n<\/ul>\n<p>Gr\u00f6\u00dfe : Gr. 4-5 f\u00fcr Hufbreiten bis ca. 16,5 cm<\/p>\n<p>Amount: 1 pair<\/p>","protected":false},"excerpt":{"rendered":"<h4><span class=\"fs10lh1-5\">1 Paar f\u00fcr 20 \u20acuro,<br \/>\n2 Paar f\u00fcr 30 \u20acuro<\/span><\/h4>","protected":false},"featured_media":10476,"template":"","meta":[],"product_brand":[],"product_cat":[35,15,248,1047],"product_tag":[259,240,242,769,243],"class_list":{"0":"post-14352","1":"product","2":"type-product","3":"status-publish","4":"has-post-thumbnail","6":"product_cat-zubehoer-hufschuhe","7":"product_cat-unkategorisiert","8":"product_cat-passend-fuer-alle-hufschuhe-zubehoer","9":"product_cat-sale","10":"product_tag-ballenschutz","11":"product_tag-fesselschutz","12":"product_tag-gamasche","13":"product_tag-legwarmer","14":"product_tag-stulpe","16":"first","17":"instock","18":"sale","19":"taxable","20":"shipping-taxable","21":"purchasable","22":"product-type-variable","23":"has-default-attributes"},"_links":{"self":[{"href":"https:\/\/hufschuhanzieher.de\/en\/wp-json\/wp\/v2\/product\/14352","targetHints":{"allow":["GET"]}}],"collection":[{"href":"https:\/\/hufschuhanzieher.de\/en\/wp-json\/wp\/v2\/product"}],"about":[{"href":"https:\/\/hufschuhanzieher.de\/en\/wp-json\/wp\/v2\/types\/product"}],"version-history":[{"count":6,"href":"https:\/\/hufschuhanzieher.de\/en\/wp-json\/wp\/v2\/product\/14352\/revisions"}],"predecessor-version":[{"id":29772,"href":"https:\/\/hufschuhanzieher.de\/en\/wp-json\/wp\/v2\/product\/14352\/revisions\/29772"}],"wp:featuredmedia":[{"embeddable":true,"href":"https:\/\/hufschuhanzieher.de\/en\/wp-json\/wp\/v2\/media\/10476"}],"wp:attachment":[{"href":"https:\/\/hufschuhanzieher.de\/en\/wp-json\/wp\/v2\/media?parent=14352"}],"wp:term":[{"taxonomy":"product_brand","embeddable":true,"href":"https:\/\/hufschuhanzieher.de\/en\/wp-json\/wp\/v2\/product_brand?post=14352"},{"taxonomy":"product_cat","embeddable":true,"href":"https:\/\/hufschuhanzieher.de\/en\/wp-json\/wp\/v2\/product_cat?post=14352"},{"taxonomy":"product_tag","embeddable":true,"href":"https:\/\/hufschuhanzieher.de\/en\/wp-json\/wp\/v2\/product_tag?post=14352"}],"curies":[{"name":"wp","href":"https:\/\/api.w.org\/{rel}","templated":true}]}}