{"id":13990,"date":"2022-08-12T11:59:20","date_gmt":"2022-08-12T09:59:20","guid":{"rendered":"https:\/\/hufschuhanzieher.de\/?post_type=product&#038;p=13990"},"modified":"2025-09-11T17:20:41","modified_gmt":"2025-09-11T15:20:41","slug":"scoot-adjust","status":"publish","type":"product","link":"https:\/\/hufschuhanzieher.de\/en\/scoot-adjust\/","title":{"rendered":"Scoot Adjust"},"content":{"rendered":"<h4>Scoot Enduro hei\u00dft jetzt Scoot Adjust!<\/h4>\n<p><img fetchpriority=\"high\" decoding=\"async\" class=\"size-medium wp-image-14043 alignleft\" src=\"https:\/\/hufschuhanzieher.de\/wp-content\/uploads\/2022\/08\/Enduro-fit-vs-Scoot-fit2_web-300x174.jpg\" alt=\"Enduro fit vs Scoot fit2_web\" width=\"300\" height=\"174\" title=\"\" srcset=\"https:\/\/hufschuhanzieher.de\/wp-content\/uploads\/2022\/08\/Enduro-fit-vs-Scoot-fit2_web-300x174.jpg 300w, https:\/\/hufschuhanzieher.de\/wp-content\/uploads\/2022\/08\/Enduro-fit-vs-Scoot-fit2_web-410x238.jpg 410w, https:\/\/hufschuhanzieher.de\/wp-content\/uploads\/2022\/08\/Enduro-fit-vs-Scoot-fit2_web-18x10.jpg 18w, https:\/\/hufschuhanzieher.de\/wp-content\/uploads\/2022\/08\/Enduro-fit-vs-Scoot-fit2_web-400x230.jpg 400w, https:\/\/hufschuhanzieher.de\/wp-content\/uploads\/2022\/08\/Enduro-fit-vs-Scoot-fit2_web-103x60.jpg 103w, https:\/\/hufschuhanzieher.de\/wp-content\/uploads\/2022\/08\/Enduro-fit-vs-Scoot-fit2_web.jpg 500w\" sizes=\"(max-width: 300px) 100vw, 300px\" \/>Der Scoot Adjust passt Pferden mit hohen Trachten und Maultieren, aber auch einigen Pferden mit untergeschobenen Trachten und anderen Huftypen, die nicht f\u00fcr Scoot Boots geeignet sind. Die Form des <strong>Scoot Adjust<\/strong> is modelled on <strong>Scoot Boot Slim<\/strong> nachempfunden, um diese Huftypen zu ber\u00fccksichtigen. Die verstellbare R\u00fcckseite des Scoot Enduro passt sich diesen Hufformen bequem an und bietet mehr Anpassungsm\u00f6glichkeiten f\u00fcr barhufige Pferde und Maultiere. Scoot Adjust ist die beste Scoot-Option f\u00fcr Langstreckenritte \u00fcber 60km\/40miles<\/p>\n<h4>Scoot Adjust Gr\u00f6\u00dfen:<\/h4>\n<p><img decoding=\"async\" class=\"wp-image-25536 size-full\" src=\"https:\/\/hufschuhanzieher.de\/wp-content\/uploads\/2019\/10\/ScootBoot_Adjust-Chart.jpg\" alt=\"ScootBoot_Adjust Chart\" width=\"661\" height=\"574\" title=\"\" srcset=\"https:\/\/hufschuhanzieher.de\/wp-content\/uploads\/2019\/10\/ScootBoot_Adjust-Chart.jpg 661w, https:\/\/hufschuhanzieher.de\/wp-content\/uploads\/2019\/10\/ScootBoot_Adjust-Chart-300x261.jpg 300w, https:\/\/hufschuhanzieher.de\/wp-content\/uploads\/2019\/10\/ScootBoot_Adjust-Chart-14x12.jpg 14w, https:\/\/hufschuhanzieher.de\/wp-content\/uploads\/2019\/10\/ScootBoot_Adjust-Chart-410x356.jpg 410w, https:\/\/hufschuhanzieher.de\/wp-content\/uploads\/2019\/10\/ScootBoot_Adjust-Chart-600x521.jpg 600w\" sizes=\"(max-width: 661px) 100vw, 661px\" \/><\/p>\n<p>&nbsp;<\/p>\n<p><strong>Scoot Boot Adjust zeichnen sich aus durch:<\/strong><\/p>\n<ul>\n<li><span style=\"font-size: 1rem;\">easy handling<\/span><\/li>\n<li><span class=\"fs10lh1-5\">no cables and no velcro fasteners<\/span><\/li>\n<li><span class=\"fs10lh1-5\">very light weight &amp; breathable<\/span><\/li>\n<li><span class=\"fs10lh1-5\">very good profile and easy-care material!<\/span><\/li>\n<li><span class=\"fs10lh1-5\">suitable for hooves that are longer than wide<\/span><\/li>\n<li><span class=\"fs10lh1-5\"><b>Information<\/b>:\u00a0<\/span><span class=\"fs10lh1-5\">We strongly recommend to have the hoof boots fitted by experts!<\/span><\/li>\n<\/ul>\n<p><span class=\"fs10lh1-5\">Mud Straps are useful in extreme conditions like deep mud, mountainous terrain, jumping or cross<\/span><span class=\"fs10lh1-5\">. <\/span><span class=\"fs10lh1-5\">Made of thermoplastic urethane (TPU), slightly elastic.<\/span><\/p>\n<h4>Die Scoot Boot Mud Straps werden entsprechend der gew\u00e4hlten Adjust-Gr\u00f6ssen geliefert :<\/h4>\n<ul>\n<li style=\"list-style-type: none;\">\n<ul>\n<li>XXS f\u00fcr Scoot Adjust Gr\u00f6sse 00 und 0<\/li>\n<li>XS f\u00fcr Scoot Adjust Gr\u00f6sse 1 und 2<\/li>\n<li>S f\u00fcr Scoot Adjust Gr\u00f6sse 3 und 4<\/li>\n<li>M f\u00fcr Scoot Adjust Gr\u00f6sse 5 ,6 und<\/li>\n<li>L f\u00fcr Scoot Adjust Gr\u00f6\u00dfe 7<\/li>\n<\/ul>\n<\/li>\n<\/ul>\n<h4>Video: <a href=\"https:\/\/youtu.be\/jz-3CEn4AGk?si=_AF7yvQSLrE2MeaJ\" target=\"_blank\" rel=\"noopener nofollow\">Die richtige Scoot Adjust (Enduro) Gr\u00f6\u00dfe<\/a><\/h4>\n<h4>Video: <a href=\"https:\/\/youtu.be\/pCS178ead64?si=UUe_BRvRjX2naIIq\" target=\"_blank\" rel=\"noopener nofollow\">Scoot Adjust (Enduro) anpassen<\/a><\/h4>\n<h4>Video: <a href=\"https:\/\/youtu.be\/1RbR48ofXds?si=IeZwGgVCqIkffq4I\" target=\"_blank\" rel=\"noopener nofollow\">Mudstraps durch Hitze verl\u00e4ngern<\/a><\/h4>\n<h4><strong><span style=\"color: #339966;\"><a style=\"color: #339966;\" href=\"https:\/\/hufschuhanzieher.de\/zubehoer-hufschuhe\/scoot-boots-zubehoer\"><span style=\"color: #008000;\">Accessories Scoot Boot:<\/span><\/a><\/span><\/strong><\/h4>","protected":false},"excerpt":{"rendered":"<h3><strong>Price PER PAIR<\/strong><\/h3>\n<p>Scoot Adjust f\u00fcr Pferde mit hohen oder untergeschobenen Trachten oder mit Hufen, die eher lang als breit sind.<\/p>\n<p><span style=\"color: #ff0000;\">Bitte geben Sie im <strong>Bestellprozess (Kasse\/Anmerkungen)<\/strong>\u00a0 an, FALLS Sie eine andere Mudstrap\u2013 Gr\u00f6\u00dfe ben\u00f6tigen, als die die standardm\u00e4ssig mitgeliefert wird. Die mitgelieferten Standardgr\u00f6\u00dfen finden sie in einer Grafik am Ende der Galerie<\/span><\/p>","protected":false},"featured_media":25595,"template":"","meta":[],"product_brand":[1064],"product_cat":[137,15,37,324],"product_tag":[358,523,713,522,671,1022,768],"class_list":{"0":"post-13990","1":"product","2":"type-product","3":"status-publish","4":"has-post-thumbnail","6":"product_brand-scoot-boot","7":"product_cat-scoot-boots","8":"product_cat-unkategorisiert","9":"product_cat-hufschuh","10":"product_cat-nichttesten","11":"product_tag-esel","12":"product_tag-maultier-maulesel-muli","13":"product_tag-mudstrap","14":"product_tag-pony-ponie","15":"product_tag-schwarz","16":"product_tag-scoot-adjust","17":"product_tag-scoot-enduro","19":"first","20":"instock","21":"featured","22":"taxable","23":"shipping-taxable","24":"purchasable","25":"product-type-variable"},"_links":{"self":[{"href":"https:\/\/hufschuhanzieher.de\/en\/wp-json\/wp\/v2\/product\/13990","targetHints":{"allow":["GET"]}}],"collection":[{"href":"https:\/\/hufschuhanzieher.de\/en\/wp-json\/wp\/v2\/product"}],"about":[{"href":"https:\/\/hufschuhanzieher.de\/en\/wp-json\/wp\/v2\/types\/product"}],"version-history":[{"count":2,"href":"https:\/\/hufschuhanzieher.de\/en\/wp-json\/wp\/v2\/product\/13990\/revisions"}],"predecessor-version":[{"id":25589,"href":"https:\/\/hufschuhanzieher.de\/en\/wp-json\/wp\/v2\/product\/13990\/revisions\/25589"}],"wp:featuredmedia":[{"embeddable":true,"href":"https:\/\/hufschuhanzieher.de\/en\/wp-json\/wp\/v2\/media\/25595"}],"wp:attachment":[{"href":"https:\/\/hufschuhanzieher.de\/en\/wp-json\/wp\/v2\/media?parent=13990"}],"wp:term":[{"taxonomy":"product_brand","embeddable":true,"href":"https:\/\/hufschuhanzieher.de\/en\/wp-json\/wp\/v2\/product_brand?post=13990"},{"taxonomy":"product_cat","embeddable":true,"href":"https:\/\/hufschuhanzieher.de\/en\/wp-json\/wp\/v2\/product_cat?post=13990"},{"taxonomy":"product_tag","embeddable":true,"href":"https:\/\/hufschuhanzieher.de\/en\/wp-json\/wp\/v2\/product_tag?post=13990"}],"curies":[{"name":"wp","href":"https:\/\/api.w.org\/{rel}","templated":true}]}}