{"id":13735,"date":"2022-07-26T03:55:52","date_gmt":"2022-07-26T01:55:52","guid":{"rendered":"https:\/\/hufschuhanzieher.de\/?post_type=product&#038;p=13735"},"modified":"2025-09-11T17:28:03","modified_gmt":"2025-09-11T15:28:03","slug":"explora-elastic-strip-logo","status":"publish","type":"product","link":"https:\/\/hufschuhanzieher.de\/en\/explora-elastic-strip-logo\/","title":{"rendered":"Explora Elastic Strip mit Logo"},"content":{"rendered":"<p>Ersatz Fesselriemen f\u00fcr den Explora Magic (siehe Legende-Foto, Nr.15)<br \/>\nErh\u00e4ltlich in zwei Gr\u00f6\u00dfen.<br \/>\nPrice per piece<\/p>\n<p>Gr\u00f6\u00dfe L (f\u00fcr Explora Magic Gr\u00f6\u00dfe 3, 4 und E4),<\/p>\n<p>Gr\u00f6\u00dfe M (f\u00fcr Explora Magic Gr\u00f6\u00dfe 1, 2, E1, E2 und E3)<\/p>\n<p>&nbsp;<\/p>\n<h4><a href=\"https:\/\/hufschuhanzieher.de\/zubehoer-hufschuhe\/explora-zubehoer\"><span style=\"color: #339966;\">further Explora Accessories:<\/span><\/a><\/h4>","protected":false},"excerpt":{"rendered":"<h4>Price per Piece<\/h4>\n<p>Elastischer Fesselriemen mit Explora Logo f\u00fcr den Explora Magic.<\/p>","protected":false},"featured_media":13740,"template":"","meta":[],"product_brand":[1074],"product_cat":[215,15,35],"product_tag":[192,338,206],"class_list":{"0":"post-13735","1":"product","2":"type-product","3":"status-publish","4":"has-post-thumbnail","6":"product_brand-explora","7":"product_cat-explora-zubehoer","8":"product_cat-unkategorisiert","9":"product_cat-zubehoer-hufschuhe","10":"product_tag-explora","11":"product_tag-explora-magic","12":"product_tag-zubehoer","14":"first","15":"instock","16":"taxable","17":"shipping-taxable","18":"purchasable","19":"product-type-variable"},"_links":{"self":[{"href":"https:\/\/hufschuhanzieher.de\/en\/wp-json\/wp\/v2\/product\/13735","targetHints":{"allow":["GET"]}}],"collection":[{"href":"https:\/\/hufschuhanzieher.de\/en\/wp-json\/wp\/v2\/product"}],"about":[{"href":"https:\/\/hufschuhanzieher.de\/en\/wp-json\/wp\/v2\/types\/product"}],"version-history":[{"count":2,"href":"https:\/\/hufschuhanzieher.de\/en\/wp-json\/wp\/v2\/product\/13735\/revisions"}],"predecessor-version":[{"id":26449,"href":"https:\/\/hufschuhanzieher.de\/en\/wp-json\/wp\/v2\/product\/13735\/revisions\/26449"}],"wp:featuredmedia":[{"embeddable":true,"href":"https:\/\/hufschuhanzieher.de\/en\/wp-json\/wp\/v2\/media\/13740"}],"wp:attachment":[{"href":"https:\/\/hufschuhanzieher.de\/en\/wp-json\/wp\/v2\/media?parent=13735"}],"wp:term":[{"taxonomy":"product_brand","embeddable":true,"href":"https:\/\/hufschuhanzieher.de\/en\/wp-json\/wp\/v2\/product_brand?post=13735"},{"taxonomy":"product_cat","embeddable":true,"href":"https:\/\/hufschuhanzieher.de\/en\/wp-json\/wp\/v2\/product_cat?post=13735"},{"taxonomy":"product_tag","embeddable":true,"href":"https:\/\/hufschuhanzieher.de\/en\/wp-json\/wp\/v2\/product_tag?post=13735"}],"curies":[{"name":"wp","href":"https:\/\/api.w.org\/{rel}","templated":true}]}}