{"id":13706,"date":"2022-07-23T07:54:24","date_gmt":"2022-07-23T05:54:24","guid":{"rendered":"https:\/\/hufschuhanzieher.de\/?post_type=product&#038;p=13706"},"modified":"2025-09-11T18:18:52","modified_gmt":"2025-09-11T16:18:52","slug":"atcom-pssm-vital-5kg-9kg","status":"publish","type":"product","link":"https:\/\/hufschuhanzieher.de\/en\/atcom-pssm-vital-5kg-9kg\/","title":{"rendered":"Atcom PSSM Vital  9kg"},"content":{"rendered":"<div>\n<h4 class=\" translation-block\"><b><span class=\"fs11lh1-5 cf2\">ATCOM supplementary feed,<\/span><\/b> <span class=\"fs11lh1-5 cf2\">pelleted<\/span><\/h4>\n<\/div>\n<div>\n<div>\n<ul>\n<li><strong>complete mineral feed in premium quality<\/strong> sichert in hochverf\u00fcgbarer Form den Grundbedarf an essentiellen N\u00e4hrstoffen des pssm<strong>&#8211; und stoffwechselempfindlichen Pferdes<\/strong> sowie Pferde mit einem hohen Muskeltonus und beugt ern\u00e4hrungsbedingten Mangelerscheinungen vor<\/li>\n<li>ohne Aromastoffe, Getreide- und Zuckerzus\u00e4tze<\/li>\n<li>Um den Muskelstoffwechsel optimal zu unterst\u00fctzen, enth\u00e4lt ATCOM PSSM-VITAL besonders hochdosierte und organisch gebundenes Magnesium, Mangan, Selen und nat\u00fcrliches Vitamin E.<\/li>\n<li>\u00dcberdies wird die qualitative Proteinversorgung durch die hohen Gehalte an den essentiellen Aminos\u00e4uren (Lysin, Methionin,\u00a0 Threonin, Cystein) verbessert. Dies kommt nicht nur der Muskulatur zugute, sondern unterst\u00fctzt geleichzeitig die Hornqualit\u00e4t und das gesamte Immunsystem.<\/li>\n<li>Reiskeim\u00f6l und L-Carnitin runden die Rezeptur ab.<\/li>\n<li>Gleichzeitig unterst\u00fctzt ATCOM PSSM-VITAL durch die enthaltenen Lecithine und die B-Vitamine den Leberstoffwechsel.<\/li>\n<li><strong>with integrated optimum selenium supply<\/strong>, as Germany is a selenium deficiency area<\/li>\n<\/ul>\n<\/div>\n<\/div>","protected":false},"excerpt":{"rendered":"<h4><span class=\"fs10lh1-5\">ATCOM PSSM-VITAL <\/span><\/h4>\n<h4><span class=\"fs10lh1-5\">versorgt das pssm- und stoffwechselempfindliche Pferd, sowie Pferde mit einem hohen Muskeltonus mit lebenswichtigen Vitaminen, Mineralstoffen, Spurenelementen und Aminos\u00e4uren.<\/span><\/h4>\n<h4><span class=\"fs10lh1-5\">Deswegen ist das ATCOM PSSM-VITAL gezielt ohne Aromastoffe, Getreide- und Zuckerzus\u00e4tzen konzipiert und geeignet f\u00fcr Ihr PSSM Pferd.<br \/>\n<\/span><\/h4>","protected":false},"featured_media":13713,"template":"","meta":[],"product_brand":[1087],"product_cat":[36,15],"product_tag":[231,230,232,346,765,766],"class_list":{"0":"post-13706","1":"product","2":"type-product","3":"status-publish","4":"has-post-thumbnail","6":"product_brand-atcom","7":"product_cat-futter-eat","8":"product_cat-unkategorisiert","9":"product_tag-atcom","10":"product_tag-ergaenzungsfutter","11":"product_tag-ergaenzungsmittel","12":"product_tag-futterergaenzung","13":"product_tag-pssm-1","14":"product_tag-pssm-2","15":"product_shipping_class-atcom","17":"first","18":"instock","19":"taxable","20":"shipping-taxable","21":"purchasable","22":"product-type-variable"},"_links":{"self":[{"href":"https:\/\/hufschuhanzieher.de\/en\/wp-json\/wp\/v2\/product\/13706","targetHints":{"allow":["GET"]}}],"collection":[{"href":"https:\/\/hufschuhanzieher.de\/en\/wp-json\/wp\/v2\/product"}],"about":[{"href":"https:\/\/hufschuhanzieher.de\/en\/wp-json\/wp\/v2\/types\/product"}],"version-history":[{"count":1,"href":"https:\/\/hufschuhanzieher.de\/en\/wp-json\/wp\/v2\/product\/13706\/revisions"}],"predecessor-version":[{"id":28698,"href":"https:\/\/hufschuhanzieher.de\/en\/wp-json\/wp\/v2\/product\/13706\/revisions\/28698"}],"wp:featuredmedia":[{"embeddable":true,"href":"https:\/\/hufschuhanzieher.de\/en\/wp-json\/wp\/v2\/media\/13713"}],"wp:attachment":[{"href":"https:\/\/hufschuhanzieher.de\/en\/wp-json\/wp\/v2\/media?parent=13706"}],"wp:term":[{"taxonomy":"product_brand","embeddable":true,"href":"https:\/\/hufschuhanzieher.de\/en\/wp-json\/wp\/v2\/product_brand?post=13706"},{"taxonomy":"product_cat","embeddable":true,"href":"https:\/\/hufschuhanzieher.de\/en\/wp-json\/wp\/v2\/product_cat?post=13706"},{"taxonomy":"product_tag","embeddable":true,"href":"https:\/\/hufschuhanzieher.de\/en\/wp-json\/wp\/v2\/product_tag?post=13706"}],"curies":[{"name":"wp","href":"https:\/\/api.w.org\/{rel}","templated":true}]}}