{"id":13546,"date":"2022-07-15T16:49:40","date_gmt":"2022-07-15T14:49:40","guid":{"rendered":"https:\/\/hufschuhanzieher.de\/?post_type=product&#038;p=13546"},"modified":"2026-03-31T15:41:05","modified_gmt":"2026-03-31T13:41:05","slug":"flex-boots-pink","status":"publish","type":"product","link":"https:\/\/hufschuhanzieher.de\/en\/flex-boots-pink\/","title":{"rendered":"! FLEX Boots Pink Limited Edition !"},"content":{"rendered":"<h4>Die Pink Flex Boots sind vom Umtausch ausgeschlossen!<\/h4>\n<p><span style=\"color: #ff0000;\"><strong>Pink Flex Boot Gr. 95, 100, 110 und 120<\/strong> sind ausverkauft<\/span><\/p>\n<p><span style=\"color: #ff0000;\">Bitte geben Sie im <strong>Bestellprozess (Kasse\/Anmerkungen)<\/strong> an,<br \/>\nFALLS <\/span><span style=\"color: #ff0000;\">Sie eine andere Neopren-Gaiter \/ Backstrap \u2013 Gr\u00f6\u00dfe ben\u00f6tigen,<br \/>\nals die die standardm\u00e4ssig mitgeliefert wird.<br \/>\n<\/span>Die mitgelieferten Standardgr\u00f6\u00dfen finden sie in einer Grafik am Ende der Galerie<\/p>\n<p>Sie vermissen eine Farbe? Im <span style=\"color: #008000;\"><a style=\"color: #008000;\" href=\"https:\/\/hufschuhanzieher.de\/sale\/\" target=\"_blank\" rel=\"noopener\"><strong>Sale%<\/strong><\/a><\/span>-Bereich finden sie unsere Restposten von Farben die Flex Boot nicht mehr produziert.<\/p>\n<p>Innovative hoof boot from Finland for barefoot running horses. Thanks to the many adjustment options, the FLEX Boot fits many hoof shapes.<span style=\"color: #ff0000;\"><br \/>\n<\/span><\/p>\n<p>Ein Flex Boot Kleinteile-Ersatz-Set k\u00f6nnen Sie <strong><span style=\"color: #339966;\"><a style=\"color: #339966;\" href=\"https:\/\/hufschuhanzieher.de\/flex-boot-small-parts-spare-set\/\" target=\"_blank\" rel=\"noopener\">separately here<\/a><\/span><\/strong>.<\/p>\n<p>The FLEX Boots are the softest hoof boots on the market. They are durable and easy to put on and take off. They have been carefully designed with the horse's well-being as the top priority.<br \/>\nFLEX Boots are light and slim, they are comfortable for the horse.<br \/>\nFLEX Hoof Boots are \ufb02exible, supple and durable barefoot hoof boots that provide protection without compromising the function of the hoof mechanism.<\/p>\n<p>The FLEX boot has a unique sole. It is laterally and medially \ufb02exible. It takes the hardest pressure off the footing but allows the horse to really feel the ground.<\/p>\n<p>&nbsp;<\/p>\n<table style=\"max-width: 1200px;\" width=\"1200\">\n<tbody>\n<tr>\n<td style=\"text-align: right;\" width=\"380\"><img fetchpriority=\"high\" decoding=\"async\" class=\"alignleft wp-image-7193\" src=\"https:\/\/hufschuhanzieher.de\/wp-content\/uploads\/2021\/01\/IMG_3615-240x300.jpg\" alt=\"FLEX boots - correct hoof trim\" width=\"400\" height=\"500\" title=\"\" srcset=\"https:\/\/hufschuhanzieher.de\/wp-content\/uploads\/2021\/01\/IMG_3615-240x300.jpg 240w, https:\/\/hufschuhanzieher.de\/wp-content\/uploads\/2021\/01\/IMG_3615-300x375.jpg 300w, https:\/\/hufschuhanzieher.de\/wp-content\/uploads\/2021\/01\/IMG_3615-600x750.jpg 600w, https:\/\/hufschuhanzieher.de\/wp-content\/uploads\/2021\/01\/IMG_3615-410x513.jpg 410w, https:\/\/hufschuhanzieher.de\/wp-content\/uploads\/2021\/01\/IMG_3615-819x1024.jpg 819w, https:\/\/hufschuhanzieher.de\/wp-content\/uploads\/2021\/01\/IMG_3615-768x960.jpg 768w, https:\/\/hufschuhanzieher.de\/wp-content\/uploads\/2021\/01\/IMG_3615-10x12.jpg 10w, https:\/\/hufschuhanzieher.de\/wp-content\/uploads\/2021\/01\/IMG_3615.jpg 1080w\" sizes=\"(max-width: 400px) 100vw, 400px\" \/><\/td>\n<td style=\"text-align: left;\" width=\"600\"><strong><strong>For unrestricted pleasure with the hoof boot,<br \/>\nhorse owners should round the horse's hooves approx. weekly:<br \/>\n<\/strong><\/strong><\/p>\n<ul>\n<li>any sharp and pointed edges;<\/li>\n<li>Hooves that come up toe first because they are too long;<\/li>\n<li>narrow heels<\/li>\n<li>high heels or a hoof wall,<br \/>\nthat mainly bears the weight alone;<\/li>\n<\/ul>\n<p><u>all this damages the boot<\/u>.<\/p>\n<p class=\" translation-block\">A good trim based on anatomy,<br>\nis not only beneficial for the horse,<br>\nbut also for the function of the boot.<\/p>\n<p>That is why Flex Boot is a \"holistic\" hoof boot.<\/td>\n<\/tr>\n<\/tbody>\n<\/table>\n<p>For young horses, the Flex Boot is a perfect way to protect the feet from excessive wear and tear, and not make the feet numb. It is like a barefoot shoe for humans.<\/p>\n<p>The Flex Boot has a unique sole that allows you to add 10 to 12 studs per hoof boot.<\/p>\n<p>Flex Boots fit many different hoof shapes and sizes.<br \/>\n-However, if the hoof width is more than 10 mm greater than the length, the FLEX Boots are not ideal for your horse.<br \/>\n-If the hooves are very narrow and the horse has a habit of twisting the legs a lot, FLEX Boots may not be suitable for your horse either.<br \/>\nRemember that flex boots work better when they are a little looser than too tight, so if in doubt, go one size up.<\/p>\n<h3>Size-Chart FLEX Boots:<\/h3>\n<table style=\"max-width: 600px;\" width=\"600\">\n<tbody>\n<tr>\n<td style=\"text-align: right;\" width=\"120\"><strong>FLEX-Boot Size<br \/>\n<\/strong>(shell)<strong><br \/>\n<\/strong><\/td>\n<td style=\"text-align: center;\" width=\"120\"><strong>Hoof Width approx.<br \/>\n<\/strong><\/td>\n<td style=\"text-align: center;\" width=\"120\"><strong>Hoof Length max.<br \/>\n<\/strong><\/td>\n<\/tr>\n<tr>\n<td style=\"text-align: right;\" width=\"120\"><strong>80<\/strong><\/td>\n<td style=\"text-align: center;\" width=\"120\">75 &#8211; 85 mm<\/td>\n<td style=\"text-align: center;\" width=\"120\">90 mm<\/td>\n<\/tr>\n<tr>\n<td style=\"text-align: right;\" width=\"120\"><strong>85<\/strong><\/td>\n<td style=\"text-align: center;\" width=\"120\">80 &#8211; 90 mm<\/td>\n<td style=\"text-align: center;\" width=\"120\">95 mm<\/td>\n<\/tr>\n<tr>\n<td style=\"text-align: right;\" width=\"120\"><strong>90<\/strong><\/td>\n<td style=\"text-align: center;\" width=\"120\">85 &#8211; 95 mm<\/td>\n<td style=\"text-align: center;\" width=\"120\">100 mm<\/td>\n<\/tr>\n<tr>\n<td style=\"text-align: right;\" width=\"120\"><del><span style=\"color: #ff0000;\"><strong>95<\/strong><\/span><\/del><\/td>\n<td style=\"text-align: center;\" width=\"120\"><del><span style=\"color: #ff0000;\">90 &#8211; 100 mm<\/span><\/del><\/td>\n<td style=\"text-align: center;\" width=\"120\"><span style=\"color: #ff0000;\"><del>105 mm<\/del><\/span><\/td>\n<\/tr>\n<tr>\n<td style=\"text-align: right;\" width=\"120\"><del><span style=\"color: #ff0000;\"><strong>100<\/strong><\/span><\/del><\/td>\n<td style=\"text-align: center;\" width=\"120\"><del><span style=\"color: #ff0000;\">95 &#8211; 105 mm<\/span><\/del><\/td>\n<td style=\"text-align: center;\" width=\"120\"><del><span style=\"color: #ff0000;\">110 mm<\/span><\/del><\/td>\n<\/tr>\n<tr>\n<td style=\"text-align: right;\" width=\"120\"><strong>105<\/strong><\/td>\n<td style=\"text-align: center;\" width=\"120\">100 &#8211; 110 mm<\/td>\n<td style=\"text-align: center;\" width=\"120\">115 mm<\/td>\n<\/tr>\n<tr>\n<td style=\"text-align: right;\" width=\"120\"><del><span style=\"color: #ff0000;\"><strong>110<\/strong><\/span><\/del><\/td>\n<td style=\"text-align: center;\" width=\"120\"><del><span style=\"color: #ff0000;\">105 &#8211; 115 mm<\/span><\/del><\/td>\n<td style=\"text-align: center;\" width=\"120\"><span style=\"color: #ff0000;\"><del>120 mm<\/del><\/span><\/td>\n<\/tr>\n<tr>\n<td style=\"text-align: right;\" width=\"120\"><strong>115<\/strong><\/td>\n<td style=\"text-align: center;\" width=\"120\">110 &#8211; 120 mm<\/td>\n<td style=\"text-align: center;\" width=\"120\">125 mm<\/td>\n<\/tr>\n<tr>\n<td style=\"text-align: right;\" width=\"120\"><span style=\"color: #ff0000;\"><del><strong>120<\/strong><\/del><\/span><\/td>\n<td style=\"text-align: center;\" width=\"120\"><span style=\"color: #ff0000;\"><del>115 &#8211; 125 mm<\/del><\/span><\/td>\n<td style=\"text-align: center;\" width=\"120\"><span style=\"color: #ff0000;\"><del>130 mm<\/del><\/span><\/td>\n<\/tr>\n<tr>\n<td style=\"text-align: right;\" width=\"120\"><strong>125<\/strong><\/td>\n<td style=\"text-align: center;\" width=\"120\">120- 130 mm<\/td>\n<td style=\"text-align: center;\" width=\"120\">135 mm<\/td>\n<\/tr>\n<tr>\n<td style=\"text-align: right;\" width=\"120\"><strong>130<\/strong><\/td>\n<td style=\"text-align: center;\" width=\"120\">125 &#8211; 135 mm<\/td>\n<td style=\"text-align: center;\" width=\"120\">140 mm<\/td>\n<\/tr>\n<tr>\n<td style=\"text-align: right;\" width=\"120\"><strong>135<\/strong><\/td>\n<td style=\"text-align: center;\" width=\"120\">130- 140 mm<\/td>\n<td style=\"text-align: center;\" width=\"120\">145 mm<\/td>\n<\/tr>\n<tr>\n<td style=\"text-align: right;\" width=\"120\"><strong>140<\/strong><\/td>\n<td style=\"text-align: center;\" width=\"120\">135 &#8211; 145 mm<\/td>\n<td style=\"text-align: center;\" width=\"120\">150 mm<\/td>\n<\/tr>\n<tr>\n<td style=\"text-align: right;\" width=\"120\"><strong>145<\/strong><\/td>\n<td style=\"text-align: center;\" width=\"120\">140 &#8211; 150 mm<\/td>\n<td style=\"text-align: center;\" width=\"120\">155 mm<\/td>\n<\/tr>\n<tr>\n<td style=\"text-align: right;\" width=\"120\"><strong>150<\/strong><\/td>\n<td style=\"text-align: center;\" width=\"120\">145 &#8211; 155 mm<\/td>\n<td style=\"text-align: center;\" width=\"120\">160 mm<\/td>\n<\/tr>\n<\/tbody>\n<\/table>\n<p>&nbsp;<\/p>\n<p><span style=\"color: #ff0000;\"><strong>\u00a0<\/strong><\/span>PDF: <strong><span style=\"color: #339966;\"><a style=\"color: #339966;\" href=\"https:\/\/hufschuhanzieher.de\/wp-content\/uploads\/2021\/02\/FLEX-Boots_How-to-use.pdf\" target=\"_blank\" rel=\"noopener noreferrer\">FLEX Boots, how to use<\/a><\/span><\/strong><\/p>\n<p>Video: <a href=\"https:\/\/youtu.be\/SuihlNxjs2M?si=8jPXHbopHvWlzNk7\" target=\"_blank\" rel=\"noopener nofollow\"><span style=\"color: #008000;\">How to fit Flex Boots<\/span><\/a><\/p>\n<p>&gt;<strong><span style=\"color: #339966;\"> <a style=\"color: #339966;\" href=\"https:\/\/www.flexhoofboots.com\/\" target=\"_blank\" rel=\"noopener noreferrer nofollow\">flexhoofboots.com<\/a><\/span><\/strong> <em>have a<\/em> <strong><span style=\"color: #339966;\"><a style=\"color: #339966;\" href=\"https:\/\/www.youtube.com\/channel\/UCfWgrRZoTSL1TMzUXrsvcgA\/videos\" target=\"_blank\" rel=\"noopener noreferrer nofollow\">Video channel<\/a><\/span><\/strong>, <em>where to get help on the correct fit of the boot or guidance on parts replacement<\/em><\/p>\n<h4><span style=\"color: #339966;\"><strong>&gt; <\/strong><\/span><a href=\"https:\/\/hufschuhanzieher.de\/zubehoer-hufschuhe\/flex-boots-zubehoer\/\"><span style=\"color: #339966;\"><strong>Flex Boot Accessories:<\/strong><\/span><\/a><\/h4>","protected":false},"excerpt":{"rendered":"<p><span style=\"color: #ff00ff;\">LIMITED EDITION<br \/>\n<\/span><\/p>\n<h3><strong>Price PER PAIR<br \/>\n<\/strong><\/h3>\n<p>The Flex Boots are the softest hoof boots on the market. They are durable and comfortable and easy to put on and take off.<\/p>","protected":false},"featured_media":13589,"template":"","meta":[],"product_brand":[1069],"product_cat":[445,15,37,324,1047],"product_tag":[1001,446,448,433,447,762],"class_list":{"0":"post-13546","1":"product","2":"type-product","3":"status-publish","4":"has-post-thumbnail","6":"product_brand-flex-boots","7":"product_cat-flex-boots","8":"product_cat-unkategorisiert","9":"product_cat-hufschuh","10":"product_cat-nichttesten","11":"product_cat-sale","12":"product_tag-aktion","13":"product_tag-barfuss","14":"product_tag-finnland","15":"product_tag-flex","16":"product_tag-flex-hoof-boots","17":"product_tag-limited-edition","19":"first","20":"instock","21":"sale","22":"featured","23":"taxable","24":"shipping-taxable","25":"purchasable","26":"product-type-variable","27":"has-default-attributes"},"_links":{"self":[{"href":"https:\/\/hufschuhanzieher.de\/en\/wp-json\/wp\/v2\/product\/13546","targetHints":{"allow":["GET"]}}],"collection":[{"href":"https:\/\/hufschuhanzieher.de\/en\/wp-json\/wp\/v2\/product"}],"about":[{"href":"https:\/\/hufschuhanzieher.de\/en\/wp-json\/wp\/v2\/types\/product"}],"version-history":[{"count":12,"href":"https:\/\/hufschuhanzieher.de\/en\/wp-json\/wp\/v2\/product\/13546\/revisions"}],"predecessor-version":[{"id":29646,"href":"https:\/\/hufschuhanzieher.de\/en\/wp-json\/wp\/v2\/product\/13546\/revisions\/29646"}],"wp:featuredmedia":[{"embeddable":true,"href":"https:\/\/hufschuhanzieher.de\/en\/wp-json\/wp\/v2\/media\/13589"}],"wp:attachment":[{"href":"https:\/\/hufschuhanzieher.de\/en\/wp-json\/wp\/v2\/media?parent=13546"}],"wp:term":[{"taxonomy":"product_brand","embeddable":true,"href":"https:\/\/hufschuhanzieher.de\/en\/wp-json\/wp\/v2\/product_brand?post=13546"},{"taxonomy":"product_cat","embeddable":true,"href":"https:\/\/hufschuhanzieher.de\/en\/wp-json\/wp\/v2\/product_cat?post=13546"},{"taxonomy":"product_tag","embeddable":true,"href":"https:\/\/hufschuhanzieher.de\/en\/wp-json\/wp\/v2\/product_tag?post=13546"}],"curies":[{"name":"wp","href":"https:\/\/api.w.org\/{rel}","templated":true}]}}