{"id":12487,"date":"2022-02-19T18:19:27","date_gmt":"2022-02-19T17:19:27","guid":{"rendered":"https:\/\/hufschuhanzieher.de\/?post_type=product&#038;p=12487"},"modified":"2025-12-20T13:12:12","modified_gmt":"2025-12-20T12:12:12","slug":"flex-boots-reflective","status":"publish","type":"product","link":"https:\/\/hufschuhanzieher.de\/en\/flex-boots-reflective\/","title":{"rendered":"FLEX Boots Reflective"},"content":{"rendered":"<h4>Reflective FLEX Boots:<\/h4>\n<p>Reflective hoof boots are very helpful in the dark. Safety is of enormous importance to all riders. When you are riding, driving or walking on the road with your horse in hand, you want other road users to be able to see your horse as well as possible.<\/p>\n<p>Sie vermissen eine Backstrap-Farbe? Dann finden sie sie vielleicht bei den Restposten\/Auslauffarben im <a href=\"https:\/\/hufschuhanzieher.de\/sale\/\" target=\"_blank\" rel=\"noopener\"><strong>Sale%<\/strong><\/a>-Bereich.<\/p>\n<p>The Reflective Gaiter is made from the same comfortable and protective material as all other Flex Boot gaiters: Neoprene laminated with soft fabric.<\/p>\n<p>Innovative hoof boot from Finland for barefoot running horses. Thanks to the many adjustment options, the FLEX Boot fits many hoof shapes.<br \/>\nFLEX Boots are sold individually and supplied as a complete set of shell, TPU gaiter, neoprene gaiters and backstraps.<br \/>\nYou can also buy all parts separately if you need to replace one of the components<\/p>\n<p><span style=\"color: #339966;\"><span style=\"color: #000000;\">You can also order the Flex Boot Small Parts Replacement Set<\/span> <strong><a style=\"color: #339966;\" href=\"https:\/\/hufschuhanzieher.de\/flex-boot-small-parts-spare-set\/\" target=\"_blank\" rel=\"noopener\">separately here<\/a>.<\/strong><\/span><\/p>\n<p>The FLEX Boots are the softest hoof boots on the market. They are durable and easy to put on and take off. They have been carefully designed with the horse's well-being as the top priority.<br \/>\nFLEX Boots are light and slim, they are comfortable for the horse.<br \/>\nFLEX Hoof Boots are \ufb02exible, supple and durable barefoot hoof boots that provide protection without compromising the function of the hoof mechanism.<\/p>\n<p>The FLEX boot has a unique sole. It is laterally and medially \ufb02exible. It takes the hardest pressure off the footing but allows the horse to really feel the ground.<\/p>\n<table style=\"max-width: 1200px;\" width=\"1200\">\n<tbody>\n<tr>\n<td style=\"text-align: right;\" width=\"380\"><img fetchpriority=\"high\" decoding=\"async\" class=\"alignleft wp-image-7193\" src=\"https:\/\/hufschuhanzieher.de\/wp-content\/uploads\/2021\/01\/IMG_3615-240x300.jpg\" alt=\"FLEX boots - correct hoof trim\" width=\"400\" height=\"500\" title=\"\" srcset=\"https:\/\/hufschuhanzieher.de\/wp-content\/uploads\/2021\/01\/IMG_3615-240x300.jpg 240w, https:\/\/hufschuhanzieher.de\/wp-content\/uploads\/2021\/01\/IMG_3615-300x375.jpg 300w, https:\/\/hufschuhanzieher.de\/wp-content\/uploads\/2021\/01\/IMG_3615-600x750.jpg 600w, https:\/\/hufschuhanzieher.de\/wp-content\/uploads\/2021\/01\/IMG_3615-410x513.jpg 410w, https:\/\/hufschuhanzieher.de\/wp-content\/uploads\/2021\/01\/IMG_3615-819x1024.jpg 819w, https:\/\/hufschuhanzieher.de\/wp-content\/uploads\/2021\/01\/IMG_3615-768x960.jpg 768w, https:\/\/hufschuhanzieher.de\/wp-content\/uploads\/2021\/01\/IMG_3615-10x12.jpg 10w, https:\/\/hufschuhanzieher.de\/wp-content\/uploads\/2021\/01\/IMG_3615.jpg 1080w\" sizes=\"(max-width: 400px) 100vw, 400px\" \/><\/td>\n<td style=\"text-align: left;\" width=\"600\"><strong><strong>For unrestricted pleasure with the hoof boot,<br \/>\nhorse owners should round the horse's hooves approx. weekly:<br \/>\n<\/strong><\/strong><\/p>\n<ul>\n<li>any sharp and pointed edges;<\/li>\n<li>Hooves that come up toe first because they are too long;<\/li>\n<li>narrow heels<\/li>\n<li>high heels or a hoof wall,<br \/>\nthat mainly bears the weight alone;<\/li>\n<\/ul>\n<p><u>all this damages the boot<\/u>.<\/p>\n<p class=\" translation-block\">A good trim based on anatomy,<br>\nis not only beneficial for the horse,<br>\nbut also for the function of the boot.<\/p>\n<p>That is why Flex Boot is a \"holistic\" hoof boot.<\/td>\n<\/tr>\n<\/tbody>\n<\/table>\n<p>For young horses, the Flex Boot is a perfect way to protect the feet from excessive wear and tear, and not make the feet numb. It is like a barefoot shoe for humans.<\/p>\n<p>The Flex Boot has a unique sole that allows you to add 10 to 12 studs per hoof boot.<\/p>\n<p>Flex Boots fit many different hoof shapes and sizes.<br \/>\n-However, if the hoof width is more than 10 mm greater than the length, the FLEX Boots are not ideal for your horse.<br \/>\n-If the hooves are very narrow and the horse has a habit of twisting the legs a lot, FLEX Boots may not be suitable for your horse either.<br \/>\nRemember that flex boots work better when they are a little looser than too tight, so if in doubt, go one size up.<\/p>\n<h3>Size-Chart FLEX Boots:<\/h3>\n<table style=\"max-width: 600px;\" width=\"600\">\n<tbody>\n<tr>\n<td style=\"text-align: right;\" width=\"120\"><strong>FLEX-Boot Size<br \/>\n<\/strong>(shell)<strong><br \/>\n<\/strong><\/td>\n<td style=\"text-align: center;\" width=\"120\"><strong>Hoof Width approx.<br \/>\n<\/strong><\/td>\n<td style=\"text-align: center;\" width=\"120\"><strong>Hoof Length max.<br \/>\n<\/strong><\/td>\n<\/tr>\n<tr>\n<td style=\"text-align: right;\" width=\"120\"><strong>80<\/strong><\/td>\n<td style=\"text-align: center;\" width=\"120\">75 &#8211; 85 mm<\/td>\n<td style=\"text-align: center;\" width=\"120\">90 mm<\/td>\n<\/tr>\n<tr>\n<td style=\"text-align: right;\" width=\"120\"><strong>80W<\/strong><\/td>\n<td style=\"text-align: center;\" width=\"120\">75 &#8211; 85 mm<\/td>\n<td style=\"text-align: center;\" width=\"120\">80 mm<\/td>\n<\/tr>\n<tr>\n<td style=\"text-align: right;\" width=\"120\"><strong>85<\/strong><\/td>\n<td style=\"text-align: center;\" width=\"120\">80 &#8211; 90 mm<\/td>\n<td style=\"text-align: center;\" width=\"120\">95 mm<\/td>\n<\/tr>\n<tr>\n<td style=\"text-align: right;\" width=\"120\"><strong>85W<\/strong><\/td>\n<td style=\"text-align: center;\" width=\"120\">80 &#8211; 90 mm<\/td>\n<td style=\"text-align: center;\" width=\"120\">85 mm<\/td>\n<td style=\"text-align: center;\" width=\"120\"><\/td>\n<\/tr>\n<tr>\n<td style=\"text-align: right;\" width=\"120\"><strong>90<\/strong><\/td>\n<td style=\"text-align: center;\" width=\"120\">85 &#8211; 95 mm<\/td>\n<td style=\"text-align: center;\" width=\"120\">100 mm<\/td>\n<\/tr>\n<tr>\n<td style=\"text-align: right;\" width=\"120\"><strong>90W<\/strong><\/td>\n<td style=\"text-align: center;\" width=\"120\">85 &#8211; 95 mm<\/td>\n<td style=\"text-align: center;\" width=\"120\">90 mm<\/td>\n<\/tr>\n<tr>\n<td style=\"text-align: right;\" width=\"120\"><strong>95<\/strong><\/td>\n<td style=\"text-align: center;\" width=\"120\">90 &#8211; 100 mm<\/td>\n<td style=\"text-align: center;\" width=\"120\">105 mm<\/td>\n<\/tr>\n<tr>\n<td style=\"text-align: right;\" width=\"120\"><strong>95W<\/strong><\/td>\n<td style=\"text-align: center;\" width=\"120\">90 &#8211; 100 mm<\/td>\n<td style=\"text-align: center;\" width=\"120\">95 mm<\/td>\n<td style=\"text-align: center;\" width=\"120\"><\/td>\n<\/tr>\n<tr>\n<td style=\"text-align: right;\" width=\"120\"><strong>100<\/strong><\/td>\n<td style=\"text-align: center;\" width=\"120\">95 &#8211; 105 mm<\/td>\n<td style=\"text-align: center;\" width=\"120\">110 mm<\/td>\n<\/tr>\n<tr>\n<td style=\"text-align: right;\" width=\"120\"><strong>100W<\/strong><\/td>\n<td style=\"text-align: center;\" width=\"120\">95 &#8211; 105 mm<\/td>\n<td style=\"text-align: center;\" width=\"120\">100 mm<\/td>\n<\/tr>\n<tr>\n<td style=\"text-align: right;\" width=\"120\"><strong>105<\/strong><\/td>\n<td style=\"text-align: center;\" width=\"120\">100 &#8211; 110 mm<\/td>\n<td style=\"text-align: center;\" width=\"120\">115 mm<\/td>\n<\/tr>\n<tr>\n<td style=\"text-align: right;\" width=\"120\"><strong>105W<\/strong><\/td>\n<td style=\"text-align: center;\" width=\"120\">100 &#8211; 110 mm<\/td>\n<td style=\"text-align: center;\" width=\"120\">105 mm<\/td>\n<td style=\"text-align: center;\" width=\"120\"><\/td>\n<\/tr>\n<tr>\n<td style=\"text-align: right;\" width=\"120\"><strong>110<\/strong><\/td>\n<td style=\"text-align: center;\" width=\"120\">105 &#8211; 115 mm<\/td>\n<td style=\"text-align: center;\" width=\"120\">120 mm<\/td>\n<\/tr>\n<tr>\n<td style=\"text-align: right;\" width=\"120\"><strong>110W<\/strong><\/td>\n<td style=\"text-align: center;\" width=\"120\">105 &#8211; 115 mm<\/td>\n<td style=\"text-align: center;\" width=\"120\">110 mm<\/td>\n<\/tr>\n<tr>\n<td style=\"text-align: right;\" width=\"120\"><strong>115<\/strong><\/td>\n<td style=\"text-align: center;\" width=\"120\">110 &#8211; 120 mm<\/td>\n<td style=\"text-align: center;\" width=\"120\">125 mm<\/td>\n<\/tr>\n<tr>\n<td style=\"text-align: right;\" width=\"120\"><strong>115W<\/strong><\/td>\n<td style=\"text-align: center;\" width=\"120\">110 &#8211; 120 mm<\/td>\n<td style=\"text-align: center;\" width=\"120\">115 mm<\/td>\n<td style=\"text-align: center;\" width=\"120\"><\/td>\n<\/tr>\n<tr>\n<td style=\"text-align: right;\" width=\"120\"><strong>120<\/strong><\/td>\n<td style=\"text-align: center;\" width=\"120\">115 &#8211; 125 mm<\/td>\n<td style=\"text-align: center;\" width=\"120\">130 mm<\/td>\n<\/tr>\n<tr>\n<td style=\"text-align: right;\" width=\"120\"><strong>120W<\/strong><\/td>\n<td style=\"text-align: center;\" width=\"120\">115 &#8211; 125 mm<\/td>\n<td style=\"text-align: center;\" width=\"120\">120 mm<\/td>\n<\/tr>\n<tr>\n<td style=\"text-align: right;\" width=\"120\"><strong>125<\/strong><\/td>\n<td style=\"text-align: center;\" width=\"120\">120- 130 mm<\/td>\n<td style=\"text-align: center;\" width=\"120\">135 mm<\/td>\n<\/tr>\n<tr>\n<td style=\"text-align: right;\" width=\"120\"><strong>125W<\/strong><\/td>\n<td style=\"text-align: center;\" width=\"120\">120- 130 mm<\/td>\n<td style=\"text-align: center;\" width=\"120\">125 mm<\/td>\n<td style=\"text-align: center;\" width=\"120\"><\/td>\n<\/tr>\n<tr>\n<td style=\"text-align: right;\" width=\"120\"><strong>130<\/strong><\/td>\n<td style=\"text-align: center;\" width=\"120\">125 &#8211; 135 mm<\/td>\n<td style=\"text-align: center;\" width=\"120\">140 mm<\/td>\n<\/tr>\n<tr>\n<td style=\"text-align: right;\" width=\"120\"><strong>130W<\/strong><\/td>\n<td style=\"text-align: center;\" width=\"120\">125 &#8211; 135 mm<\/td>\n<td style=\"text-align: center;\" width=\"120\">130 mm<\/td>\n<\/tr>\n<tr>\n<td style=\"text-align: right;\" width=\"120\"><strong>135<\/strong><\/td>\n<td style=\"text-align: center;\" width=\"120\">130- 140 mm<\/td>\n<td style=\"text-align: center;\" width=\"120\">145 mm<\/td>\n<\/tr>\n<tr>\n<td style=\"text-align: right;\" width=\"120\"><strong>135W<\/strong><\/td>\n<td style=\"text-align: center;\" width=\"120\">130- 140 mm<\/td>\n<td style=\"text-align: center;\" width=\"120\">135 mm<\/td>\n<td style=\"text-align: center;\" width=\"120\"><\/td>\n<\/tr>\n<tr>\n<td style=\"text-align: right;\" width=\"120\"><strong>140<\/strong><\/td>\n<td style=\"text-align: center;\" width=\"120\">135 &#8211; 145 mm<\/td>\n<td style=\"text-align: center;\" width=\"120\">150 mm<\/td>\n<\/tr>\n<tr>\n<td style=\"text-align: right;\" width=\"120\"><strong>140W<\/strong><\/td>\n<td style=\"text-align: center;\" width=\"120\">135 &#8211; 145 mm<\/td>\n<td style=\"text-align: center;\" width=\"120\">140 mm<\/td>\n<\/tr>\n<tr>\n<td style=\"text-align: right;\" width=\"120\"><strong>145<\/strong><\/td>\n<td style=\"text-align: center;\" width=\"120\">140 &#8211; 150 mm<\/td>\n<td style=\"text-align: center;\" width=\"120\">155 mm<\/td>\n<\/tr>\n<tr>\n<td style=\"text-align: right;\" width=\"120\"><strong>145W<\/strong><\/td>\n<td style=\"text-align: center;\" width=\"120\">140 &#8211; 150 mm<\/td>\n<td style=\"text-align: center;\" width=\"120\">145 mm<\/td>\n<td style=\"text-align: center;\" width=\"120\"><strong>\u00a0<\/strong><\/td>\n<\/tr>\n<tr>\n<td style=\"text-align: right;\" width=\"120\"><strong>150<\/strong><\/td>\n<td style=\"text-align: center;\" width=\"120\">145 &#8211; 155 mm<\/td>\n<td style=\"text-align: center;\" width=\"120\">160 mm<\/td>\n<\/tr>\n<\/tbody>\n<\/table>\n<p><strong>PDF<\/strong>: <a href=\"https:\/\/hufschuhanzieher.de\/wp-content\/uploads\/2021\/02\/FLEX-Boots_How-to-use.pdf\" target=\"_blank\" rel=\"noopener noreferrer\"><span style=\"color: #339966;\">FLEX Boots, how to use<\/span><\/a><\/p>\n<p><strong>Video:<\/strong> <a href=\"https:\/\/youtu.be\/SuihlNxjs2M?si=ka6V8ticThw5KL_1\" target=\"_blank\" rel=\"noopener nofollow\"><span style=\"color: #008000;\">How to fit Flex Boots<\/span><\/a><\/p>\n<p>&gt; <strong><span style=\"color: #339966;\"><a style=\"color: #339966;\" href=\"https:\/\/www.flexhoofboots.com\/\" target=\"_blank\" rel=\"noopener noreferrer nofollow\">flexhoofboots.com<\/a><\/span><\/strong> <em>have a<\/em> <a href=\"https:\/\/www.youtube.com\/channel\/UCfWgrRZoTSL1TMzUXrsvcgA\/videos\" target=\"_blank\" rel=\"noopener noreferrer nofollow\"><strong><span style=\"color: #339966;\">Video channel<\/span><\/strong><\/a>, <em>where to get help on the correct fit of the boot or guidance on parts replacement<\/em><\/p>\n<p><span style=\"color: #339966;\"><strong>&gt; <\/strong><\/span><a href=\"https:\/\/hufschuhanzieher.de\/zubehoer-hufschuhe\/flex-boots-zubehoer\/\"><span style=\"color: #339966;\"><strong>Flex Boot Accessories:<\/strong><\/span><\/a><\/p>","protected":false},"excerpt":{"rendered":"<h3>Preis pro ST\u00dcCK<\/h3>\n<p>The Flex Boots Reflective offer more safety in the dark.<br \/>\nOptionally with Small Parts Replacement Set.<\/p>\n<p><span style=\"color: #ff0000;\">Bitte geben Sie im <strong>Bestellprozess (Kasse\/Anmerkungen)<\/strong>\u00a0 an, FALLS<\/span><br \/>\n<span style=\"color: #ff0000;\">Sie eine andere Neopren-Gaiter \/ Backstrap \u2013 Gr\u00f6\u00dfe ben\u00f6tigen, als die die standardm\u00e4ssig mitgeliefert wird. Die mitgelieferten Standardgr\u00f6\u00dfen finden sie in einer Grafik am Ende der Galerie<\/span><\/p>","protected":false},"featured_media":12710,"template":"","meta":[],"product_brand":[1069],"product_cat":[445,15,37],"product_tag":[446,750,448,433,447,749,430],"class_list":{"0":"post-12487","1":"product","2":"type-product","3":"status-publish","4":"has-post-thumbnail","6":"product_brand-flex-boots","7":"product_cat-flex-boots","8":"product_cat-unkategorisiert","9":"product_cat-hufschuh","10":"product_tag-barfuss","11":"product_tag-dunkelheit","12":"product_tag-finnland","13":"product_tag-flex","14":"product_tag-flex-hoof-boots","15":"product_tag-reflektierend","16":"product_tag-winter","18":"first","19":"instock","20":"taxable","21":"shipping-taxable","22":"purchasable","23":"product-type-variable","24":"has-default-attributes"},"_links":{"self":[{"href":"https:\/\/hufschuhanzieher.de\/en\/wp-json\/wp\/v2\/product\/12487","targetHints":{"allow":["GET"]}}],"collection":[{"href":"https:\/\/hufschuhanzieher.de\/en\/wp-json\/wp\/v2\/product"}],"about":[{"href":"https:\/\/hufschuhanzieher.de\/en\/wp-json\/wp\/v2\/types\/product"}],"version-history":[{"count":8,"href":"https:\/\/hufschuhanzieher.de\/en\/wp-json\/wp\/v2\/product\/12487\/revisions"}],"predecessor-version":[{"id":30014,"href":"https:\/\/hufschuhanzieher.de\/en\/wp-json\/wp\/v2\/product\/12487\/revisions\/30014"}],"wp:featuredmedia":[{"embeddable":true,"href":"https:\/\/hufschuhanzieher.de\/en\/wp-json\/wp\/v2\/media\/12710"}],"wp:attachment":[{"href":"https:\/\/hufschuhanzieher.de\/en\/wp-json\/wp\/v2\/media?parent=12487"}],"wp:term":[{"taxonomy":"product_brand","embeddable":true,"href":"https:\/\/hufschuhanzieher.de\/en\/wp-json\/wp\/v2\/product_brand?post=12487"},{"taxonomy":"product_cat","embeddable":true,"href":"https:\/\/hufschuhanzieher.de\/en\/wp-json\/wp\/v2\/product_cat?post=12487"},{"taxonomy":"product_tag","embeddable":true,"href":"https:\/\/hufschuhanzieher.de\/en\/wp-json\/wp\/v2\/product_tag?post=12487"}],"curies":[{"name":"wp","href":"https:\/\/api.w.org\/{rel}","templated":true}]}}