{"id":12384,"date":"2022-02-18T16:34:58","date_gmt":"2022-02-18T15:34:58","guid":{"rendered":"https:\/\/hufschuhanzieher.de\/?post_type=product&#038;p=12384"},"modified":"2026-03-31T15:45:38","modified_gmt":"2026-03-31T13:45:38","slug":"flex-boot-reflective-gaiter","status":"publish","type":"product","link":"https:\/\/hufschuhanzieher.de\/en\/flex-boot-reflective-gaiter\/","title":{"rendered":"FLEX Boot Neopren Reflective Gaiter"},"content":{"rendered":"<h4>Flex Boot Reflective Gaiter:<\/h4>\n<p>Safety is of enormous importance to all riders. When you are riding, driving or walking on the road with your horse in hand, you want other road users to be able to see your horse as well as possible.<\/p>\n<p>Der Reflective-Gaiter besteht aus dem gleichen komfortablen und sch\u00fctzenden Material wie alle anderen Flex Boot Neopren-Gamaschen: Neopren, das mit weichem Stoff laminiert ist. Flex Boot Reflective Gaiter sch\u00fctzen den Fu\u00df und bieten zus\u00e4tzliche Sichtbarkeit, was immer auch ein Sicherheitsaspekt ist. Deshalb m\u00f6chten wir unseren Kunden die hellsten und sichtbarsten Farben anbieten (zZ &#8222;Moon Lit River Stone&#8220;), die m\u00f6glich sind.<\/p>\n<p>And with four size options, you can further improve the fit of the boot by choosing smaller or larger gaiters for thick- or thin-legged horses.<\/p>\n<h3>Size chart:<\/h3>\n<table style=\"max-width: 200px;\" width=\"200\">\n<tbody>\n<tr>\n<td style=\"text-align: center;\" width=\"100\"><strong>FLEX-Boot Sizes<\/strong><\/td>\n<td style=\"text-align: center;\" width=\"100\"><strong>Gaiter Size<br \/>\n<\/strong><\/td>\n<\/tr>\n<tr>\n<td style=\"text-align: center;\" width=\"120\"><strong>80(W)-100(W)<\/strong><\/td>\n<td style=\"text-align: center;\" width=\"120\">XS<\/td>\n<\/tr>\n<tr>\n<td style=\"text-align: center;\" width=\"120\"><strong>105(W)\/110(W)<\/strong><\/td>\n<td style=\"text-align: center;\" width=\"120\">S<\/td>\n<\/tr>\n<tr>\n<td style=\"text-align: center;\" width=\"120\"><strong>115(W)-130(W)<\/strong><\/td>\n<td style=\"text-align: center;\" width=\"120\">M<\/td>\n<\/tr>\n<tr>\n<td style=\"text-align: center;\" width=\"120\"><strong>135(W)-150<\/strong><\/td>\n<td style=\"text-align: center;\" width=\"120\">L<\/td>\n<\/tr>\n<\/tbody>\n<\/table>\n<h4>In <strong><span style=\"color: #339966;\"><a style=\"color: #339966;\" href=\"https:\/\/www.flexhoofboots.com\/post\/got-weird-feet\" target=\"_blank\" rel=\"noopener noreferrer nofollow\">this blog post<\/a><\/span><\/strong> is clearly shown how the fit of the Flex Boots can be improved by changing the gaiter size.<\/h4>\n<h4>Video: Flex Neoprene gaiter adjustments<\/h4>\n<h4><a href=\"https:\/\/www.flexhoofboots.com\/\" target=\"_blank\" rel=\"noopener noreferrer nofollow\"><strong><span style=\"color: #339966;\">flexhoofboots.com<\/span><\/strong><\/a> have a<strong><span style=\"color: #339966;\"> <a style=\"color: #339966;\" href=\"https:\/\/www.youtube.com\/channel\/UCfWgrRZoTSL1TMzUXrsvcgA\/videos\" target=\"_blank\" rel=\"noopener noreferrer nofollow\">Video channel<\/a>,<\/span><\/strong> where to get help on the correct fit of the boot or guidance on parts replacement<\/h4>\n<h4><a href=\"https:\/\/hufschuhanzieher.de\/zubehoer-hufschuhe\/flex-boots-zubehoer\"><span style=\"color: #339966;\">further FLEX Boot Accessories:<\/span><\/a><\/h4>","protected":false},"excerpt":{"rendered":"<p><strong>Price per Piece<br \/>\n<\/strong><\/p>\n<p>Reflective Gaiter for the FLEX Boot.<\/p>","protected":false},"featured_media":27449,"template":"","meta":[],"product_brand":[1069],"product_cat":[449,15,35],"product_tag":[446,448,433,447,497,469,470,749,471],"class_list":{"0":"post-12384","1":"product","2":"type-product","3":"status-publish","4":"has-post-thumbnail","6":"product_brand-flex-boots","7":"product_cat-flex-boots-zubehoer","8":"product_cat-unkategorisiert","9":"product_cat-zubehoer-hufschuhe","10":"product_tag-barfuss","11":"product_tag-finnland","12":"product_tag-flex","13":"product_tag-flex-hoof-boots","14":"product_tag-flex-zubehoer","15":"product_tag-gamaschen","16":"product_tag-neopren","17":"product_tag-reflektierend","18":"product_tag-schutz","20":"first","21":"instock","22":"taxable","23":"shipping-taxable","24":"purchasable","25":"product-type-variable"},"_links":{"self":[{"href":"https:\/\/hufschuhanzieher.de\/en\/wp-json\/wp\/v2\/product\/12384","targetHints":{"allow":["GET"]}}],"collection":[{"href":"https:\/\/hufschuhanzieher.de\/en\/wp-json\/wp\/v2\/product"}],"about":[{"href":"https:\/\/hufschuhanzieher.de\/en\/wp-json\/wp\/v2\/types\/product"}],"version-history":[{"count":2,"href":"https:\/\/hufschuhanzieher.de\/en\/wp-json\/wp\/v2\/product\/12384\/revisions"}],"predecessor-version":[{"id":27451,"href":"https:\/\/hufschuhanzieher.de\/en\/wp-json\/wp\/v2\/product\/12384\/revisions\/27451"}],"wp:featuredmedia":[{"embeddable":true,"href":"https:\/\/hufschuhanzieher.de\/en\/wp-json\/wp\/v2\/media\/27449"}],"wp:attachment":[{"href":"https:\/\/hufschuhanzieher.de\/en\/wp-json\/wp\/v2\/media?parent=12384"}],"wp:term":[{"taxonomy":"product_brand","embeddable":true,"href":"https:\/\/hufschuhanzieher.de\/en\/wp-json\/wp\/v2\/product_brand?post=12384"},{"taxonomy":"product_cat","embeddable":true,"href":"https:\/\/hufschuhanzieher.de\/en\/wp-json\/wp\/v2\/product_cat?post=12384"},{"taxonomy":"product_tag","embeddable":true,"href":"https:\/\/hufschuhanzieher.de\/en\/wp-json\/wp\/v2\/product_tag?post=12384"}],"curies":[{"name":"wp","href":"https:\/\/api.w.org\/{rel}","templated":true}]}}