{"id":12110,"date":"2022-02-12T14:05:56","date_gmt":"2022-02-12T13:05:56","guid":{"rendered":"https:\/\/hufschuhanzieher.de\/?post_type=product&#038;p=12110"},"modified":"2026-01-17T23:55:38","modified_gmt":"2026-01-17T22:55:38","slug":"scoot-boot-3-degree-wedge-pads","status":"publish","type":"product","link":"https:\/\/hufschuhanzieher.de\/en\/scoot-boot-3-degree-wedge-pads\/","title":{"rendered":"Scoot Boot Pads, 3 Degree Wedge"},"content":{"rendered":"<div class=\"imTAJustify\">\n<div class=\"imTALeft\">\n<h3>Scoot Boot <span class=\"\">Keileinlagen<\/span><\/h3>\n<ul>\n<li><span class=\"fs10lh1-5\">Diese Einlagen sind in Gr\u00f6\u00dfen 000-11 erh\u00e4ltlich<\/span><\/li>\n<li><span class=\"cf2\" style=\"color: #333333;\"><span class=\"cf2\"><span class=\"fs11lh1-5\">Amount: <\/span><\/span><\/span><span class=\"cf2\" style=\"color: #333333;\"><span class=\"cf2\"><span class=\"fs11lh1-5\">2 pcs.<\/span><\/span><\/span><strong><span class=\"cf2\" style=\"color: #333333;\"><span class=\"cf2\"><span class=\"fs11lh1-5\"><br \/>\n<\/span><\/span><\/span><\/strong><\/li>\n<\/ul>\n<p>Diese Scoot Boot Keilkissen bestehen aus mittelweichem Gummi und wurden entwickelt, um die Trachten der hinteren Hufe in den Scoots anzuheben und so die Passform und den Komfort zu verbessern. Sie bieten Erleichterung f\u00fcr Pferde, die an Problemen wie Schmerzen aufgrund von untergeschobenen Trachten leiden.. Die Verwendung von Pads kann die Passform der Hufschuhe beeintr\u00e4chtigen und es kann sein, dass Sie eine Hufschuhnummer gr\u00f6sser ben\u00f6tigen, um Pads unterzubringen.<\/p>\n<div>\n<p>The size of the Scoot Pads corresponds to the size of the Scoot Boots in which fits your horse.<br \/>\nWhen using with Scoot Boot SLIM sizes or mini sizes, you will need to cut the pads into shape.<\/p>\n<h4><a href=\"https:\/\/hufschuhanzieher.de\/zubehoer-hufschuhe\/scoot-boots-zubehoer\"><span style=\"color: #339966;\"><strong>further Scoot Boot Accessories<\/strong><\/span><\/a><\/h4>\n<\/div>\n<\/div>\n<\/div>","protected":false},"excerpt":{"rendered":"<p><strong>Price PER PAIR<\/strong><\/p>\n<p><span class=\"fs10lh1-5\">Scoot Boot 3 Degree Wedge Pads sind Keilkissen um die Trachten der Hufe in den Scoots anzuheben.<\/span><\/p>","protected":false},"featured_media":12113,"template":"","meta":[],"product_brand":[1064],"product_cat":[214,15,35],"product_tag":[1029,541,1027,540,714,715,717,173,1030,716],"class_list":{"0":"post-12110","1":"product","2":"type-product","3":"status-publish","4":"has-post-thumbnail","6":"product_brand-scoot-boot","7":"product_cat-scoot-boots-zubehoer","8":"product_cat-unkategorisiert","9":"product_cat-zubehoer-hufschuhe","10":"product_tag-adjust-enduro","11":"product_tag-anpassung","12":"product_tag-classic","13":"product_tag-daempfung","14":"product_tag-keil-einlage","15":"product_tag-keilkissen","16":"product_tag-schmerzreduzierung","17":"product_tag-scoot-boot","18":"product_tag-theraride","19":"product_tag-wedge-pad","21":"first","22":"instock","23":"taxable","24":"shipping-taxable","25":"purchasable","26":"product-type-variable"},"_links":{"self":[{"href":"https:\/\/hufschuhanzieher.de\/en\/wp-json\/wp\/v2\/product\/12110","targetHints":{"allow":["GET"]}}],"collection":[{"href":"https:\/\/hufschuhanzieher.de\/en\/wp-json\/wp\/v2\/product"}],"about":[{"href":"https:\/\/hufschuhanzieher.de\/en\/wp-json\/wp\/v2\/types\/product"}],"version-history":[{"count":2,"href":"https:\/\/hufschuhanzieher.de\/en\/wp-json\/wp\/v2\/product\/12110\/revisions"}],"predecessor-version":[{"id":25933,"href":"https:\/\/hufschuhanzieher.de\/en\/wp-json\/wp\/v2\/product\/12110\/revisions\/25933"}],"wp:featuredmedia":[{"embeddable":true,"href":"https:\/\/hufschuhanzieher.de\/en\/wp-json\/wp\/v2\/media\/12113"}],"wp:attachment":[{"href":"https:\/\/hufschuhanzieher.de\/en\/wp-json\/wp\/v2\/media?parent=12110"}],"wp:term":[{"taxonomy":"product_brand","embeddable":true,"href":"https:\/\/hufschuhanzieher.de\/en\/wp-json\/wp\/v2\/product_brand?post=12110"},{"taxonomy":"product_cat","embeddable":true,"href":"https:\/\/hufschuhanzieher.de\/en\/wp-json\/wp\/v2\/product_cat?post=12110"},{"taxonomy":"product_tag","embeddable":true,"href":"https:\/\/hufschuhanzieher.de\/en\/wp-json\/wp\/v2\/product_tag?post=12110"}],"curies":[{"name":"wp","href":"https:\/\/api.w.org\/{rel}","templated":true}]}}