{"id":1208,"date":"2019-10-28T11:22:28","date_gmt":"2019-10-28T10:22:28","guid":{"rendered":"https:\/\/hufschuhanzieher.de\/?post_type=product&#038;p=1208"},"modified":"2025-09-11T17:38:11","modified_gmt":"2025-09-11T15:38:11","slug":"scoot-boot-pads","status":"publish","type":"product","link":"https:\/\/hufschuhanzieher.de\/en\/scoot-boot-pads\/","title":{"rendered":"Scoot Boot Pads"},"content":{"rendered":"<div class=\"imTAJustify\">\n<div class=\"imTALeft\">\n<h3>Scoot Boot Pads<\/h3>\n<ul>\n<li><span class=\"fs10lh1-5\">Diese Einlagen sind in Gr\u00f6\u00dfen 000-11 erh\u00e4ltlich<\/span><\/li>\n<li><span class=\"fs10lh1-5\">depending on the size, the pads are approx. 2 to 4mm thick<\/span><\/li>\n<\/ul>\n<p>Scoot Pads are used for sensitive soles or to assist fitting in between sizes.<br \/>\nWe recommend the use of pads only when necessary. Most horses do not need pads in Scoot Boots. The use of pads can affect the fit of the hoof boots and you may need one hoof boot size larger to accommodate pads.<br \/>\nScoot Pads are made of TPU.<br \/>\nDie Gr\u00f6\u00dfe der Scoot Pads entspricht der Gr\u00f6\u00dfe der Scoot Boots (Classic\/Adjust\/Theraride), in die Ihr Pferd passt.<br \/>\nBei Verwendung mit Scoot Boot Classic SLIM-Gr\u00f6ssen , Adjust-\/Theraride- oder Mini-Gr\u00f6\u00dfen m\u00fcssen Sie die Pads in Form schneiden.<\/p>\n<div>\n<p>Scoot pads size 000-2 are 3 mm thick<br \/>\nScoot Pads der Gr\u00f6\u00dfen 3-11 sind 4 mm dick<\/p>\n<h4><a href=\"https:\/\/youtu.be\/U77rxKPZJzs?si=xtzKxOvUTNgInD4v\" target=\"_blank\" rel=\"noopener nofollow\">Scoot Boot Pads Video<\/a><\/h4>\n<h4><a href=\"https:\/\/hufschuhanzieher.de\/zubehoer-hufschuhe\/scoot-boots-zubehoer\"><span style=\"color: #339966;\"><strong>further Scoot Boot Accessories<\/strong><\/span><\/a><\/h4>\n<\/div>\n<\/div>\n<\/div>","protected":false},"excerpt":{"rendered":"<p><strong>Price PER PAIR<\/strong><\/p>\n<p><span class=\"fs10lh1-5\">Scoot Boot Pads are <\/span><span class=\"fs10lh1-5\">In den Gr\u00f6\u00dfen 000-11 erh\u00e4ltlich und j<\/span><span class=\"fs10lh1-5\">e nach Gr\u00f6\u00dfe ca. 2 bis 4mm dick<\/span><\/p>","protected":false},"featured_media":10111,"template":"","meta":[],"product_brand":[1064],"product_cat":[214,15,35],"product_tag":[1029,541,1027,540,173,1030],"class_list":{"0":"post-1208","1":"product","2":"type-product","3":"status-publish","4":"has-post-thumbnail","6":"product_brand-scoot-boot","7":"product_cat-scoot-boots-zubehoer","8":"product_cat-unkategorisiert","9":"product_cat-zubehoer-hufschuhe","10":"product_tag-adjust-enduro","11":"product_tag-anpassung","12":"product_tag-classic","13":"product_tag-daempfung","14":"product_tag-scoot-boot","15":"product_tag-theraride","17":"first","18":"instock","19":"taxable","20":"shipping-taxable","21":"purchasable","22":"product-type-variable"},"_links":{"self":[{"href":"https:\/\/hufschuhanzieher.de\/en\/wp-json\/wp\/v2\/product\/1208","targetHints":{"allow":["GET"]}}],"collection":[{"href":"https:\/\/hufschuhanzieher.de\/en\/wp-json\/wp\/v2\/product"}],"about":[{"href":"https:\/\/hufschuhanzieher.de\/en\/wp-json\/wp\/v2\/types\/product"}],"version-history":[{"count":2,"href":"https:\/\/hufschuhanzieher.de\/en\/wp-json\/wp\/v2\/product\/1208\/revisions"}],"predecessor-version":[{"id":25675,"href":"https:\/\/hufschuhanzieher.de\/en\/wp-json\/wp\/v2\/product\/1208\/revisions\/25675"}],"wp:featuredmedia":[{"embeddable":true,"href":"https:\/\/hufschuhanzieher.de\/en\/wp-json\/wp\/v2\/media\/10111"}],"wp:attachment":[{"href":"https:\/\/hufschuhanzieher.de\/en\/wp-json\/wp\/v2\/media?parent=1208"}],"wp:term":[{"taxonomy":"product_brand","embeddable":true,"href":"https:\/\/hufschuhanzieher.de\/en\/wp-json\/wp\/v2\/product_brand?post=1208"},{"taxonomy":"product_cat","embeddable":true,"href":"https:\/\/hufschuhanzieher.de\/en\/wp-json\/wp\/v2\/product_cat?post=1208"},{"taxonomy":"product_tag","embeddable":true,"href":"https:\/\/hufschuhanzieher.de\/en\/wp-json\/wp\/v2\/product_tag?post=1208"}],"curies":[{"name":"wp","href":"https:\/\/api.w.org\/{rel}","templated":true}]}}