{"id":12078,"date":"2022-02-09T16:54:55","date_gmt":"2022-02-09T15:54:55","guid":{"rendered":"https:\/\/hufschuhanzieher.de\/?post_type=product&#038;p=12078"},"modified":"2026-01-25T20:33:31","modified_gmt":"2026-01-25T19:33:31","slug":"scoot-boot-classic-mudstraps-motley","status":"publish","type":"product","link":"https:\/\/hufschuhanzieher.de\/en\/scoot-boot-classic-mudstraps-motley\/","title":{"rendered":"Scoot Boot Classic, mit Mudstraps\/kunterbunt"},"content":{"rendered":"<h4>Scoot Boot with mudstraps &amp; coloured frontstraps<\/h4>\n<p>Add some colour to the hoof!<br \/>\nHere you have the possibility to assemble your Scoot Boot according to your wishes.<strong><br \/>\n<\/strong><\/p>\n<p><span style=\"color: #ff0000;\"><strong>Attention: <\/strong><\/span><\/p>\n<p>You can order the Scoot Boot with marigold or black mudstrap and black frontstraps at a lower price via <span style=\"color: #339966;\"><a style=\"color: #339966;\" href=\"https:\/\/hufschuhanzieher.de\/scoot-boot-mudstraps-black\/\" target=\"_blank\" rel=\"noopener\"><strong>this link<\/strong><\/a><\/span><\/p>\n<h4>Scoot Boots are characterised by:<\/h4>\n<ul>\n<li>easy handling<\/li>\n<li><span class=\"fs10lh1-5\">no cables and no velcro fasteners<\/span><\/li>\n<li><span class=\"fs10lh1-5\">very light weight &amp; breathable<\/span><\/li>\n<li><span class=\"fs10lh1-5\">very good profile and easy-care material!<\/span><\/li>\n<li><span class=\"fs10lh1-5\">suitable for hooves that are wider than long<\/span><\/li>\n<li><span class=\"fs10lh1-5\"><b>Information<\/b>:\u00a0<\/span><span class=\"fs10lh1-5\">We strongly recommend to have the hoof boots fitted by experts!<\/span><\/li>\n<\/ul>\n<p><span style=\"color: #ff0000;\">Please note: <\/span><strong>These are custom-made products. Scoot Boots with mudstraps &amp; coloured frontstraps are therefore excluded from exchange and testing.<\/strong><\/p>\n<p>The SLIM sizes are currently only available in sizes 0 to 7 !<\/p>\n<h4>Sizes for Scoot Boots with Mudstraps<\/h4>\n<p>&nbsp;<\/p>\n<figure id=\"attachment_25535\" aria-describedby=\"caption-attachment-25535\" style=\"width: 758px\" class=\"wp-caption alignleft\"><img fetchpriority=\"high\" decoding=\"async\" class=\"wp-image-25535 size-full\" src=\"https:\/\/hufschuhanzieher.de\/wp-content\/uploads\/2019\/10\/ScootBoot-CLASSIC_Mini-chart.jpg\" alt=\"ScootBoot CLASSIC_Mini chart\" width=\"758\" height=\"1287\" title=\"\" srcset=\"https:\/\/hufschuhanzieher.de\/wp-content\/uploads\/2019\/10\/ScootBoot-CLASSIC_Mini-chart.jpg 758w, https:\/\/hufschuhanzieher.de\/wp-content\/uploads\/2019\/10\/ScootBoot-CLASSIC_Mini-chart-177x300.jpg 177w, https:\/\/hufschuhanzieher.de\/wp-content\/uploads\/2019\/10\/ScootBoot-CLASSIC_Mini-chart-603x1024.jpg 603w, https:\/\/hufschuhanzieher.de\/wp-content\/uploads\/2019\/10\/ScootBoot-CLASSIC_Mini-chart-7x12.jpg 7w, https:\/\/hufschuhanzieher.de\/wp-content\/uploads\/2019\/10\/ScootBoot-CLASSIC_Mini-chart-410x696.jpg 410w, https:\/\/hufschuhanzieher.de\/wp-content\/uploads\/2019\/10\/ScootBoot-CLASSIC_Mini-chart-300x509.jpg 300w, https:\/\/hufschuhanzieher.de\/wp-content\/uploads\/2019\/10\/ScootBoot-CLASSIC_Mini-chart-600x1019.jpg 600w\" sizes=\"(max-width: 758px) 100vw, 758px\" \/><figcaption id=\"caption-attachment-25535\" class=\"wp-caption-text\">ScootBoot CLASSIC_Mini chart<\/figcaption><\/figure>\n<h4>The Scoot Boot Pastern Straps are supplied according to the selected boot sizes : <span style=\"color: #ff0000;\">(mintfarben\/marine in xxs u.xs sind ausverkauft)<\/span><\/h4>\n<p><img decoding=\"async\" class=\"alignnone size-medium wp-image-25560\" src=\"https:\/\/hufschuhanzieher.de\/wp-content\/uploads\/2022\/02\/ScootBoot_Mud-Straps-chart_-300x300.jpg\" alt=\"\" width=\"300\" height=\"300\" title=\"\" srcset=\"https:\/\/hufschuhanzieher.de\/wp-content\/uploads\/2022\/02\/ScootBoot_Mud-Straps-chart_-300x300.jpg 300w, https:\/\/hufschuhanzieher.de\/wp-content\/uploads\/2022\/02\/ScootBoot_Mud-Straps-chart_-150x150.jpg 150w, https:\/\/hufschuhanzieher.de\/wp-content\/uploads\/2022\/02\/ScootBoot_Mud-Straps-chart_-12x12.jpg 12w, https:\/\/hufschuhanzieher.de\/wp-content\/uploads\/2022\/02\/ScootBoot_Mud-Straps-chart_-100x100.jpg 100w, https:\/\/hufschuhanzieher.de\/wp-content\/uploads\/2022\/02\/ScootBoot_Mud-Straps-chart_.jpg 347w\" sizes=\"(max-width: 300px) 100vw, 300px\" \/><\/p>\n<h4>Video: <a href=\"https:\/\/youtu.be\/JunOUBAg5Ks?si=Q2Q4p0SS-TV54x2n\" target=\"_blank\" rel=\"noopener nofollow\">Why Scoot Boots are the best hoof boots<\/a><\/h4>\n<h4>Video: <a href=\"https:\/\/youtu.be\/b7B2iBCPC0c?si=nD2xpmCm9Sng0AsP\" target=\"_blank\" rel=\"noopener nofollow\">Scoot Boots Mudstrapa anbringen<\/a><\/h4>\n<h4>Video: <a href=\"https:\/\/youtu.be\/1RbR48ofXds?si=IeZwGgVCqIkffq4I\" target=\"_blank\" rel=\"noopener nofollow\">Mudstraps durch Hitze verl\u00e4ngern<\/a><\/h4>\n<h4><strong><span style=\"color: #339966;\"><a style=\"color: #339966;\" href=\"https:\/\/hufschuhanzieher.de\/zubehoer-hufschuhe\/scoot-boots-zubehoer\"><span style=\"color: #008000;\">Accessories Scoot Boot:<\/span><\/a><\/span><\/strong><\/h4>","protected":false},"excerpt":{"rendered":"<h4><span class=\"fs10lh1-5\">Preis PRO ST\u00dcCK\/PAAR<br \/>\n<\/span><\/h4>\n<p>Add some colour to the hoof!<br \/>\nHere you have the possibility to assemble your Scoot Boot according to your wishes.<\/p>\n<p><span style=\"color: #ff0000;\">Bitte geben Sie im <strong>Bestellprozess (Kasse\/Anmerkungen)<\/strong> Ersatzfarben an, FALLS<\/span><br \/>\n<span style=\"color: #ff0000;\">&gt;die von Ihnen gew\u00fcnschte 1. Farb-Wahl (Frontstraps) gerade nicht vorr\u00e4tig ist.<\/span><\/p>\n<p><span style=\"color: #ff0000;\">&gt;oder Sie eine andere Mudstrap \u2013 Gr\u00f6\u00dfe ben\u00f6tigen, als die die standardm\u00e4ssig mitgeliefert wird. Die mitgelieferten Standardgr\u00f6\u00dfen finden sie in einer Grafik am Ende der Galerie<\/span><\/p>","protected":false},"featured_media":12101,"template":"","meta":[],"product_brand":[1064],"product_cat":[137,15,37,324],"product_tag":[638,640,639,641,522,173],"class_list":{"0":"post-12078","1":"product","2":"type-product","3":"status-publish","4":"has-post-thumbnail","6":"product_brand-scoot-boot","7":"product_cat-scoot-boots","8":"product_cat-unkategorisiert","9":"product_cat-hufschuh","10":"product_cat-nichttesten","11":"product_tag-bunt","12":"product_tag-crazy","13":"product_tag-farbig","14":"product_tag-kunterbunt","15":"product_tag-pony-ponie","16":"product_tag-scoot-boot","17":"pa_mudstrap-farbe-gelb-marigold","18":"pa_mudstrap-farbe-mintfarben-marine","19":"pa_mudstrap-farbe-schwarz-black","21":"first","22":"instock","23":"taxable","24":"shipping-taxable","25":"purchasable","26":"product-type-variable","27":"has-default-attributes"},"_links":{"self":[{"href":"https:\/\/hufschuhanzieher.de\/en\/wp-json\/wp\/v2\/product\/12078","targetHints":{"allow":["GET"]}}],"collection":[{"href":"https:\/\/hufschuhanzieher.de\/en\/wp-json\/wp\/v2\/product"}],"about":[{"href":"https:\/\/hufschuhanzieher.de\/en\/wp-json\/wp\/v2\/types\/product"}],"version-history":[{"count":3,"href":"https:\/\/hufschuhanzieher.de\/en\/wp-json\/wp\/v2\/product\/12078\/revisions"}],"predecessor-version":[{"id":30015,"href":"https:\/\/hufschuhanzieher.de\/en\/wp-json\/wp\/v2\/product\/12078\/revisions\/30015"}],"wp:featuredmedia":[{"embeddable":true,"href":"https:\/\/hufschuhanzieher.de\/en\/wp-json\/wp\/v2\/media\/12101"}],"wp:attachment":[{"href":"https:\/\/hufschuhanzieher.de\/en\/wp-json\/wp\/v2\/media?parent=12078"}],"wp:term":[{"taxonomy":"product_brand","embeddable":true,"href":"https:\/\/hufschuhanzieher.de\/en\/wp-json\/wp\/v2\/product_brand?post=12078"},{"taxonomy":"product_cat","embeddable":true,"href":"https:\/\/hufschuhanzieher.de\/en\/wp-json\/wp\/v2\/product_cat?post=12078"},{"taxonomy":"product_tag","embeddable":true,"href":"https:\/\/hufschuhanzieher.de\/en\/wp-json\/wp\/v2\/product_tag?post=12078"}],"curies":[{"name":"wp","href":"https:\/\/api.w.org\/{rel}","templated":true}]}}