{"id":12062,"date":"2022-02-08T15:40:00","date_gmt":"2022-02-08T14:40:00","guid":{"rendered":"https:\/\/hufschuhanzieher.de\/?post_type=product&#038;p=12062"},"modified":"2026-01-25T20:33:49","modified_gmt":"2026-01-25T19:33:49","slug":"scoot-boot-classic-mudstraps","status":"publish","type":"product","link":"https:\/\/hufschuhanzieher.de\/en\/scoot-boot-classic-mudstraps\/","title":{"rendered":"Scoot Boot Classic mit Mudstraps"},"content":{"rendered":"<h4>Scoot Boots are characterised by:<\/h4>\n<ul>\n<li><span style=\"font-size: 1rem;\">easy handling<\/span><\/li>\n<li><span class=\"fs10lh1-5\">no cables and no velcro fasteners<\/span><\/li>\n<li><span class=\"fs10lh1-5\">very light weight &amp; breathable<\/span><\/li>\n<li><span class=\"fs10lh1-5\">very good profile and easy-care material!<\/span><\/li>\n<li><span class=\"fs10lh1-5\">suitable for hooves that are wider than long<\/span><\/li>\n<li><span class=\"fs10lh1-5\"><b>Information<\/b>:\u00a0<\/span><span class=\"fs10lh1-5\">We strongly recommend to have the hoof boots fitted by experts!<\/span><\/li>\n<\/ul>\n<p><span class=\"fs10lh1-5\">Mud Straps are useful in extreme conditions like deep mud, mountainous terrain, jumping, cross or when the boot does not hold <\/span><span class=\"fs10lh1-5\">100% with the normal pastern strap.\u00a0<\/span><span class=\"fs10lh1-5\">Made of thermoplastic urethane (TPU), slightly elastic.<br \/>\n<\/span><\/p>\n<p>The SLIM sizes are currently only available in sizes 0 to 7 !<\/p>\n<h4>Sizes for Scoot Boots with Mudstraps<\/h4>\n<p><img fetchpriority=\"high\" decoding=\"async\" class=\"wp-image-25535 size-full alignleft\" src=\"https:\/\/hufschuhanzieher.de\/wp-content\/uploads\/2019\/10\/ScootBoot-CLASSIC_Mini-chart.jpg\" alt=\"ScootBoot CLASSIC_Mini chart\" width=\"758\" height=\"1287\" title=\"\" srcset=\"https:\/\/hufschuhanzieher.de\/wp-content\/uploads\/2019\/10\/ScootBoot-CLASSIC_Mini-chart.jpg 758w, https:\/\/hufschuhanzieher.de\/wp-content\/uploads\/2019\/10\/ScootBoot-CLASSIC_Mini-chart-177x300.jpg 177w, https:\/\/hufschuhanzieher.de\/wp-content\/uploads\/2019\/10\/ScootBoot-CLASSIC_Mini-chart-603x1024.jpg 603w, https:\/\/hufschuhanzieher.de\/wp-content\/uploads\/2019\/10\/ScootBoot-CLASSIC_Mini-chart-7x12.jpg 7w, https:\/\/hufschuhanzieher.de\/wp-content\/uploads\/2019\/10\/ScootBoot-CLASSIC_Mini-chart-410x696.jpg 410w, https:\/\/hufschuhanzieher.de\/wp-content\/uploads\/2019\/10\/ScootBoot-CLASSIC_Mini-chart-300x509.jpg 300w, https:\/\/hufschuhanzieher.de\/wp-content\/uploads\/2019\/10\/ScootBoot-CLASSIC_Mini-chart-600x1019.jpg 600w\" sizes=\"(max-width: 758px) 100vw, 758px\" \/><\/p>\n<h4>The Scoot Boot Pastern Straps are supplied according to the selected boot sizes :<\/h4>\n<ul>\n<li style=\"list-style-type: none;\"><img decoding=\"async\" class=\"alignnone size-medium wp-image-25560\" src=\"https:\/\/hufschuhanzieher.de\/wp-content\/uploads\/2022\/02\/ScootBoot_Mud-Straps-chart_-300x300.jpg\" alt=\"\" width=\"300\" height=\"300\" title=\"\" srcset=\"https:\/\/hufschuhanzieher.de\/wp-content\/uploads\/2022\/02\/ScootBoot_Mud-Straps-chart_-300x300.jpg 300w, https:\/\/hufschuhanzieher.de\/wp-content\/uploads\/2022\/02\/ScootBoot_Mud-Straps-chart_-150x150.jpg 150w, https:\/\/hufschuhanzieher.de\/wp-content\/uploads\/2022\/02\/ScootBoot_Mud-Straps-chart_-12x12.jpg 12w, https:\/\/hufschuhanzieher.de\/wp-content\/uploads\/2022\/02\/ScootBoot_Mud-Straps-chart_-100x100.jpg 100w, https:\/\/hufschuhanzieher.de\/wp-content\/uploads\/2022\/02\/ScootBoot_Mud-Straps-chart_.jpg 347w\" sizes=\"(max-width: 300px) 100vw, 300px\" \/><\/li>\n<\/ul>\n<p><strong><img decoding=\"async\" class=\"size-medium wp-image-12068 alignleft\" src=\"https:\/\/hufschuhanzieher.de\/wp-content\/uploads\/2022\/02\/ScootBootpack_mit-mudstraps_web-300x300.jpg\" alt=\"ScootBootpack_mit mudstraps_web\" width=\"300\" height=\"300\" title=\"\" srcset=\"https:\/\/hufschuhanzieher.de\/wp-content\/uploads\/2022\/02\/ScootBootpack_mit-mudstraps_web-300x300.jpg 300w, https:\/\/hufschuhanzieher.de\/wp-content\/uploads\/2022\/02\/ScootBootpack_mit-mudstraps_web-100x100.jpg 100w, https:\/\/hufschuhanzieher.de\/wp-content\/uploads\/2022\/02\/ScootBootpack_mit-mudstraps_web-410x410.jpg 410w, https:\/\/hufschuhanzieher.de\/wp-content\/uploads\/2022\/02\/ScootBootpack_mit-mudstraps_web-150x150.jpg 150w, https:\/\/hufschuhanzieher.de\/wp-content\/uploads\/2022\/02\/ScootBootpack_mit-mudstraps_web-12x12.jpg 12w, https:\/\/hufschuhanzieher.de\/wp-content\/uploads\/2022\/02\/ScootBootpack_mit-mudstraps_web-60x60.jpg 60w, https:\/\/hufschuhanzieher.de\/wp-content\/uploads\/2022\/02\/ScootBootpack_mit-mudstraps_web.jpg 500w\" sizes=\"(max-width: 300px) 100vw, 300px\" \/>Lieferumfang, wenn Sie 1 PAAR Scoot Boot Mud Straps\u00a0 bestellen:<\/strong><\/p>\n<p>&#8211; ein Paar Scootboots schwarz<br \/>\n&#8211; 2 Mud Straps schwarz<br \/>\n&#8211; 2 Zehenriemen schwarz<br \/>\n&#8211; inkl. aller Schrauben &amp; Kn\u00f6pfe<\/p>\n<p><strong>Lieferumfang, wenn Sie einen Scoot Boot mit Mud Strap bestellen:<\/strong><\/p>\n<p>einen Scootboot schwarz, 1 Mud Strap schwarz, 1 Zehenriemen schwarz, inkl. aller Schrauben &amp; Kn\u00f6pfe<\/p>\n<p>&nbsp;<\/p>\n<h4>Video: <a href=\"https:\/\/youtu.be\/JunOUBAg5Ks?si=Q2Q4p0SS-TV54x2n\" target=\"_blank\" rel=\"noopener nofollow\">Why Scoot Boots are the best hoof boots<\/a><\/h4>\n<h4>Video: <a href=\"https:\/\/youtu.be\/b7B2iBCPC0c?si=nD2xpmCm9Sng0AsP\" target=\"_blank\" rel=\"noopener nofollow\">Scoot Boots Mudstrapa anbringen<\/a><\/h4>\n<h4>Video: <a href=\"https:\/\/youtu.be\/1RbR48ofXds?si=IeZwGgVCqIkffq4I\" target=\"_blank\" rel=\"noopener nofollow\">Mudstraps durch Hitze verl\u00e4ngern<\/a><\/h4>\n<p>&nbsp;<\/p>\n<h4><strong><span style=\"color: #339966;\"><a style=\"color: #339966;\" href=\"https:\/\/hufschuhanzieher.de\/zubehoer-hufschuhe\/scoot-boots-zubehoer\"><span style=\"color: #008000;\">Accessories Scoot Boot:<\/span><\/a><\/span><\/strong><\/h4>","protected":false},"excerpt":{"rendered":"<p><strong>Preis PRO ST\u00dcCK\/PAAR<\/strong><\/p>\n<p>Scoot Boots with Mudstraps instead of Pasternstraps<\/p>\n<p><span style=\"color: #ff0000;\">Bitte geben Sie im <strong>Bestellprozess (Kasse\/Anmerkungen)<\/strong>\u00a0 an, FALLS Sie eine andere Mudstrap\u2013 Gr\u00f6\u00dfe ben\u00f6tigen, als die die standardm\u00e4ssig mitgeliefert wird. Die mitgelieferten Standardgr\u00f6\u00dfen finden sie in einer Grafik am Ende der Galerie<\/span><\/p>","protected":false},"featured_media":11161,"template":"","meta":[],"product_brand":[1064],"product_cat":[137,15,37,324],"product_tag":[713,522,671,173,672],"class_list":{"0":"post-12062","1":"product","2":"type-product","3":"status-publish","4":"has-post-thumbnail","6":"product_brand-scoot-boot","7":"product_cat-scoot-boots","8":"product_cat-unkategorisiert","9":"product_cat-hufschuh","10":"product_cat-nichttesten","11":"product_tag-mudstrap","12":"product_tag-pony-ponie","13":"product_tag-schwarz","14":"product_tag-scoot-boot","15":"product_tag-standard","17":"first","18":"instock","19":"taxable","20":"shipping-taxable","21":"purchasable","22":"product-type-variable","23":"has-default-attributes"},"_links":{"self":[{"href":"https:\/\/hufschuhanzieher.de\/en\/wp-json\/wp\/v2\/product\/12062","targetHints":{"allow":["GET"]}}],"collection":[{"href":"https:\/\/hufschuhanzieher.de\/en\/wp-json\/wp\/v2\/product"}],"about":[{"href":"https:\/\/hufschuhanzieher.de\/en\/wp-json\/wp\/v2\/types\/product"}],"version-history":[{"count":3,"href":"https:\/\/hufschuhanzieher.de\/en\/wp-json\/wp\/v2\/product\/12062\/revisions"}],"predecessor-version":[{"id":30016,"href":"https:\/\/hufschuhanzieher.de\/en\/wp-json\/wp\/v2\/product\/12062\/revisions\/30016"}],"wp:featuredmedia":[{"embeddable":true,"href":"https:\/\/hufschuhanzieher.de\/en\/wp-json\/wp\/v2\/media\/11161"}],"wp:attachment":[{"href":"https:\/\/hufschuhanzieher.de\/en\/wp-json\/wp\/v2\/media?parent=12062"}],"wp:term":[{"taxonomy":"product_brand","embeddable":true,"href":"https:\/\/hufschuhanzieher.de\/en\/wp-json\/wp\/v2\/product_brand?post=12062"},{"taxonomy":"product_cat","embeddable":true,"href":"https:\/\/hufschuhanzieher.de\/en\/wp-json\/wp\/v2\/product_cat?post=12062"},{"taxonomy":"product_tag","embeddable":true,"href":"https:\/\/hufschuhanzieher.de\/en\/wp-json\/wp\/v2\/product_tag?post=12062"}],"curies":[{"name":"wp","href":"https:\/\/api.w.org\/{rel}","templated":true}]}}