{"id":1206,"date":"2019-10-28T10:53:53","date_gmt":"2019-10-28T09:53:53","guid":{"rendered":"https:\/\/hufschuhanzieher.de\/?post_type=product&#038;p=1206"},"modified":"2026-01-05T08:34:38","modified_gmt":"2026-01-05T07:34:38","slug":"swiss-galoppers-spikes-set","status":"publish","type":"product","link":"https:\/\/hufschuhanzieher.de\/en\/swiss-galoppers-spikes-set\/","title":{"rendered":"Swiss Galoppers, Spikes \/ Studs"},"content":{"rendered":"<h4>Spikes for Swiss Galoppers<\/h4>\n<div><b><span class=\"fs11lh1-5 cf2\">7 pieces with hardmetal inlay<\/span><\/b><\/div>\n<div class=\"imTAJustify\">\n<div class=\"imTALeft\">\n<div>\n<div><span class=\"fs10lh1-5\">Die Spikes sind in den daf\u00fcr vorgesehenen Vorbohrstellen, bei welchen \u00a0die Sohle extra verst\u00e4rkt ist anzubringen. Dieses Set reicht f\u00fcr einen Swiss Galopper. Es liegt zus\u00e4tzlich noch 1 Ersatz-Spike bei \u00a0im Falle eines Verlustes.<\/span><span class=\"fs10lh1-5\"><br \/>\n<\/span><\/div>\n<div><span class=\"fs10lh1-5\">\u00a0<\/span><\/div>\n<div><span class=\"fs10lh1-5\"><b>Installation:<\/b><\/span><\/div>\n<div><span class=\"fs10lh1-5\">For installation, a hole with a diameter of max. 4.2mm and a depth of max. 9mm must be drilled. Afterwards the spikes are screwed in with a ratchet or spanner until they fit snugly. It must be ensured that the stud does not turn any further when the spike head is in contact with the boot, otherwise the stud will not hold well and will be lost.<\/span><\/div>\n<h5 class=\" translation-block\"><span class=\"fs10lh1-5\">To ensure a better hold, <em>Swiss Galoppers<\/em> recommends to additionally secure the spikes with an adhesive. <em>Swiss Galoppers <\/em> use the glue of\" Ergo\" type \"5039 GEL\".<\/span><\/h5>\n<div><span class=\"fs10lh1-5\"><b>Attention:<\/b><\/span><\/div>\n<div><span class=\"fs10lh1-5\">Please do not use a cordless screwdriver, as this can lead to overtightening of the thread and thus the spikes are no longer held sufficiently in the boot and get lost.<\/span><\/div>\n<div><span class=\"fs10lh1-5\">\u00a0<\/span><\/div>\n<div><span class=\"fs10lh1-5\"><b>Important note:<\/b><\/span><\/div>\n<div class=\" translation-block\"><span class=\"fs10lh1-5\"><em>Swiss Galoppers<\/em> recommends when using spikes to use only new hoof boots with intact soles, without abrasion, otherwise there is a risk that the spike will push through.<\/span><\/div>\n<\/div>\n<\/div>\n<\/div>\n<div>\n<ul>\n<li class=\"imTAJustify translation-block\"><span class=\"cf2\"><span class=\"fs11lh1-5\"><b>Amount:<\/b><\/span> <b>7 <span class=\"fs11lh1-5\"> pieces with hardmetal inlay<\/span><\/b><\/span><\/li>\n<\/ul>\n<h2><a href=\"https:\/\/hufschuhanzieher.de\/zubehoer-hufschuhe\/swiss-galoppers-zubehoer\/\" target=\"_blank\" rel=\"noopener\">additional Swiss Galoppers accessories:<\/a><\/h2>\n<\/div>","protected":false},"excerpt":{"rendered":"<p>Swiss Galoppers Spikes<\/p>\n<ul>\n<li><span class=\"fs11lh1-5 cf2\">7 St\u00fcck mit Hartmetalleinlage ausreichend f\u00fcr einen Swiss Galopper<br \/>\n<\/span><\/li>\n<\/ul>","protected":false},"featured_media":9918,"template":"","meta":[],"product_brand":[1020],"product_cat":[213,15,35],"product_tag":[251,339,174],"class_list":{"0":"post-1206","1":"product","2":"type-product","3":"status-publish","4":"has-post-thumbnail","6":"product_brand-swiss-galoppers","7":"product_cat-swiss-galoppers-zubehoer","8":"product_cat-unkategorisiert","9":"product_cat-zubehoer-hufschuhe","10":"product_tag-spikes","11":"product_tag-stollen","12":"product_tag-swiss-galoppers","14":"first","15":"instock","16":"taxable","17":"shipping-taxable","18":"purchasable","19":"product-type-simple"},"_links":{"self":[{"href":"https:\/\/hufschuhanzieher.de\/en\/wp-json\/wp\/v2\/product\/1206","targetHints":{"allow":["GET"]}}],"collection":[{"href":"https:\/\/hufschuhanzieher.de\/en\/wp-json\/wp\/v2\/product"}],"about":[{"href":"https:\/\/hufschuhanzieher.de\/en\/wp-json\/wp\/v2\/types\/product"}],"version-history":[{"count":1,"href":"https:\/\/hufschuhanzieher.de\/en\/wp-json\/wp\/v2\/product\/1206\/revisions"}],"predecessor-version":[{"id":28680,"href":"https:\/\/hufschuhanzieher.de\/en\/wp-json\/wp\/v2\/product\/1206\/revisions\/28680"}],"wp:featuredmedia":[{"embeddable":true,"href":"https:\/\/hufschuhanzieher.de\/en\/wp-json\/wp\/v2\/media\/9918"}],"wp:attachment":[{"href":"https:\/\/hufschuhanzieher.de\/en\/wp-json\/wp\/v2\/media?parent=1206"}],"wp:term":[{"taxonomy":"product_brand","embeddable":true,"href":"https:\/\/hufschuhanzieher.de\/en\/wp-json\/wp\/v2\/product_brand?post=1206"},{"taxonomy":"product_cat","embeddable":true,"href":"https:\/\/hufschuhanzieher.de\/en\/wp-json\/wp\/v2\/product_cat?post=1206"},{"taxonomy":"product_tag","embeddable":true,"href":"https:\/\/hufschuhanzieher.de\/en\/wp-json\/wp\/v2\/product_tag?post=1206"}],"curies":[{"name":"wp","href":"https:\/\/api.w.org\/{rel}","templated":true}]}}