{"id":11839,"date":"2022-01-30T16:46:05","date_gmt":"2022-01-30T15:46:05","guid":{"rendered":"https:\/\/hufschuhanzieher.de\/?post_type=product&#038;p=11839"},"modified":"2025-09-11T17:28:03","modified_gmt":"2025-09-11T15:28:03","slug":"explora-magic-upper-guard","status":"publish","type":"product","link":"https:\/\/hufschuhanzieher.de\/en\/explora-magic-upper-guard\/","title":{"rendered":"Explora Magic Upper Guard"},"content":{"rendered":"<h4>Explora Magic Upper Guard<\/h4>\n<p>Upper section of the bulbs protector<br \/>\nReplacement for the coloured piece in the upper section of the bulbs protector (see legend-photo No.2)<\/p>\n<p>The Explora Magic Upper Guard is a part that gives you multiple adjustment options! With this replacement part, you can raise or lower the height in the back of the Explora boat to achieve the perfect position. Additional holes on the side give you even more options to adjust the height so that the ankle strap also fits properly (see legend-photo no.13).<\/p>\n<p>The 3D\/Neoprene Sock shown in some photos here <span style=\"color: #ff0000;\"><strong><em>is not<\/em><\/strong><\/span> included.<\/p>\n<p>Size:<br \/>\nS : for Explora Magic Boots size: 1, 2, E1, E2, E3<br \/>\nM : f\u00fcr Explora Magic Boots Gr\u00f6\u00dfe: 3, 4, 5, E4<\/p>\n<p>Amount: 1 piece<\/p>\n<h4><a href=\"https:\/\/hufschuhanzieher.de\/zubehoer-hufschuhe\/explora-zubehoer\" target=\"_blank\" rel=\"noopener\"><span style=\"color: #339966;\"><strong>further Explora Accessories:<\/strong><\/span><\/a><\/h4>\n<p>&nbsp;<\/p>","protected":false},"excerpt":{"rendered":"<h4>Price per Piece<\/h4>\n<p>Farbiges Ersatzteil f\u00fcr den oberen Teil des Ballenschutzes.<\/p>","protected":false},"featured_media":11845,"template":"","meta":[],"product_brand":[1074],"product_cat":[215,15,35],"product_tag":[490,338,206],"class_list":{"0":"post-11839","1":"product","2":"type-product","3":"status-publish","4":"has-post-thumbnail","6":"product_brand-explora","7":"product_cat-explora-zubehoer","8":"product_cat-unkategorisiert","9":"product_cat-zubehoer-hufschuhe","10":"product_tag-ersatzteil-ballenschoner","11":"product_tag-explora-magic","12":"product_tag-zubehoer","14":"first","15":"instock","16":"taxable","17":"shipping-taxable","18":"purchasable","19":"product-type-variable","20":"has-default-attributes"},"_links":{"self":[{"href":"https:\/\/hufschuhanzieher.de\/en\/wp-json\/wp\/v2\/product\/11839","targetHints":{"allow":["GET"]}}],"collection":[{"href":"https:\/\/hufschuhanzieher.de\/en\/wp-json\/wp\/v2\/product"}],"about":[{"href":"https:\/\/hufschuhanzieher.de\/en\/wp-json\/wp\/v2\/types\/product"}],"version-history":[{"count":2,"href":"https:\/\/hufschuhanzieher.de\/en\/wp-json\/wp\/v2\/product\/11839\/revisions"}],"predecessor-version":[{"id":27229,"href":"https:\/\/hufschuhanzieher.de\/en\/wp-json\/wp\/v2\/product\/11839\/revisions\/27229"}],"wp:featuredmedia":[{"embeddable":true,"href":"https:\/\/hufschuhanzieher.de\/en\/wp-json\/wp\/v2\/media\/11845"}],"wp:attachment":[{"href":"https:\/\/hufschuhanzieher.de\/en\/wp-json\/wp\/v2\/media?parent=11839"}],"wp:term":[{"taxonomy":"product_brand","embeddable":true,"href":"https:\/\/hufschuhanzieher.de\/en\/wp-json\/wp\/v2\/product_brand?post=11839"},{"taxonomy":"product_cat","embeddable":true,"href":"https:\/\/hufschuhanzieher.de\/en\/wp-json\/wp\/v2\/product_cat?post=11839"},{"taxonomy":"product_tag","embeddable":true,"href":"https:\/\/hufschuhanzieher.de\/en\/wp-json\/wp\/v2\/product_tag?post=11839"}],"curies":[{"name":"wp","href":"https:\/\/api.w.org\/{rel}","templated":true}]}}